{"id":13,"date":"2020-07-08T21:22:32","date_gmt":"2020-07-08T19:22:32","guid":{"rendered":"https:\/\/www.lacnekontajnery.sk\/eshop\/moj-ucet\/"},"modified":"2020-07-08T21:22:32","modified_gmt":"2020-07-08T19:22:32","slug":"moj-ucet","status":"publish","type":"page","link":"https:\/\/www.lacnekontajnery.sk\/eshop\/moj-ucet\/","title":{"rendered":"M\u00f4j \u00fa\u010det"},"content":{"rendered":"<div class=\"woocommerce\"><\/div>\n","protected":false},"excerpt":{"rendered":"","protected":false},"author":9,"featured_media":0,"parent":0,"menu_order":0,"comment_status":"closed","ping_status":"closed","template":"","meta":{"_monsterinsights_skip_tracking":false,"_monsterinsights_sitenote_active":false,"_monsterinsights_sitenote_note":"","_monsterinsights_sitenote_category":0,"footnotes":""},"yoast_head":"<!-- This site is optimized with the Yoast SEO plugin v21.9 - https:\/\/yoast.com\/wordpress\/plugins\/seo\/ -->\n<title>M\u00f4j \u00fa\u010det - Profisklad- najlacnej\u0161ie rie\u0161enie pre V\u00e1\u0161 sklad<\/title>\n<meta name=\"robots\" content=\"index, follow, max-snippet:-1, max-image-preview:large, max-video-preview:-1\" \/>\n<link rel=\"canonical\" href=\"https:\/\/www.lacnekontajnery.sk\/eshop\/moj-ucet\/\" \/>\n<meta property=\"og:locale\" content=\"sk_SK\" \/>\n<meta property=\"og:type\" content=\"article\" \/>\n<meta property=\"og:title\" content=\"M\u00f4j \u00fa\u010det - Profisklad- najlacnej\u0161ie rie\u0161enie pre V\u00e1\u0161 sklad\" \/>\n<meta property=\"og:url\" content=\"https:\/\/www.lacnekontajnery.sk\/eshop\/moj-ucet\/\" \/>\n<meta property=\"og:site_name\" content=\"Profisklad- najlacnej\u0161ie rie\u0161enie pre V\u00e1\u0161 sklad\" \/>\n<meta name=\"twitter:card\" content=\"summary_large_image\" \/>\n<script type=\"application\/ld+json\" class=\"yoast-schema-graph\">{\"@context\":\"https:\/\/schema.org\",\"@graph\":[{\"@type\":\"WebPage\",\"@id\":\"https:\/\/www.lacnekontajnery.sk\/eshop\/moj-ucet\/\",\"url\":\"https:\/\/www.lacnekontajnery.sk\/eshop\/moj-ucet\/\",\"name\":\"M\u00f4j \u00fa\u010det - Profisklad- najlacnej\u0161ie rie\u0161enie pre V\u00e1\u0161 sklad\",\"isPartOf\":{\"@id\":\"https:\/\/www.lacnekontajnery.sk\/eshop\/#website\"},\"datePublished\":\"2020-07-08T19:22:32+00:00\",\"dateModified\":\"2020-07-08T19:22:32+00:00\",\"breadcrumb\":{\"@id\":\"https:\/\/www.lacnekontajnery.sk\/eshop\/moj-ucet\/#breadcrumb\"},\"inLanguage\":\"sk-SK\",\"potentialAction\":[{\"@type\":\"ReadAction\",\"target\":[\"https:\/\/www.lacnekontajnery.sk\/eshop\/moj-ucet\/\"]}]},{\"@type\":\"BreadcrumbList\",\"@id\":\"https:\/\/www.lacnekontajnery.sk\/eshop\/moj-ucet\/#breadcrumb\",\"itemListElement\":[{\"@type\":\"ListItem\",\"position\":1,\"name\":\"Home\",\"item\":\"https:\/\/www.lacnekontajnery.sk\/eshop\/\"},{\"@type\":\"ListItem\",\"position\":2,\"name\":\"M\u00f4j \u00fa\u010det\"}]},{\"@type\":\"WebSite\",\"@id\":\"https:\/\/www.lacnekontajnery.sk\/eshop\/#website\",\"url\":\"https:\/\/www.lacnekontajnery.sk\/eshop\/\",\"name\":\"Profisklad- najlacnej\u0161ie rie\u0161enie pre V\u00e1\u0161 sklad\",\"description\":\"Profesion\u00e1lne sklady\",\"publisher\":{\"@id\":\"https:\/\/www.lacnekontajnery.sk\/eshop\/#organization\"},\"potentialAction\":[{\"@type\":\"SearchAction\",\"target\":{\"@type\":\"EntryPoint\",\"urlTemplate\":\"https:\/\/www.lacnekontajnery.sk\/eshop\/?s={search_term_string}\"},\"query-input\":\"required name=search_term_string\"}],\"inLanguage\":\"sk-SK\"},{\"@type\":\"Organization\",\"@id\":\"https:\/\/www.lacnekontajnery.sk\/eshop\/#organization\",\"name\":\"Profisklad- r\u00fdchle a lacn\u00e9 skladovanie\",\"url\":\"https:\/\/www.lacnekontajnery.sk\/eshop\/\",\"logo\":{\"@type\":\"ImageObject\",\"inLanguage\":\"sk-SK\",\"@id\":\"https:\/\/www.lacnekontajnery.sk\/eshop\/#\/schema\/logo\/image\/\",\"url\":\"https:\/\/www.lacnekontajnery.sk\/eshop\/wp-content\/uploads\/2020\/07\/facebook_cover_photo_1.png\",\"contentUrl\":\"https:\/\/www.lacnekontajnery.sk\/eshop\/wp-content\/uploads\/2020\/07\/facebook_cover_photo_1.png\",\"width\":1640,\"height\":624,\"caption\":\"Profisklad- r\u00fdchle a lacn\u00e9 skladovanie\"},\"image\":{\"@id\":\"https:\/\/www.lacnekontajnery.sk\/eshop\/#\/schema\/logo\/image\/\"}}]}<\/script>\n<!-- \/ Yoast SEO plugin. -->","yoast_head_json":{"title":"M\u00f4j \u00fa\u010det - Profisklad- najlacnej\u0161ie rie\u0161enie pre V\u00e1\u0161 sklad","robots":{"index":"index","follow":"follow","max-snippet":"max-snippet:-1","max-image-preview":"max-image-preview:large","max-video-preview":"max-video-preview:-1"},"canonical":"https:\/\/www.lacnekontajnery.sk\/eshop\/moj-ucet\/","og_locale":"sk_SK","og_type":"article","og_title":"M\u00f4j \u00fa\u010det - Profisklad- najlacnej\u0161ie rie\u0161enie pre V\u00e1\u0161 sklad","og_url":"https:\/\/www.lacnekontajnery.sk\/eshop\/moj-ucet\/","og_site_name":"Profisklad- najlacnej\u0161ie rie\u0161enie pre V\u00e1\u0161 sklad","twitter_card":"summary_large_image","schema":{"@context":"https:\/\/schema.org","@graph":[{"@type":"WebPage","@id":"https:\/\/www.lacnekontajnery.sk\/eshop\/moj-ucet\/","url":"https:\/\/www.lacnekontajnery.sk\/eshop\/moj-ucet\/","name":"M\u00f4j \u00fa\u010det - Profisklad- najlacnej\u0161ie rie\u0161enie pre V\u00e1\u0161 sklad","isPartOf":{"@id":"https:\/\/www.lacnekontajnery.sk\/eshop\/#website"},"datePublished":"2020-07-08T19:22:32+00:00","dateModified":"2020-07-08T19:22:32+00:00","breadcrumb":{"@id":"https:\/\/www.lacnekontajnery.sk\/eshop\/moj-ucet\/#breadcrumb"},"inLanguage":"sk-SK","potentialAction":[{"@type":"ReadAction","target":["https:\/\/www.lacnekontajnery.sk\/eshop\/moj-ucet\/"]}]},{"@type":"BreadcrumbList","@id":"https:\/\/www.lacnekontajnery.sk\/eshop\/moj-ucet\/#breadcrumb","itemListElement":[{"@type":"ListItem","position":1,"name":"Home","item":"https:\/\/www.lacnekontajnery.sk\/eshop\/"},{"@type":"ListItem","position":2,"name":"M\u00f4j \u00fa\u010det"}]},{"@type":"WebSite","@id":"https:\/\/www.lacnekontajnery.sk\/eshop\/#website","url":"https:\/\/www.lacnekontajnery.sk\/eshop\/","name":"Profisklad- najlacnej\u0161ie rie\u0161enie pre V\u00e1\u0161 sklad","description":"Profesion\u00e1lne sklady","publisher":{"@id":"https:\/\/www.lacnekontajnery.sk\/eshop\/#organization"},"potentialAction":[{"@type":"SearchAction","target":{"@type":"EntryPoint","urlTemplate":"https:\/\/www.lacnekontajnery.sk\/eshop\/?s={search_term_string}"},"query-input":"required name=search_term_string"}],"inLanguage":"sk-SK"},{"@type":"Organization","@id":"https:\/\/www.lacnekontajnery.sk\/eshop\/#organization","name":"Profisklad- r\u00fdchle a lacn\u00e9 skladovanie","url":"https:\/\/www.lacnekontajnery.sk\/eshop\/","logo":{"@type":"ImageObject","inLanguage":"sk-SK","@id":"https:\/\/www.lacnekontajnery.sk\/eshop\/#\/schema\/logo\/image\/","url":"https:\/\/www.lacnekontajnery.sk\/eshop\/wp-content\/uploads\/2020\/07\/facebook_cover_photo_1.png","contentUrl":"https:\/\/www.lacnekontajnery.sk\/eshop\/wp-content\/uploads\/2020\/07\/facebook_cover_photo_1.png","width":1640,"height":624,"caption":"Profisklad- r\u00fdchle a lacn\u00e9 skladovanie"},"image":{"@id":"https:\/\/www.lacnekontajnery.sk\/eshop\/#\/schema\/logo\/image\/"}}]}},"jetpack_sharing_enabled":true,"_links":{"self":[{"href":"https:\/\/www.lacnekontajnery.sk\/eshop\/wp-json\/wp\/v2\/pages\/13"}],"collection":[{"href":"https:\/\/www.lacnekontajnery.sk\/eshop\/wp-json\/wp\/v2\/pages"}],"about":[{"href":"https:\/\/www.lacnekontajnery.sk\/eshop\/wp-json\/wp\/v2\/types\/page"}],"author":[{"embeddable":true,"href":"https:\/\/www.lacnekontajnery.sk\/eshop\/wp-json\/wp\/v2\/users\/9"}],"replies":[{"embeddable":true,"href":"https:\/\/www.lacnekontajnery.sk\/eshop\/wp-json\/wp\/v2\/comments?post=13"}],"version-history":[{"count":0,"href":"https:\/\/www.lacnekontajnery.sk\/eshop\/wp-json\/wp\/v2\/pages\/13\/revisions"}],"wp:attachment":[{"href":"https:\/\/www.lacnekontajnery.sk\/eshop\/wp-json\/wp\/v2\/media?parent=13"}],"curies":[{"name":"wp","href":"https:\/\/api.w.org\/{rel}","templated":true}]}}