{"id":3,"date":"2020-07-08T20:28:07","date_gmt":"2020-07-08T18:28:07","guid":{"rendered":"https:\/\/www.lacnekontajnery.sk\/eshop\/?page_id=3"},"modified":"2020-07-12T16:47:49","modified_gmt":"2020-07-12T14:47:49","slug":"ochrana-sukromia","status":"publish","type":"page","link":"https:\/\/www.lacnekontajnery.sk\/eshop\/ochrana-sukromia\/","title":{"rendered":"Z\u00e1sady ochrany osobn\u00fdch \u00fadajov"},"content":{"rendered":"\n<h2 class=\"wp-block-heading\">Kto sme<\/h2>\n\n\n\n<p>H\u013ead\u00e1te rie\u0161enie na sklad , gar\u00e1\u017e alebo m\u00e1te in\u00e9 po\u017eiadavky? Nev\u00e1hajte n\u00e1s kontaktova\u0165. S\u00eddlime na strednom Slovensku a odtia\u013e vybavujeme objedn\u00e1vky na\u0161ich z\u00e1kazn\u00edkov. Na\u0161im cie\u013eom je n\u00e1js\u0165 pre V\u00e1s v\u00fdhodn\u00e9, cenovo dostupn\u00e9 rie\u0161enie pre V\u00e1\u0161 sklad.<\/p>\n\n\n\n<p>V\u00e1\u017eime si Va\u0161e s\u00fakromie a ochrana Va\u0161ich osobn\u00fdch \u00fadajov je jednou z najd\u00f4le\u017eitej\u0161\u00edch prior\u00edt na\u0161ej spolo\u010dnosti. Tieto pravidl\u00e1 ochrany osobn\u00fdch \u00fadajov (\u010falej len \u201ePravidl\u00e1 ochrany osobn\u00fdch \u00fadajov\u201c) obsahuj\u00fa inform\u00e1cie o tom, ktor\u00e9 Va\u0161e osobn\u00e9 \u00fadaje pri vykon\u00e1van\u00ed na\u0161ej \u010dinnosti zhroma\u017e\u010fujeme, ako ich pou\u017e\u00edvame a ak\u00fdm sp\u00f4sobom ich chr\u00e1nime.<\/p>\n\n\n\n<p>Tieto Pravidl\u00e1 ochrany osobn\u00fdch \u00fadajov sa vz\u0165ahuj\u00fa na v\u0161etky tovary a slu\u017eby pon\u00fakan\u00e9 na\u0161ou spolo\u010dnos\u0165ou a obsahuj\u00fa inform\u00e1cie o sp\u00f4sobe sprac\u00favania osobn\u00fdch \u00fadajov ur\u010den\u00e9 pre na\u0161ich z\u00e1kazn\u00edkov. Va\u0161e osobn\u00e9 \u00fadaje s\u00fa sprac\u00favan\u00e9 v s\u00falade so v\u0161etk\u00fdmi v\u0161eobecne z\u00e1v\u00e4zn\u00fdmi pr\u00e1vnymi predpismi platn\u00fdmi v Slovenskej republike, najm\u00e4, nie v\u0161ak v\u00fdlu\u010dne v s\u00falade s Nariaden\u00edm Eur\u00f3pskeho Parlamentu a Rady (E\u00da) 2016\/679 z 27. apr\u00edla 2016 o ochrane fyzick\u00fdch os\u00f4b pri sprac\u00favan\u00ed osobn\u00fdch \u00fadajov a o vo\u013enom pohybe tak\u00fdchto \u00fadajov, ktor\u00fdm sa zru\u0161uje smernica 95\/46\/ES (v\u0161eobecn\u00e9 nariadenie o ochrane \u00fadajov)(\u010falej len \u201eNariadenie\u201c) a z\u00e1konom \u010d. 18\/2018 Z. z. o ochrane osobn\u00fdch \u00fadajov (\u010falej len \u201eZ\u00e1kon o ochrane osobn\u00fdch \u00fadajov\u201c).<\/p>\n\n\n\n<p>Osobn\u00e9 \u00fadaje, ktor\u00e9 n\u00e1m poskytnete pou\u017e\u00edvame v\u00fdlu\u010dne na to, aby sme V\u00e1m mohli pred\u00e1va\u0165 kvalitn\u00fd tovar a poskytova\u0165 kvalitn\u00e9 slu\u017eby a tie\u017e na to, aby sme mohli zlep\u0161ova\u0165 na\u0161u ponuku tovarov a slu\u017eieb pre V\u00e1s. Odpor\u00fa\u010dame V\u00e1m, aby ste si d\u00f4kladne pre\u010d\u00edtali tieto Pravidl\u00e1 ochrany osobn\u00fdch \u00fadajov a obozn\u00e1mili sa tak so v\u0161etk\u00fdmi svojimi pr\u00e1vami predt\u00fdm ako vst\u00fapite do pr\u00e1vneho vz\u0165ahu s na\u0161ou spolo\u010dnos\u0165ou. T\u00fdm, \u017ee vst\u00fapite do pr\u00e1vneho vz\u0165ahu s na\u0161ou spolo\u010dnos\u0165ou a\/alebo jej poskytnete niektor\u00e9 svoje osobn\u00e9 \u00fadaje, vyjadrujete, \u017ee rozumiete, ak\u00fdm sp\u00f4sobom s\u00fa sprac\u00favan\u00e9 Va\u0161e osobn\u00e9 \u00fadaje pod\u013ea t\u00fdchto Pravidiel ochrany osobn\u00fdch \u00fadajov. V opa\u010dnom pr\u00edpade o\u010dak\u00e1vame, \u017ee sa ihne\u010f prestanete ak\u00fdmko\u013evek sp\u00f4sobom z\u00fa\u010dast\u0148ova\u0165 obchodnej \u010dinnosti vykon\u00e1vanej na\u0161ou spolo\u010dnos\u0165ou, \u010di s nami akoko\u013evek spolupracova\u0165, a neposkytnete n\u00e1m, alebo n\u00e1m prestanete poskytova\u0165 Va\u0161e osobn\u00e9 \u00fadaje. Vezmite v\u0161ak pros\u00edm na vedomie, \u017ee v niektor\u00fdch pr\u00edpadoch n\u00e1m neposkytnutie Va\u0161ich osobn\u00fdch \u00fadajov m\u00f4\u017ee \u010diasto\u010dne alebo \u00faplne br\u00e1ni\u0165 v predaji tovarov alebo v poskytovan\u00ed slu\u017eieb, ktor\u00e9 pon\u00fakame.<\/p>\n\n\n\n<h3 class=\"wp-block-heading\"><\/h3>\n","protected":false},"excerpt":{"rendered":"<p>Kto sme H\u013ead\u00e1te rie\u0161enie na sklad , gar\u00e1\u017e alebo m\u00e1te in\u00e9 po\u017eiadavky? Nev\u00e1hajte n\u00e1s kontaktova\u0165. S\u00eddlime na strednom Slovensku a odtia\u013e vybavujeme objedn\u00e1vky na\u0161ich z\u00e1kazn\u00edkov. Na\u0161im cie\u013eom je n\u00e1js\u0165 pre V\u00e1s v\u00fdhodn\u00e9, cenovo dostupn\u00e9 rie\u0161enie pre V\u00e1\u0161 sklad. V\u00e1\u017eime si Va\u0161e s\u00fakromie a ochrana Va\u0161ich osobn\u00fdch \u00fadajov je jednou z najd\u00f4le\u017eitej\u0161\u00edch prior\u00edt na\u0161ej spolo\u010dnosti. Tieto [&hellip;]<\/p>\n","protected":false},"author":9,"featured_media":0,"parent":0,"menu_order":0,"comment_status":"closed","ping_status":"open","template":"","meta":{"_monsterinsights_skip_tracking":false,"_monsterinsights_sitenote_active":false,"_monsterinsights_sitenote_note":"","_monsterinsights_sitenote_category":0,"footnotes":""},"yoast_head":"<!-- This site is optimized with the Yoast SEO plugin v21.9 - https:\/\/yoast.com\/wordpress\/plugins\/seo\/ -->\n<title>Z\u00e1sady ochrany osobn\u00fdch \u00fadajov - Profisklad- najlacnej\u0161ie rie\u0161enie pre V\u00e1\u0161 sklad<\/title>\n<meta name=\"robots\" content=\"index, follow, max-snippet:-1, max-image-preview:large, max-video-preview:-1\" \/>\n<link rel=\"canonical\" href=\"https:\/\/www.lacnekontajnery.sk\/eshop\/ochrana-sukromia\/\" \/>\n<meta property=\"og:locale\" content=\"sk_SK\" \/>\n<meta property=\"og:type\" content=\"article\" \/>\n<meta property=\"og:title\" content=\"Z\u00e1sady ochrany osobn\u00fdch \u00fadajov - Profisklad- najlacnej\u0161ie rie\u0161enie pre V\u00e1\u0161 sklad\" \/>\n<meta property=\"og:description\" content=\"Kto sme H\u013ead\u00e1te rie\u0161enie na sklad , gar\u00e1\u017e alebo m\u00e1te in\u00e9 po\u017eiadavky? Nev\u00e1hajte n\u00e1s kontaktova\u0165. S\u00eddlime na strednom Slovensku a odtia\u013e vybavujeme objedn\u00e1vky na\u0161ich z\u00e1kazn\u00edkov. Na\u0161im cie\u013eom je n\u00e1js\u0165 pre V\u00e1s v\u00fdhodn\u00e9, cenovo dostupn\u00e9 rie\u0161enie pre V\u00e1\u0161 sklad. V\u00e1\u017eime si Va\u0161e s\u00fakromie a ochrana Va\u0161ich osobn\u00fdch \u00fadajov je jednou z najd\u00f4le\u017eitej\u0161\u00edch prior\u00edt na\u0161ej spolo\u010dnosti. Tieto [&hellip;]\" \/>\n<meta property=\"og:url\" content=\"https:\/\/www.lacnekontajnery.sk\/eshop\/ochrana-sukromia\/\" \/>\n<meta property=\"og:site_name\" content=\"Profisklad- najlacnej\u0161ie rie\u0161enie pre V\u00e1\u0161 sklad\" \/>\n<meta property=\"article:modified_time\" content=\"2020-07-12T14:47:49+00:00\" \/>\n<meta name=\"twitter:card\" content=\"summary_large_image\" \/>\n<meta name=\"twitter:label1\" content=\"Predpokladan\u00fd \u010das \u010d\u00edtania\" \/>\n\t<meta name=\"twitter:data1\" content=\"2 min\u00faty\" \/>\n<script type=\"application\/ld+json\" class=\"yoast-schema-graph\">{\"@context\":\"https:\/\/schema.org\",\"@graph\":[{\"@type\":\"WebPage\",\"@id\":\"https:\/\/www.lacnekontajnery.sk\/eshop\/ochrana-sukromia\/\",\"url\":\"https:\/\/www.lacnekontajnery.sk\/eshop\/ochrana-sukromia\/\",\"name\":\"Z\u00e1sady ochrany osobn\u00fdch \u00fadajov - Profisklad- najlacnej\u0161ie rie\u0161enie pre V\u00e1\u0161 sklad\",\"isPartOf\":{\"@id\":\"https:\/\/www.lacnekontajnery.sk\/eshop\/#website\"},\"datePublished\":\"2020-07-08T18:28:07+00:00\",\"dateModified\":\"2020-07-12T14:47:49+00:00\",\"breadcrumb\":{\"@id\":\"https:\/\/www.lacnekontajnery.sk\/eshop\/ochrana-sukromia\/#breadcrumb\"},\"inLanguage\":\"sk-SK\",\"potentialAction\":[{\"@type\":\"ReadAction\",\"target\":[\"https:\/\/www.lacnekontajnery.sk\/eshop\/ochrana-sukromia\/\"]}]},{\"@type\":\"BreadcrumbList\",\"@id\":\"https:\/\/www.lacnekontajnery.sk\/eshop\/ochrana-sukromia\/#breadcrumb\",\"itemListElement\":[{\"@type\":\"ListItem\",\"position\":1,\"name\":\"Home\",\"item\":\"https:\/\/www.lacnekontajnery.sk\/eshop\/\"},{\"@type\":\"ListItem\",\"position\":2,\"name\":\"Z\u00e1sady ochrany osobn\u00fdch \u00fadajov\"}]},{\"@type\":\"WebSite\",\"@id\":\"https:\/\/www.lacnekontajnery.sk\/eshop\/#website\",\"url\":\"https:\/\/www.lacnekontajnery.sk\/eshop\/\",\"name\":\"Profisklad- najlacnej\u0161ie rie\u0161enie pre V\u00e1\u0161 sklad\",\"description\":\"Profesion\u00e1lne sklady\",\"publisher\":{\"@id\":\"https:\/\/www.lacnekontajnery.sk\/eshop\/#organization\"},\"potentialAction\":[{\"@type\":\"SearchAction\",\"target\":{\"@type\":\"EntryPoint\",\"urlTemplate\":\"https:\/\/www.lacnekontajnery.sk\/eshop\/?s={search_term_string}\"},\"query-input\":\"required name=search_term_string\"}],\"inLanguage\":\"sk-SK\"},{\"@type\":\"Organization\",\"@id\":\"https:\/\/www.lacnekontajnery.sk\/eshop\/#organization\",\"name\":\"Profisklad- r\u00fdchle a lacn\u00e9 skladovanie\",\"url\":\"https:\/\/www.lacnekontajnery.sk\/eshop\/\",\"logo\":{\"@type\":\"ImageObject\",\"inLanguage\":\"sk-SK\",\"@id\":\"https:\/\/www.lacnekontajnery.sk\/eshop\/#\/schema\/logo\/image\/\",\"url\":\"https:\/\/www.lacnekontajnery.sk\/eshop\/wp-content\/uploads\/2020\/07\/facebook_cover_photo_1.png\",\"contentUrl\":\"https:\/\/www.lacnekontajnery.sk\/eshop\/wp-content\/uploads\/2020\/07\/facebook_cover_photo_1.png\",\"width\":1640,\"height\":624,\"caption\":\"Profisklad- r\u00fdchle a lacn\u00e9 skladovanie\"},\"image\":{\"@id\":\"https:\/\/www.lacnekontajnery.sk\/eshop\/#\/schema\/logo\/image\/\"}}]}<\/script>\n<!-- \/ Yoast SEO plugin. -->","yoast_head_json":{"title":"Z\u00e1sady ochrany osobn\u00fdch \u00fadajov - Profisklad- najlacnej\u0161ie rie\u0161enie pre V\u00e1\u0161 sklad","robots":{"index":"index","follow":"follow","max-snippet":"max-snippet:-1","max-image-preview":"max-image-preview:large","max-video-preview":"max-video-preview:-1"},"canonical":"https:\/\/www.lacnekontajnery.sk\/eshop\/ochrana-sukromia\/","og_locale":"sk_SK","og_type":"article","og_title":"Z\u00e1sady ochrany osobn\u00fdch \u00fadajov - Profisklad- najlacnej\u0161ie rie\u0161enie pre V\u00e1\u0161 sklad","og_description":"Kto sme H\u013ead\u00e1te rie\u0161enie na sklad , gar\u00e1\u017e alebo m\u00e1te in\u00e9 po\u017eiadavky? Nev\u00e1hajte n\u00e1s kontaktova\u0165. S\u00eddlime na strednom Slovensku a odtia\u013e vybavujeme objedn\u00e1vky na\u0161ich z\u00e1kazn\u00edkov. Na\u0161im cie\u013eom je n\u00e1js\u0165 pre V\u00e1s v\u00fdhodn\u00e9, cenovo dostupn\u00e9 rie\u0161enie pre V\u00e1\u0161 sklad. V\u00e1\u017eime si Va\u0161e s\u00fakromie a ochrana Va\u0161ich osobn\u00fdch \u00fadajov je jednou z najd\u00f4le\u017eitej\u0161\u00edch prior\u00edt na\u0161ej spolo\u010dnosti. Tieto [&hellip;]","og_url":"https:\/\/www.lacnekontajnery.sk\/eshop\/ochrana-sukromia\/","og_site_name":"Profisklad- najlacnej\u0161ie rie\u0161enie pre V\u00e1\u0161 sklad","article_modified_time":"2020-07-12T14:47:49+00:00","twitter_card":"summary_large_image","twitter_misc":{"Predpokladan\u00fd \u010das \u010d\u00edtania":"2 min\u00faty"},"schema":{"@context":"https:\/\/schema.org","@graph":[{"@type":"WebPage","@id":"https:\/\/www.lacnekontajnery.sk\/eshop\/ochrana-sukromia\/","url":"https:\/\/www.lacnekontajnery.sk\/eshop\/ochrana-sukromia\/","name":"Z\u00e1sady ochrany osobn\u00fdch \u00fadajov - Profisklad- najlacnej\u0161ie rie\u0161enie pre V\u00e1\u0161 sklad","isPartOf":{"@id":"https:\/\/www.lacnekontajnery.sk\/eshop\/#website"},"datePublished":"2020-07-08T18:28:07+00:00","dateModified":"2020-07-12T14:47:49+00:00","breadcrumb":{"@id":"https:\/\/www.lacnekontajnery.sk\/eshop\/ochrana-sukromia\/#breadcrumb"},"inLanguage":"sk-SK","potentialAction":[{"@type":"ReadAction","target":["https:\/\/www.lacnekontajnery.sk\/eshop\/ochrana-sukromia\/"]}]},{"@type":"BreadcrumbList","@id":"https:\/\/www.lacnekontajnery.sk\/eshop\/ochrana-sukromia\/#breadcrumb","itemListElement":[{"@type":"ListItem","position":1,"name":"Home","item":"https:\/\/www.lacnekontajnery.sk\/eshop\/"},{"@type":"ListItem","position":2,"name":"Z\u00e1sady ochrany osobn\u00fdch \u00fadajov"}]},{"@type":"WebSite","@id":"https:\/\/www.lacnekontajnery.sk\/eshop\/#website","url":"https:\/\/www.lacnekontajnery.sk\/eshop\/","name":"Profisklad- najlacnej\u0161ie rie\u0161enie pre V\u00e1\u0161 sklad","description":"Profesion\u00e1lne sklady","publisher":{"@id":"https:\/\/www.lacnekontajnery.sk\/eshop\/#organization"},"potentialAction":[{"@type":"SearchAction","target":{"@type":"EntryPoint","urlTemplate":"https:\/\/www.lacnekontajnery.sk\/eshop\/?s={search_term_string}"},"query-input":"required name=search_term_string"}],"inLanguage":"sk-SK"},{"@type":"Organization","@id":"https:\/\/www.lacnekontajnery.sk\/eshop\/#organization","name":"Profisklad- r\u00fdchle a lacn\u00e9 skladovanie","url":"https:\/\/www.lacnekontajnery.sk\/eshop\/","logo":{"@type":"ImageObject","inLanguage":"sk-SK","@id":"https:\/\/www.lacnekontajnery.sk\/eshop\/#\/schema\/logo\/image\/","url":"https:\/\/www.lacnekontajnery.sk\/eshop\/wp-content\/uploads\/2020\/07\/facebook_cover_photo_1.png","contentUrl":"https:\/\/www.lacnekontajnery.sk\/eshop\/wp-content\/uploads\/2020\/07\/facebook_cover_photo_1.png","width":1640,"height":624,"caption":"Profisklad- r\u00fdchle a lacn\u00e9 skladovanie"},"image":{"@id":"https:\/\/www.lacnekontajnery.sk\/eshop\/#\/schema\/logo\/image\/"}}]}},"jetpack_sharing_enabled":true,"_links":{"self":[{"href":"https:\/\/www.lacnekontajnery.sk\/eshop\/wp-json\/wp\/v2\/pages\/3"}],"collection":[{"href":"https:\/\/www.lacnekontajnery.sk\/eshop\/wp-json\/wp\/v2\/pages"}],"about":[{"href":"https:\/\/www.lacnekontajnery.sk\/eshop\/wp-json\/wp\/v2\/types\/page"}],"author":[{"embeddable":true,"href":"https:\/\/www.lacnekontajnery.sk\/eshop\/wp-json\/wp\/v2\/users\/9"}],"replies":[{"embeddable":true,"href":"https:\/\/www.lacnekontajnery.sk\/eshop\/wp-json\/wp\/v2\/comments?post=3"}],"version-history":[{"count":1,"href":"https:\/\/www.lacnekontajnery.sk\/eshop\/wp-json\/wp\/v2\/pages\/3\/revisions"}],"predecessor-version":[{"id":455,"href":"https:\/\/www.lacnekontajnery.sk\/eshop\/wp-json\/wp\/v2\/pages\/3\/revisions\/455"}],"wp:attachment":[{"href":"https:\/\/www.lacnekontajnery.sk\/eshop\/wp-json\/wp\/v2\/media?parent=3"}],"curies":[{"name":"wp","href":"https:\/\/api.w.org\/{rel}","templated":true}]}}