{"id":1130,"date":"2021-04-17T17:19:13","date_gmt":"2021-04-17T15:19:13","guid":{"rendered":"https:\/\/www.lacnekontajnery.sk\/eshop\/?post_type=product&#038;p=1130"},"modified":"2023-03-29T11:01:25","modified_gmt":"2023-03-29T09:01:25","slug":"zahradny-altanok-sunset-deluxe-4x4m-polykarbonat","status":"publish","type":"product","link":"https:\/\/www.lacnekontajnery.sk\/eshop\/produkt\/zahradny-altanok-sunset-deluxe-4x4m-polykarbonat\/","title":{"rendered":"Z\u00e1hradn\u00fd alt\u00e1nok Sunset Deluxe, 4x4m Polykarbon\u00e1t."},"content":{"rendered":"<h5 id=\"tw-target-text\" class=\"tw-data-text tw-text-large XcVN5d tw-ta\" dir=\"ltr\" data-placeholder=\"Preklad\"><span class=\"Y2IQFc\" lang=\"sk\">Naopak &#8211; zimn\u00fa n\u00e1dheru si m\u00f4\u017eete vychutna\u0165 pri hor\u00facom n\u00e1poji alebo zimnej grilova\u010dke. Pozvite svojich priate\u013eov a pr\u00edbuzn\u00fdch na zimn\u00e9 grilovanie &#8211; z\u00e1hradn\u00fd pavil\u00f3n 4&#215;4 m pon\u00faka dostatok priestoru na ve\u013ek\u00fa grilovaciu p\u00e1rty. \u017diadna in\u00e1 ve\u013ekos\u0165 z\u00e1hradn\u00e9ho pavil\u00f3nu v rade\u00a0 neposkytuje va\u0161ej z\u00e1hrade tak\u00fa ve\u013ek\u00fa kryt\u00fa plochu! T\u00e1to ve\u013ek\u00e1 plocha je tie\u017e ide\u00e1lna ako dekora\u010dn\u00e1 miestnos\u0165 alebo na vylep\u0161enie vonkaj\u0161ej ob\u00fdvacej izby. Pre tieto pr\u00edle\u017eitosti s\u00fa vhodn\u00e9 do kon\u0161trukcie u\u017e h\u00e1\u010diky na pripevnenie dekora\u010dn\u00fdch materi\u00e1lov alebo osvetlenia. Tento pavil\u00f3n Sunset Deluxe je zdrojom vzru\u0161enia od prv\u00e9ho okamihu!<\/span><\/h5>\n<div id=\"tw-target-text-container\" class=\"tw-ta-container hide-focus-ring tw-nfl\" tabindex=\"0\">\n<ul>\n<li id=\"tw-target-text\" class=\"tw-data-text tw-text-large XcVN5d tw-ta\" dir=\"ltr\" data-placeholder=\"Preklad\"><span class=\"Y2IQFc\" lang=\"sk\">M\u00f4\u017ee by\u0165 pou\u017eit\u00fd po cel\u00fd rok &#8211; maxim\u00e1lne za\u0165a\u017eenie snehom 80 kg \/ m\u00b2 <\/span><\/li>\n<li class=\"tw-data-text tw-text-large XcVN5d tw-ta\" dir=\"ltr\" data-placeholder=\"Preklad\"><span class=\"Y2IQFc\" lang=\"sk\">Pon\u00faka obzvl\u00e1\u0161\u0165 ve\u013ek\u00fa kryt\u00fa plochu a ve\u013ea priestoru <\/span><\/li>\n<li class=\"tw-data-text tw-text-large XcVN5d tw-ta\" dir=\"ltr\" data-placeholder=\"Preklad\"><span class=\"Y2IQFc\" lang=\"sk\"> Strecha vyroben\u00e1 z polykarbon\u00e1tov\u00fdch panelov odoln\u00fdch vo\u010di poveternostn\u00fdm vplyvom Kon\u0161trukcia z pr\u00e1\u0161kov\u00e9ho hlin\u00edka <\/span><\/li>\n<li class=\"tw-data-text tw-text-large XcVN5d tw-ta\" dir=\"ltr\" data-placeholder=\"Preklad\"><span class=\"Y2IQFc\" lang=\"sk\">Modern\u00fd dizajn 100% vodotesn\u00e1 strecha s ochrann\u00fdm slne\u010dn\u00fdm faktorom UV 50+ 10-ro\u010dn\u00e1 z\u00e1ruka na n\u00e1hradn\u00e9 diely a odborn\u00e9 poradenstvo od \u0161pecializovan\u00e9ho predajcu<\/span><\/li>\n<\/ul>\n<h5 id=\"tw-target-text\" class=\"tw-data-text tw-text-large XcVN5d tw-ta\" dir=\"ltr\" data-placeholder=\"Preklad\"><span class=\"Y2IQFc\" lang=\"sk\">Pevn\u00e1 strecha z\u00e1hradn\u00e9ho pavil\u00f3nu Sunset Deluxe poskytuje spo\u013eahliv\u00fa ochranu pred vetrom a po\u010das\u00edm. Sklad\u00e1 sa z 8 mm hrub\u00fdch polykarbon\u00e1tov\u00fdch dosiek. Polykarbon\u00e1t sa vyzna\u010duje predov\u0161etk\u00fdm rozmerovou stabilitou, pevnos\u0165ou a tuhos\u0165ou. Tento materi\u00e1l je navy\u0161e nielen vysoko odoln\u00fd vo\u010di teplu, ale aj dokonal\u00e1 ochrana pred da\u017e\u010fom. U\u017eite si teda aj vlhk\u00e9 po\u010dasie pod svojim 100% nepremokav\u00fdm a UV odoln\u00fdm z\u00e1hradn\u00fdm pavil\u00f3nom. Sunset Deluxe Pavilion m\u00e1 UV ochranu 50+ a strecha sa \u013eahko sklad\u00e1. Strechu je mo\u017en\u00e9 necha\u0165 vonku po cel\u00fd rok. Dvojit\u00e9 stenov\u00e9 listy tie\u017e umo\u017e\u0148uj\u00fa ve\u013ea svetla vst\u00fapi\u0165 do pavil\u00f3nu, tak\u017ee budete ma\u0165 \u00fa\u017eitok zo svetlej a svetlom zaplavenej atmosf\u00e9ry. A ak by ste chceli svoj pavil\u00f3n vyzdobi\u0165 e\u0161te v\u00e4\u010d\u0161\u00edm svetlom, m\u00f4\u017eete pohodlne pripevni\u0165 svoje lampy alebo rozpr\u00e1vkov\u00e9 svetl\u00e1 k integrovan\u00fdm h\u00e1\u010dikom. Pod z\u00e1hradn\u00fdm alt\u00e1nkom to m\u00f4\u017ee by\u0165 tak\u00a0 romantick\u00e9!<\/span><\/h5>\n<p><img decoding=\"async\" class=\"aligncenter\" src=\"https:\/\/www.profizelt24.de\/media\/IMG-AMZ\/AMZ_0400x0400_SUNS_DEL.jpg\" \/><\/p>\n<\/div>\n<p>K tomuto pr\u00edstre\u0161ku je mo\u017en\u00e9 dok\u00fapi\u0165 krytie<\/p>\n","protected":false},"excerpt":{"rendered":"<h5 id=\"tw-target-text\" class=\"tw-data-text tw-text-large XcVN5d tw-ta\" dir=\"ltr\" data-placeholder=\"Preklad\"><span class=\"Y2IQFc\" lang=\"sk\">\u010ci u\u017e v lete alebo v zime, v\u010faka tomuto z\u00e1hradn\u00e9mu pavil\u00f3nu Sunset Deluxe m\u00f4\u017eete str\u00e1vi\u0165 ka\u017ed\u00fa sez\u00f3nu v roku relaxom vo svojej z\u00e1hrade. V\u010faka 50+ UV ochrane je tento pavil\u00f3n perfektne vybaven\u00fd na hor\u00face letn\u00e9 dni. A v zime? Aj v zime si chcete u\u017ei\u0165 svoju vlastn\u00fa z\u00e1hradn\u00fa idylku a na jese\u0148 za\u017ei\u0165, ako l\u00edstie opad\u00e1va zo stromov, a vyk\u00fazli\u0165 v z\u00e1hrade jedine\u010dn\u00e9 farby. Preto\u017ee tento 100% vodotesn\u00fd z\u00e1hradn\u00fd alt\u00e1nok pozost\u00e1va z hlin\u00edkovej kon\u0161trukcie s pr\u00e1\u0161kov\u00fdm n\u00e1strekom a je vybaven\u00fd strechou z polykarbon\u00e1tov\u00fdch panelov odoln\u00fdch vo\u010di poveternostn\u00fdm vplyvom, nemus\u00edte pavil\u00f3n ani strechu demontova\u0165 ani skladova\u0165.<\/span><\/h5>\n","protected":false},"featured_media":1134,"comment_status":"open","ping_status":"closed","template":"","meta":{"_monsterinsights_skip_tracking":false,"_monsterinsights_sitenote_active":false,"_monsterinsights_sitenote_note":"","_monsterinsights_sitenote_category":0},"product_cat":[24],"product_tag":[73],"yoast_head":"<!-- This site is optimized with the Yoast SEO plugin v21.9 - https:\/\/yoast.com\/wordpress\/plugins\/seo\/ -->\n<title>Z\u00e1hradn\u00fd alt\u00e1nok Sunset Deluxe, 4x4m Polykarbon\u00e1t. - Profisklad- najlacnej\u0161ie rie\u0161enie pre V\u00e1\u0161 sklad<\/title>\n<meta name=\"description\" content=\"Z\u00e1hradn alt\u00e1nok ktor\u00fd bol vyvinut\u00fd na celoro\u010dn\u00e9 pou\u017eitie, vyvol\u00e1va v z\u00e1hrade dotyk luxusu s kombin\u00e1ciou dekorat\u00edvneho dizajnu a maxim\u00e1lnej funk\u010dnosti. Jeho mimoriadne stabiln\u00e1 hlin\u00edkov\u00e1 kon\u0161trukcia s pr\u00e1\u0161kov\u00fdm povlakom sa in\u0161piruje tvarovo dekorat\u00edvnym dizajnom.\" \/>\n<meta name=\"robots\" content=\"index, follow, max-snippet:-1, max-image-preview:large, max-video-preview:-1\" \/>\n<link rel=\"canonical\" href=\"https:\/\/www.lacnekontajnery.sk\/eshop\/produkt\/zahradny-altanok-sunset-deluxe-4x4m-polykarbonat\/\" \/>\n<meta property=\"og:locale\" content=\"sk_SK\" \/>\n<meta property=\"og:type\" content=\"article\" \/>\n<meta property=\"og:title\" content=\"Z\u00e1hradn\u00fd alt\u00e1nok Sunset Deluxe, 4x4m Polykarbon\u00e1t. - Profisklad- najlacnej\u0161ie rie\u0161enie pre V\u00e1\u0161 sklad\" \/>\n<meta property=\"og:description\" content=\"Z\u00e1hradn alt\u00e1nok ktor\u00fd bol vyvinut\u00fd na celoro\u010dn\u00e9 pou\u017eitie, vyvol\u00e1va v z\u00e1hrade dotyk luxusu s kombin\u00e1ciou dekorat\u00edvneho dizajnu a maxim\u00e1lnej funk\u010dnosti. Jeho mimoriadne stabiln\u00e1 hlin\u00edkov\u00e1 kon\u0161trukcia s pr\u00e1\u0161kov\u00fdm povlakom sa in\u0161piruje tvarovo dekorat\u00edvnym dizajnom.\" \/>\n<meta property=\"og:url\" content=\"https:\/\/www.lacnekontajnery.sk\/eshop\/produkt\/zahradny-altanok-sunset-deluxe-4x4m-polykarbonat\/\" \/>\n<meta property=\"og:site_name\" content=\"Profisklad- najlacnej\u0161ie rie\u0161enie pre V\u00e1\u0161 sklad\" \/>\n<meta property=\"article:modified_time\" content=\"2023-03-29T09:01:25+00:00\" \/>\n<meta property=\"og:image\" content=\"https:\/\/www.lacnekontajnery.sk\/eshop\/wp-content\/uploads\/2021\/04\/dQWmYbXFkz-compress.jpg\" \/>\n\t<meta property=\"og:image:width\" content=\"640\" \/>\n\t<meta property=\"og:image:height\" content=\"480\" \/>\n\t<meta property=\"og:image:type\" content=\"image\/jpeg\" \/>\n<meta name=\"twitter:card\" content=\"summary_large_image\" \/>\n<meta name=\"twitter:label1\" content=\"Predpokladan\u00fd \u010das \u010d\u00edtania\" \/>\n\t<meta name=\"twitter:data1\" content=\"2 min\u00faty\" \/>\n<script type=\"application\/ld+json\" class=\"yoast-schema-graph\">{\"@context\":\"https:\/\/schema.org\",\"@graph\":[{\"@type\":\"WebPage\",\"@id\":\"https:\/\/www.lacnekontajnery.sk\/eshop\/produkt\/zahradny-altanok-sunset-deluxe-4x4m-polykarbonat\/\",\"url\":\"https:\/\/www.lacnekontajnery.sk\/eshop\/produkt\/zahradny-altanok-sunset-deluxe-4x4m-polykarbonat\/\",\"name\":\"Z\u00e1hradn\u00fd alt\u00e1nok Sunset Deluxe, 4x4m Polykarbon\u00e1t. - Profisklad- najlacnej\u0161ie rie\u0161enie pre V\u00e1\u0161 sklad\",\"isPartOf\":{\"@id\":\"https:\/\/www.lacnekontajnery.sk\/eshop\/#website\"},\"datePublished\":\"2021-04-17T15:19:13+00:00\",\"dateModified\":\"2023-03-29T09:01:25+00:00\",\"description\":\"Z\u00e1hradn alt\u00e1nok ktor\u00fd bol vyvinut\u00fd na celoro\u010dn\u00e9 pou\u017eitie, vyvol\u00e1va v z\u00e1hrade dotyk luxusu s kombin\u00e1ciou dekorat\u00edvneho dizajnu a maxim\u00e1lnej funk\u010dnosti. Jeho mimoriadne stabiln\u00e1 hlin\u00edkov\u00e1 kon\u0161trukcia s pr\u00e1\u0161kov\u00fdm povlakom sa in\u0161piruje tvarovo dekorat\u00edvnym dizajnom.\",\"breadcrumb\":{\"@id\":\"https:\/\/www.lacnekontajnery.sk\/eshop\/produkt\/zahradny-altanok-sunset-deluxe-4x4m-polykarbonat\/#breadcrumb\"},\"inLanguage\":\"sk-SK\",\"potentialAction\":[{\"@type\":\"ReadAction\",\"target\":[\"https:\/\/www.lacnekontajnery.sk\/eshop\/produkt\/zahradny-altanok-sunset-deluxe-4x4m-polykarbonat\/\"]}]},{\"@type\":\"BreadcrumbList\",\"@id\":\"https:\/\/www.lacnekontajnery.sk\/eshop\/produkt\/zahradny-altanok-sunset-deluxe-4x4m-polykarbonat\/#breadcrumb\",\"itemListElement\":[{\"@type\":\"ListItem\",\"position\":1,\"name\":\"Home\",\"item\":\"https:\/\/www.lacnekontajnery.sk\/eshop\/\"},{\"@type\":\"ListItem\",\"position\":2,\"name\":\"Obchod\",\"item\":\"https:\/\/www.lacnekontajnery.sk\/eshop\/obchod\/\"},{\"@type\":\"ListItem\",\"position\":3,\"name\":\"Z\u00e1hradn\u00fd alt\u00e1nok Sunset Deluxe, 4x4m Polykarbon\u00e1t.\"}]},{\"@type\":\"WebSite\",\"@id\":\"https:\/\/www.lacnekontajnery.sk\/eshop\/#website\",\"url\":\"https:\/\/www.lacnekontajnery.sk\/eshop\/\",\"name\":\"Profisklad- najlacnej\u0161ie rie\u0161enie pre V\u00e1\u0161 sklad\",\"description\":\"Profesion\u00e1lne sklady\",\"publisher\":{\"@id\":\"https:\/\/www.lacnekontajnery.sk\/eshop\/#organization\"},\"potentialAction\":[{\"@type\":\"SearchAction\",\"target\":{\"@type\":\"EntryPoint\",\"urlTemplate\":\"https:\/\/www.lacnekontajnery.sk\/eshop\/?s={search_term_string}\"},\"query-input\":\"required name=search_term_string\"}],\"inLanguage\":\"sk-SK\"},{\"@type\":\"Organization\",\"@id\":\"https:\/\/www.lacnekontajnery.sk\/eshop\/#organization\",\"name\":\"Profisklad- r\u00fdchle a lacn\u00e9 skladovanie\",\"url\":\"https:\/\/www.lacnekontajnery.sk\/eshop\/\",\"logo\":{\"@type\":\"ImageObject\",\"inLanguage\":\"sk-SK\",\"@id\":\"https:\/\/www.lacnekontajnery.sk\/eshop\/#\/schema\/logo\/image\/\",\"url\":\"https:\/\/www.lacnekontajnery.sk\/eshop\/wp-content\/uploads\/2020\/07\/facebook_cover_photo_1.png\",\"contentUrl\":\"https:\/\/www.lacnekontajnery.sk\/eshop\/wp-content\/uploads\/2020\/07\/facebook_cover_photo_1.png\",\"width\":1640,\"height\":624,\"caption\":\"Profisklad- r\u00fdchle a lacn\u00e9 skladovanie\"},\"image\":{\"@id\":\"https:\/\/www.lacnekontajnery.sk\/eshop\/#\/schema\/logo\/image\/\"}}]}<\/script>\n<!-- \/ Yoast SEO plugin. -->","yoast_head_json":{"title":"Z\u00e1hradn\u00fd alt\u00e1nok Sunset Deluxe, 4x4m Polykarbon\u00e1t. - Profisklad- najlacnej\u0161ie rie\u0161enie pre V\u00e1\u0161 sklad","description":"Z\u00e1hradn alt\u00e1nok ktor\u00fd bol vyvinut\u00fd na celoro\u010dn\u00e9 pou\u017eitie, vyvol\u00e1va v z\u00e1hrade dotyk luxusu s kombin\u00e1ciou dekorat\u00edvneho dizajnu a maxim\u00e1lnej funk\u010dnosti. Jeho mimoriadne stabiln\u00e1 hlin\u00edkov\u00e1 kon\u0161trukcia s pr\u00e1\u0161kov\u00fdm povlakom sa in\u0161piruje tvarovo dekorat\u00edvnym dizajnom.","robots":{"index":"index","follow":"follow","max-snippet":"max-snippet:-1","max-image-preview":"max-image-preview:large","max-video-preview":"max-video-preview:-1"},"canonical":"https:\/\/www.lacnekontajnery.sk\/eshop\/produkt\/zahradny-altanok-sunset-deluxe-4x4m-polykarbonat\/","og_locale":"sk_SK","og_type":"article","og_title":"Z\u00e1hradn\u00fd alt\u00e1nok Sunset Deluxe, 4x4m Polykarbon\u00e1t. - Profisklad- najlacnej\u0161ie rie\u0161enie pre V\u00e1\u0161 sklad","og_description":"Z\u00e1hradn alt\u00e1nok ktor\u00fd bol vyvinut\u00fd na celoro\u010dn\u00e9 pou\u017eitie, vyvol\u00e1va v z\u00e1hrade dotyk luxusu s kombin\u00e1ciou dekorat\u00edvneho dizajnu a maxim\u00e1lnej funk\u010dnosti. Jeho mimoriadne stabiln\u00e1 hlin\u00edkov\u00e1 kon\u0161trukcia s pr\u00e1\u0161kov\u00fdm povlakom sa in\u0161piruje tvarovo dekorat\u00edvnym dizajnom.","og_url":"https:\/\/www.lacnekontajnery.sk\/eshop\/produkt\/zahradny-altanok-sunset-deluxe-4x4m-polykarbonat\/","og_site_name":"Profisklad- najlacnej\u0161ie rie\u0161enie pre V\u00e1\u0161 sklad","article_modified_time":"2023-03-29T09:01:25+00:00","og_image":[{"width":640,"height":480,"url":"https:\/\/www.lacnekontajnery.sk\/eshop\/wp-content\/uploads\/2021\/04\/dQWmYbXFkz-compress.jpg","type":"image\/jpeg"}],"twitter_card":"summary_large_image","twitter_misc":{"Predpokladan\u00fd \u010das \u010d\u00edtania":"2 min\u00faty"},"schema":{"@context":"https:\/\/schema.org","@graph":[{"@type":"WebPage","@id":"https:\/\/www.lacnekontajnery.sk\/eshop\/produkt\/zahradny-altanok-sunset-deluxe-4x4m-polykarbonat\/","url":"https:\/\/www.lacnekontajnery.sk\/eshop\/produkt\/zahradny-altanok-sunset-deluxe-4x4m-polykarbonat\/","name":"Z\u00e1hradn\u00fd alt\u00e1nok Sunset Deluxe, 4x4m Polykarbon\u00e1t. - Profisklad- najlacnej\u0161ie rie\u0161enie pre V\u00e1\u0161 sklad","isPartOf":{"@id":"https:\/\/www.lacnekontajnery.sk\/eshop\/#website"},"datePublished":"2021-04-17T15:19:13+00:00","dateModified":"2023-03-29T09:01:25+00:00","description":"Z\u00e1hradn alt\u00e1nok ktor\u00fd bol vyvinut\u00fd na celoro\u010dn\u00e9 pou\u017eitie, vyvol\u00e1va v z\u00e1hrade dotyk luxusu s kombin\u00e1ciou dekorat\u00edvneho dizajnu a maxim\u00e1lnej funk\u010dnosti. Jeho mimoriadne stabiln\u00e1 hlin\u00edkov\u00e1 kon\u0161trukcia s pr\u00e1\u0161kov\u00fdm povlakom sa in\u0161piruje tvarovo dekorat\u00edvnym dizajnom.","breadcrumb":{"@id":"https:\/\/www.lacnekontajnery.sk\/eshop\/produkt\/zahradny-altanok-sunset-deluxe-4x4m-polykarbonat\/#breadcrumb"},"inLanguage":"sk-SK","potentialAction":[{"@type":"ReadAction","target":["https:\/\/www.lacnekontajnery.sk\/eshop\/produkt\/zahradny-altanok-sunset-deluxe-4x4m-polykarbonat\/"]}]},{"@type":"BreadcrumbList","@id":"https:\/\/www.lacnekontajnery.sk\/eshop\/produkt\/zahradny-altanok-sunset-deluxe-4x4m-polykarbonat\/#breadcrumb","itemListElement":[{"@type":"ListItem","position":1,"name":"Home","item":"https:\/\/www.lacnekontajnery.sk\/eshop\/"},{"@type":"ListItem","position":2,"name":"Obchod","item":"https:\/\/www.lacnekontajnery.sk\/eshop\/obchod\/"},{"@type":"ListItem","position":3,"name":"Z\u00e1hradn\u00fd alt\u00e1nok Sunset Deluxe, 4x4m Polykarbon\u00e1t."}]},{"@type":"WebSite","@id":"https:\/\/www.lacnekontajnery.sk\/eshop\/#website","url":"https:\/\/www.lacnekontajnery.sk\/eshop\/","name":"Profisklad- najlacnej\u0161ie rie\u0161enie pre V\u00e1\u0161 sklad","description":"Profesion\u00e1lne sklady","publisher":{"@id":"https:\/\/www.lacnekontajnery.sk\/eshop\/#organization"},"potentialAction":[{"@type":"SearchAction","target":{"@type":"EntryPoint","urlTemplate":"https:\/\/www.lacnekontajnery.sk\/eshop\/?s={search_term_string}"},"query-input":"required name=search_term_string"}],"inLanguage":"sk-SK"},{"@type":"Organization","@id":"https:\/\/www.lacnekontajnery.sk\/eshop\/#organization","name":"Profisklad- r\u00fdchle a lacn\u00e9 skladovanie","url":"https:\/\/www.lacnekontajnery.sk\/eshop\/","logo":{"@type":"ImageObject","inLanguage":"sk-SK","@id":"https:\/\/www.lacnekontajnery.sk\/eshop\/#\/schema\/logo\/image\/","url":"https:\/\/www.lacnekontajnery.sk\/eshop\/wp-content\/uploads\/2020\/07\/facebook_cover_photo_1.png","contentUrl":"https:\/\/www.lacnekontajnery.sk\/eshop\/wp-content\/uploads\/2020\/07\/facebook_cover_photo_1.png","width":1640,"height":624,"caption":"Profisklad- r\u00fdchle a lacn\u00e9 skladovanie"},"image":{"@id":"https:\/\/www.lacnekontajnery.sk\/eshop\/#\/schema\/logo\/image\/"}}]}},"jetpack_sharing_enabled":true,"_links":{"self":[{"href":"https:\/\/www.lacnekontajnery.sk\/eshop\/wp-json\/wp\/v2\/product\/1130"}],"collection":[{"href":"https:\/\/www.lacnekontajnery.sk\/eshop\/wp-json\/wp\/v2\/product"}],"about":[{"href":"https:\/\/www.lacnekontajnery.sk\/eshop\/wp-json\/wp\/v2\/types\/product"}],"replies":[{"embeddable":true,"href":"https:\/\/www.lacnekontajnery.sk\/eshop\/wp-json\/wp\/v2\/comments?post=1130"}],"wp:featuredmedia":[{"embeddable":true,"href":"https:\/\/www.lacnekontajnery.sk\/eshop\/wp-json\/wp\/v2\/media\/1134"}],"wp:attachment":[{"href":"https:\/\/www.lacnekontajnery.sk\/eshop\/wp-json\/wp\/v2\/media?parent=1130"}],"wp:term":[{"taxonomy":"product_cat","embeddable":true,"href":"https:\/\/www.lacnekontajnery.sk\/eshop\/wp-json\/wp\/v2\/product_cat?post=1130"},{"taxonomy":"product_tag","embeddable":true,"href":"https:\/\/www.lacnekontajnery.sk\/eshop\/wp-json\/wp\/v2\/product_tag?post=1130"}],"curies":[{"name":"wp","href":"https:\/\/api.w.org\/{rel}","templated":true}]}}