{"id":1140,"date":"2021-04-17T17:43:57","date_gmt":"2021-04-17T15:43:57","guid":{"rendered":"https:\/\/www.lacnekontajnery.sk\/eshop\/?post_type=product&#038;p=1140"},"modified":"2023-03-30T11:17:35","modified_gmt":"2023-03-30T09:17:35","slug":"bocne-diely-4-dielna-sada-pre-zahradny-altanok","status":"publish","type":"product","link":"https:\/\/www.lacnekontajnery.sk\/eshop\/produkt\/bocne-diely-4-dielna-sada-pre-zahradny-altanok\/","title":{"rendered":"Bo\u010dn\u00e9 diely (4-dielna sada) pre z\u00e1hradn\u00fd alt\u00e1nok"},"content":{"rendered":"<p><span class=\"Y2IQFc\" lang=\"sk\">Vybavte svoj z\u00e1hradn\u00fd alt\u00e1nok Sunset DELUXE bo\u010dn\u00fdmi panelmi v zodpovedaj\u00facich farb\u00e1ch. Tie nielen zvy\u0161uj\u00fa vizu\u00e1lny vzh\u013ead v\u00e1\u0161ho pavil\u00f3nu, ale vytv\u00e1raj\u00fa aj pocit \u00fatulnosti. V\u00e1\u0161 z\u00e1hradn\u00fd alt\u00e1nok vyzer\u00e1 ove\u013ea l\u00e1kavej\u0161ie a bo\u010dn\u00e9 \u010dasti tie\u017e vytv\u00e1raj\u00fa dokonal\u00fa harm\u00f3niu s kon\u0161trukciou pavil\u00f3nu. Sada obsahuje v\u0161etky \u0161tyri bo\u010dn\u00e9 diely vyroben\u00e9 z polyesteru s hr\u00fabkou pribli\u017ene 180 g \/ m\u00b2 s povrchovou \u00fapravou PA, ako aj pr\u00edslu\u0161n\u00fd upev\u0148ovac\u00ed materi\u00e1l. <\/span><\/p>\n<ul>\n<li><span class=\"Y2IQFc\" lang=\"sk\">Mont\u00e1\u017e bo\u010dn\u00fdch dielov je jednoduch\u00e1 a nekomplikovan\u00e1: bo\u010dn\u00e9 diely jednoducho pripevn\u00edte na dvojit\u00fa z\u00e1clonov\u00fa li\u0161tu v\u00e1\u0161ho z\u00e1hradn\u00e9ho alt\u00e1nku pomocou upev\u0148ovac\u00edch h\u00e1\u010dikov, ktor\u00e9 s\u00fa s\u00fa\u010das\u0165ou dod\u00e1vky. <\/span><\/li>\n<li><span class=\"Y2IQFc\" lang=\"sk\">M\u00f4\u017eete sa kedyko\u013evek flexibilne a spont\u00e1nne rozhodn\u00fa\u0165, \u010di ho chcete otvori\u0165, \u010diasto\u010dne uzavrie\u0165 alebo \u00faplne uzavrie\u0165. <\/span><\/li>\n<li><span class=\"Y2IQFc\" lang=\"sk\">Navrhnite si svoj z\u00e1hradn\u00fd alt\u00e1nok tak, ako sa v\u00e1m p\u00e1\u010di! Vr\u00e1tane 4 bo\u010dn\u00fdch panelov v podkrovnej \u0161edej farbe Vyroben\u00e9 z polyesteru 180 g \/ m\u00b2 s povrchovou \u00fapravou PA <\/span><\/li>\n<li><span class=\"Y2IQFc\" lang=\"sk\">Vysoko kvalitn\u00fd syst\u00e9m dvojitej ko\u013eajnice \u00daplne uzatv\u00e1rate\u013en\u00e9 na zips Vr\u00e1tane mont\u00e1\u017eneho materi\u00e1lu<\/span><\/li>\n<\/ul>\n","protected":false},"excerpt":{"rendered":"<p>Vybavte svoj z\u00e1hradn\u00fd alt\u00e1nok Sunset DELUXE bo\u010dn\u00fdmi panelmi v zodpovedaj\u00facich farb\u00e1ch. Tie nielen zvy\u0161uj\u00fa vizu\u00e1lny vzh\u013ead v\u00e1\u0161ho pavil\u00f3nu, ale vytv\u00e1raj\u00fa aj pocit \u00fatulnosti. V\u00e1\u0161 z\u00e1hradn\u00fd alt\u00e1nok vyzer\u00e1 ove\u013ea l\u00e1kavej\u0161ie a bo\u010dn\u00e9 \u010dasti tie\u017e vytv\u00e1raj\u00fa dokonal\u00fa harm\u00f3niu s kon\u0161trukciou pavil\u00f3nu. Sada obsahuje v\u0161etky \u0161tyri bo\u010dn\u00e9 diely vyroben\u00e9 z polyesteru s hr\u00fabkou pribli\u017ene 180 g \/ m\u00b2 [&hellip;]<\/p>\n","protected":false},"featured_media":1143,"comment_status":"open","ping_status":"closed","template":"","meta":{"_monsterinsights_skip_tracking":false,"_monsterinsights_sitenote_active":false,"_monsterinsights_sitenote_note":"","_monsterinsights_sitenote_category":0},"product_cat":[24],"product_tag":[74],"yoast_head":"<!-- This site is optimized with the Yoast SEO plugin v21.9 - https:\/\/yoast.com\/wordpress\/plugins\/seo\/ -->\n<title>Bo\u010dn\u00e9 diely (4-dielna sada) pre z\u00e1hradn\u00fd alt\u00e1nok - Profisklad- najlacnej\u0161ie rie\u0161enie pre V\u00e1\u0161 sklad<\/title>\n<meta name=\"description\" content=\"Z\u00e1hradn alt\u00e1nok ktor\u00fd bol vyvinut\u00fd na celoro\u010dn\u00e9 pou\u017eitie, vyvol\u00e1va v z\u00e1hrade dotyk luxusu s kombin\u00e1ciou dekorat\u00edvneho dizajnu a maxim\u00e1lnej funk\u010dnosti. Jeho mimoriadne stabiln\u00e1 hlin\u00edkov\u00e1 kon\u0161trukcia s pr\u00e1\u0161kov\u00fdm povlakom sa in\u0161piruje tvarovo dekorat\u00edvnym dizajnom.\" \/>\n<meta name=\"robots\" content=\"index, follow, max-snippet:-1, max-image-preview:large, max-video-preview:-1\" \/>\n<link rel=\"canonical\" href=\"https:\/\/www.lacnekontajnery.sk\/eshop\/produkt\/bocne-diely-4-dielna-sada-pre-zahradny-altanok\/\" \/>\n<meta property=\"og:locale\" content=\"sk_SK\" \/>\n<meta property=\"og:type\" content=\"article\" \/>\n<meta property=\"og:title\" content=\"Bo\u010dn\u00e9 diely (4-dielna sada) pre z\u00e1hradn\u00fd alt\u00e1nok - Profisklad- najlacnej\u0161ie rie\u0161enie pre V\u00e1\u0161 sklad\" \/>\n<meta property=\"og:description\" content=\"Z\u00e1hradn alt\u00e1nok ktor\u00fd bol vyvinut\u00fd na celoro\u010dn\u00e9 pou\u017eitie, vyvol\u00e1va v z\u00e1hrade dotyk luxusu s kombin\u00e1ciou dekorat\u00edvneho dizajnu a maxim\u00e1lnej funk\u010dnosti. Jeho mimoriadne stabiln\u00e1 hlin\u00edkov\u00e1 kon\u0161trukcia s pr\u00e1\u0161kov\u00fdm povlakom sa in\u0161piruje tvarovo dekorat\u00edvnym dizajnom.\" \/>\n<meta property=\"og:url\" content=\"https:\/\/www.lacnekontajnery.sk\/eshop\/produkt\/bocne-diely-4-dielna-sada-pre-zahradny-altanok\/\" \/>\n<meta property=\"og:site_name\" content=\"Profisklad- najlacnej\u0161ie rie\u0161enie pre V\u00e1\u0161 sklad\" \/>\n<meta property=\"article:modified_time\" content=\"2023-03-30T09:17:35+00:00\" \/>\n<meta property=\"og:image\" content=\"https:\/\/www.lacnekontajnery.sk\/eshop\/wp-content\/uploads\/2021\/04\/rt9pabpnAL-compress.jpg\" \/>\n\t<meta property=\"og:image:width\" content=\"640\" \/>\n\t<meta property=\"og:image:height\" content=\"480\" \/>\n\t<meta property=\"og:image:type\" content=\"image\/jpeg\" \/>\n<meta name=\"twitter:card\" content=\"summary_large_image\" \/>\n<meta name=\"twitter:label1\" content=\"Predpokladan\u00fd \u010das \u010d\u00edtania\" \/>\n\t<meta name=\"twitter:data1\" content=\"1 min\u00fata\" \/>\n<script type=\"application\/ld+json\" class=\"yoast-schema-graph\">{\"@context\":\"https:\/\/schema.org\",\"@graph\":[{\"@type\":\"WebPage\",\"@id\":\"https:\/\/www.lacnekontajnery.sk\/eshop\/produkt\/bocne-diely-4-dielna-sada-pre-zahradny-altanok\/\",\"url\":\"https:\/\/www.lacnekontajnery.sk\/eshop\/produkt\/bocne-diely-4-dielna-sada-pre-zahradny-altanok\/\",\"name\":\"Bo\u010dn\u00e9 diely (4-dielna sada) pre z\u00e1hradn\u00fd alt\u00e1nok - Profisklad- najlacnej\u0161ie rie\u0161enie pre V\u00e1\u0161 sklad\",\"isPartOf\":{\"@id\":\"https:\/\/www.lacnekontajnery.sk\/eshop\/#website\"},\"datePublished\":\"2021-04-17T15:43:57+00:00\",\"dateModified\":\"2023-03-30T09:17:35+00:00\",\"description\":\"Z\u00e1hradn alt\u00e1nok ktor\u00fd bol vyvinut\u00fd na celoro\u010dn\u00e9 pou\u017eitie, vyvol\u00e1va v z\u00e1hrade dotyk luxusu s kombin\u00e1ciou dekorat\u00edvneho dizajnu a maxim\u00e1lnej funk\u010dnosti. Jeho mimoriadne stabiln\u00e1 hlin\u00edkov\u00e1 kon\u0161trukcia s pr\u00e1\u0161kov\u00fdm povlakom sa in\u0161piruje tvarovo dekorat\u00edvnym dizajnom.\",\"breadcrumb\":{\"@id\":\"https:\/\/www.lacnekontajnery.sk\/eshop\/produkt\/bocne-diely-4-dielna-sada-pre-zahradny-altanok\/#breadcrumb\"},\"inLanguage\":\"sk-SK\",\"potentialAction\":[{\"@type\":\"ReadAction\",\"target\":[\"https:\/\/www.lacnekontajnery.sk\/eshop\/produkt\/bocne-diely-4-dielna-sada-pre-zahradny-altanok\/\"]}]},{\"@type\":\"BreadcrumbList\",\"@id\":\"https:\/\/www.lacnekontajnery.sk\/eshop\/produkt\/bocne-diely-4-dielna-sada-pre-zahradny-altanok\/#breadcrumb\",\"itemListElement\":[{\"@type\":\"ListItem\",\"position\":1,\"name\":\"Home\",\"item\":\"https:\/\/www.lacnekontajnery.sk\/eshop\/\"},{\"@type\":\"ListItem\",\"position\":2,\"name\":\"Obchod\",\"item\":\"https:\/\/www.lacnekontajnery.sk\/eshop\/obchod\/\"},{\"@type\":\"ListItem\",\"position\":3,\"name\":\"Bo\u010dn\u00e9 diely (4-dielna sada) pre z\u00e1hradn\u00fd alt\u00e1nok\"}]},{\"@type\":\"WebSite\",\"@id\":\"https:\/\/www.lacnekontajnery.sk\/eshop\/#website\",\"url\":\"https:\/\/www.lacnekontajnery.sk\/eshop\/\",\"name\":\"Profisklad- najlacnej\u0161ie rie\u0161enie pre V\u00e1\u0161 sklad\",\"description\":\"Profesion\u00e1lne sklady\",\"publisher\":{\"@id\":\"https:\/\/www.lacnekontajnery.sk\/eshop\/#organization\"},\"potentialAction\":[{\"@type\":\"SearchAction\",\"target\":{\"@type\":\"EntryPoint\",\"urlTemplate\":\"https:\/\/www.lacnekontajnery.sk\/eshop\/?s={search_term_string}\"},\"query-input\":\"required name=search_term_string\"}],\"inLanguage\":\"sk-SK\"},{\"@type\":\"Organization\",\"@id\":\"https:\/\/www.lacnekontajnery.sk\/eshop\/#organization\",\"name\":\"Profisklad- r\u00fdchle a lacn\u00e9 skladovanie\",\"url\":\"https:\/\/www.lacnekontajnery.sk\/eshop\/\",\"logo\":{\"@type\":\"ImageObject\",\"inLanguage\":\"sk-SK\",\"@id\":\"https:\/\/www.lacnekontajnery.sk\/eshop\/#\/schema\/logo\/image\/\",\"url\":\"https:\/\/www.lacnekontajnery.sk\/eshop\/wp-content\/uploads\/2020\/07\/facebook_cover_photo_1.png\",\"contentUrl\":\"https:\/\/www.lacnekontajnery.sk\/eshop\/wp-content\/uploads\/2020\/07\/facebook_cover_photo_1.png\",\"width\":1640,\"height\":624,\"caption\":\"Profisklad- r\u00fdchle a lacn\u00e9 skladovanie\"},\"image\":{\"@id\":\"https:\/\/www.lacnekontajnery.sk\/eshop\/#\/schema\/logo\/image\/\"}}]}<\/script>\n<!-- \/ Yoast SEO plugin. -->","yoast_head_json":{"title":"Bo\u010dn\u00e9 diely (4-dielna sada) pre z\u00e1hradn\u00fd alt\u00e1nok - Profisklad- najlacnej\u0161ie rie\u0161enie pre V\u00e1\u0161 sklad","description":"Z\u00e1hradn alt\u00e1nok ktor\u00fd bol vyvinut\u00fd na celoro\u010dn\u00e9 pou\u017eitie, vyvol\u00e1va v z\u00e1hrade dotyk luxusu s kombin\u00e1ciou dekorat\u00edvneho dizajnu a maxim\u00e1lnej funk\u010dnosti. Jeho mimoriadne stabiln\u00e1 hlin\u00edkov\u00e1 kon\u0161trukcia s pr\u00e1\u0161kov\u00fdm povlakom sa in\u0161piruje tvarovo dekorat\u00edvnym dizajnom.","robots":{"index":"index","follow":"follow","max-snippet":"max-snippet:-1","max-image-preview":"max-image-preview:large","max-video-preview":"max-video-preview:-1"},"canonical":"https:\/\/www.lacnekontajnery.sk\/eshop\/produkt\/bocne-diely-4-dielna-sada-pre-zahradny-altanok\/","og_locale":"sk_SK","og_type":"article","og_title":"Bo\u010dn\u00e9 diely (4-dielna sada) pre z\u00e1hradn\u00fd alt\u00e1nok - Profisklad- najlacnej\u0161ie rie\u0161enie pre V\u00e1\u0161 sklad","og_description":"Z\u00e1hradn alt\u00e1nok ktor\u00fd bol vyvinut\u00fd na celoro\u010dn\u00e9 pou\u017eitie, vyvol\u00e1va v z\u00e1hrade dotyk luxusu s kombin\u00e1ciou dekorat\u00edvneho dizajnu a maxim\u00e1lnej funk\u010dnosti. Jeho mimoriadne stabiln\u00e1 hlin\u00edkov\u00e1 kon\u0161trukcia s pr\u00e1\u0161kov\u00fdm povlakom sa in\u0161piruje tvarovo dekorat\u00edvnym dizajnom.","og_url":"https:\/\/www.lacnekontajnery.sk\/eshop\/produkt\/bocne-diely-4-dielna-sada-pre-zahradny-altanok\/","og_site_name":"Profisklad- najlacnej\u0161ie rie\u0161enie pre V\u00e1\u0161 sklad","article_modified_time":"2023-03-30T09:17:35+00:00","og_image":[{"width":640,"height":480,"url":"https:\/\/www.lacnekontajnery.sk\/eshop\/wp-content\/uploads\/2021\/04\/rt9pabpnAL-compress.jpg","type":"image\/jpeg"}],"twitter_card":"summary_large_image","twitter_misc":{"Predpokladan\u00fd \u010das \u010d\u00edtania":"1 min\u00fata"},"schema":{"@context":"https:\/\/schema.org","@graph":[{"@type":"WebPage","@id":"https:\/\/www.lacnekontajnery.sk\/eshop\/produkt\/bocne-diely-4-dielna-sada-pre-zahradny-altanok\/","url":"https:\/\/www.lacnekontajnery.sk\/eshop\/produkt\/bocne-diely-4-dielna-sada-pre-zahradny-altanok\/","name":"Bo\u010dn\u00e9 diely (4-dielna sada) pre z\u00e1hradn\u00fd alt\u00e1nok - Profisklad- najlacnej\u0161ie rie\u0161enie pre V\u00e1\u0161 sklad","isPartOf":{"@id":"https:\/\/www.lacnekontajnery.sk\/eshop\/#website"},"datePublished":"2021-04-17T15:43:57+00:00","dateModified":"2023-03-30T09:17:35+00:00","description":"Z\u00e1hradn alt\u00e1nok ktor\u00fd bol vyvinut\u00fd na celoro\u010dn\u00e9 pou\u017eitie, vyvol\u00e1va v z\u00e1hrade dotyk luxusu s kombin\u00e1ciou dekorat\u00edvneho dizajnu a maxim\u00e1lnej funk\u010dnosti. Jeho mimoriadne stabiln\u00e1 hlin\u00edkov\u00e1 kon\u0161trukcia s pr\u00e1\u0161kov\u00fdm povlakom sa in\u0161piruje tvarovo dekorat\u00edvnym dizajnom.","breadcrumb":{"@id":"https:\/\/www.lacnekontajnery.sk\/eshop\/produkt\/bocne-diely-4-dielna-sada-pre-zahradny-altanok\/#breadcrumb"},"inLanguage":"sk-SK","potentialAction":[{"@type":"ReadAction","target":["https:\/\/www.lacnekontajnery.sk\/eshop\/produkt\/bocne-diely-4-dielna-sada-pre-zahradny-altanok\/"]}]},{"@type":"BreadcrumbList","@id":"https:\/\/www.lacnekontajnery.sk\/eshop\/produkt\/bocne-diely-4-dielna-sada-pre-zahradny-altanok\/#breadcrumb","itemListElement":[{"@type":"ListItem","position":1,"name":"Home","item":"https:\/\/www.lacnekontajnery.sk\/eshop\/"},{"@type":"ListItem","position":2,"name":"Obchod","item":"https:\/\/www.lacnekontajnery.sk\/eshop\/obchod\/"},{"@type":"ListItem","position":3,"name":"Bo\u010dn\u00e9 diely (4-dielna sada) pre z\u00e1hradn\u00fd alt\u00e1nok"}]},{"@type":"WebSite","@id":"https:\/\/www.lacnekontajnery.sk\/eshop\/#website","url":"https:\/\/www.lacnekontajnery.sk\/eshop\/","name":"Profisklad- najlacnej\u0161ie rie\u0161enie pre V\u00e1\u0161 sklad","description":"Profesion\u00e1lne sklady","publisher":{"@id":"https:\/\/www.lacnekontajnery.sk\/eshop\/#organization"},"potentialAction":[{"@type":"SearchAction","target":{"@type":"EntryPoint","urlTemplate":"https:\/\/www.lacnekontajnery.sk\/eshop\/?s={search_term_string}"},"query-input":"required name=search_term_string"}],"inLanguage":"sk-SK"},{"@type":"Organization","@id":"https:\/\/www.lacnekontajnery.sk\/eshop\/#organization","name":"Profisklad- r\u00fdchle a lacn\u00e9 skladovanie","url":"https:\/\/www.lacnekontajnery.sk\/eshop\/","logo":{"@type":"ImageObject","inLanguage":"sk-SK","@id":"https:\/\/www.lacnekontajnery.sk\/eshop\/#\/schema\/logo\/image\/","url":"https:\/\/www.lacnekontajnery.sk\/eshop\/wp-content\/uploads\/2020\/07\/facebook_cover_photo_1.png","contentUrl":"https:\/\/www.lacnekontajnery.sk\/eshop\/wp-content\/uploads\/2020\/07\/facebook_cover_photo_1.png","width":1640,"height":624,"caption":"Profisklad- r\u00fdchle a lacn\u00e9 skladovanie"},"image":{"@id":"https:\/\/www.lacnekontajnery.sk\/eshop\/#\/schema\/logo\/image\/"}}]}},"jetpack_sharing_enabled":true,"_links":{"self":[{"href":"https:\/\/www.lacnekontajnery.sk\/eshop\/wp-json\/wp\/v2\/product\/1140"}],"collection":[{"href":"https:\/\/www.lacnekontajnery.sk\/eshop\/wp-json\/wp\/v2\/product"}],"about":[{"href":"https:\/\/www.lacnekontajnery.sk\/eshop\/wp-json\/wp\/v2\/types\/product"}],"replies":[{"embeddable":true,"href":"https:\/\/www.lacnekontajnery.sk\/eshop\/wp-json\/wp\/v2\/comments?post=1140"}],"wp:featuredmedia":[{"embeddable":true,"href":"https:\/\/www.lacnekontajnery.sk\/eshop\/wp-json\/wp\/v2\/media\/1143"}],"wp:attachment":[{"href":"https:\/\/www.lacnekontajnery.sk\/eshop\/wp-json\/wp\/v2\/media?parent=1140"}],"wp:term":[{"taxonomy":"product_cat","embeddable":true,"href":"https:\/\/www.lacnekontajnery.sk\/eshop\/wp-json\/wp\/v2\/product_cat?post=1140"},{"taxonomy":"product_tag","embeddable":true,"href":"https:\/\/www.lacnekontajnery.sk\/eshop\/wp-json\/wp\/v2\/product_tag?post=1140"}],"curies":[{"name":"wp","href":"https:\/\/api.w.org\/{rel}","templated":true}]}}