{"id":1203,"date":"2021-04-18T17:31:41","date_gmt":"2021-04-18T15:31:41","guid":{"rendered":"https:\/\/www.lacnekontajnery.sk\/eshop\/?post_type=product&#038;p=1203"},"modified":"2023-03-29T11:17:40","modified_gmt":"2023-03-29T09:17:40","slug":"zahradny-altanok-3x3-rendez-champagner","status":"publish","type":"product","link":"https:\/\/www.lacnekontajnery.sk\/eshop\/produkt\/zahradny-altanok-3x3-rendez-champagner\/","title":{"rendered":"Z\u00e1hradn\u00fd alt\u00e1nok 3&#215;3 Rendez champagner"},"content":{"rendered":"<h5 id=\"tw-target-text\" class=\"tw-data-text tw-text-large XcVN5d tw-ta\" dir=\"ltr\" data-placeholder=\"Preklad\"><span class=\"Y2IQFc\" lang=\"sk\">\u010ci u\u017e na spont\u00e1nne stretnutie so susedmi, na oslavy alebo jednoducho na oddych &#8211; z\u00e1hradn\u00fd alt\u00e1nok Rendezvous Classic sa r\u00fdchlo stane ob\u013e\u00faben\u00fdm miestom stretnut\u00ed na z\u00e1hrade alebo terase. V\u010faka vysoko kvalitn\u00e9mu syst\u00e9mu zacvak\u00e1vania je mont\u00e1\u017e r\u00fdchla a \u013eahk\u00e1. Tento pavil\u00f3n s UV ochranou 50+ je viac ako efekt\u00edvny poskytovate\u013e odtie\u0148ov. Strecha vyroben\u00e1 z polyesteru 180 g \/ m\u00b2 je 100% vodotesn\u00e1 a rob\u00ed z stabiln\u00e9ho pavil\u00f3nu s oce\u013eovou kon\u0161trukciou s pr\u00e1\u0161kov\u00fdm n\u00e1strekom spo\u013eahliv\u00e9ho partnera po\u010das celej sez\u00f3ny. Dod\u00e1van\u00e9 bo\u010dn\u00e9 diely, pru\u017ene pripevnen\u00e9 pomocou z\u00e1vesovej ty\u010de, poskytuj\u00fa dodato\u010dn\u00fa ochranu a dotv\u00e1raj\u00fa pr\u00edjemn\u00fa atmosf\u00e9ru.<\/span><\/h5>\n<p><img decoding=\"async\" class=\"aligncenter\" src=\"https:\/\/www.profizelt24.de\/media\/IMG-AMZ\/AMZ_0300x0300_REND.jpg\" \/><\/p>\n","protected":false},"excerpt":{"rendered":"<h5 id=\"tw-target-text\" class=\"tw-data-text tw-text-large XcVN5d tw-ta\" dir=\"ltr\" data-placeholder=\"Preklad\"><span class=\"Y2IQFc\" lang=\"sk\">\u010ci u\u017e v lete alebo v zime, v\u010faka tomuto z\u00e1hradn\u00e9mu pavil\u00f3nu Sunset Deluxe m\u00f4\u017eete str\u00e1vi\u0165 ka\u017ed\u00fa sez\u00f3nu v roku relaxom vo svojej z\u00e1hrade. V\u010faka 50+ UV ochrane je tento pavil\u00f3n perfektne vybaven\u00fd na hor\u00face letn\u00e9 dni. A v zime? Aj v zime si chcete u\u017ei\u0165 svoju vlastn\u00fa z\u00e1hradn\u00fa idylku a na jese\u0148 za\u017ei\u0165, ako l\u00edstie opad\u00e1va zo stromov, a vyk\u00fazli\u0165 v z\u00e1hrade jedine\u010dn\u00e9 farby. Preto\u017ee tento 100% vodotesn\u00fd z\u00e1hradn\u00fd alt\u00e1nok pozost\u00e1va z hlin\u00edkovej kon\u0161trukcie s pr\u00e1\u0161kov\u00fdm n\u00e1strekom a je vybaven\u00fd strechou z polykarbon\u00e1tov\u00fdch panelov odoln\u00fdch vo\u010di poveternostn\u00fdm vplyvom, nemus\u00edte pavil\u00f3n ani strechu demontova\u0165 ani skladova\u0165.<\/span><\/h5>\n","protected":false},"featured_media":1208,"comment_status":"open","ping_status":"closed","template":"","meta":{"_monsterinsights_skip_tracking":false,"_monsterinsights_sitenote_active":false,"_monsterinsights_sitenote_note":"","_monsterinsights_sitenote_category":0},"product_cat":[24],"product_tag":[84],"yoast_head":"<!-- This site is optimized with the Yoast SEO plugin v21.9 - https:\/\/yoast.com\/wordpress\/plugins\/seo\/ -->\n<title>Z\u00e1hradn\u00fd alt\u00e1nok 3x3 Rendez champagner - Profisklad- najlacnej\u0161ie rie\u0161enie pre V\u00e1\u0161 sklad<\/title>\n<meta name=\"description\" content=\"Z\u00e1hradn alt\u00e1nok ktor\u00fd bol vyvinut\u00fd na celoro\u010dn\u00e9 pou\u017eitie, vyvol\u00e1va v z\u00e1hrade dotyk luxusu s kombin\u00e1ciou dekorat\u00edvneho dizajnu a maxim\u00e1lnej funk\u010dnosti. Jeho mimoriadne stabiln\u00e1 hlin\u00edkov\u00e1 kon\u0161trukcia s pr\u00e1\u0161kov\u00fdm povlakom sa in\u0161piruje tvarovo dekorat\u00edvnym dizajnom.\" \/>\n<meta name=\"robots\" content=\"index, follow, max-snippet:-1, max-image-preview:large, max-video-preview:-1\" \/>\n<link rel=\"canonical\" href=\"https:\/\/www.lacnekontajnery.sk\/eshop\/produkt\/zahradny-altanok-3x3-rendez-champagner\/\" \/>\n<meta property=\"og:locale\" content=\"sk_SK\" \/>\n<meta property=\"og:type\" content=\"article\" \/>\n<meta property=\"og:title\" content=\"Z\u00e1hradn\u00fd alt\u00e1nok 3x3 Rendez champagner - Profisklad- najlacnej\u0161ie rie\u0161enie pre V\u00e1\u0161 sklad\" \/>\n<meta property=\"og:description\" content=\"Z\u00e1hradn alt\u00e1nok ktor\u00fd bol vyvinut\u00fd na celoro\u010dn\u00e9 pou\u017eitie, vyvol\u00e1va v z\u00e1hrade dotyk luxusu s kombin\u00e1ciou dekorat\u00edvneho dizajnu a maxim\u00e1lnej funk\u010dnosti. Jeho mimoriadne stabiln\u00e1 hlin\u00edkov\u00e1 kon\u0161trukcia s pr\u00e1\u0161kov\u00fdm povlakom sa in\u0161piruje tvarovo dekorat\u00edvnym dizajnom.\" \/>\n<meta property=\"og:url\" content=\"https:\/\/www.lacnekontajnery.sk\/eshop\/produkt\/zahradny-altanok-3x3-rendez-champagner\/\" \/>\n<meta property=\"og:site_name\" content=\"Profisklad- najlacnej\u0161ie rie\u0161enie pre V\u00e1\u0161 sklad\" \/>\n<meta property=\"article:modified_time\" content=\"2023-03-29T09:17:40+00:00\" \/>\n<meta property=\"og:image\" content=\"https:\/\/www.lacnekontajnery.sk\/eshop\/wp-content\/uploads\/2021\/04\/K8YYzOxSab-compress.jpg\" \/>\n\t<meta property=\"og:image:width\" content=\"640\" \/>\n\t<meta property=\"og:image:height\" content=\"480\" \/>\n\t<meta property=\"og:image:type\" content=\"image\/jpeg\" \/>\n<meta name=\"twitter:card\" content=\"summary_large_image\" \/>\n<meta name=\"twitter:label1\" content=\"Predpokladan\u00fd \u010das \u010d\u00edtania\" \/>\n\t<meta name=\"twitter:data1\" content=\"1 min\u00fata\" \/>\n<script type=\"application\/ld+json\" class=\"yoast-schema-graph\">{\"@context\":\"https:\/\/schema.org\",\"@graph\":[{\"@type\":\"WebPage\",\"@id\":\"https:\/\/www.lacnekontajnery.sk\/eshop\/produkt\/zahradny-altanok-3x3-rendez-champagner\/\",\"url\":\"https:\/\/www.lacnekontajnery.sk\/eshop\/produkt\/zahradny-altanok-3x3-rendez-champagner\/\",\"name\":\"Z\u00e1hradn\u00fd alt\u00e1nok 3x3 Rendez champagner - Profisklad- najlacnej\u0161ie rie\u0161enie pre V\u00e1\u0161 sklad\",\"isPartOf\":{\"@id\":\"https:\/\/www.lacnekontajnery.sk\/eshop\/#website\"},\"datePublished\":\"2021-04-18T15:31:41+00:00\",\"dateModified\":\"2023-03-29T09:17:40+00:00\",\"description\":\"Z\u00e1hradn alt\u00e1nok ktor\u00fd bol vyvinut\u00fd na celoro\u010dn\u00e9 pou\u017eitie, vyvol\u00e1va v z\u00e1hrade dotyk luxusu s kombin\u00e1ciou dekorat\u00edvneho dizajnu a maxim\u00e1lnej funk\u010dnosti. Jeho mimoriadne stabiln\u00e1 hlin\u00edkov\u00e1 kon\u0161trukcia s pr\u00e1\u0161kov\u00fdm povlakom sa in\u0161piruje tvarovo dekorat\u00edvnym dizajnom.\",\"breadcrumb\":{\"@id\":\"https:\/\/www.lacnekontajnery.sk\/eshop\/produkt\/zahradny-altanok-3x3-rendez-champagner\/#breadcrumb\"},\"inLanguage\":\"sk-SK\",\"potentialAction\":[{\"@type\":\"ReadAction\",\"target\":[\"https:\/\/www.lacnekontajnery.sk\/eshop\/produkt\/zahradny-altanok-3x3-rendez-champagner\/\"]}]},{\"@type\":\"BreadcrumbList\",\"@id\":\"https:\/\/www.lacnekontajnery.sk\/eshop\/produkt\/zahradny-altanok-3x3-rendez-champagner\/#breadcrumb\",\"itemListElement\":[{\"@type\":\"ListItem\",\"position\":1,\"name\":\"Home\",\"item\":\"https:\/\/www.lacnekontajnery.sk\/eshop\/\"},{\"@type\":\"ListItem\",\"position\":2,\"name\":\"Obchod\",\"item\":\"https:\/\/www.lacnekontajnery.sk\/eshop\/obchod\/\"},{\"@type\":\"ListItem\",\"position\":3,\"name\":\"Z\u00e1hradn\u00fd alt\u00e1nok 3&#215;3 Rendez champagner\"}]},{\"@type\":\"WebSite\",\"@id\":\"https:\/\/www.lacnekontajnery.sk\/eshop\/#website\",\"url\":\"https:\/\/www.lacnekontajnery.sk\/eshop\/\",\"name\":\"Profisklad- najlacnej\u0161ie rie\u0161enie pre V\u00e1\u0161 sklad\",\"description\":\"Profesion\u00e1lne sklady\",\"publisher\":{\"@id\":\"https:\/\/www.lacnekontajnery.sk\/eshop\/#organization\"},\"potentialAction\":[{\"@type\":\"SearchAction\",\"target\":{\"@type\":\"EntryPoint\",\"urlTemplate\":\"https:\/\/www.lacnekontajnery.sk\/eshop\/?s={search_term_string}\"},\"query-input\":\"required name=search_term_string\"}],\"inLanguage\":\"sk-SK\"},{\"@type\":\"Organization\",\"@id\":\"https:\/\/www.lacnekontajnery.sk\/eshop\/#organization\",\"name\":\"Profisklad- r\u00fdchle a lacn\u00e9 skladovanie\",\"url\":\"https:\/\/www.lacnekontajnery.sk\/eshop\/\",\"logo\":{\"@type\":\"ImageObject\",\"inLanguage\":\"sk-SK\",\"@id\":\"https:\/\/www.lacnekontajnery.sk\/eshop\/#\/schema\/logo\/image\/\",\"url\":\"https:\/\/www.lacnekontajnery.sk\/eshop\/wp-content\/uploads\/2020\/07\/facebook_cover_photo_1.png\",\"contentUrl\":\"https:\/\/www.lacnekontajnery.sk\/eshop\/wp-content\/uploads\/2020\/07\/facebook_cover_photo_1.png\",\"width\":1640,\"height\":624,\"caption\":\"Profisklad- r\u00fdchle a lacn\u00e9 skladovanie\"},\"image\":{\"@id\":\"https:\/\/www.lacnekontajnery.sk\/eshop\/#\/schema\/logo\/image\/\"}}]}<\/script>\n<!-- \/ Yoast SEO plugin. -->","yoast_head_json":{"title":"Z\u00e1hradn\u00fd alt\u00e1nok 3x3 Rendez champagner - Profisklad- najlacnej\u0161ie rie\u0161enie pre V\u00e1\u0161 sklad","description":"Z\u00e1hradn alt\u00e1nok ktor\u00fd bol vyvinut\u00fd na celoro\u010dn\u00e9 pou\u017eitie, vyvol\u00e1va v z\u00e1hrade dotyk luxusu s kombin\u00e1ciou dekorat\u00edvneho dizajnu a maxim\u00e1lnej funk\u010dnosti. Jeho mimoriadne stabiln\u00e1 hlin\u00edkov\u00e1 kon\u0161trukcia s pr\u00e1\u0161kov\u00fdm povlakom sa in\u0161piruje tvarovo dekorat\u00edvnym dizajnom.","robots":{"index":"index","follow":"follow","max-snippet":"max-snippet:-1","max-image-preview":"max-image-preview:large","max-video-preview":"max-video-preview:-1"},"canonical":"https:\/\/www.lacnekontajnery.sk\/eshop\/produkt\/zahradny-altanok-3x3-rendez-champagner\/","og_locale":"sk_SK","og_type":"article","og_title":"Z\u00e1hradn\u00fd alt\u00e1nok 3x3 Rendez champagner - Profisklad- najlacnej\u0161ie rie\u0161enie pre V\u00e1\u0161 sklad","og_description":"Z\u00e1hradn alt\u00e1nok ktor\u00fd bol vyvinut\u00fd na celoro\u010dn\u00e9 pou\u017eitie, vyvol\u00e1va v z\u00e1hrade dotyk luxusu s kombin\u00e1ciou dekorat\u00edvneho dizajnu a maxim\u00e1lnej funk\u010dnosti. Jeho mimoriadne stabiln\u00e1 hlin\u00edkov\u00e1 kon\u0161trukcia s pr\u00e1\u0161kov\u00fdm povlakom sa in\u0161piruje tvarovo dekorat\u00edvnym dizajnom.","og_url":"https:\/\/www.lacnekontajnery.sk\/eshop\/produkt\/zahradny-altanok-3x3-rendez-champagner\/","og_site_name":"Profisklad- najlacnej\u0161ie rie\u0161enie pre V\u00e1\u0161 sklad","article_modified_time":"2023-03-29T09:17:40+00:00","og_image":[{"width":640,"height":480,"url":"https:\/\/www.lacnekontajnery.sk\/eshop\/wp-content\/uploads\/2021\/04\/K8YYzOxSab-compress.jpg","type":"image\/jpeg"}],"twitter_card":"summary_large_image","twitter_misc":{"Predpokladan\u00fd \u010das \u010d\u00edtania":"1 min\u00fata"},"schema":{"@context":"https:\/\/schema.org","@graph":[{"@type":"WebPage","@id":"https:\/\/www.lacnekontajnery.sk\/eshop\/produkt\/zahradny-altanok-3x3-rendez-champagner\/","url":"https:\/\/www.lacnekontajnery.sk\/eshop\/produkt\/zahradny-altanok-3x3-rendez-champagner\/","name":"Z\u00e1hradn\u00fd alt\u00e1nok 3x3 Rendez champagner - Profisklad- najlacnej\u0161ie rie\u0161enie pre V\u00e1\u0161 sklad","isPartOf":{"@id":"https:\/\/www.lacnekontajnery.sk\/eshop\/#website"},"datePublished":"2021-04-18T15:31:41+00:00","dateModified":"2023-03-29T09:17:40+00:00","description":"Z\u00e1hradn alt\u00e1nok ktor\u00fd bol vyvinut\u00fd na celoro\u010dn\u00e9 pou\u017eitie, vyvol\u00e1va v z\u00e1hrade dotyk luxusu s kombin\u00e1ciou dekorat\u00edvneho dizajnu a maxim\u00e1lnej funk\u010dnosti. Jeho mimoriadne stabiln\u00e1 hlin\u00edkov\u00e1 kon\u0161trukcia s pr\u00e1\u0161kov\u00fdm povlakom sa in\u0161piruje tvarovo dekorat\u00edvnym dizajnom.","breadcrumb":{"@id":"https:\/\/www.lacnekontajnery.sk\/eshop\/produkt\/zahradny-altanok-3x3-rendez-champagner\/#breadcrumb"},"inLanguage":"sk-SK","potentialAction":[{"@type":"ReadAction","target":["https:\/\/www.lacnekontajnery.sk\/eshop\/produkt\/zahradny-altanok-3x3-rendez-champagner\/"]}]},{"@type":"BreadcrumbList","@id":"https:\/\/www.lacnekontajnery.sk\/eshop\/produkt\/zahradny-altanok-3x3-rendez-champagner\/#breadcrumb","itemListElement":[{"@type":"ListItem","position":1,"name":"Home","item":"https:\/\/www.lacnekontajnery.sk\/eshop\/"},{"@type":"ListItem","position":2,"name":"Obchod","item":"https:\/\/www.lacnekontajnery.sk\/eshop\/obchod\/"},{"@type":"ListItem","position":3,"name":"Z\u00e1hradn\u00fd alt\u00e1nok 3&#215;3 Rendez champagner"}]},{"@type":"WebSite","@id":"https:\/\/www.lacnekontajnery.sk\/eshop\/#website","url":"https:\/\/www.lacnekontajnery.sk\/eshop\/","name":"Profisklad- najlacnej\u0161ie rie\u0161enie pre V\u00e1\u0161 sklad","description":"Profesion\u00e1lne sklady","publisher":{"@id":"https:\/\/www.lacnekontajnery.sk\/eshop\/#organization"},"potentialAction":[{"@type":"SearchAction","target":{"@type":"EntryPoint","urlTemplate":"https:\/\/www.lacnekontajnery.sk\/eshop\/?s={search_term_string}"},"query-input":"required name=search_term_string"}],"inLanguage":"sk-SK"},{"@type":"Organization","@id":"https:\/\/www.lacnekontajnery.sk\/eshop\/#organization","name":"Profisklad- r\u00fdchle a lacn\u00e9 skladovanie","url":"https:\/\/www.lacnekontajnery.sk\/eshop\/","logo":{"@type":"ImageObject","inLanguage":"sk-SK","@id":"https:\/\/www.lacnekontajnery.sk\/eshop\/#\/schema\/logo\/image\/","url":"https:\/\/www.lacnekontajnery.sk\/eshop\/wp-content\/uploads\/2020\/07\/facebook_cover_photo_1.png","contentUrl":"https:\/\/www.lacnekontajnery.sk\/eshop\/wp-content\/uploads\/2020\/07\/facebook_cover_photo_1.png","width":1640,"height":624,"caption":"Profisklad- r\u00fdchle a lacn\u00e9 skladovanie"},"image":{"@id":"https:\/\/www.lacnekontajnery.sk\/eshop\/#\/schema\/logo\/image\/"}}]}},"jetpack_sharing_enabled":true,"_links":{"self":[{"href":"https:\/\/www.lacnekontajnery.sk\/eshop\/wp-json\/wp\/v2\/product\/1203"}],"collection":[{"href":"https:\/\/www.lacnekontajnery.sk\/eshop\/wp-json\/wp\/v2\/product"}],"about":[{"href":"https:\/\/www.lacnekontajnery.sk\/eshop\/wp-json\/wp\/v2\/types\/product"}],"replies":[{"embeddable":true,"href":"https:\/\/www.lacnekontajnery.sk\/eshop\/wp-json\/wp\/v2\/comments?post=1203"}],"wp:featuredmedia":[{"embeddable":true,"href":"https:\/\/www.lacnekontajnery.sk\/eshop\/wp-json\/wp\/v2\/media\/1208"}],"wp:attachment":[{"href":"https:\/\/www.lacnekontajnery.sk\/eshop\/wp-json\/wp\/v2\/media?parent=1203"}],"wp:term":[{"taxonomy":"product_cat","embeddable":true,"href":"https:\/\/www.lacnekontajnery.sk\/eshop\/wp-json\/wp\/v2\/product_cat?post=1203"},{"taxonomy":"product_tag","embeddable":true,"href":"https:\/\/www.lacnekontajnery.sk\/eshop\/wp-json\/wp\/v2\/product_tag?post=1203"}],"curies":[{"name":"wp","href":"https:\/\/api.w.org\/{rel}","templated":true}]}}