{"id":1249,"date":"2021-07-27T14:42:47","date_gmt":"2021-07-27T12:42:47","guid":{"rendered":"https:\/\/www.lacnekontajnery.sk\/eshop\/?post_type=product&#038;p=1249"},"modified":"2023-06-06T15:32:10","modified_gmt":"2023-06-06T13:32:10","slug":"pasienkovy-pristresok-pre-kone-a-seno-pvc-550-g-m2","status":"publish","type":"product","link":"https:\/\/www.lacnekontajnery.sk\/eshop\/produkt\/pasienkovy-pristresok-pre-kone-a-seno-pvc-550-g-m2\/","title":{"rendered":"Pasienkov\u00fd pr\u00edstre\u0161ok pre kone a seno PVC 850 4&#215;4"},"content":{"rendered":"<div id=\"tw-target-text-container\" class=\"tw-ta-container F0azHf tw-nfl\" tabindex=\"0\">\n<h5 dir=\"ltr\" data-placeholder=\"Preklad\">SKLADOM TMAVOZELEN\u00c1 FARBA<\/h5>\n<h5 id=\"tw-target-text\" class=\"tw-data-text tw-text-large XcVN5d tw-ta\" dir=\"ltr\" data-placeholder=\"Preklad\"><span class=\"Y2IQFc\" lang=\"sk\">Pr\u00e9miov\u00fd pr\u00edstre\u0161ok na pastviny 4&#215;4 m sa vyzna\u010duje obzvl\u00e1\u0161\u0165 \u0165a\u017ek\u00fdm kon\u0161truk\u010dn\u00fdm profilom. Pasienkov\u00fd pr\u00edstre\u0161ok 4&#215;4 m m\u00e1 navy\u0161e dvojit\u00fa zvisl\u00fa bo\u010dn\u00fa v\u00fdstu\u017e, ako aj vodorovn\u00fa v\u00fdstu\u017e v hrebeni. Vysoko kvalitn\u00e1 plachta z PVC s hmotnos\u0165ou asi 550 g \/ m\u00b2 20) s vn\u00fatornou l\u00e1tkou z mrie\u017eky odolnej proti roztrhnutiu je pevne pripevnen\u00e1 k kon\u0161trukcii \u0161peci\u00e1lnym nap\u00ednac\u00edm syst\u00e9mom, \u010d\u00edm sa zabr\u00e1ni tvorbe vodn\u00fdch vreciek a zn\u00ed\u017ei sa n\u00e1chylnos\u0165 na vietor. Strecha a bo\u010dn\u00e1 plachta s\u00fa zlo\u017een\u00e9 z jedn\u00e9ho kusu a poskytuj\u00fa tak e\u0161te v\u00e4\u010d\u0161iu stabilitu. Plachta je vyrovnan\u00e1 a napnut\u00e1 integrovan\u00fdm nap\u00ednac\u00edm syst\u00e9mom. Bez probl\u00e9mov je tie\u017e mo\u017en\u00e9 neskor\u0161ie nastavenie plachty. Zabudovan\u00e9 ventila\u010dn\u00e9 klapky podporuj\u00fa \u00fa\u010dinn\u00fa cirkul\u00e1ciu vzduchu a zabra\u0148uj\u00fa hromadeniu vlhkosti. Tento pr\u00edstre\u0161ok na pastviny je ide\u00e1lny ako skladovacie miesto na slnku, da\u017edi a vetre. V pr\u00edpade potreby m\u00e1te tie\u017e mo\u017enos\u0165 uzavrie\u0165 jednu alebo obe strany stanu s pr\u00edslu\u0161nou prednou a zadnou stenou.<\/span><\/h5>\n<\/div>\n<div id=\"tw-target-rmn-container\" class=\"tw-target-rmn tw-ta-container F0azHf tw-nfl\">\n<h5 dir=\"ltr\"><\/h5>\n<h5 id=\"tw-target-rmn\" class=\"tw-data-placeholder tw-text-small tw-ta\" dir=\"ltr\"><strong><img decoding=\"async\" loading=\"lazy\" class=\"size-medium wp-image-1252 aligncenter\" src=\"https:\/\/www.lacnekontajnery.sk\/eshop\/wp-content\/uploads\/2021\/07\/AMZ_0400x0400x260_WEI_PRE-300x225.jpg\" alt=\"\" width=\"300\" height=\"225\" srcset=\"https:\/\/www.lacnekontajnery.sk\/eshop\/wp-content\/uploads\/2021\/07\/AMZ_0400x0400x260_WEI_PRE-300x225.jpg 300w, https:\/\/www.lacnekontajnery.sk\/eshop\/wp-content\/uploads\/2021\/07\/AMZ_0400x0400x260_WEI_PRE-416x312.jpg 416w, https:\/\/www.lacnekontajnery.sk\/eshop\/wp-content\/uploads\/2021\/07\/AMZ_0400x0400x260_WEI_PRE.jpg 640w\" sizes=\"(max-width: 300px) 100vw, 300px\" \/><\/strong><\/h5>\n<h5 class=\"tw-data-text tw-text-large XcVN5d tw-ta\" dir=\"ltr\" data-placeholder=\"Preklad\"><span class=\"Y2IQFc\" lang=\"sk\">Kon\u0161trukcia pr\u00e9miov\u00e9ho pr\u00edstre\u0161ku na pastviny 4&#215;4 m je navrhnut\u00e1 tak, aby vydr\u017eala ve\u013emi vysok\u00e9 za\u0165a\u017eenie. Z\u00e1kladom je extra siln\u00fd ov\u00e1lny r\u00farkov\u00fd profil z plne pozinkovanej ocele s hr\u00fabkou steny cca 1,9 mm. V streche s\u00fa nain\u0161talovan\u00e9 \u010fal\u0161ie prie\u010dky pre \u010fal\u0161ie vystu\u017eenie. Prec\u00edzne spracovanie, ve\u013ek\u00e9 z\u00e1kladov\u00e9 dosky a bezpe\u010dn\u00e9 ukotvenie v zemi robia z tejto kon\u0161trukcie robustn\u00fd pr\u00edstre\u0161ok na pastviny, ktor\u00fd pon\u00faka spo\u013eahliv\u00fa ochranu po dlh\u00fa dobu.<\/span><\/h5>\n<h5 id=\"tw-target-text\" class=\"tw-data-text tw-text-large XcVN5d tw-ta\" dir=\"ltr\" data-placeholder=\"Preklad\"><strong><span class=\"Y2IQFc\" lang=\"sk\">Plachta z PVC s hr\u00fabkou asi 550 g \/ m\u00b2 20 je podobn\u00e1 ako plachta pre n\u00e1kladn\u00e9 vozidl\u00e1. V\u010faka integrovanej vn\u00fatornej text\u00edlii je plachta z PVC mimoriadne odoln\u00e1 a vysoko odoln\u00e1 proti roztrhnutiu. Plachta z PVC sa vyzna\u010duje vysokou odolnos\u0165ou proti poveternostn\u00fdm vplyvom a UV \u017eiareniu, a preto je mimoriadne odoln\u00e1. S teplotnou odolnos\u0165ou +50 a\u017e -20 \u00b0 C a vysokou UV ochranou 80+ sa plachta z PVC ukazuje ako mimoriadne spo\u013eahliv\u00e1 ochrana vo v\u0161etk\u00fdch ro\u010dn\u00fdch obdobiach. Nie je oh\u0148ovzdorn\u00fd. Leskl\u00fd, hladk\u00fd vzh\u013ead sa obzvl\u00e1\u0161\u0165 \u013eahko udr\u017euje a \u013eahko sa \u010dist\u00ed.<\/span><\/strong><\/h5>\n<p>&nbsp;<\/p>\n<\/div>\n","protected":false},"excerpt":{"rendered":"<div id=\"tw-target-text-container\" class=\"tw-ta-container F0azHf tw-nfl\" tabindex=\"0\">\n<ul>\n<li id=\"tw-target-text\" class=\"tw-data-text tw-text-large XcVN5d tw-ta\" dir=\"ltr\" data-placeholder=\"Preklad\"><span class=\"Y2IQFc\" lang=\"sk\">Stabiln\u00fd a odoln\u00fd vo\u010di poveternostn\u00fdm vplyvom<\/span><span class=\"Y2IQFc\" lang=\"sk\"><br \/>\n<\/span><\/li>\n<li class=\"tw-data-text tw-text-large XcVN5d tw-ta\" dir=\"ltr\" data-placeholder=\"Preklad\"><span class=\"Y2IQFc\" lang=\"sk\">Mimoriadne siln\u00fd ov\u00e1lny r\u00farkov\u00fd profil vyroben\u00fd z pozinkovanej ocele vr\u00e1tane v\u0161etk\u00fdch plachiet na \u00fapln\u00e9 uzavretie stanu<\/span><\/li>\n<li class=\"tw-data-text tw-text-large XcVN5d tw-ta\" dir=\"ltr\" data-placeholder=\"Preklad\"><span class=\"Y2IQFc\" lang=\"sk\"> Mimoriadne stabiln\u00fd v\u010faka ve\u013ek\u00fdm z\u00e1kladn\u00fdm dosk\u00e1m<\/span><\/li>\n<\/ul>\n<\/div>\n<h5 id=\"tw-target-rmn-container\" class=\"tw-target-rmn tw-ta-container F0azHf tw-nfl\"><\/h5>\n<h5 id=\"tw-target-text\" class=\"tw-data-text tw-text-large XcVN5d tw-ta\" dir=\"ltr\" data-placeholder=\"Preklad\"><\/h5>\n","protected":false},"featured_media":1250,"comment_status":"open","ping_status":"closed","template":"","meta":{"_monsterinsights_skip_tracking":false,"_monsterinsights_sitenote_active":false,"_monsterinsights_sitenote_note":"","_monsterinsights_sitenote_category":0},"product_cat":[22],"product_tag":[88],"yoast_head":"<!-- This site is optimized with the Yoast SEO plugin v21.9 - https:\/\/yoast.com\/wordpress\/plugins\/seo\/ -->\n<title>Pasienkov\u00fd pr\u00edstre\u0161ok pre kone a seno PVC 850 4x4 - Profisklad- najlacnej\u0161ie rie\u0161enie pre V\u00e1\u0161 sklad<\/title>\n<meta name=\"description\" content=\"V ponuke kr\u00e1sne a pevn\u00e9 prestre\u0161enia pre kone , seno alebo materi\u00e1l. Rozmer 4x4 metre je v\u00fdhodou. \u013dahk\u00e1 mont\u00e1\u017e a pevn\u00e1 PVC plachta .\" \/>\n<meta name=\"robots\" content=\"index, follow, max-snippet:-1, max-image-preview:large, max-video-preview:-1\" \/>\n<link rel=\"canonical\" href=\"https:\/\/www.lacnekontajnery.sk\/eshop\/produkt\/pasienkovy-pristresok-pre-kone-a-seno-pvc-550-g-m2\/\" \/>\n<meta property=\"og:locale\" content=\"sk_SK\" \/>\n<meta property=\"og:type\" content=\"article\" \/>\n<meta property=\"og:title\" content=\"Pasienkov\u00fd pr\u00edstre\u0161ok pre kone a seno PVC 850 4x4 - Profisklad- najlacnej\u0161ie rie\u0161enie pre V\u00e1\u0161 sklad\" \/>\n<meta property=\"og:description\" content=\"V ponuke kr\u00e1sne a pevn\u00e9 prestre\u0161enia pre kone , seno alebo materi\u00e1l. Rozmer 4x4 metre je v\u00fdhodou. \u013dahk\u00e1 mont\u00e1\u017e a pevn\u00e1 PVC plachta .\" \/>\n<meta property=\"og:url\" content=\"https:\/\/www.lacnekontajnery.sk\/eshop\/produkt\/pasienkovy-pristresok-pre-kone-a-seno-pvc-550-g-m2\/\" \/>\n<meta property=\"og:site_name\" content=\"Profisklad- najlacnej\u0161ie rie\u0161enie pre V\u00e1\u0161 sklad\" \/>\n<meta property=\"article:modified_time\" content=\"2023-06-06T13:32:10+00:00\" \/>\n<meta property=\"og:image\" content=\"https:\/\/www.lacnekontajnery.sk\/eshop\/wp-content\/uploads\/2021\/07\/Screenshot-2021-07-27-at-14-36-24-Weideunterstand-4x4-m-PVC-550-grau-Erduntergrund-Profizelt24.jpg\" \/>\n\t<meta property=\"og:image:width\" content=\"540\" \/>\n\t<meta property=\"og:image:height\" content=\"405\" \/>\n\t<meta property=\"og:image:type\" content=\"image\/jpeg\" \/>\n<meta name=\"twitter:card\" content=\"summary_large_image\" \/>\n<meta name=\"twitter:label1\" content=\"Predpokladan\u00fd \u010das \u010d\u00edtania\" \/>\n\t<meta name=\"twitter:data1\" content=\"2 min\u00faty\" \/>\n<script type=\"application\/ld+json\" class=\"yoast-schema-graph\">{\"@context\":\"https:\/\/schema.org\",\"@graph\":[{\"@type\":\"WebPage\",\"@id\":\"https:\/\/www.lacnekontajnery.sk\/eshop\/produkt\/pasienkovy-pristresok-pre-kone-a-seno-pvc-550-g-m2\/\",\"url\":\"https:\/\/www.lacnekontajnery.sk\/eshop\/produkt\/pasienkovy-pristresok-pre-kone-a-seno-pvc-550-g-m2\/\",\"name\":\"Pasienkov\u00fd pr\u00edstre\u0161ok pre kone a seno PVC 850 4x4 - Profisklad- najlacnej\u0161ie rie\u0161enie pre V\u00e1\u0161 sklad\",\"isPartOf\":{\"@id\":\"https:\/\/www.lacnekontajnery.sk\/eshop\/#website\"},\"datePublished\":\"2021-07-27T12:42:47+00:00\",\"dateModified\":\"2023-06-06T13:32:10+00:00\",\"description\":\"V ponuke kr\u00e1sne a pevn\u00e9 prestre\u0161enia pre kone , seno alebo materi\u00e1l. Rozmer 4x4 metre je v\u00fdhodou. \u013dahk\u00e1 mont\u00e1\u017e a pevn\u00e1 PVC plachta .\",\"breadcrumb\":{\"@id\":\"https:\/\/www.lacnekontajnery.sk\/eshop\/produkt\/pasienkovy-pristresok-pre-kone-a-seno-pvc-550-g-m2\/#breadcrumb\"},\"inLanguage\":\"sk-SK\",\"potentialAction\":[{\"@type\":\"ReadAction\",\"target\":[\"https:\/\/www.lacnekontajnery.sk\/eshop\/produkt\/pasienkovy-pristresok-pre-kone-a-seno-pvc-550-g-m2\/\"]}]},{\"@type\":\"BreadcrumbList\",\"@id\":\"https:\/\/www.lacnekontajnery.sk\/eshop\/produkt\/pasienkovy-pristresok-pre-kone-a-seno-pvc-550-g-m2\/#breadcrumb\",\"itemListElement\":[{\"@type\":\"ListItem\",\"position\":1,\"name\":\"Home\",\"item\":\"https:\/\/www.lacnekontajnery.sk\/eshop\/\"},{\"@type\":\"ListItem\",\"position\":2,\"name\":\"Obchod\",\"item\":\"https:\/\/www.lacnekontajnery.sk\/eshop\/obchod\/\"},{\"@type\":\"ListItem\",\"position\":3,\"name\":\"Pasienkov\u00fd pr\u00edstre\u0161ok pre kone a seno PVC 850 4&#215;4\"}]},{\"@type\":\"WebSite\",\"@id\":\"https:\/\/www.lacnekontajnery.sk\/eshop\/#website\",\"url\":\"https:\/\/www.lacnekontajnery.sk\/eshop\/\",\"name\":\"Profisklad- najlacnej\u0161ie rie\u0161enie pre V\u00e1\u0161 sklad\",\"description\":\"Profesion\u00e1lne sklady\",\"publisher\":{\"@id\":\"https:\/\/www.lacnekontajnery.sk\/eshop\/#organization\"},\"potentialAction\":[{\"@type\":\"SearchAction\",\"target\":{\"@type\":\"EntryPoint\",\"urlTemplate\":\"https:\/\/www.lacnekontajnery.sk\/eshop\/?s={search_term_string}\"},\"query-input\":\"required name=search_term_string\"}],\"inLanguage\":\"sk-SK\"},{\"@type\":\"Organization\",\"@id\":\"https:\/\/www.lacnekontajnery.sk\/eshop\/#organization\",\"name\":\"Profisklad- r\u00fdchle a lacn\u00e9 skladovanie\",\"url\":\"https:\/\/www.lacnekontajnery.sk\/eshop\/\",\"logo\":{\"@type\":\"ImageObject\",\"inLanguage\":\"sk-SK\",\"@id\":\"https:\/\/www.lacnekontajnery.sk\/eshop\/#\/schema\/logo\/image\/\",\"url\":\"https:\/\/www.lacnekontajnery.sk\/eshop\/wp-content\/uploads\/2020\/07\/facebook_cover_photo_1.png\",\"contentUrl\":\"https:\/\/www.lacnekontajnery.sk\/eshop\/wp-content\/uploads\/2020\/07\/facebook_cover_photo_1.png\",\"width\":1640,\"height\":624,\"caption\":\"Profisklad- r\u00fdchle a lacn\u00e9 skladovanie\"},\"image\":{\"@id\":\"https:\/\/www.lacnekontajnery.sk\/eshop\/#\/schema\/logo\/image\/\"}}]}<\/script>\n<!-- \/ Yoast SEO plugin. -->","yoast_head_json":{"title":"Pasienkov\u00fd pr\u00edstre\u0161ok pre kone a seno PVC 850 4x4 - Profisklad- najlacnej\u0161ie rie\u0161enie pre V\u00e1\u0161 sklad","description":"V ponuke kr\u00e1sne a pevn\u00e9 prestre\u0161enia pre kone , seno alebo materi\u00e1l. Rozmer 4x4 metre je v\u00fdhodou. \u013dahk\u00e1 mont\u00e1\u017e a pevn\u00e1 PVC plachta .","robots":{"index":"index","follow":"follow","max-snippet":"max-snippet:-1","max-image-preview":"max-image-preview:large","max-video-preview":"max-video-preview:-1"},"canonical":"https:\/\/www.lacnekontajnery.sk\/eshop\/produkt\/pasienkovy-pristresok-pre-kone-a-seno-pvc-550-g-m2\/","og_locale":"sk_SK","og_type":"article","og_title":"Pasienkov\u00fd pr\u00edstre\u0161ok pre kone a seno PVC 850 4x4 - Profisklad- najlacnej\u0161ie rie\u0161enie pre V\u00e1\u0161 sklad","og_description":"V ponuke kr\u00e1sne a pevn\u00e9 prestre\u0161enia pre kone , seno alebo materi\u00e1l. Rozmer 4x4 metre je v\u00fdhodou. \u013dahk\u00e1 mont\u00e1\u017e a pevn\u00e1 PVC plachta .","og_url":"https:\/\/www.lacnekontajnery.sk\/eshop\/produkt\/pasienkovy-pristresok-pre-kone-a-seno-pvc-550-g-m2\/","og_site_name":"Profisklad- najlacnej\u0161ie rie\u0161enie pre V\u00e1\u0161 sklad","article_modified_time":"2023-06-06T13:32:10+00:00","og_image":[{"width":540,"height":405,"url":"https:\/\/www.lacnekontajnery.sk\/eshop\/wp-content\/uploads\/2021\/07\/Screenshot-2021-07-27-at-14-36-24-Weideunterstand-4x4-m-PVC-550-grau-Erduntergrund-Profizelt24.jpg","type":"image\/jpeg"}],"twitter_card":"summary_large_image","twitter_misc":{"Predpokladan\u00fd \u010das \u010d\u00edtania":"2 min\u00faty"},"schema":{"@context":"https:\/\/schema.org","@graph":[{"@type":"WebPage","@id":"https:\/\/www.lacnekontajnery.sk\/eshop\/produkt\/pasienkovy-pristresok-pre-kone-a-seno-pvc-550-g-m2\/","url":"https:\/\/www.lacnekontajnery.sk\/eshop\/produkt\/pasienkovy-pristresok-pre-kone-a-seno-pvc-550-g-m2\/","name":"Pasienkov\u00fd pr\u00edstre\u0161ok pre kone a seno PVC 850 4x4 - Profisklad- najlacnej\u0161ie rie\u0161enie pre V\u00e1\u0161 sklad","isPartOf":{"@id":"https:\/\/www.lacnekontajnery.sk\/eshop\/#website"},"datePublished":"2021-07-27T12:42:47+00:00","dateModified":"2023-06-06T13:32:10+00:00","description":"V ponuke kr\u00e1sne a pevn\u00e9 prestre\u0161enia pre kone , seno alebo materi\u00e1l. Rozmer 4x4 metre je v\u00fdhodou. \u013dahk\u00e1 mont\u00e1\u017e a pevn\u00e1 PVC plachta .","breadcrumb":{"@id":"https:\/\/www.lacnekontajnery.sk\/eshop\/produkt\/pasienkovy-pristresok-pre-kone-a-seno-pvc-550-g-m2\/#breadcrumb"},"inLanguage":"sk-SK","potentialAction":[{"@type":"ReadAction","target":["https:\/\/www.lacnekontajnery.sk\/eshop\/produkt\/pasienkovy-pristresok-pre-kone-a-seno-pvc-550-g-m2\/"]}]},{"@type":"BreadcrumbList","@id":"https:\/\/www.lacnekontajnery.sk\/eshop\/produkt\/pasienkovy-pristresok-pre-kone-a-seno-pvc-550-g-m2\/#breadcrumb","itemListElement":[{"@type":"ListItem","position":1,"name":"Home","item":"https:\/\/www.lacnekontajnery.sk\/eshop\/"},{"@type":"ListItem","position":2,"name":"Obchod","item":"https:\/\/www.lacnekontajnery.sk\/eshop\/obchod\/"},{"@type":"ListItem","position":3,"name":"Pasienkov\u00fd pr\u00edstre\u0161ok pre kone a seno PVC 850 4&#215;4"}]},{"@type":"WebSite","@id":"https:\/\/www.lacnekontajnery.sk\/eshop\/#website","url":"https:\/\/www.lacnekontajnery.sk\/eshop\/","name":"Profisklad- najlacnej\u0161ie rie\u0161enie pre V\u00e1\u0161 sklad","description":"Profesion\u00e1lne sklady","publisher":{"@id":"https:\/\/www.lacnekontajnery.sk\/eshop\/#organization"},"potentialAction":[{"@type":"SearchAction","target":{"@type":"EntryPoint","urlTemplate":"https:\/\/www.lacnekontajnery.sk\/eshop\/?s={search_term_string}"},"query-input":"required name=search_term_string"}],"inLanguage":"sk-SK"},{"@type":"Organization","@id":"https:\/\/www.lacnekontajnery.sk\/eshop\/#organization","name":"Profisklad- r\u00fdchle a lacn\u00e9 skladovanie","url":"https:\/\/www.lacnekontajnery.sk\/eshop\/","logo":{"@type":"ImageObject","inLanguage":"sk-SK","@id":"https:\/\/www.lacnekontajnery.sk\/eshop\/#\/schema\/logo\/image\/","url":"https:\/\/www.lacnekontajnery.sk\/eshop\/wp-content\/uploads\/2020\/07\/facebook_cover_photo_1.png","contentUrl":"https:\/\/www.lacnekontajnery.sk\/eshop\/wp-content\/uploads\/2020\/07\/facebook_cover_photo_1.png","width":1640,"height":624,"caption":"Profisklad- r\u00fdchle a lacn\u00e9 skladovanie"},"image":{"@id":"https:\/\/www.lacnekontajnery.sk\/eshop\/#\/schema\/logo\/image\/"}}]}},"jetpack_sharing_enabled":true,"_links":{"self":[{"href":"https:\/\/www.lacnekontajnery.sk\/eshop\/wp-json\/wp\/v2\/product\/1249"}],"collection":[{"href":"https:\/\/www.lacnekontajnery.sk\/eshop\/wp-json\/wp\/v2\/product"}],"about":[{"href":"https:\/\/www.lacnekontajnery.sk\/eshop\/wp-json\/wp\/v2\/types\/product"}],"replies":[{"embeddable":true,"href":"https:\/\/www.lacnekontajnery.sk\/eshop\/wp-json\/wp\/v2\/comments?post=1249"}],"wp:featuredmedia":[{"embeddable":true,"href":"https:\/\/www.lacnekontajnery.sk\/eshop\/wp-json\/wp\/v2\/media\/1250"}],"wp:attachment":[{"href":"https:\/\/www.lacnekontajnery.sk\/eshop\/wp-json\/wp\/v2\/media?parent=1249"}],"wp:term":[{"taxonomy":"product_cat","embeddable":true,"href":"https:\/\/www.lacnekontajnery.sk\/eshop\/wp-json\/wp\/v2\/product_cat?post=1249"},{"taxonomy":"product_tag","embeddable":true,"href":"https:\/\/www.lacnekontajnery.sk\/eshop\/wp-json\/wp\/v2\/product_tag?post=1249"}],"curies":[{"name":"wp","href":"https:\/\/api.w.org\/{rel}","templated":true}]}}