{"id":1316,"date":"2021-11-30T14:09:24","date_gmt":"2021-11-30T13:09:24","guid":{"rendered":"https:\/\/www.lacnekontajnery.sk\/eshop\/?post_type=product&#038;p=1316"},"modified":"2022-11-13T15:43:53","modified_gmt":"2022-11-13T14:43:53","slug":"mobilna-garaz-33x48-m-pe-260g-m%c2%b2","status":"publish","type":"product","link":"https:\/\/www.lacnekontajnery.sk\/eshop\/produkt\/mobilna-garaz-33x48-m-pe-260g-m%c2%b2\/","title":{"rendered":"Mobiln\u00e1 gar\u00e1\u017e 3,3&#215;4,8 m, PE 260g\/m\u00b2"},"content":{"rendered":"<ul>\n<li id=\"tw-target-text\" class=\"tw-data-text tw-text-large tw-ta\" dir=\"ltr\" data-placeholder=\"Preklad\">\n<h5><span class=\"Y2IQFc\" lang=\"sk\"> D\u00e1 sa pou\u017ei\u0165 kdeko\u013evek a kedyko\u013evek &#8211; aj na jese\u0148 a v zime. <\/span><\/h5>\n<\/li>\n<li class=\"tw-data-text tw-text-large tw-ta\" dir=\"ltr\" data-placeholder=\"Preklad\">\n<h5><span class=\"Y2IQFc\" lang=\"sk\">Ochrana pre aut\u00e1, dod\u00e1vky, \u010dlny, stroje alebo motocykle <\/span><\/h5>\n<\/li>\n<li class=\"tw-data-text tw-text-large tw-ta\" dir=\"ltr\" data-placeholder=\"Preklad\">\n<h5><span class=\"Y2IQFc\" lang=\"sk\">Bezpe\u010dn\u00e9 uskladnenie tovaru a tovaru <\/span><\/h5>\n<\/li>\n<li class=\"tw-data-text tw-text-large tw-ta\" dir=\"ltr\" data-placeholder=\"Preklad\">\n<h5><span class=\"Y2IQFc\" lang=\"sk\">R\u00fdchla tvorba skladovac\u00edch alebo v\u00fdrobn\u00fdch priestorov pod\u013ea potrieb <\/span><\/h5>\n<\/li>\n<li class=\"tw-data-text tw-text-large tw-ta\" dir=\"ltr\" data-placeholder=\"Preklad\">\n<h5><span class=\"Y2IQFc\" lang=\"sk\">Ned\u00e1va vetru a po\u010dasiu \u0161ancu <\/span><\/h5>\n<\/li>\n<li class=\"tw-data-text tw-text-large tw-ta\" dir=\"ltr\" data-placeholder=\"Preklad\">\n<h5><span class=\"Y2IQFc\" lang=\"sk\">Zastre\u0161enie a zabezpe\u010denie z\u00e1kladov a stavieb<\/span><\/h5>\n<\/li>\n<li class=\"tw-data-text tw-text-large tw-ta\" dir=\"ltr\" data-placeholder=\"Preklad\">\n<h5><span class=\"Y2IQFc\" lang=\"sk\"> Ekonomick\u00e1 a leg\u00e1lna alternat\u00edva k pevnej gar\u00e1\u017ei<\/span><\/h5>\n<\/li>\n<li id=\"tw-target-text\" class=\"tw-data-text tw-text-large tw-ta\" dir=\"ltr\" data-placeholder=\"Preklad\"><span class=\"Y2IQFc\" lang=\"sk\"> 100% oce\u013e Priemer: cca 34 mm Hr\u00fabka steny: cca 0,8 mm Prepojenie: 100% oce\u013e Priemer: cca 38 mm Hr\u00fabka steny: cca 1,1mm <\/span><\/li>\n<li class=\"tw-data-text tw-text-large tw-ta\" dir=\"ltr\" data-placeholder=\"Preklad\"><span class=\"Y2IQFc\" lang=\"sk\">Oce\u013e s pr\u00e1\u0161kov\u00fdm n\u00e1strekom &#8211; ekologick\u00e1 ochrana proti kor\u00f3zii pod\u013ea DIN 55633 <\/span><\/li>\n<li class=\"tw-data-text tw-text-large tw-ta\" dir=\"ltr\" data-placeholder=\"Preklad\"><span class=\"Y2IQFc\" lang=\"sk\">Stabiln\u00e1 kon\u0161trukcia priskrutkovan\u00edm r\u00far a spojok Spojka stabilizuje a chr\u00e1ni r\u00e1m <\/span><\/li>\n<li class=\"tw-data-text tw-text-large tw-ta\" dir=\"ltr\" data-placeholder=\"Preklad\"><span class=\"Y2IQFc\" lang=\"sk\">Bezpe\u010dn\u00e9 pripevnenie k zemi pomocou pevn\u00fdch kol\u00edkov, ktor\u00e9 s\u00fa s\u00fa\u010das\u0165ou dod\u00e1vky<\/span><\/li>\n<\/ul>\n<div id=\"tw-target-rmn-container\" class=\"tw-target-rmn tw-ta-container F0azHf tw-nfl\">\n<h5 id=\"tw-target-rmn\" class=\"tw-data-placeholder tw-text-small tw-ta\" dir=\"ltr\"><\/h5>\n<\/div>\n","protected":false},"excerpt":{"rendered":"<h5 id=\"tw-target-text\" class=\"tw-data-text tw-text-large tw-ta\" dir=\"ltr\" data-placeholder=\"Preklad\"><span class=\"Y2IQFc\" lang=\"sk\">T\u00e1to pevn\u00e1 stanov\u00e1 gar\u00e1\u017e chr\u00e1ni va\u0161e vozidlo pred vetrom a po\u010das\u00edm. M\u00e1 stabiln\u00fd r\u00e1m a s\u00favisl\u00fa, cca 260 g\/m\u00b2 \u0165a\u017ek\u00fa \u200b\u200bPE plachtu, ktor\u00e1 je pevne pripevnen\u00e1 ku kon\u0161trukcii nap\u00ednac\u00edm syst\u00e9mom. Stanov\u00e1 gar\u00e1\u017e pon\u00faka vysok\u00fa \u00farove\u0148 UV ochrany a je 100% vodotesn\u00e1. Na vstupe s\u00fa pevn\u00e9 zipsy pre r\u00fdchle otv\u00e1ranie a zatv\u00e1ranie. Integrovan\u00e9 vetracie okn\u00e1 zais\u0165uj\u00fa efekt\u00edvnu cirkul\u00e1ciu vzduchu a zabra\u0148uj\u00fa hromadeniu vlhkosti.<\/span><\/h5>\n","protected":false},"featured_media":1318,"comment_status":"open","ping_status":"closed","template":"","meta":{"_monsterinsights_skip_tracking":false,"_monsterinsights_sitenote_active":false,"_monsterinsights_sitenote_note":"","_monsterinsights_sitenote_category":0},"product_cat":[18],"product_tag":[96],"yoast_head":"<!-- This site is optimized with the Yoast SEO plugin v21.9 - https:\/\/yoast.com\/wordpress\/plugins\/seo\/ -->\n<title>Mobiln\u00e1 gar\u00e1\u017e 3,3x4,8 m, PE 260g\/m\u00b2 - Profisklad- najlacnej\u0161ie rie\u0161enie pre V\u00e1\u0161 sklad<\/title>\n<meta name=\"description\" content=\"Mobiln\u00e1 gar\u00e1\u017e vhod\u00e1 na uskladnenie ako auta tak aj pre dom\u00e1ce naradie. Pevn\u00e1 kon\u0161trukcia s odoln\u00fdm materi\u00e1lom zaru\u010d\u00ed aby v\u0161etko V\u00e1m vydr\u017ealo v suchu.\" \/>\n<meta name=\"robots\" content=\"index, follow, max-snippet:-1, max-image-preview:large, max-video-preview:-1\" \/>\n<link rel=\"canonical\" href=\"https:\/\/www.lacnekontajnery.sk\/eshop\/produkt\/mobilna-garaz-33x48-m-pe-260g-m\u00b2\/\" \/>\n<meta property=\"og:locale\" content=\"sk_SK\" \/>\n<meta property=\"og:type\" content=\"article\" \/>\n<meta property=\"og:title\" content=\"Mobiln\u00e1 gar\u00e1\u017e 3,3x4,8 m, PE 260g\/m\u00b2 - Profisklad- najlacnej\u0161ie rie\u0161enie pre V\u00e1\u0161 sklad\" \/>\n<meta property=\"og:description\" content=\"Mobiln\u00e1 gar\u00e1\u017e vhod\u00e1 na uskladnenie ako auta tak aj pre dom\u00e1ce naradie. Pevn\u00e1 kon\u0161trukcia s odoln\u00fdm materi\u00e1lom zaru\u010d\u00ed aby v\u0161etko V\u00e1m vydr\u017ealo v suchu.\" \/>\n<meta property=\"og:url\" content=\"https:\/\/www.lacnekontajnery.sk\/eshop\/produkt\/mobilna-garaz-33x48-m-pe-260g-m\u00b2\/\" \/>\n<meta property=\"og:site_name\" content=\"Profisklad- najlacnej\u0161ie rie\u0161enie pre V\u00e1\u0161 sklad\" \/>\n<meta property=\"article:modified_time\" content=\"2022-11-13T14:43:53+00:00\" \/>\n<meta property=\"og:image\" content=\"https:\/\/www.lacnekontajnery.sk\/eshop\/wp-content\/uploads\/2021\/11\/image1.jpg\" \/>\n\t<meta property=\"og:image:width\" content=\"600\" \/>\n\t<meta property=\"og:image:height\" content=\"449\" \/>\n\t<meta property=\"og:image:type\" content=\"image\/jpeg\" \/>\n<meta name=\"twitter:card\" content=\"summary_large_image\" \/>\n<meta name=\"twitter:label1\" content=\"Predpokladan\u00fd \u010das \u010d\u00edtania\" \/>\n\t<meta name=\"twitter:data1\" content=\"1 min\u00fata\" \/>\n<script type=\"application\/ld+json\" class=\"yoast-schema-graph\">{\"@context\":\"https:\/\/schema.org\",\"@graph\":[{\"@type\":\"WebPage\",\"@id\":\"https:\/\/www.lacnekontajnery.sk\/eshop\/produkt\/mobilna-garaz-33x48-m-pe-260g-m%c2%b2\/\",\"url\":\"https:\/\/www.lacnekontajnery.sk\/eshop\/produkt\/mobilna-garaz-33x48-m-pe-260g-m%c2%b2\/\",\"name\":\"Mobiln\u00e1 gar\u00e1\u017e 3,3x4,8 m, PE 260g\/m\u00b2 - Profisklad- najlacnej\u0161ie rie\u0161enie pre V\u00e1\u0161 sklad\",\"isPartOf\":{\"@id\":\"https:\/\/www.lacnekontajnery.sk\/eshop\/#website\"},\"datePublished\":\"2021-11-30T13:09:24+00:00\",\"dateModified\":\"2022-11-13T14:43:53+00:00\",\"description\":\"Mobiln\u00e1 gar\u00e1\u017e vhod\u00e1 na uskladnenie ako auta tak aj pre dom\u00e1ce naradie. Pevn\u00e1 kon\u0161trukcia s odoln\u00fdm materi\u00e1lom zaru\u010d\u00ed aby v\u0161etko V\u00e1m vydr\u017ealo v suchu.\",\"breadcrumb\":{\"@id\":\"https:\/\/www.lacnekontajnery.sk\/eshop\/produkt\/mobilna-garaz-33x48-m-pe-260g-m%c2%b2\/#breadcrumb\"},\"inLanguage\":\"sk-SK\",\"potentialAction\":[{\"@type\":\"ReadAction\",\"target\":[\"https:\/\/www.lacnekontajnery.sk\/eshop\/produkt\/mobilna-garaz-33x48-m-pe-260g-m%c2%b2\/\"]}]},{\"@type\":\"BreadcrumbList\",\"@id\":\"https:\/\/www.lacnekontajnery.sk\/eshop\/produkt\/mobilna-garaz-33x48-m-pe-260g-m%c2%b2\/#breadcrumb\",\"itemListElement\":[{\"@type\":\"ListItem\",\"position\":1,\"name\":\"Home\",\"item\":\"https:\/\/www.lacnekontajnery.sk\/eshop\/\"},{\"@type\":\"ListItem\",\"position\":2,\"name\":\"Obchod\",\"item\":\"https:\/\/www.lacnekontajnery.sk\/eshop\/obchod\/\"},{\"@type\":\"ListItem\",\"position\":3,\"name\":\"Mobiln\u00e1 gar\u00e1\u017e 3,3&#215;4,8 m, PE 260g\/m\u00b2\"}]},{\"@type\":\"WebSite\",\"@id\":\"https:\/\/www.lacnekontajnery.sk\/eshop\/#website\",\"url\":\"https:\/\/www.lacnekontajnery.sk\/eshop\/\",\"name\":\"Profisklad- najlacnej\u0161ie rie\u0161enie pre V\u00e1\u0161 sklad\",\"description\":\"Profesion\u00e1lne sklady\",\"publisher\":{\"@id\":\"https:\/\/www.lacnekontajnery.sk\/eshop\/#organization\"},\"potentialAction\":[{\"@type\":\"SearchAction\",\"target\":{\"@type\":\"EntryPoint\",\"urlTemplate\":\"https:\/\/www.lacnekontajnery.sk\/eshop\/?s={search_term_string}\"},\"query-input\":\"required name=search_term_string\"}],\"inLanguage\":\"sk-SK\"},{\"@type\":\"Organization\",\"@id\":\"https:\/\/www.lacnekontajnery.sk\/eshop\/#organization\",\"name\":\"Profisklad- r\u00fdchle a lacn\u00e9 skladovanie\",\"url\":\"https:\/\/www.lacnekontajnery.sk\/eshop\/\",\"logo\":{\"@type\":\"ImageObject\",\"inLanguage\":\"sk-SK\",\"@id\":\"https:\/\/www.lacnekontajnery.sk\/eshop\/#\/schema\/logo\/image\/\",\"url\":\"https:\/\/www.lacnekontajnery.sk\/eshop\/wp-content\/uploads\/2020\/07\/facebook_cover_photo_1.png\",\"contentUrl\":\"https:\/\/www.lacnekontajnery.sk\/eshop\/wp-content\/uploads\/2020\/07\/facebook_cover_photo_1.png\",\"width\":1640,\"height\":624,\"caption\":\"Profisklad- r\u00fdchle a lacn\u00e9 skladovanie\"},\"image\":{\"@id\":\"https:\/\/www.lacnekontajnery.sk\/eshop\/#\/schema\/logo\/image\/\"}}]}<\/script>\n<!-- \/ Yoast SEO plugin. -->","yoast_head_json":{"title":"Mobiln\u00e1 gar\u00e1\u017e 3,3x4,8 m, PE 260g\/m\u00b2 - Profisklad- najlacnej\u0161ie rie\u0161enie pre V\u00e1\u0161 sklad","description":"Mobiln\u00e1 gar\u00e1\u017e vhod\u00e1 na uskladnenie ako auta tak aj pre dom\u00e1ce naradie. Pevn\u00e1 kon\u0161trukcia s odoln\u00fdm materi\u00e1lom zaru\u010d\u00ed aby v\u0161etko V\u00e1m vydr\u017ealo v suchu.","robots":{"index":"index","follow":"follow","max-snippet":"max-snippet:-1","max-image-preview":"max-image-preview:large","max-video-preview":"max-video-preview:-1"},"canonical":"https:\/\/www.lacnekontajnery.sk\/eshop\/produkt\/mobilna-garaz-33x48-m-pe-260g-m\u00b2\/","og_locale":"sk_SK","og_type":"article","og_title":"Mobiln\u00e1 gar\u00e1\u017e 3,3x4,8 m, PE 260g\/m\u00b2 - Profisklad- najlacnej\u0161ie rie\u0161enie pre V\u00e1\u0161 sklad","og_description":"Mobiln\u00e1 gar\u00e1\u017e vhod\u00e1 na uskladnenie ako auta tak aj pre dom\u00e1ce naradie. Pevn\u00e1 kon\u0161trukcia s odoln\u00fdm materi\u00e1lom zaru\u010d\u00ed aby v\u0161etko V\u00e1m vydr\u017ealo v suchu.","og_url":"https:\/\/www.lacnekontajnery.sk\/eshop\/produkt\/mobilna-garaz-33x48-m-pe-260g-m\u00b2\/","og_site_name":"Profisklad- najlacnej\u0161ie rie\u0161enie pre V\u00e1\u0161 sklad","article_modified_time":"2022-11-13T14:43:53+00:00","og_image":[{"width":600,"height":449,"url":"https:\/\/www.lacnekontajnery.sk\/eshop\/wp-content\/uploads\/2021\/11\/image1.jpg","type":"image\/jpeg"}],"twitter_card":"summary_large_image","twitter_misc":{"Predpokladan\u00fd \u010das \u010d\u00edtania":"1 min\u00fata"},"schema":{"@context":"https:\/\/schema.org","@graph":[{"@type":"WebPage","@id":"https:\/\/www.lacnekontajnery.sk\/eshop\/produkt\/mobilna-garaz-33x48-m-pe-260g-m%c2%b2\/","url":"https:\/\/www.lacnekontajnery.sk\/eshop\/produkt\/mobilna-garaz-33x48-m-pe-260g-m%c2%b2\/","name":"Mobiln\u00e1 gar\u00e1\u017e 3,3x4,8 m, PE 260g\/m\u00b2 - Profisklad- najlacnej\u0161ie rie\u0161enie pre V\u00e1\u0161 sklad","isPartOf":{"@id":"https:\/\/www.lacnekontajnery.sk\/eshop\/#website"},"datePublished":"2021-11-30T13:09:24+00:00","dateModified":"2022-11-13T14:43:53+00:00","description":"Mobiln\u00e1 gar\u00e1\u017e vhod\u00e1 na uskladnenie ako auta tak aj pre dom\u00e1ce naradie. Pevn\u00e1 kon\u0161trukcia s odoln\u00fdm materi\u00e1lom zaru\u010d\u00ed aby v\u0161etko V\u00e1m vydr\u017ealo v suchu.","breadcrumb":{"@id":"https:\/\/www.lacnekontajnery.sk\/eshop\/produkt\/mobilna-garaz-33x48-m-pe-260g-m%c2%b2\/#breadcrumb"},"inLanguage":"sk-SK","potentialAction":[{"@type":"ReadAction","target":["https:\/\/www.lacnekontajnery.sk\/eshop\/produkt\/mobilna-garaz-33x48-m-pe-260g-m%c2%b2\/"]}]},{"@type":"BreadcrumbList","@id":"https:\/\/www.lacnekontajnery.sk\/eshop\/produkt\/mobilna-garaz-33x48-m-pe-260g-m%c2%b2\/#breadcrumb","itemListElement":[{"@type":"ListItem","position":1,"name":"Home","item":"https:\/\/www.lacnekontajnery.sk\/eshop\/"},{"@type":"ListItem","position":2,"name":"Obchod","item":"https:\/\/www.lacnekontajnery.sk\/eshop\/obchod\/"},{"@type":"ListItem","position":3,"name":"Mobiln\u00e1 gar\u00e1\u017e 3,3&#215;4,8 m, PE 260g\/m\u00b2"}]},{"@type":"WebSite","@id":"https:\/\/www.lacnekontajnery.sk\/eshop\/#website","url":"https:\/\/www.lacnekontajnery.sk\/eshop\/","name":"Profisklad- najlacnej\u0161ie rie\u0161enie pre V\u00e1\u0161 sklad","description":"Profesion\u00e1lne sklady","publisher":{"@id":"https:\/\/www.lacnekontajnery.sk\/eshop\/#organization"},"potentialAction":[{"@type":"SearchAction","target":{"@type":"EntryPoint","urlTemplate":"https:\/\/www.lacnekontajnery.sk\/eshop\/?s={search_term_string}"},"query-input":"required name=search_term_string"}],"inLanguage":"sk-SK"},{"@type":"Organization","@id":"https:\/\/www.lacnekontajnery.sk\/eshop\/#organization","name":"Profisklad- r\u00fdchle a lacn\u00e9 skladovanie","url":"https:\/\/www.lacnekontajnery.sk\/eshop\/","logo":{"@type":"ImageObject","inLanguage":"sk-SK","@id":"https:\/\/www.lacnekontajnery.sk\/eshop\/#\/schema\/logo\/image\/","url":"https:\/\/www.lacnekontajnery.sk\/eshop\/wp-content\/uploads\/2020\/07\/facebook_cover_photo_1.png","contentUrl":"https:\/\/www.lacnekontajnery.sk\/eshop\/wp-content\/uploads\/2020\/07\/facebook_cover_photo_1.png","width":1640,"height":624,"caption":"Profisklad- r\u00fdchle a lacn\u00e9 skladovanie"},"image":{"@id":"https:\/\/www.lacnekontajnery.sk\/eshop\/#\/schema\/logo\/image\/"}}]}},"jetpack_sharing_enabled":true,"_links":{"self":[{"href":"https:\/\/www.lacnekontajnery.sk\/eshop\/wp-json\/wp\/v2\/product\/1316"}],"collection":[{"href":"https:\/\/www.lacnekontajnery.sk\/eshop\/wp-json\/wp\/v2\/product"}],"about":[{"href":"https:\/\/www.lacnekontajnery.sk\/eshop\/wp-json\/wp\/v2\/types\/product"}],"replies":[{"embeddable":true,"href":"https:\/\/www.lacnekontajnery.sk\/eshop\/wp-json\/wp\/v2\/comments?post=1316"}],"wp:featuredmedia":[{"embeddable":true,"href":"https:\/\/www.lacnekontajnery.sk\/eshop\/wp-json\/wp\/v2\/media\/1318"}],"wp:attachment":[{"href":"https:\/\/www.lacnekontajnery.sk\/eshop\/wp-json\/wp\/v2\/media?parent=1316"}],"wp:term":[{"taxonomy":"product_cat","embeddable":true,"href":"https:\/\/www.lacnekontajnery.sk\/eshop\/wp-json\/wp\/v2\/product_cat?post=1316"},{"taxonomy":"product_tag","embeddable":true,"href":"https:\/\/www.lacnekontajnery.sk\/eshop\/wp-json\/wp\/v2\/product_tag?post=1316"}],"curies":[{"name":"wp","href":"https:\/\/api.w.org\/{rel}","templated":true}]}}