{"id":1374,"date":"2021-12-10T17:15:12","date_gmt":"2021-12-10T16:15:12","guid":{"rendered":"https:\/\/www.lacnekontajnery.sk\/eshop\/?post_type=product&#038;p=1374"},"modified":"2021-12-10T17:29:39","modified_gmt":"2021-12-10T16:29:39","slug":"stanova-hala-4x6-m-bocna-vyska-30-m-s-branou-na-zips-pvc-550-siva","status":"publish","type":"product","link":"https:\/\/www.lacnekontajnery.sk\/eshop\/produkt\/stanova-hala-4x6-m-bocna-vyska-30-m-s-branou-na-zips-pvc-550-siva\/","title":{"rendered":"Stanov\u00e1 hala 4&#215;6 m &#8211; bo\u010dn\u00e1 v\u00fd\u0161ka 3,0 m s br\u00e1nou na zips, PVC 550 siv\u00e1"},"content":{"rendered":"<div id=\"tw-target-text-container\" class=\"tw-ta-container hide-focus-ring tw-nfl\" tabindex=\"0\">\n<h5 id=\"tw-target-text\" class=\"tw-data-text tw-text-large XcVN5d tw-ta\" dir=\"ltr\" data-placeholder=\"Preklad\"><span lang=\"sk\">Stanov\u00e1 hala OUTLANDER\u00a0 protipo\u017eiarny ,je vstupnou triedou v kateg\u00f3rii stanovej haly. Pon\u00faka sol\u00eddne z\u00e1kladn\u00e9 vybavenie a je ho mo\u017en\u00e9 vyu\u017e\u00edva\u0165 celoro\u010dne. Celo pozinkovan\u00e1 oce\u013eov\u00e1 kon\u0161trukcia s upev\u0148ovac\u00edm z\u00e1kladn\u00fdm r\u00e1mom a v\u00fdstu\u017en\u00fdmi oce\u013eov\u00fdmi prvkami v streche odol\u00e1 vetru a po\u010dasiu. Pre v\u00e4\u010d\u0161iu stabilitu s\u00fa v\u0161etky nohy dvakr\u00e1t spojen\u00e9 skrutkami a pripevnen\u00e9 k zemi na extra ve\u013ek\u00fdch do\u0161ti\u010dk\u00e1ch pre nohy. Vysoko kvalitn\u00e1 plachta z PVC s hmotnos\u0165ou asi 550g \/ m\u00b2 a 20 s vn\u00fatornou l\u00e1tkou odolnou proti roztrhnutiu chr\u00e1ni tovar a tovar pred vetrom a po\u010das\u00edm po cel\u00fd rok. Strecha a bo\u010dn\u00e1 plachta s\u00fa z jedn\u00e9ho kusu a zais\u0165uj\u00fa v\u00e4\u010d\u0161iu stabilitu. Plachta je vyrovnan\u00e1 a napnut\u00e1 integrovan\u00fdm nap\u00ednac\u00edm syst\u00e9mom. Bez probl\u00e9mov je mo\u017en\u00e9 aj neskor\u0161ie nastavenie plachty. Stanov\u00e1 hala je ide\u00e1lna ako sklad alebo pracovn\u00fd priestor a pon\u00faka tak lacn\u00fa alternat\u00edvu k pevn\u00fdm kon\u0161trukci\u00e1m.<\/span><\/h5>\n<\/div>\n<p>&nbsp;<\/p>\n<p><img decoding=\"async\" loading=\"lazy\" class=\" wp-image-1376 aligncenter\" src=\"https:\/\/www.lacnekontajnery.sk\/eshop\/wp-content\/uploads\/2021\/12\/Screenshot-2021-12-10-at-17-17-55-4x6-m-Zelthalle-30-m-Seitenhohe-mit-Reisverschlusstor-PVC-550-grau-ohne-Statik-Prof...-300x225.png\" alt=\"\" width=\"392\" height=\"294\" srcset=\"https:\/\/www.lacnekontajnery.sk\/eshop\/wp-content\/uploads\/2021\/12\/Screenshot-2021-12-10-at-17-17-55-4x6-m-Zelthalle-30-m-Seitenhohe-mit-Reisverschlusstor-PVC-550-grau-ohne-Statik-Prof...-300x225.png 300w, https:\/\/www.lacnekontajnery.sk\/eshop\/wp-content\/uploads\/2021\/12\/Screenshot-2021-12-10-at-17-17-55-4x6-m-Zelthalle-30-m-Seitenhohe-mit-Reisverschlusstor-PVC-550-grau-ohne-Statik-Prof...-416x312.png 416w, https:\/\/www.lacnekontajnery.sk\/eshop\/wp-content\/uploads\/2021\/12\/Screenshot-2021-12-10-at-17-17-55-4x6-m-Zelthalle-30-m-Seitenhohe-mit-Reisverschlusstor-PVC-550-grau-ohne-Statik-Prof....png 640w\" sizes=\"(max-width: 392px) 100vw, 392px\" \/><\/p>\n<div id=\"tw-target-text-container\" class=\"tw-ta-container hide-focus-ring tw-nfl\" tabindex=\"0\">\n<div id=\"tw-target-text-container\" class=\"tw-ta-container hide-focus-ring tw-nfl\" tabindex=\"0\">\n<h5 id=\"tw-target-text\" class=\"tw-data-text tw-text-large XcVN5d tw-ta\" dir=\"ltr\" data-placeholder=\"Preklad\"><span lang=\"sk\">T\u00e1to kon\u0161trukcia stanu napreduje s bezpe\u010dnos\u0165ou, odol\u00e1va vetru a po\u010dasiu a je navrhnut\u00e1 po cel\u00fd rok. Skladovac\u00ed stan Professional v\u010fa\u010d\u00ed za svoju mimoriadnu stabilitu pribli\u017ene o 50% viac ocele, ktor\u00e1 je zabudovan\u00e1 do mimoriadne siln\u00fdch stojanov a \u010fal\u0161\u00edch v\u00fdstu\u017en\u00fdch prvkov v oblasti strechy a podlahy. T\u00fdmto sp\u00f4sobom je mo\u017en\u00e9 sily optim\u00e1lne odkloni\u0165 a stan pon\u00faka spo\u013eahliv\u00fa ochranu po cel\u00fd rok. Plne pozinkovan\u00e9 oce\u013eov\u00e9 r\u00fary tvoria vynikaj\u00faci z\u00e1klad. Poskytuj\u00fa vynikaj\u00facu ochranu proti kor\u00f3zii a poveternostn\u00fdm vplyvom a s\u00fa menej citliv\u00e9 na n\u00e1razy &#8211; napr. oce\u013eov\u00e9 r\u00farky s pr\u00e1\u0161kov\u00fdm n\u00e1strekom. Hr\u00fabka ocele a priemer oce\u013eovej r\u00fary s\u00fa \u0161peci\u00e1lne prisp\u00f4soben\u00e9 vysok\u00fdm po\u017eiadavk\u00e1m, predl\u017euj\u00fa dobu pou\u017e\u00edvania tohto stanu a robia ho mimoriadne robustn\u00fdm a odoln\u00fdm.<\/span><\/h5>\n<\/div>\n<\/div>\n","protected":false},"excerpt":{"rendered":"<ul>\n<li id=\"tw-target-text\" class=\"tw-data-text tw-text-large XcVN5d tw-ta\" dir=\"ltr\" data-placeholder=\"Preklad\"><span lang=\"sk\">Pou\u017eite\u013en\u00e9 po cel\u00fd rok 2 br\u00e1ny s dvojit\u00fdm zipsom pre ve\u013ek\u00e9 v\u00fd\u0161ky a \u0161\u00edrky vstupu odoln\u00e1 plachta z PVC<\/span><\/li>\n<\/ul>\n","protected":false},"featured_media":1377,"comment_status":"open","ping_status":"closed","template":"","meta":{"_monsterinsights_skip_tracking":false,"_monsterinsights_sitenote_active":false,"_monsterinsights_sitenote_note":"","_monsterinsights_sitenote_category":0},"product_cat":[23],"product_tag":[106],"yoast_head":"<!-- This site is optimized with the Yoast SEO plugin v21.9 - https:\/\/yoast.com\/wordpress\/plugins\/seo\/ -->\n<title>Stanov\u00e1 hala 4x6 m - bo\u010dn\u00e1 v\u00fd\u0161ka 3,0 m s br\u00e1nou na zips, PVC 550 siv\u00e1 - Profisklad- najlacnej\u0161ie rie\u0161enie pre V\u00e1\u0161 sklad<\/title>\n<meta name=\"description\" content=\"Nedostatok lodn\u00fdch kontajnerov rie\u0161te pr\u00e1ve touto pevnou halou s garanciou dlhej \u017eivotnosti.Pevn\u00e1 plachta a ide\u00e1lny rozmer pre materi\u00e1l.\" \/>\n<meta name=\"robots\" content=\"index, follow, max-snippet:-1, max-image-preview:large, max-video-preview:-1\" \/>\n<link rel=\"canonical\" href=\"https:\/\/www.lacnekontajnery.sk\/eshop\/produkt\/stanova-hala-4x6-m-bocna-vyska-30-m-s-branou-na-zips-pvc-550-siva\/\" \/>\n<meta property=\"og:locale\" content=\"sk_SK\" \/>\n<meta property=\"og:type\" content=\"article\" \/>\n<meta property=\"og:title\" content=\"Stanov\u00e1 hala 4x6 m - bo\u010dn\u00e1 v\u00fd\u0161ka 3,0 m s br\u00e1nou na zips, PVC 550 siv\u00e1 - Profisklad- najlacnej\u0161ie rie\u0161enie pre V\u00e1\u0161 sklad\" \/>\n<meta property=\"og:description\" content=\"Nedostatok lodn\u00fdch kontajnerov rie\u0161te pr\u00e1ve touto pevnou halou s garanciou dlhej \u017eivotnosti.Pevn\u00e1 plachta a ide\u00e1lny rozmer pre materi\u00e1l.\" \/>\n<meta property=\"og:url\" content=\"https:\/\/www.lacnekontajnery.sk\/eshop\/produkt\/stanova-hala-4x6-m-bocna-vyska-30-m-s-branou-na-zips-pvc-550-siva\/\" \/>\n<meta property=\"og:site_name\" content=\"Profisklad- najlacnej\u0161ie rie\u0161enie pre V\u00e1\u0161 sklad\" \/>\n<meta property=\"article:modified_time\" content=\"2021-12-10T16:29:39+00:00\" \/>\n<meta property=\"og:image\" content=\"https:\/\/www.lacnekontajnery.sk\/eshop\/wp-content\/uploads\/2021\/12\/Screenshot-2021-12-10-at-17-19-20-4x6-m-Zelthalle-30-m-Seitenhohe-mit-Reisverschlusstor-PVC-550-grau-ohne-Statik-Prof....jpg\" \/>\n\t<meta property=\"og:image:width\" content=\"640\" \/>\n\t<meta property=\"og:image:height\" content=\"480\" \/>\n\t<meta property=\"og:image:type\" content=\"image\/jpeg\" \/>\n<meta name=\"twitter:card\" content=\"summary_large_image\" \/>\n<meta name=\"twitter:label1\" content=\"Predpokladan\u00fd \u010das \u010d\u00edtania\" \/>\n\t<meta name=\"twitter:data1\" content=\"2 min\u00faty\" \/>\n<script type=\"application\/ld+json\" class=\"yoast-schema-graph\">{\"@context\":\"https:\/\/schema.org\",\"@graph\":[{\"@type\":\"WebPage\",\"@id\":\"https:\/\/www.lacnekontajnery.sk\/eshop\/produkt\/stanova-hala-4x6-m-bocna-vyska-30-m-s-branou-na-zips-pvc-550-siva\/\",\"url\":\"https:\/\/www.lacnekontajnery.sk\/eshop\/produkt\/stanova-hala-4x6-m-bocna-vyska-30-m-s-branou-na-zips-pvc-550-siva\/\",\"name\":\"Stanov\u00e1 hala 4x6 m - bo\u010dn\u00e1 v\u00fd\u0161ka 3,0 m s br\u00e1nou na zips, PVC 550 siv\u00e1 - Profisklad- najlacnej\u0161ie rie\u0161enie pre V\u00e1\u0161 sklad\",\"isPartOf\":{\"@id\":\"https:\/\/www.lacnekontajnery.sk\/eshop\/#website\"},\"datePublished\":\"2021-12-10T16:15:12+00:00\",\"dateModified\":\"2021-12-10T16:29:39+00:00\",\"description\":\"Nedostatok lodn\u00fdch kontajnerov rie\u0161te pr\u00e1ve touto pevnou halou s garanciou dlhej \u017eivotnosti.Pevn\u00e1 plachta a ide\u00e1lny rozmer pre materi\u00e1l.\",\"breadcrumb\":{\"@id\":\"https:\/\/www.lacnekontajnery.sk\/eshop\/produkt\/stanova-hala-4x6-m-bocna-vyska-30-m-s-branou-na-zips-pvc-550-siva\/#breadcrumb\"},\"inLanguage\":\"sk-SK\",\"potentialAction\":[{\"@type\":\"ReadAction\",\"target\":[\"https:\/\/www.lacnekontajnery.sk\/eshop\/produkt\/stanova-hala-4x6-m-bocna-vyska-30-m-s-branou-na-zips-pvc-550-siva\/\"]}]},{\"@type\":\"BreadcrumbList\",\"@id\":\"https:\/\/www.lacnekontajnery.sk\/eshop\/produkt\/stanova-hala-4x6-m-bocna-vyska-30-m-s-branou-na-zips-pvc-550-siva\/#breadcrumb\",\"itemListElement\":[{\"@type\":\"ListItem\",\"position\":1,\"name\":\"Home\",\"item\":\"https:\/\/www.lacnekontajnery.sk\/eshop\/\"},{\"@type\":\"ListItem\",\"position\":2,\"name\":\"Obchod\",\"item\":\"https:\/\/www.lacnekontajnery.sk\/eshop\/obchod\/\"},{\"@type\":\"ListItem\",\"position\":3,\"name\":\"Stanov\u00e1 hala 4&#215;6 m &#8211; bo\u010dn\u00e1 v\u00fd\u0161ka 3,0 m s br\u00e1nou na zips, PVC 550 siv\u00e1\"}]},{\"@type\":\"WebSite\",\"@id\":\"https:\/\/www.lacnekontajnery.sk\/eshop\/#website\",\"url\":\"https:\/\/www.lacnekontajnery.sk\/eshop\/\",\"name\":\"Profisklad- najlacnej\u0161ie rie\u0161enie pre V\u00e1\u0161 sklad\",\"description\":\"Profesion\u00e1lne sklady\",\"publisher\":{\"@id\":\"https:\/\/www.lacnekontajnery.sk\/eshop\/#organization\"},\"potentialAction\":[{\"@type\":\"SearchAction\",\"target\":{\"@type\":\"EntryPoint\",\"urlTemplate\":\"https:\/\/www.lacnekontajnery.sk\/eshop\/?s={search_term_string}\"},\"query-input\":\"required name=search_term_string\"}],\"inLanguage\":\"sk-SK\"},{\"@type\":\"Organization\",\"@id\":\"https:\/\/www.lacnekontajnery.sk\/eshop\/#organization\",\"name\":\"Profisklad- r\u00fdchle a lacn\u00e9 skladovanie\",\"url\":\"https:\/\/www.lacnekontajnery.sk\/eshop\/\",\"logo\":{\"@type\":\"ImageObject\",\"inLanguage\":\"sk-SK\",\"@id\":\"https:\/\/www.lacnekontajnery.sk\/eshop\/#\/schema\/logo\/image\/\",\"url\":\"https:\/\/www.lacnekontajnery.sk\/eshop\/wp-content\/uploads\/2020\/07\/facebook_cover_photo_1.png\",\"contentUrl\":\"https:\/\/www.lacnekontajnery.sk\/eshop\/wp-content\/uploads\/2020\/07\/facebook_cover_photo_1.png\",\"width\":1640,\"height\":624,\"caption\":\"Profisklad- r\u00fdchle a lacn\u00e9 skladovanie\"},\"image\":{\"@id\":\"https:\/\/www.lacnekontajnery.sk\/eshop\/#\/schema\/logo\/image\/\"}}]}<\/script>\n<!-- \/ Yoast SEO plugin. -->","yoast_head_json":{"title":"Stanov\u00e1 hala 4x6 m - bo\u010dn\u00e1 v\u00fd\u0161ka 3,0 m s br\u00e1nou na zips, PVC 550 siv\u00e1 - Profisklad- najlacnej\u0161ie rie\u0161enie pre V\u00e1\u0161 sklad","description":"Nedostatok lodn\u00fdch kontajnerov rie\u0161te pr\u00e1ve touto pevnou halou s garanciou dlhej \u017eivotnosti.Pevn\u00e1 plachta a ide\u00e1lny rozmer pre materi\u00e1l.","robots":{"index":"index","follow":"follow","max-snippet":"max-snippet:-1","max-image-preview":"max-image-preview:large","max-video-preview":"max-video-preview:-1"},"canonical":"https:\/\/www.lacnekontajnery.sk\/eshop\/produkt\/stanova-hala-4x6-m-bocna-vyska-30-m-s-branou-na-zips-pvc-550-siva\/","og_locale":"sk_SK","og_type":"article","og_title":"Stanov\u00e1 hala 4x6 m - bo\u010dn\u00e1 v\u00fd\u0161ka 3,0 m s br\u00e1nou na zips, PVC 550 siv\u00e1 - Profisklad- najlacnej\u0161ie rie\u0161enie pre V\u00e1\u0161 sklad","og_description":"Nedostatok lodn\u00fdch kontajnerov rie\u0161te pr\u00e1ve touto pevnou halou s garanciou dlhej \u017eivotnosti.Pevn\u00e1 plachta a ide\u00e1lny rozmer pre materi\u00e1l.","og_url":"https:\/\/www.lacnekontajnery.sk\/eshop\/produkt\/stanova-hala-4x6-m-bocna-vyska-30-m-s-branou-na-zips-pvc-550-siva\/","og_site_name":"Profisklad- najlacnej\u0161ie rie\u0161enie pre V\u00e1\u0161 sklad","article_modified_time":"2021-12-10T16:29:39+00:00","og_image":[{"width":640,"height":480,"url":"https:\/\/www.lacnekontajnery.sk\/eshop\/wp-content\/uploads\/2021\/12\/Screenshot-2021-12-10-at-17-19-20-4x6-m-Zelthalle-30-m-Seitenhohe-mit-Reisverschlusstor-PVC-550-grau-ohne-Statik-Prof....jpg","type":"image\/jpeg"}],"twitter_card":"summary_large_image","twitter_misc":{"Predpokladan\u00fd \u010das \u010d\u00edtania":"2 min\u00faty"},"schema":{"@context":"https:\/\/schema.org","@graph":[{"@type":"WebPage","@id":"https:\/\/www.lacnekontajnery.sk\/eshop\/produkt\/stanova-hala-4x6-m-bocna-vyska-30-m-s-branou-na-zips-pvc-550-siva\/","url":"https:\/\/www.lacnekontajnery.sk\/eshop\/produkt\/stanova-hala-4x6-m-bocna-vyska-30-m-s-branou-na-zips-pvc-550-siva\/","name":"Stanov\u00e1 hala 4x6 m - bo\u010dn\u00e1 v\u00fd\u0161ka 3,0 m s br\u00e1nou na zips, PVC 550 siv\u00e1 - Profisklad- najlacnej\u0161ie rie\u0161enie pre V\u00e1\u0161 sklad","isPartOf":{"@id":"https:\/\/www.lacnekontajnery.sk\/eshop\/#website"},"datePublished":"2021-12-10T16:15:12+00:00","dateModified":"2021-12-10T16:29:39+00:00","description":"Nedostatok lodn\u00fdch kontajnerov rie\u0161te pr\u00e1ve touto pevnou halou s garanciou dlhej \u017eivotnosti.Pevn\u00e1 plachta a ide\u00e1lny rozmer pre materi\u00e1l.","breadcrumb":{"@id":"https:\/\/www.lacnekontajnery.sk\/eshop\/produkt\/stanova-hala-4x6-m-bocna-vyska-30-m-s-branou-na-zips-pvc-550-siva\/#breadcrumb"},"inLanguage":"sk-SK","potentialAction":[{"@type":"ReadAction","target":["https:\/\/www.lacnekontajnery.sk\/eshop\/produkt\/stanova-hala-4x6-m-bocna-vyska-30-m-s-branou-na-zips-pvc-550-siva\/"]}]},{"@type":"BreadcrumbList","@id":"https:\/\/www.lacnekontajnery.sk\/eshop\/produkt\/stanova-hala-4x6-m-bocna-vyska-30-m-s-branou-na-zips-pvc-550-siva\/#breadcrumb","itemListElement":[{"@type":"ListItem","position":1,"name":"Home","item":"https:\/\/www.lacnekontajnery.sk\/eshop\/"},{"@type":"ListItem","position":2,"name":"Obchod","item":"https:\/\/www.lacnekontajnery.sk\/eshop\/obchod\/"},{"@type":"ListItem","position":3,"name":"Stanov\u00e1 hala 4&#215;6 m &#8211; bo\u010dn\u00e1 v\u00fd\u0161ka 3,0 m s br\u00e1nou na zips, PVC 550 siv\u00e1"}]},{"@type":"WebSite","@id":"https:\/\/www.lacnekontajnery.sk\/eshop\/#website","url":"https:\/\/www.lacnekontajnery.sk\/eshop\/","name":"Profisklad- najlacnej\u0161ie rie\u0161enie pre V\u00e1\u0161 sklad","description":"Profesion\u00e1lne sklady","publisher":{"@id":"https:\/\/www.lacnekontajnery.sk\/eshop\/#organization"},"potentialAction":[{"@type":"SearchAction","target":{"@type":"EntryPoint","urlTemplate":"https:\/\/www.lacnekontajnery.sk\/eshop\/?s={search_term_string}"},"query-input":"required name=search_term_string"}],"inLanguage":"sk-SK"},{"@type":"Organization","@id":"https:\/\/www.lacnekontajnery.sk\/eshop\/#organization","name":"Profisklad- r\u00fdchle a lacn\u00e9 skladovanie","url":"https:\/\/www.lacnekontajnery.sk\/eshop\/","logo":{"@type":"ImageObject","inLanguage":"sk-SK","@id":"https:\/\/www.lacnekontajnery.sk\/eshop\/#\/schema\/logo\/image\/","url":"https:\/\/www.lacnekontajnery.sk\/eshop\/wp-content\/uploads\/2020\/07\/facebook_cover_photo_1.png","contentUrl":"https:\/\/www.lacnekontajnery.sk\/eshop\/wp-content\/uploads\/2020\/07\/facebook_cover_photo_1.png","width":1640,"height":624,"caption":"Profisklad- r\u00fdchle a lacn\u00e9 skladovanie"},"image":{"@id":"https:\/\/www.lacnekontajnery.sk\/eshop\/#\/schema\/logo\/image\/"}}]}},"jetpack_sharing_enabled":true,"_links":{"self":[{"href":"https:\/\/www.lacnekontajnery.sk\/eshop\/wp-json\/wp\/v2\/product\/1374"}],"collection":[{"href":"https:\/\/www.lacnekontajnery.sk\/eshop\/wp-json\/wp\/v2\/product"}],"about":[{"href":"https:\/\/www.lacnekontajnery.sk\/eshop\/wp-json\/wp\/v2\/types\/product"}],"replies":[{"embeddable":true,"href":"https:\/\/www.lacnekontajnery.sk\/eshop\/wp-json\/wp\/v2\/comments?post=1374"}],"wp:featuredmedia":[{"embeddable":true,"href":"https:\/\/www.lacnekontajnery.sk\/eshop\/wp-json\/wp\/v2\/media\/1377"}],"wp:attachment":[{"href":"https:\/\/www.lacnekontajnery.sk\/eshop\/wp-json\/wp\/v2\/media?parent=1374"}],"wp:term":[{"taxonomy":"product_cat","embeddable":true,"href":"https:\/\/www.lacnekontajnery.sk\/eshop\/wp-json\/wp\/v2\/product_cat?post=1374"},{"taxonomy":"product_tag","embeddable":true,"href":"https:\/\/www.lacnekontajnery.sk\/eshop\/wp-json\/wp\/v2\/product_tag?post=1374"}],"curies":[{"name":"wp","href":"https:\/\/api.w.org\/{rel}","templated":true}]}}