{"id":1513,"date":"2021-12-13T12:10:00","date_gmt":"2021-12-13T11:10:00","guid":{"rendered":"https:\/\/www.lacnekontajnery.sk\/eshop\/?post_type=product&#038;p=1513"},"modified":"2021-12-14T20:23:39","modified_gmt":"2021-12-14T19:23:39","slug":"stanova-hala-6x24-m-s-branou-41x25-m-pvc-na-vyber-720g-m2","status":"publish","type":"product","link":"https:\/\/www.lacnekontajnery.sk\/eshop\/produkt\/stanova-hala-6x24-m-s-branou-41x25-m-pvc-na-vyber-720g-m2\/","title":{"rendered":"Stanov\u00e1 hala 6&#215;24 m s br\u00e1nou 4,1&#215;2,5 m PVC na v\u00fdber 720g\/m2"},"content":{"rendered":"<h5 id=\"tw-target-text\" class=\"tw-data-text tw-text-large tw-ta\" dir=\"ltr\" data-placeholder=\"Preklad\"><span class=\"Y2IQFc\" lang=\"sk\">T\u00e1to stanov\u00e1 hala sa vyzna\u010duje mimoriadne odoln\u00fdm kon\u0161truk\u010dn\u00fdm profilom, ktor\u00fd je a\u017e 6-kr\u00e1t vystu\u017een\u00fd a zaru\u010duje tak maxim\u00e1lnu stabilitu. V\u0161etky nohy s\u00fa navy\u0161e pripevnen\u00e9 k zemi na extra ve\u013ek\u00fdch stupa\u010dk\u00e1ch. Vysoko kvalitn\u00e1, cca 720 g \/ m\u00b2 \u0165a\u017ek\u00e1 PVC plachta s vn\u00fatornou mrie\u017ekou odolnou proti roztrhnutiu je pevne pripevnen\u00e1 ku kon\u0161trukcii \u0161peci\u00e1lnym nap\u00ednac\u00edm syst\u00e9mom. Strecha a bo\u010dn\u00e1 plachta s\u00fa z jedn\u00e9ho kusu a zais\u0165uj\u00fa tak aj v\u00e4\u010d\u0161iu stabilitu. Stanov\u00e1 plachta sa vyrovn\u00e1va a nap\u00edna pomocou integrovan\u00e9ho nap\u00ednacieho syst\u00e9mu. Bez probl\u00e9mov je mo\u017en\u00e9 aj neskor\u0161ie prestavenie plachty. \u0160t\u00edtov\u00e9 steny maj\u00fa ka\u017ed\u00fd vchod, ktor\u00fd je mo\u017en\u00e9 upevni\u0165 v dvoch v\u00fd\u0161kach pomocou troch robustn\u00fdch zipsov. Zabudovan\u00e9 ventila\u010dn\u00e9 klapky podporuj\u00fa efekt\u00edvnu cirkul\u00e1ciu vzduchu a zabra\u0148uj\u00fa hromadeniu vlhkosti. Stanov\u00e1 hala je ide\u00e1lna ako odkladac\u00ed alebo pracovn\u00fd priestor a pon\u00faka tak lacn\u00fa alternat\u00edvu k pevn\u00fdm kon\u0161trukci\u00e1m.<\/span><\/h5>\n<p><img decoding=\"async\" src=\"https:\/\/www.profizelt24.de\/media\/IMG-AMZ\/AMZ_0600x2400x270_WIKI.jpg\" \/><\/p>\n<p>&nbsp;<\/p>\n<p>&nbsp;<\/p>\n<p>&nbsp;<\/p>\n<h5 id=\"tw-target-text\" class=\"tw-data-text tw-text-large tw-ta\" dir=\"ltr\" data-placeholder=\"Preklad\"><span class=\"Y2IQFc\" lang=\"sk\">PVC plachta s hr\u00fabkou cca 720 g \/ m\u00b2 e podobn\u00e1 plachte na n\u00e1kladn\u00e9 auto. V\u010faka integrovanej mrie\u017ekovej vn\u00fatornej tkanine je plachta z PVC mimoriadne odoln\u00e1 a vysoko odoln\u00e1 proti roztrhnutiu. PVC plachta sa vyzna\u010duje vysokou odolnos\u0165ou vo\u010di poveternostn\u00fdm vplyvom a UV \u017eiareniu, a preto je mimoriadne odoln\u00e1. S teplotnou odolnos\u0165ou +50 a\u017e -20 \u00b0C a vysokou UV ochranou 80+ sa PVC plachta ukazuje ako mimoriadne spo\u013eahliv\u00e1 ochrana v ka\u017edom ro\u010dnom obdob\u00ed. Leskl\u00fd, hladk\u00fd vzh\u013ead je obzvl\u00e1\u0161\u0165 nen\u00e1ro\u010dn\u00fd na \u00fadr\u017ebu a \u013eahko sa \u010dist\u00ed.<\/span><\/h5>\n<p><img decoding=\"async\" class=\"img-fluid\" src=\"https:\/\/www.profizelt24.de\/media\/IMG-DTX\/DE\/WIKI_PLAN_550.jpg\" \/><\/p>\n","protected":false},"excerpt":{"rendered":"<ul>\n<li id=\"tw-target-text\" class=\"tw-data-text tw-text-large XcVN5d tw-ta\" dir=\"ltr\" data-placeholder=\"Preklad\">\n<h4 id=\"tw-target-text\" class=\"tw-data-text tw-text-large tw-ta\" dir=\"ltr\" data-placeholder=\"Preklad\"><span class=\"Y2IQFc\" lang=\"sk\">Dizajn plochej sedlovej strechy s vysok\u00fdmi bo\u010dnicami pre extra ve\u013ek\u00e9 priechody <\/span><\/h4>\n<\/li>\n<li class=\"tw-data-text tw-text-large XcVN5d tw-ta\" dir=\"ltr\" data-placeholder=\"Preklad\">\n<h4 id=\"tw-target-text\" class=\"tw-data-text tw-text-large tw-ta\" dir=\"ltr\" data-placeholder=\"Preklad\"><span class=\"Y2IQFc\" lang=\"sk\">Extra pevn\u00fd profil ov\u00e1lnej r\u00fary vyroben\u00fd z plne pozinkovanej ocele 2 ve\u013ek\u00e9 dvojit\u00e9 br\u00e1ny na zips na oboch \u0161t\u00edtov\u00fdch stran\u00e1ch <\/span><\/h4>\n<\/li>\n<li class=\"tw-data-text tw-text-large XcVN5d tw-ta\" dir=\"ltr\" data-placeholder=\"Preklad\">\n<h4 id=\"tw-target-text\" class=\"tw-data-text tw-text-large tw-ta\" dir=\"ltr\" data-placeholder=\"Preklad\"><span class=\"Y2IQFc\" lang=\"sk\">Extra stabiln\u00fd v\u010faka ve\u013ek\u00fdm z\u00e1kladov\u00fdm dosk\u00e1m<\/span><\/h4>\n<\/li>\n<\/ul>\n","protected":false},"featured_media":1501,"comment_status":"open","ping_status":"closed","template":"","meta":{"_monsterinsights_skip_tracking":false,"_monsterinsights_sitenote_active":false,"_monsterinsights_sitenote_note":"","_monsterinsights_sitenote_category":0},"product_cat":[23],"product_tag":[134],"yoast_head":"<!-- This site is optimized with the Yoast SEO plugin v21.9 - https:\/\/yoast.com\/wordpress\/plugins\/seo\/ -->\n<title>Stanov\u00e1 hala 6x24 m s br\u00e1nou 4,1x2,5 m PVC na v\u00fdber 720g\/m2 - Profisklad- najlacnej\u0161ie rie\u0161enie pre V\u00e1\u0161 sklad<\/title>\n<meta name=\"description\" content=\"Nedostatok lodn\u00fdch kontajnerov rie\u0161te pr\u00e1ve touto pevnou halou s garanciou dlhej \u017eivotnosti.Pevn\u00e1 plachta a ide\u00e1lny rozmer pre materi\u00e1l.\" \/>\n<meta name=\"robots\" content=\"index, follow, max-snippet:-1, max-image-preview:large, max-video-preview:-1\" \/>\n<link rel=\"canonical\" href=\"https:\/\/www.lacnekontajnery.sk\/eshop\/produkt\/stanova-hala-6x24-m-s-branou-41x25-m-pvc-na-vyber-720g-m2\/\" \/>\n<meta property=\"og:locale\" content=\"sk_SK\" \/>\n<meta property=\"og:type\" content=\"article\" \/>\n<meta property=\"og:title\" content=\"Stanov\u00e1 hala 6x24 m s br\u00e1nou 4,1x2,5 m PVC na v\u00fdber 720g\/m2 - Profisklad- najlacnej\u0161ie rie\u0161enie pre V\u00e1\u0161 sklad\" \/>\n<meta property=\"og:description\" content=\"Nedostatok lodn\u00fdch kontajnerov rie\u0161te pr\u00e1ve touto pevnou halou s garanciou dlhej \u017eivotnosti.Pevn\u00e1 plachta a ide\u00e1lny rozmer pre materi\u00e1l.\" \/>\n<meta property=\"og:url\" content=\"https:\/\/www.lacnekontajnery.sk\/eshop\/produkt\/stanova-hala-6x24-m-s-branou-41x25-m-pvc-na-vyber-720g-m2\/\" \/>\n<meta property=\"og:site_name\" content=\"Profisklad- najlacnej\u0161ie rie\u0161enie pre V\u00e1\u0161 sklad\" \/>\n<meta property=\"article:modified_time\" content=\"2021-12-14T19:23:39+00:00\" \/>\n<meta property=\"og:image\" content=\"https:\/\/www.lacnekontajnery.sk\/eshop\/wp-content\/uploads\/2021\/12\/Screenshot-2021-12-13-at-10-12-08-Zelthalle-6x12-m-mit-41x29-m-Tor-PVC-550-dunkelgrun-ohne-Statik-Profizelt24-2.jpg\" \/>\n\t<meta property=\"og:image:width\" content=\"867\" \/>\n\t<meta property=\"og:image:height\" content=\"650\" \/>\n\t<meta property=\"og:image:type\" content=\"image\/jpeg\" \/>\n<meta name=\"twitter:card\" content=\"summary_large_image\" \/>\n<meta name=\"twitter:label1\" content=\"Predpokladan\u00fd \u010das \u010d\u00edtania\" \/>\n\t<meta name=\"twitter:data1\" content=\"1 min\u00fata\" \/>\n<script type=\"application\/ld+json\" class=\"yoast-schema-graph\">{\"@context\":\"https:\/\/schema.org\",\"@graph\":[{\"@type\":\"WebPage\",\"@id\":\"https:\/\/www.lacnekontajnery.sk\/eshop\/produkt\/stanova-hala-6x24-m-s-branou-41x25-m-pvc-na-vyber-720g-m2\/\",\"url\":\"https:\/\/www.lacnekontajnery.sk\/eshop\/produkt\/stanova-hala-6x24-m-s-branou-41x25-m-pvc-na-vyber-720g-m2\/\",\"name\":\"Stanov\u00e1 hala 6x24 m s br\u00e1nou 4,1x2,5 m PVC na v\u00fdber 720g\/m2 - Profisklad- najlacnej\u0161ie rie\u0161enie pre V\u00e1\u0161 sklad\",\"isPartOf\":{\"@id\":\"https:\/\/www.lacnekontajnery.sk\/eshop\/#website\"},\"datePublished\":\"2021-12-13T11:10:00+00:00\",\"dateModified\":\"2021-12-14T19:23:39+00:00\",\"description\":\"Nedostatok lodn\u00fdch kontajnerov rie\u0161te pr\u00e1ve touto pevnou halou s garanciou dlhej \u017eivotnosti.Pevn\u00e1 plachta a ide\u00e1lny rozmer pre materi\u00e1l.\",\"breadcrumb\":{\"@id\":\"https:\/\/www.lacnekontajnery.sk\/eshop\/produkt\/stanova-hala-6x24-m-s-branou-41x25-m-pvc-na-vyber-720g-m2\/#breadcrumb\"},\"inLanguage\":\"sk-SK\",\"potentialAction\":[{\"@type\":\"ReadAction\",\"target\":[\"https:\/\/www.lacnekontajnery.sk\/eshop\/produkt\/stanova-hala-6x24-m-s-branou-41x25-m-pvc-na-vyber-720g-m2\/\"]}]},{\"@type\":\"BreadcrumbList\",\"@id\":\"https:\/\/www.lacnekontajnery.sk\/eshop\/produkt\/stanova-hala-6x24-m-s-branou-41x25-m-pvc-na-vyber-720g-m2\/#breadcrumb\",\"itemListElement\":[{\"@type\":\"ListItem\",\"position\":1,\"name\":\"Home\",\"item\":\"https:\/\/www.lacnekontajnery.sk\/eshop\/\"},{\"@type\":\"ListItem\",\"position\":2,\"name\":\"Obchod\",\"item\":\"https:\/\/www.lacnekontajnery.sk\/eshop\/obchod\/\"},{\"@type\":\"ListItem\",\"position\":3,\"name\":\"Stanov\u00e1 hala 6&#215;24 m s br\u00e1nou 4,1&#215;2,5 m PVC na v\u00fdber 720g\/m2\"}]},{\"@type\":\"WebSite\",\"@id\":\"https:\/\/www.lacnekontajnery.sk\/eshop\/#website\",\"url\":\"https:\/\/www.lacnekontajnery.sk\/eshop\/\",\"name\":\"Profisklad- najlacnej\u0161ie rie\u0161enie pre V\u00e1\u0161 sklad\",\"description\":\"Profesion\u00e1lne sklady\",\"publisher\":{\"@id\":\"https:\/\/www.lacnekontajnery.sk\/eshop\/#organization\"},\"potentialAction\":[{\"@type\":\"SearchAction\",\"target\":{\"@type\":\"EntryPoint\",\"urlTemplate\":\"https:\/\/www.lacnekontajnery.sk\/eshop\/?s={search_term_string}\"},\"query-input\":\"required name=search_term_string\"}],\"inLanguage\":\"sk-SK\"},{\"@type\":\"Organization\",\"@id\":\"https:\/\/www.lacnekontajnery.sk\/eshop\/#organization\",\"name\":\"Profisklad- r\u00fdchle a lacn\u00e9 skladovanie\",\"url\":\"https:\/\/www.lacnekontajnery.sk\/eshop\/\",\"logo\":{\"@type\":\"ImageObject\",\"inLanguage\":\"sk-SK\",\"@id\":\"https:\/\/www.lacnekontajnery.sk\/eshop\/#\/schema\/logo\/image\/\",\"url\":\"https:\/\/www.lacnekontajnery.sk\/eshop\/wp-content\/uploads\/2020\/07\/facebook_cover_photo_1.png\",\"contentUrl\":\"https:\/\/www.lacnekontajnery.sk\/eshop\/wp-content\/uploads\/2020\/07\/facebook_cover_photo_1.png\",\"width\":1640,\"height\":624,\"caption\":\"Profisklad- r\u00fdchle a lacn\u00e9 skladovanie\"},\"image\":{\"@id\":\"https:\/\/www.lacnekontajnery.sk\/eshop\/#\/schema\/logo\/image\/\"}}]}<\/script>\n<!-- \/ Yoast SEO plugin. -->","yoast_head_json":{"title":"Stanov\u00e1 hala 6x24 m s br\u00e1nou 4,1x2,5 m PVC na v\u00fdber 720g\/m2 - Profisklad- najlacnej\u0161ie rie\u0161enie pre V\u00e1\u0161 sklad","description":"Nedostatok lodn\u00fdch kontajnerov rie\u0161te pr\u00e1ve touto pevnou halou s garanciou dlhej \u017eivotnosti.Pevn\u00e1 plachta a ide\u00e1lny rozmer pre materi\u00e1l.","robots":{"index":"index","follow":"follow","max-snippet":"max-snippet:-1","max-image-preview":"max-image-preview:large","max-video-preview":"max-video-preview:-1"},"canonical":"https:\/\/www.lacnekontajnery.sk\/eshop\/produkt\/stanova-hala-6x24-m-s-branou-41x25-m-pvc-na-vyber-720g-m2\/","og_locale":"sk_SK","og_type":"article","og_title":"Stanov\u00e1 hala 6x24 m s br\u00e1nou 4,1x2,5 m PVC na v\u00fdber 720g\/m2 - Profisklad- najlacnej\u0161ie rie\u0161enie pre V\u00e1\u0161 sklad","og_description":"Nedostatok lodn\u00fdch kontajnerov rie\u0161te pr\u00e1ve touto pevnou halou s garanciou dlhej \u017eivotnosti.Pevn\u00e1 plachta a ide\u00e1lny rozmer pre materi\u00e1l.","og_url":"https:\/\/www.lacnekontajnery.sk\/eshop\/produkt\/stanova-hala-6x24-m-s-branou-41x25-m-pvc-na-vyber-720g-m2\/","og_site_name":"Profisklad- najlacnej\u0161ie rie\u0161enie pre V\u00e1\u0161 sklad","article_modified_time":"2021-12-14T19:23:39+00:00","og_image":[{"width":867,"height":650,"url":"https:\/\/www.lacnekontajnery.sk\/eshop\/wp-content\/uploads\/2021\/12\/Screenshot-2021-12-13-at-10-12-08-Zelthalle-6x12-m-mit-41x29-m-Tor-PVC-550-dunkelgrun-ohne-Statik-Profizelt24-2.jpg","type":"image\/jpeg"}],"twitter_card":"summary_large_image","twitter_misc":{"Predpokladan\u00fd \u010das \u010d\u00edtania":"1 min\u00fata"},"schema":{"@context":"https:\/\/schema.org","@graph":[{"@type":"WebPage","@id":"https:\/\/www.lacnekontajnery.sk\/eshop\/produkt\/stanova-hala-6x24-m-s-branou-41x25-m-pvc-na-vyber-720g-m2\/","url":"https:\/\/www.lacnekontajnery.sk\/eshop\/produkt\/stanova-hala-6x24-m-s-branou-41x25-m-pvc-na-vyber-720g-m2\/","name":"Stanov\u00e1 hala 6x24 m s br\u00e1nou 4,1x2,5 m PVC na v\u00fdber 720g\/m2 - Profisklad- najlacnej\u0161ie rie\u0161enie pre V\u00e1\u0161 sklad","isPartOf":{"@id":"https:\/\/www.lacnekontajnery.sk\/eshop\/#website"},"datePublished":"2021-12-13T11:10:00+00:00","dateModified":"2021-12-14T19:23:39+00:00","description":"Nedostatok lodn\u00fdch kontajnerov rie\u0161te pr\u00e1ve touto pevnou halou s garanciou dlhej \u017eivotnosti.Pevn\u00e1 plachta a ide\u00e1lny rozmer pre materi\u00e1l.","breadcrumb":{"@id":"https:\/\/www.lacnekontajnery.sk\/eshop\/produkt\/stanova-hala-6x24-m-s-branou-41x25-m-pvc-na-vyber-720g-m2\/#breadcrumb"},"inLanguage":"sk-SK","potentialAction":[{"@type":"ReadAction","target":["https:\/\/www.lacnekontajnery.sk\/eshop\/produkt\/stanova-hala-6x24-m-s-branou-41x25-m-pvc-na-vyber-720g-m2\/"]}]},{"@type":"BreadcrumbList","@id":"https:\/\/www.lacnekontajnery.sk\/eshop\/produkt\/stanova-hala-6x24-m-s-branou-41x25-m-pvc-na-vyber-720g-m2\/#breadcrumb","itemListElement":[{"@type":"ListItem","position":1,"name":"Home","item":"https:\/\/www.lacnekontajnery.sk\/eshop\/"},{"@type":"ListItem","position":2,"name":"Obchod","item":"https:\/\/www.lacnekontajnery.sk\/eshop\/obchod\/"},{"@type":"ListItem","position":3,"name":"Stanov\u00e1 hala 6&#215;24 m s br\u00e1nou 4,1&#215;2,5 m PVC na v\u00fdber 720g\/m2"}]},{"@type":"WebSite","@id":"https:\/\/www.lacnekontajnery.sk\/eshop\/#website","url":"https:\/\/www.lacnekontajnery.sk\/eshop\/","name":"Profisklad- najlacnej\u0161ie rie\u0161enie pre V\u00e1\u0161 sklad","description":"Profesion\u00e1lne sklady","publisher":{"@id":"https:\/\/www.lacnekontajnery.sk\/eshop\/#organization"},"potentialAction":[{"@type":"SearchAction","target":{"@type":"EntryPoint","urlTemplate":"https:\/\/www.lacnekontajnery.sk\/eshop\/?s={search_term_string}"},"query-input":"required name=search_term_string"}],"inLanguage":"sk-SK"},{"@type":"Organization","@id":"https:\/\/www.lacnekontajnery.sk\/eshop\/#organization","name":"Profisklad- r\u00fdchle a lacn\u00e9 skladovanie","url":"https:\/\/www.lacnekontajnery.sk\/eshop\/","logo":{"@type":"ImageObject","inLanguage":"sk-SK","@id":"https:\/\/www.lacnekontajnery.sk\/eshop\/#\/schema\/logo\/image\/","url":"https:\/\/www.lacnekontajnery.sk\/eshop\/wp-content\/uploads\/2020\/07\/facebook_cover_photo_1.png","contentUrl":"https:\/\/www.lacnekontajnery.sk\/eshop\/wp-content\/uploads\/2020\/07\/facebook_cover_photo_1.png","width":1640,"height":624,"caption":"Profisklad- r\u00fdchle a lacn\u00e9 skladovanie"},"image":{"@id":"https:\/\/www.lacnekontajnery.sk\/eshop\/#\/schema\/logo\/image\/"}}]}},"jetpack_sharing_enabled":true,"_links":{"self":[{"href":"https:\/\/www.lacnekontajnery.sk\/eshop\/wp-json\/wp\/v2\/product\/1513"}],"collection":[{"href":"https:\/\/www.lacnekontajnery.sk\/eshop\/wp-json\/wp\/v2\/product"}],"about":[{"href":"https:\/\/www.lacnekontajnery.sk\/eshop\/wp-json\/wp\/v2\/types\/product"}],"replies":[{"embeddable":true,"href":"https:\/\/www.lacnekontajnery.sk\/eshop\/wp-json\/wp\/v2\/comments?post=1513"}],"wp:featuredmedia":[{"embeddable":true,"href":"https:\/\/www.lacnekontajnery.sk\/eshop\/wp-json\/wp\/v2\/media\/1501"}],"wp:attachment":[{"href":"https:\/\/www.lacnekontajnery.sk\/eshop\/wp-json\/wp\/v2\/media?parent=1513"}],"wp:term":[{"taxonomy":"product_cat","embeddable":true,"href":"https:\/\/www.lacnekontajnery.sk\/eshop\/wp-json\/wp\/v2\/product_cat?post=1513"},{"taxonomy":"product_tag","embeddable":true,"href":"https:\/\/www.lacnekontajnery.sk\/eshop\/wp-json\/wp\/v2\/product_tag?post=1513"}],"curies":[{"name":"wp","href":"https:\/\/api.w.org\/{rel}","templated":true}]}}