{"id":1580,"date":"2021-12-17T10:31:45","date_gmt":"2021-12-17T09:31:45","guid":{"rendered":"https:\/\/www.lacnekontajnery.sk\/eshop\/?post_type=product&#038;p=1580"},"modified":"2021-12-17T10:37:50","modified_gmt":"2021-12-17T09:37:50","slug":"everest-hala-5x8-3x34-720g-m2","status":"publish","type":"product","link":"https:\/\/www.lacnekontajnery.sk\/eshop\/produkt\/everest-hala-5x8-3x34-720g-m2\/","title":{"rendered":"EVEREST hala 5&#215;8  &#8211; 3&#215;3,4 720g\/m2"},"content":{"rendered":"<div id=\"tw-target-text-container\" class=\"tw-ta-container F0azHf tw-nfl\" tabindex=\"0\">\n<h5 id=\"tw-target-text\" class=\"tw-data-text tw-text-large tw-ta\" dir=\"ltr\" data-placeholder=\"Preklad\"><span class=\"Y2IQFc\" lang=\"sk\">T\u00e1to stanov\u00e1 hala s garantovanou statikou je vhodn\u00e1 do ka\u017ed\u00e9ho po\u010dasia a je vyu\u017eite\u013en\u00e1 celoro\u010dne. Vyzna\u010duje sa v\u00fdbornou stabilitou a vysokou odolnos\u0165ou. Prvotriedne materi\u00e1ly ako pevn\u00fd, \u017eiarovo pozinkovan\u00fd r\u00e1m a kvalitn\u00e1 PVC plachta zais\u0165uj\u00fa ochranu tovaru, strojov a vozidiel pred poveternostn\u00fdmi vplyvmi v lete aj v zime. \u010ci u\u017e ako skladov\u00fd priestor alebo ako diel\u0148a, t\u00e1to ve\u013ek\u00e1 a extra stabiln\u00e1 stanov\u00e1 hala pon\u00faka ve\u013ea priestoru a predstavuje lacn\u00fa, flexibiln\u00fa alternat\u00edvu k pevn\u00fdm kon\u0161trukci\u00e1m.<\/span><\/h5>\n<h5 id=\"tw-target-text\" class=\"tw-data-text tw-text-large tw-ta\" dir=\"ltr\" data-placeholder=\"Preklad\"><strong><span class=\"Y2IQFc\" lang=\"sk\">Z\u00e1ruka 5 rokov na spr\u00e1vne nain\u0161talovan\u00fa plachtu<\/span><\/strong><\/h5>\n<h5 class=\"tw-data-text tw-text-large tw-ta\" dir=\"ltr\" data-placeholder=\"Preklad\"><span class=\"Y2IQFc\" lang=\"sk\"><strong>10 ro\u010dn\u00e1 z\u00e1ruka na prehrdzavenie a n\u00e1hradn\u00e9 diely<\/strong><br \/>\n<\/span><\/h5>\n<\/div>\n<div id=\"tw-target-rmn-container\" class=\"tw-target-rmn tw-ta-container F0azHf tw-nfl\">\n<h5 dir=\"ltr\">\u00a0<span class=\"Y2IQFc\" lang=\"sk\">Plachta PRIME 20 s hmotnos\u0165ou cca 720 g \/ m\u00b2 je ultramodern\u00e1 a obzvl\u00e1\u0161\u0165 robustn\u00e1 &#8211; navrhnut\u00e1 na celoro\u010dn\u00e9 pou\u017eitie v extr\u00e9mnych podmienkach prostredia. Sklad\u00e1 sa z kvalitn\u00e9ho, \u200b\u200bliateho PVC, ktor\u00e9 \u00faplne obklopuje integrovan\u00fa a obzvl\u00e1\u0161\u0165 jemne sie\u0165ovan\u00fa vn\u00fatorn\u00fa mrie\u017ekov\u00fa tkaninu. V\u010faka tomu je plachta PRIME extr\u00e9mne odoln\u00e1 a 9-kr\u00e1t odolnej\u0161ia vo\u010di roztrhnutiu ako komer\u010dne dostupn\u00e9 plachty z PVC \u2013 certifikovan\u00e9 pod\u013ea DIN EN ISO 527. Plachta z PVC sa vyzna\u010duje vysokou odolnos\u0165ou vo\u010di poveternostn\u00fdm vplyvom a UV \u017eiareniu a je mimoriadne trv\u00e1cna. S teplotnou odolnos\u0165ou +50 a\u017e -30 \u00b0C, maxim\u00e1lnou UV ochranou a certifik\u00e1ciou po\u017eiarnej ochrany sa plachta PRIME osved\u010duje ako spo\u013eahliv\u00e1 ochrana aj pre pou\u017eitie vo verejn\u00fdch priestoroch. Leskl\u00fd, hladk\u00fd vzh\u013ead je obzvl\u00e1\u0161\u0165 nen\u00e1ro\u010dn\u00fd na \u00fadr\u017ebu a \u013eahko sa \u010dist\u00ed.<\/span><\/h5>\n<h5 id=\"tw-target-rmn\" class=\"tw-data-placeholder tw-text-small tw-ta\" dir=\"ltr\"><img decoding=\"async\" class=\"aligncenter\" src=\"https:\/\/www.profizelt24.de\/media\/IMG-AMZ\/AMZ_0500x0800x300_EVER.jpg\" \/><\/h5>\n<\/div>\n","protected":false},"excerpt":{"rendered":"<ul>\n<li id=\"tw-target-text-container\" class=\"tw-ta-container F0azHf tw-nfl\" tabindex=\"0\">\n<h5 id=\"tw-target-text\" class=\"tw-data-text tw-text-large tw-ta\" dir=\"ltr\" data-placeholder=\"Preklad\"><span class=\"Y2IQFc\" lang=\"sk\">Kon\u0161trukcia \u0161picatej sedlovej strechy umo\u017e\u0148uje obzvl\u00e1\u0161\u0165 \u013eahk\u00fd odtok zr\u00e1\u017eok <\/span><\/h5>\n<\/li>\n<li class=\"tw-ta-container F0azHf tw-nfl\" tabindex=\"0\">\n<h5 id=\"tw-target-text\" class=\"tw-data-text tw-text-large tw-ta\" dir=\"ltr\" data-placeholder=\"Preklad\"><span class=\"Y2IQFc\" lang=\"sk\">Robustn\u00e1 a odoln\u00e1 br\u00e1na na zips na oboch koncoch \u0161t\u00edtu<\/span><\/h5>\n<\/li>\n<li class=\"tw-ta-container F0azHf tw-nfl\" tabindex=\"0\">\n<h5 id=\"tw-target-text\" class=\"tw-data-text tw-text-large tw-ta\" dir=\"ltr\" data-placeholder=\"Preklad\"><span class=\"Y2IQFc\" lang=\"sk\"> Oce\u013eov\u00e1 pozinkovan\u00e1 kon\u0161trukcia so z\u00e1rukou 10 rokov <\/span><\/h5>\n<\/li>\n<li class=\"tw-ta-container F0azHf tw-nfl\" tabindex=\"0\">\n<h5 id=\"tw-target-text\" class=\"tw-data-text tw-text-large tw-ta\" dir=\"ltr\" data-placeholder=\"Preklad\"><span class=\"Y2IQFc\" lang=\"sk\">Oh\u0148ovzdorn\u00e1, extr\u00e9mne robustn\u00e1 a \u0165a\u017ek\u00e1 prim\u00e1rna plachta s 5-ro\u010dnou z\u00e1rukou<\/span><\/h5>\n<\/li>\n<\/ul>\n","protected":false},"featured_media":1575,"comment_status":"open","ping_status":"closed","template":"","meta":{"_monsterinsights_skip_tracking":false,"_monsterinsights_sitenote_active":false,"_monsterinsights_sitenote_note":"","_monsterinsights_sitenote_category":0},"product_cat":[23],"product_tag":[148],"yoast_head":"<!-- This site is optimized with the Yoast SEO plugin v21.9 - https:\/\/yoast.com\/wordpress\/plugins\/seo\/ -->\n<title>EVEREST hala 5x8 - 3x3,4 720g\/m2 - Profisklad- najlacnej\u0161ie rie\u0161enie pre V\u00e1\u0161 sklad<\/title>\n<meta name=\"description\" content=\"Nedostatok lodn\u00fdch kontajnerov rie\u0161te pr\u00e1ve touto pevnou halou s garanciou dlhej \u017eivotnosti.Pevn\u00e1 plachta a ide\u00e1lny rozmer pre materi\u00e1l.\" \/>\n<meta name=\"robots\" content=\"index, follow, max-snippet:-1, max-image-preview:large, max-video-preview:-1\" \/>\n<link rel=\"canonical\" href=\"https:\/\/www.lacnekontajnery.sk\/eshop\/produkt\/everest-hala-5x8-3x34-720g-m2\/\" \/>\n<meta property=\"og:locale\" content=\"sk_SK\" \/>\n<meta property=\"og:type\" content=\"article\" \/>\n<meta property=\"og:title\" content=\"EVEREST hala 5x8 - 3x3,4 720g\/m2 - Profisklad- najlacnej\u0161ie rie\u0161enie pre V\u00e1\u0161 sklad\" \/>\n<meta property=\"og:description\" content=\"Nedostatok lodn\u00fdch kontajnerov rie\u0161te pr\u00e1ve touto pevnou halou s garanciou dlhej \u017eivotnosti.Pevn\u00e1 plachta a ide\u00e1lny rozmer pre materi\u00e1l.\" \/>\n<meta property=\"og:url\" content=\"https:\/\/www.lacnekontajnery.sk\/eshop\/produkt\/everest-hala-5x8-3x34-720g-m2\/\" \/>\n<meta property=\"og:site_name\" content=\"Profisklad- najlacnej\u0161ie rie\u0161enie pre V\u00e1\u0161 sklad\" \/>\n<meta property=\"article:modified_time\" content=\"2021-12-17T09:37:50+00:00\" \/>\n<meta property=\"og:image\" content=\"https:\/\/www.lacnekontajnery.sk\/eshop\/wp-content\/uploads\/2021\/12\/a-1.jpg\" \/>\n\t<meta property=\"og:image:width\" content=\"640\" \/>\n\t<meta property=\"og:image:height\" content=\"480\" \/>\n\t<meta property=\"og:image:type\" content=\"image\/jpeg\" \/>\n<meta name=\"twitter:card\" content=\"summary_large_image\" \/>\n<meta name=\"twitter:label1\" content=\"Predpokladan\u00fd \u010das \u010d\u00edtania\" \/>\n\t<meta name=\"twitter:data1\" content=\"1 min\u00fata\" \/>\n<script type=\"application\/ld+json\" class=\"yoast-schema-graph\">{\"@context\":\"https:\/\/schema.org\",\"@graph\":[{\"@type\":\"WebPage\",\"@id\":\"https:\/\/www.lacnekontajnery.sk\/eshop\/produkt\/everest-hala-5x8-3x34-720g-m2\/\",\"url\":\"https:\/\/www.lacnekontajnery.sk\/eshop\/produkt\/everest-hala-5x8-3x34-720g-m2\/\",\"name\":\"EVEREST hala 5x8 - 3x3,4 720g\/m2 - Profisklad- najlacnej\u0161ie rie\u0161enie pre V\u00e1\u0161 sklad\",\"isPartOf\":{\"@id\":\"https:\/\/www.lacnekontajnery.sk\/eshop\/#website\"},\"datePublished\":\"2021-12-17T09:31:45+00:00\",\"dateModified\":\"2021-12-17T09:37:50+00:00\",\"description\":\"Nedostatok lodn\u00fdch kontajnerov rie\u0161te pr\u00e1ve touto pevnou halou s garanciou dlhej \u017eivotnosti.Pevn\u00e1 plachta a ide\u00e1lny rozmer pre materi\u00e1l.\",\"breadcrumb\":{\"@id\":\"https:\/\/www.lacnekontajnery.sk\/eshop\/produkt\/everest-hala-5x8-3x34-720g-m2\/#breadcrumb\"},\"inLanguage\":\"sk-SK\",\"potentialAction\":[{\"@type\":\"ReadAction\",\"target\":[\"https:\/\/www.lacnekontajnery.sk\/eshop\/produkt\/everest-hala-5x8-3x34-720g-m2\/\"]}]},{\"@type\":\"BreadcrumbList\",\"@id\":\"https:\/\/www.lacnekontajnery.sk\/eshop\/produkt\/everest-hala-5x8-3x34-720g-m2\/#breadcrumb\",\"itemListElement\":[{\"@type\":\"ListItem\",\"position\":1,\"name\":\"Home\",\"item\":\"https:\/\/www.lacnekontajnery.sk\/eshop\/\"},{\"@type\":\"ListItem\",\"position\":2,\"name\":\"Obchod\",\"item\":\"https:\/\/www.lacnekontajnery.sk\/eshop\/obchod\/\"},{\"@type\":\"ListItem\",\"position\":3,\"name\":\"EVEREST hala 5&#215;8 &#8211; 3&#215;3,4 720g\/m2\"}]},{\"@type\":\"WebSite\",\"@id\":\"https:\/\/www.lacnekontajnery.sk\/eshop\/#website\",\"url\":\"https:\/\/www.lacnekontajnery.sk\/eshop\/\",\"name\":\"Profisklad- najlacnej\u0161ie rie\u0161enie pre V\u00e1\u0161 sklad\",\"description\":\"Profesion\u00e1lne sklady\",\"publisher\":{\"@id\":\"https:\/\/www.lacnekontajnery.sk\/eshop\/#organization\"},\"potentialAction\":[{\"@type\":\"SearchAction\",\"target\":{\"@type\":\"EntryPoint\",\"urlTemplate\":\"https:\/\/www.lacnekontajnery.sk\/eshop\/?s={search_term_string}\"},\"query-input\":\"required name=search_term_string\"}],\"inLanguage\":\"sk-SK\"},{\"@type\":\"Organization\",\"@id\":\"https:\/\/www.lacnekontajnery.sk\/eshop\/#organization\",\"name\":\"Profisklad- r\u00fdchle a lacn\u00e9 skladovanie\",\"url\":\"https:\/\/www.lacnekontajnery.sk\/eshop\/\",\"logo\":{\"@type\":\"ImageObject\",\"inLanguage\":\"sk-SK\",\"@id\":\"https:\/\/www.lacnekontajnery.sk\/eshop\/#\/schema\/logo\/image\/\",\"url\":\"https:\/\/www.lacnekontajnery.sk\/eshop\/wp-content\/uploads\/2020\/07\/facebook_cover_photo_1.png\",\"contentUrl\":\"https:\/\/www.lacnekontajnery.sk\/eshop\/wp-content\/uploads\/2020\/07\/facebook_cover_photo_1.png\",\"width\":1640,\"height\":624,\"caption\":\"Profisklad- r\u00fdchle a lacn\u00e9 skladovanie\"},\"image\":{\"@id\":\"https:\/\/www.lacnekontajnery.sk\/eshop\/#\/schema\/logo\/image\/\"}}]}<\/script>\n<!-- \/ Yoast SEO plugin. -->","yoast_head_json":{"title":"EVEREST hala 5x8 - 3x3,4 720g\/m2 - Profisklad- najlacnej\u0161ie rie\u0161enie pre V\u00e1\u0161 sklad","description":"Nedostatok lodn\u00fdch kontajnerov rie\u0161te pr\u00e1ve touto pevnou halou s garanciou dlhej \u017eivotnosti.Pevn\u00e1 plachta a ide\u00e1lny rozmer pre materi\u00e1l.","robots":{"index":"index","follow":"follow","max-snippet":"max-snippet:-1","max-image-preview":"max-image-preview:large","max-video-preview":"max-video-preview:-1"},"canonical":"https:\/\/www.lacnekontajnery.sk\/eshop\/produkt\/everest-hala-5x8-3x34-720g-m2\/","og_locale":"sk_SK","og_type":"article","og_title":"EVEREST hala 5x8 - 3x3,4 720g\/m2 - Profisklad- najlacnej\u0161ie rie\u0161enie pre V\u00e1\u0161 sklad","og_description":"Nedostatok lodn\u00fdch kontajnerov rie\u0161te pr\u00e1ve touto pevnou halou s garanciou dlhej \u017eivotnosti.Pevn\u00e1 plachta a ide\u00e1lny rozmer pre materi\u00e1l.","og_url":"https:\/\/www.lacnekontajnery.sk\/eshop\/produkt\/everest-hala-5x8-3x34-720g-m2\/","og_site_name":"Profisklad- najlacnej\u0161ie rie\u0161enie pre V\u00e1\u0161 sklad","article_modified_time":"2021-12-17T09:37:50+00:00","og_image":[{"width":640,"height":480,"url":"https:\/\/www.lacnekontajnery.sk\/eshop\/wp-content\/uploads\/2021\/12\/a-1.jpg","type":"image\/jpeg"}],"twitter_card":"summary_large_image","twitter_misc":{"Predpokladan\u00fd \u010das \u010d\u00edtania":"1 min\u00fata"},"schema":{"@context":"https:\/\/schema.org","@graph":[{"@type":"WebPage","@id":"https:\/\/www.lacnekontajnery.sk\/eshop\/produkt\/everest-hala-5x8-3x34-720g-m2\/","url":"https:\/\/www.lacnekontajnery.sk\/eshop\/produkt\/everest-hala-5x8-3x34-720g-m2\/","name":"EVEREST hala 5x8 - 3x3,4 720g\/m2 - Profisklad- najlacnej\u0161ie rie\u0161enie pre V\u00e1\u0161 sklad","isPartOf":{"@id":"https:\/\/www.lacnekontajnery.sk\/eshop\/#website"},"datePublished":"2021-12-17T09:31:45+00:00","dateModified":"2021-12-17T09:37:50+00:00","description":"Nedostatok lodn\u00fdch kontajnerov rie\u0161te pr\u00e1ve touto pevnou halou s garanciou dlhej \u017eivotnosti.Pevn\u00e1 plachta a ide\u00e1lny rozmer pre materi\u00e1l.","breadcrumb":{"@id":"https:\/\/www.lacnekontajnery.sk\/eshop\/produkt\/everest-hala-5x8-3x34-720g-m2\/#breadcrumb"},"inLanguage":"sk-SK","potentialAction":[{"@type":"ReadAction","target":["https:\/\/www.lacnekontajnery.sk\/eshop\/produkt\/everest-hala-5x8-3x34-720g-m2\/"]}]},{"@type":"BreadcrumbList","@id":"https:\/\/www.lacnekontajnery.sk\/eshop\/produkt\/everest-hala-5x8-3x34-720g-m2\/#breadcrumb","itemListElement":[{"@type":"ListItem","position":1,"name":"Home","item":"https:\/\/www.lacnekontajnery.sk\/eshop\/"},{"@type":"ListItem","position":2,"name":"Obchod","item":"https:\/\/www.lacnekontajnery.sk\/eshop\/obchod\/"},{"@type":"ListItem","position":3,"name":"EVEREST hala 5&#215;8 &#8211; 3&#215;3,4 720g\/m2"}]},{"@type":"WebSite","@id":"https:\/\/www.lacnekontajnery.sk\/eshop\/#website","url":"https:\/\/www.lacnekontajnery.sk\/eshop\/","name":"Profisklad- najlacnej\u0161ie rie\u0161enie pre V\u00e1\u0161 sklad","description":"Profesion\u00e1lne sklady","publisher":{"@id":"https:\/\/www.lacnekontajnery.sk\/eshop\/#organization"},"potentialAction":[{"@type":"SearchAction","target":{"@type":"EntryPoint","urlTemplate":"https:\/\/www.lacnekontajnery.sk\/eshop\/?s={search_term_string}"},"query-input":"required name=search_term_string"}],"inLanguage":"sk-SK"},{"@type":"Organization","@id":"https:\/\/www.lacnekontajnery.sk\/eshop\/#organization","name":"Profisklad- r\u00fdchle a lacn\u00e9 skladovanie","url":"https:\/\/www.lacnekontajnery.sk\/eshop\/","logo":{"@type":"ImageObject","inLanguage":"sk-SK","@id":"https:\/\/www.lacnekontajnery.sk\/eshop\/#\/schema\/logo\/image\/","url":"https:\/\/www.lacnekontajnery.sk\/eshop\/wp-content\/uploads\/2020\/07\/facebook_cover_photo_1.png","contentUrl":"https:\/\/www.lacnekontajnery.sk\/eshop\/wp-content\/uploads\/2020\/07\/facebook_cover_photo_1.png","width":1640,"height":624,"caption":"Profisklad- r\u00fdchle a lacn\u00e9 skladovanie"},"image":{"@id":"https:\/\/www.lacnekontajnery.sk\/eshop\/#\/schema\/logo\/image\/"}}]}},"jetpack_sharing_enabled":true,"_links":{"self":[{"href":"https:\/\/www.lacnekontajnery.sk\/eshop\/wp-json\/wp\/v2\/product\/1580"}],"collection":[{"href":"https:\/\/www.lacnekontajnery.sk\/eshop\/wp-json\/wp\/v2\/product"}],"about":[{"href":"https:\/\/www.lacnekontajnery.sk\/eshop\/wp-json\/wp\/v2\/types\/product"}],"replies":[{"embeddable":true,"href":"https:\/\/www.lacnekontajnery.sk\/eshop\/wp-json\/wp\/v2\/comments?post=1580"}],"wp:featuredmedia":[{"embeddable":true,"href":"https:\/\/www.lacnekontajnery.sk\/eshop\/wp-json\/wp\/v2\/media\/1575"}],"wp:attachment":[{"href":"https:\/\/www.lacnekontajnery.sk\/eshop\/wp-json\/wp\/v2\/media?parent=1580"}],"wp:term":[{"taxonomy":"product_cat","embeddable":true,"href":"https:\/\/www.lacnekontajnery.sk\/eshop\/wp-json\/wp\/v2\/product_cat?post=1580"},{"taxonomy":"product_tag","embeddable":true,"href":"https:\/\/www.lacnekontajnery.sk\/eshop\/wp-json\/wp\/v2\/product_tag?post=1580"}],"curies":[{"name":"wp","href":"https:\/\/api.w.org\/{rel}","templated":true}]}}