{"id":1626,"date":"2021-12-27T14:58:46","date_gmt":"2021-12-27T13:58:46","guid":{"rendered":"https:\/\/www.lacnekontajnery.sk\/eshop\/?post_type=product&#038;p=1626"},"modified":"2022-06-09T10:52:58","modified_gmt":"2022-06-09T08:52:58","slug":"party-stan-3x4-m-pvc-plachta-500-z-podlahovym-ramom-sedo-biely","status":"publish","type":"product","link":"https:\/\/www.lacnekontajnery.sk\/eshop\/produkt\/party-stan-3x4-m-pvc-plachta-500-z-podlahovym-ramom-sedo-biely\/","title":{"rendered":"P\u00e1rty stan 3&#215;4 m, PVC plachta 500, z podlahovym r\u00e1mom, \u0161edo-biely"},"content":{"rendered":"<h3 class=\"tps5-tag-bluedot\">1\u00a0Pevn\u00e9 oce\u013eov\u00e9 ty\u010de &#8211; optim\u00e1lne chr\u00e1nen\u00e9<\/h3>\n<p>V\u0161etky oce\u013eov\u00e9 r\u00fary s\u00fa plne pozinkovan\u00e9, a preto na rozdiel od povrchovej \u00fapravy ocele s pr\u00e1\u0161kov\u00fdm n\u00e1strekom nepon\u00fakaj\u00fa takmer \u017eiadny povrch pre napadnutie hrdzou.<\/p>\n<ul>\n<li>Oce\u013eov\u00e1 r\u00farkov\u00e1 spojka cca .: \u00d8 42 mm, hr\u00fabka steny 1,0 mm<\/li>\n<li>oce\u013eov\u00e9 plne pozinkovan\u00e9 r\u00fary cca .: \u00d8 38 mm, hr\u00fabka steny 0,9 mm<\/li>\n<li>Zliatina zinku chr\u00e1ni pred kor\u00f3ziou<\/li>\n<li>Oce\u013eov\u00e9 r\u00fary zu\u0161\u013eachten\u00e9 zvn\u00fatra aj zvonka<\/li>\n<li>Odoln\u00e9 vo\u010di n\u00e1razom a po\u0161kriabaniu<\/li>\n<\/ul>\n<h3 class=\"tps5-tag-bluedot\">2 Prevliekacie skrutky &#8211; bezpe\u010dn\u00e9 spojenie.<\/h3>\n<p>V\u010faka tejto stabilnej skrutkovej kon\u0161trukcii s\u00fa v\u0161etky kon\u0161truk\u010dn\u00e9 prvky navz\u00e1jom pevne spojen\u00e9 pomocou prevle\u010dn\u00e9ho skrutkov\u00e9ho spojenia.<\/p>\n<ul>\n<li>stabiln\u00fd<\/li>\n<li>necitliv\u00e9 a nen\u00e1ro\u010dn\u00e9 na \u00fadr\u017ebu<\/li>\n<li>v\u00fdrazne spev\u0148uje cel\u00fa kon\u0161trukciu<\/li>\n<li>Pou\u017eitie skrutiek so z\u00e1vitom s hr\u00fabkou 50 mm<\/li>\n<li>Upevnenie pomocou kr\u00eddlov\u00fdch mat\u00edc<\/li>\n<\/ul>\n<h3 class=\"tps5-tag-bluedot\">3\u00a0Nohy &#8211; bezpe\u010dne pripevnen\u00e9 dookola!<\/h3>\n<p>Ka\u017ed\u00e1 noha m\u00e1 samostatn\u00fd prvok chodidla.<\/p>\n<ul>\n<li>Priemer no\u017enej dosky cca 9,5 cm<\/li>\n<li>Bezpe\u010dne pripevnen\u00e9 zo v\u0161etk\u00fdch str\u00e1n pomocou kol\u00edkov<\/li>\n<\/ul>\n<h3 class=\"tps5-tag-bluedot\">4\u00a0Stre\u0161n\u00e1 plachta &#8211; 100% vodotesn\u00e1 v celom rozsahu<\/h3>\n<p>Nepretr\u017eit\u00e1 stre\u0161n\u00e1 plachta dr\u017e\u00ed kon\u0161trukciu pevne pohromade, a preto je d\u00f4le\u017eitou s\u00fa\u010das\u0165ou stability.<\/p>\n<ul>\n<li>\u0160vy s\u00fa zv\u00e1ran\u00e9 a nie \u0161it\u00e9<\/li>\n<li>Nemo\u017en\u00fd prienik vody<\/li>\n<li>Celoobvodov\u00fd stre\u0161n\u00fd drap\u00e1k pokr\u00fdva medzery a zastavuje prievan<\/li>\n<\/ul>\n<h3 class=\"tps5-tag-bluedot\">5 Podlahov\u00fd r\u00e1m &#8211; zais\u0165uje a fixuje<\/h3>\n<p>Podlahov\u00fd r\u00e1m je mo\u017en\u00e9 flexibilne in\u0161talova\u0165 do jednotliv\u00fdch prvkov.\u00a0Ne\u017eiaducemu nebezpe\u010denstvu zakopnutia vo vstupnom priestore mo\u017eno pred\u00eds\u0165 jednoduch\u00fdm vynechan\u00edm pr\u00edslu\u0161n\u00e9ho prvku a to bez ovplyvnenia stability.<\/p>\n<ul>\n<li>zais\u0165uje a fixuje nohy k zemi<\/li>\n<li>mnohon\u00e1sobne zvy\u0161uje stabilitu<\/li>\n<li>Je mo\u017en\u00e9 k nemu pripevni\u0165 bo\u010dn\u00e9 diely<\/li>\n<li>zni\u017euje ne\u017eiaduce pohyby plachty<\/li>\n<\/ul>\n<h3 class=\"tps5-tag-bluedot\">6 Bo\u010dn\u00e9 a \u0161t\u00edtov\u00e9 steny &#8211; r\u00fdchlo in\u0161talovan\u00e9<\/h3>\n<p>Priebe\u017en\u00e9 bo\u010dn\u00e9 steny prech\u00e1dzaj\u00fa ako jeden kus cez cel\u00fa stranu a m\u00f4\u017eu by\u0165 in\u0161talovan\u00e9 obzvl\u00e1\u0161\u0165 r\u00fdchlo a jednoducho.<\/p>\n<ul>\n<li>Boky s ve\u013ek\u00fdmi oknami v obl\u00fakovej optike<\/li>\n<li>Upevnenie pomocou bungees na ty\u010di<\/li>\n<li>Presahuj\u00faca strecha a \u0161t\u00edtov\u00e1 plachta zabra\u0148uj\u00fa prievanu<\/li>\n<li>\u0160t\u00edtov\u00e1 strana ka\u017ed\u00e1 so vstupom, ktor\u00fd sa d\u00e1 zrolova\u0165<\/li>\n<\/ul>\n<p>&nbsp;<\/p>\n<h2>7 Rozmery<\/h2>\n<table class=\"table table-condensed table-striped\">\n<thead>\n<tr>\n<th>ozna\u010denie<\/th>\n<th>Rozmery<\/th>\n<\/tr>\n<\/thead>\n<tbody>\n<tr>\n<td>Miesto na zemi<\/td>\n<td>3 x 4 m &#8211; 12,00 m\u00b2<\/td>\n<\/tr>\n<tr>\n<td>V\u00fd\u0161ka strany<\/td>\n<td>cca 2,0 m<\/td>\n<\/tr>\n<tr>\n<td>V\u00fd\u0161ka hrebe\u0148a<\/td>\n<td>cca 2,9 m<\/td>\n<\/tr>\n<tr>\n<td>Vchod 1<\/td>\n<td>cca 2,0 x 2,0 m<\/td>\n<\/tr>\n<tr>\n<td>Vchod 2<\/td>\n<td>cca 1,0 x 2,0 m<\/td>\n<\/tr>\n<tr>\n<td>Bo\u010dn\u00e1 \u010das\u0165<\/td>\n<td>cca 2 x 2 m<\/td>\n<\/tr>\n<tr>\n<td>\u00dadaje o balen\u00ed<\/td>\n<td>\n<ul class=\"tps5-cpn-floatlist tps5-cpn-floatlist-expanded\">\n<li title=\"mno\u017estvo bal\u00edkov\">\u00a04 baliki<\/li>\n<li title=\"Najdlh\u0161ia strana\">\u00a0196 cm<\/li>\n<li title=\"Celkov\u00e1 v\u00e1ha\">\u00a085 k<\/li>\n<\/ul>\n<\/td>\n<\/tr>\n<\/tbody>\n<\/table>\n","protected":false},"excerpt":{"rendered":"<h2>P\u00e1rty stan s PVC plachtou: stabiln\u00fd a robustn\u00fd<\/h2>\n<p>Tento\u00a0<a class=\"blue\" href=\"https:\/\/www.profizelt24.de\/Partyzelte-Pavillon\">p\u00e1rty stan<\/a>\u00a0m\u00e1 plne pozinkovan\u00fd nerezov\u00fd r\u00e1m s podlahov\u00fdm r\u00e1mom a dodato\u010dnou v\u00fdstu\u017eou strechy.\u00a0Plachty vyroben\u00e9 z cca 500 g \/ m\u00b2 \u00a0\u0165a\u017ek\u00e9ho PVC maj\u00fa robustn\u00fa vn\u00fatorn\u00fa mrie\u017ekov\u00fa tkaninu, vysok\u00fd slne\u010dn\u00fd ochrann\u00fd faktor 80+, s\u00fa extr\u00e9mne odoln\u00e9, odoln\u00e9 vo\u010di poveternostn\u00fdm vplyvom a 100% vodotesn\u00e9.\u00a0Bo\u010dn\u00e9 diely je mo\u017en\u00e9 pripevni\u0165 jednotlivo vo vzdialenosti 2 m a umo\u017e\u0148uj\u00fa tak ve\u013ea kon\u0161truk\u010dn\u00fdch variantov.\u00a0Tento robustn\u00fd, stabiln\u00fd p\u00e1rty stan je mo\u017en\u00e9 pou\u017e\u00edva\u0165 aj po\u010das cel\u00e9ho roka.\u00a0Pre tento mark\u00edz pon\u00fakame\u00a0<strong>10-ro\u010dn\u00fa z\u00e1ruku na n\u00e1kup n\u00e1hradn\u00fdch dielov<\/strong>\u00a0od d\u00e1tumu n\u00e1kupu.<\/p>\n","protected":false},"featured_media":0,"comment_status":"open","ping_status":"closed","template":"","meta":{"_monsterinsights_skip_tracking":false,"_monsterinsights_sitenote_active":false,"_monsterinsights_sitenote_note":"","_monsterinsights_sitenote_category":0},"product_cat":[17],"product_tag":[163],"yoast_head":"<!-- This site is optimized with the Yoast SEO plugin v21.9 - https:\/\/yoast.com\/wordpress\/plugins\/seo\/ -->\n<title>P\u00e1rty stan 3x4 m, PVC plachta 500, z podlahovym r\u00e1mom, \u0161edo-biely - Profisklad- najlacnej\u0161ie rie\u0161enie pre V\u00e1\u0161 sklad<\/title>\n<meta name=\"robots\" content=\"index, follow, max-snippet:-1, max-image-preview:large, max-video-preview:-1\" \/>\n<link rel=\"canonical\" href=\"https:\/\/www.lacnekontajnery.sk\/eshop\/produkt\/party-stan-3x4-m-pvc-plachta-500-z-podlahovym-ramom-sedo-biely\/\" \/>\n<meta property=\"og:locale\" content=\"sk_SK\" \/>\n<meta property=\"og:type\" content=\"article\" \/>\n<meta property=\"og:title\" content=\"P\u00e1rty stan 3x4 m, PVC plachta 500, z podlahovym r\u00e1mom, \u0161edo-biely - Profisklad- najlacnej\u0161ie rie\u0161enie pre V\u00e1\u0161 sklad\" \/>\n<meta property=\"og:description\" content=\"P\u00e1rty stan s PVC plachtou: stabiln\u00fd a robustn\u00fd Tento\u00a0p\u00e1rty stan\u00a0m\u00e1 plne pozinkovan\u00fd nerezov\u00fd r\u00e1m s podlahov\u00fdm r\u00e1mom a dodato\u010dnou v\u00fdstu\u017eou strechy.\u00a0Plachty vyroben\u00e9 z cca 500 g \/ m\u00b2 \u00a0\u0165a\u017ek\u00e9ho PVC maj\u00fa robustn\u00fa vn\u00fatorn\u00fa mrie\u017ekov\u00fa tkaninu, vysok\u00fd slne\u010dn\u00fd ochrann\u00fd faktor 80+, s\u00fa extr\u00e9mne odoln\u00e9, odoln\u00e9 vo\u010di poveternostn\u00fdm vplyvom a 100% vodotesn\u00e9.\u00a0Bo\u010dn\u00e9 diely je mo\u017en\u00e9 pripevni\u0165 jednotlivo vo vzdialenosti 2 m a umo\u017e\u0148uj\u00fa tak ve\u013ea kon\u0161truk\u010dn\u00fdch variantov.\u00a0Tento robustn\u00fd, stabiln\u00fd p\u00e1rty stan je mo\u017en\u00e9 pou\u017e\u00edva\u0165 aj po\u010das cel\u00e9ho roka.\u00a0Pre tento mark\u00edz pon\u00fakame\u00a010-ro\u010dn\u00fa z\u00e1ruku na n\u00e1kup n\u00e1hradn\u00fdch dielov\u00a0od d\u00e1tumu n\u00e1kupu.\" \/>\n<meta property=\"og:url\" content=\"https:\/\/www.lacnekontajnery.sk\/eshop\/produkt\/party-stan-3x4-m-pvc-plachta-500-z-podlahovym-ramom-sedo-biely\/\" \/>\n<meta property=\"og:site_name\" content=\"Profisklad- najlacnej\u0161ie rie\u0161enie pre V\u00e1\u0161 sklad\" \/>\n<meta property=\"article:modified_time\" content=\"2022-06-09T08:52:58+00:00\" \/>\n<meta name=\"twitter:card\" content=\"summary_large_image\" \/>\n<meta name=\"twitter:label1\" content=\"Predpokladan\u00fd \u010das \u010d\u00edtania\" \/>\n\t<meta name=\"twitter:data1\" content=\"2 min\u00faty\" \/>\n<script type=\"application\/ld+json\" class=\"yoast-schema-graph\">{\"@context\":\"https:\/\/schema.org\",\"@graph\":[{\"@type\":\"WebPage\",\"@id\":\"https:\/\/www.lacnekontajnery.sk\/eshop\/produkt\/party-stan-3x4-m-pvc-plachta-500-z-podlahovym-ramom-sedo-biely\/\",\"url\":\"https:\/\/www.lacnekontajnery.sk\/eshop\/produkt\/party-stan-3x4-m-pvc-plachta-500-z-podlahovym-ramom-sedo-biely\/\",\"name\":\"P\u00e1rty stan 3x4 m, PVC plachta 500, z podlahovym r\u00e1mom, \u0161edo-biely - Profisklad- najlacnej\u0161ie rie\u0161enie pre V\u00e1\u0161 sklad\",\"isPartOf\":{\"@id\":\"https:\/\/www.lacnekontajnery.sk\/eshop\/#website\"},\"datePublished\":\"2021-12-27T13:58:46+00:00\",\"dateModified\":\"2022-06-09T08:52:58+00:00\",\"breadcrumb\":{\"@id\":\"https:\/\/www.lacnekontajnery.sk\/eshop\/produkt\/party-stan-3x4-m-pvc-plachta-500-z-podlahovym-ramom-sedo-biely\/#breadcrumb\"},\"inLanguage\":\"sk-SK\",\"potentialAction\":[{\"@type\":\"ReadAction\",\"target\":[\"https:\/\/www.lacnekontajnery.sk\/eshop\/produkt\/party-stan-3x4-m-pvc-plachta-500-z-podlahovym-ramom-sedo-biely\/\"]}]},{\"@type\":\"BreadcrumbList\",\"@id\":\"https:\/\/www.lacnekontajnery.sk\/eshop\/produkt\/party-stan-3x4-m-pvc-plachta-500-z-podlahovym-ramom-sedo-biely\/#breadcrumb\",\"itemListElement\":[{\"@type\":\"ListItem\",\"position\":1,\"name\":\"Home\",\"item\":\"https:\/\/www.lacnekontajnery.sk\/eshop\/\"},{\"@type\":\"ListItem\",\"position\":2,\"name\":\"Obchod\",\"item\":\"https:\/\/www.lacnekontajnery.sk\/eshop\/obchod\/\"},{\"@type\":\"ListItem\",\"position\":3,\"name\":\"P\u00e1rty stan 3&#215;4 m, PVC plachta 500, z podlahovym r\u00e1mom, \u0161edo-biely\"}]},{\"@type\":\"WebSite\",\"@id\":\"https:\/\/www.lacnekontajnery.sk\/eshop\/#website\",\"url\":\"https:\/\/www.lacnekontajnery.sk\/eshop\/\",\"name\":\"Profisklad- najlacnej\u0161ie rie\u0161enie pre V\u00e1\u0161 sklad\",\"description\":\"Profesion\u00e1lne sklady\",\"publisher\":{\"@id\":\"https:\/\/www.lacnekontajnery.sk\/eshop\/#organization\"},\"potentialAction\":[{\"@type\":\"SearchAction\",\"target\":{\"@type\":\"EntryPoint\",\"urlTemplate\":\"https:\/\/www.lacnekontajnery.sk\/eshop\/?s={search_term_string}\"},\"query-input\":\"required name=search_term_string\"}],\"inLanguage\":\"sk-SK\"},{\"@type\":\"Organization\",\"@id\":\"https:\/\/www.lacnekontajnery.sk\/eshop\/#organization\",\"name\":\"Profisklad- r\u00fdchle a lacn\u00e9 skladovanie\",\"url\":\"https:\/\/www.lacnekontajnery.sk\/eshop\/\",\"logo\":{\"@type\":\"ImageObject\",\"inLanguage\":\"sk-SK\",\"@id\":\"https:\/\/www.lacnekontajnery.sk\/eshop\/#\/schema\/logo\/image\/\",\"url\":\"https:\/\/www.lacnekontajnery.sk\/eshop\/wp-content\/uploads\/2020\/07\/facebook_cover_photo_1.png\",\"contentUrl\":\"https:\/\/www.lacnekontajnery.sk\/eshop\/wp-content\/uploads\/2020\/07\/facebook_cover_photo_1.png\",\"width\":1640,\"height\":624,\"caption\":\"Profisklad- r\u00fdchle a lacn\u00e9 skladovanie\"},\"image\":{\"@id\":\"https:\/\/www.lacnekontajnery.sk\/eshop\/#\/schema\/logo\/image\/\"}}]}<\/script>\n<!-- \/ Yoast SEO plugin. -->","yoast_head_json":{"title":"P\u00e1rty stan 3x4 m, PVC plachta 500, z podlahovym r\u00e1mom, \u0161edo-biely - Profisklad- najlacnej\u0161ie rie\u0161enie pre V\u00e1\u0161 sklad","robots":{"index":"index","follow":"follow","max-snippet":"max-snippet:-1","max-image-preview":"max-image-preview:large","max-video-preview":"max-video-preview:-1"},"canonical":"https:\/\/www.lacnekontajnery.sk\/eshop\/produkt\/party-stan-3x4-m-pvc-plachta-500-z-podlahovym-ramom-sedo-biely\/","og_locale":"sk_SK","og_type":"article","og_title":"P\u00e1rty stan 3x4 m, PVC plachta 500, z podlahovym r\u00e1mom, \u0161edo-biely - Profisklad- najlacnej\u0161ie rie\u0161enie pre V\u00e1\u0161 sklad","og_description":"P\u00e1rty stan s PVC plachtou: stabiln\u00fd a robustn\u00fd Tento\u00a0p\u00e1rty stan\u00a0m\u00e1 plne pozinkovan\u00fd nerezov\u00fd r\u00e1m s podlahov\u00fdm r\u00e1mom a dodato\u010dnou v\u00fdstu\u017eou strechy.\u00a0Plachty vyroben\u00e9 z cca 500 g \/ m\u00b2 \u00a0\u0165a\u017ek\u00e9ho PVC maj\u00fa robustn\u00fa vn\u00fatorn\u00fa mrie\u017ekov\u00fa tkaninu, vysok\u00fd slne\u010dn\u00fd ochrann\u00fd faktor 80+, s\u00fa extr\u00e9mne odoln\u00e9, odoln\u00e9 vo\u010di poveternostn\u00fdm vplyvom a 100% vodotesn\u00e9.\u00a0Bo\u010dn\u00e9 diely je mo\u017en\u00e9 pripevni\u0165 jednotlivo vo vzdialenosti 2 m a umo\u017e\u0148uj\u00fa tak ve\u013ea kon\u0161truk\u010dn\u00fdch variantov.\u00a0Tento robustn\u00fd, stabiln\u00fd p\u00e1rty stan je mo\u017en\u00e9 pou\u017e\u00edva\u0165 aj po\u010das cel\u00e9ho roka.\u00a0Pre tento mark\u00edz pon\u00fakame\u00a010-ro\u010dn\u00fa z\u00e1ruku na n\u00e1kup n\u00e1hradn\u00fdch dielov\u00a0od d\u00e1tumu n\u00e1kupu.","og_url":"https:\/\/www.lacnekontajnery.sk\/eshop\/produkt\/party-stan-3x4-m-pvc-plachta-500-z-podlahovym-ramom-sedo-biely\/","og_site_name":"Profisklad- najlacnej\u0161ie rie\u0161enie pre V\u00e1\u0161 sklad","article_modified_time":"2022-06-09T08:52:58+00:00","twitter_card":"summary_large_image","twitter_misc":{"Predpokladan\u00fd \u010das \u010d\u00edtania":"2 min\u00faty"},"schema":{"@context":"https:\/\/schema.org","@graph":[{"@type":"WebPage","@id":"https:\/\/www.lacnekontajnery.sk\/eshop\/produkt\/party-stan-3x4-m-pvc-plachta-500-z-podlahovym-ramom-sedo-biely\/","url":"https:\/\/www.lacnekontajnery.sk\/eshop\/produkt\/party-stan-3x4-m-pvc-plachta-500-z-podlahovym-ramom-sedo-biely\/","name":"P\u00e1rty stan 3x4 m, PVC plachta 500, z podlahovym r\u00e1mom, \u0161edo-biely - Profisklad- najlacnej\u0161ie rie\u0161enie pre V\u00e1\u0161 sklad","isPartOf":{"@id":"https:\/\/www.lacnekontajnery.sk\/eshop\/#website"},"datePublished":"2021-12-27T13:58:46+00:00","dateModified":"2022-06-09T08:52:58+00:00","breadcrumb":{"@id":"https:\/\/www.lacnekontajnery.sk\/eshop\/produkt\/party-stan-3x4-m-pvc-plachta-500-z-podlahovym-ramom-sedo-biely\/#breadcrumb"},"inLanguage":"sk-SK","potentialAction":[{"@type":"ReadAction","target":["https:\/\/www.lacnekontajnery.sk\/eshop\/produkt\/party-stan-3x4-m-pvc-plachta-500-z-podlahovym-ramom-sedo-biely\/"]}]},{"@type":"BreadcrumbList","@id":"https:\/\/www.lacnekontajnery.sk\/eshop\/produkt\/party-stan-3x4-m-pvc-plachta-500-z-podlahovym-ramom-sedo-biely\/#breadcrumb","itemListElement":[{"@type":"ListItem","position":1,"name":"Home","item":"https:\/\/www.lacnekontajnery.sk\/eshop\/"},{"@type":"ListItem","position":2,"name":"Obchod","item":"https:\/\/www.lacnekontajnery.sk\/eshop\/obchod\/"},{"@type":"ListItem","position":3,"name":"P\u00e1rty stan 3&#215;4 m, PVC plachta 500, z podlahovym r\u00e1mom, \u0161edo-biely"}]},{"@type":"WebSite","@id":"https:\/\/www.lacnekontajnery.sk\/eshop\/#website","url":"https:\/\/www.lacnekontajnery.sk\/eshop\/","name":"Profisklad- najlacnej\u0161ie rie\u0161enie pre V\u00e1\u0161 sklad","description":"Profesion\u00e1lne sklady","publisher":{"@id":"https:\/\/www.lacnekontajnery.sk\/eshop\/#organization"},"potentialAction":[{"@type":"SearchAction","target":{"@type":"EntryPoint","urlTemplate":"https:\/\/www.lacnekontajnery.sk\/eshop\/?s={search_term_string}"},"query-input":"required name=search_term_string"}],"inLanguage":"sk-SK"},{"@type":"Organization","@id":"https:\/\/www.lacnekontajnery.sk\/eshop\/#organization","name":"Profisklad- r\u00fdchle a lacn\u00e9 skladovanie","url":"https:\/\/www.lacnekontajnery.sk\/eshop\/","logo":{"@type":"ImageObject","inLanguage":"sk-SK","@id":"https:\/\/www.lacnekontajnery.sk\/eshop\/#\/schema\/logo\/image\/","url":"https:\/\/www.lacnekontajnery.sk\/eshop\/wp-content\/uploads\/2020\/07\/facebook_cover_photo_1.png","contentUrl":"https:\/\/www.lacnekontajnery.sk\/eshop\/wp-content\/uploads\/2020\/07\/facebook_cover_photo_1.png","width":1640,"height":624,"caption":"Profisklad- r\u00fdchle a lacn\u00e9 skladovanie"},"image":{"@id":"https:\/\/www.lacnekontajnery.sk\/eshop\/#\/schema\/logo\/image\/"}}]}},"jetpack_sharing_enabled":true,"_links":{"self":[{"href":"https:\/\/www.lacnekontajnery.sk\/eshop\/wp-json\/wp\/v2\/product\/1626"}],"collection":[{"href":"https:\/\/www.lacnekontajnery.sk\/eshop\/wp-json\/wp\/v2\/product"}],"about":[{"href":"https:\/\/www.lacnekontajnery.sk\/eshop\/wp-json\/wp\/v2\/types\/product"}],"replies":[{"embeddable":true,"href":"https:\/\/www.lacnekontajnery.sk\/eshop\/wp-json\/wp\/v2\/comments?post=1626"}],"wp:attachment":[{"href":"https:\/\/www.lacnekontajnery.sk\/eshop\/wp-json\/wp\/v2\/media?parent=1626"}],"wp:term":[{"taxonomy":"product_cat","embeddable":true,"href":"https:\/\/www.lacnekontajnery.sk\/eshop\/wp-json\/wp\/v2\/product_cat?post=1626"},{"taxonomy":"product_tag","embeddable":true,"href":"https:\/\/www.lacnekontajnery.sk\/eshop\/wp-json\/wp\/v2\/product_tag?post=1626"}],"curies":[{"name":"wp","href":"https:\/\/api.w.org\/{rel}","templated":true}]}}