{"id":1669,"date":"2021-12-29T14:03:19","date_gmt":"2021-12-29T13:03:19","guid":{"rendered":"https:\/\/www.lacnekontajnery.sk\/eshop\/?post_type=product&#038;p=1669"},"modified":"2023-04-11T14:06:19","modified_gmt":"2023-04-11T12:06:19","slug":"velmi-stabilna-kruhova-oblukova-hala-122m-x-12m-x-61m-pe-720-g-m%c2%b2-biela","status":"publish","type":"product","link":"https:\/\/www.lacnekontajnery.sk\/eshop\/produkt\/velmi-stabilna-kruhova-oblukova-hala-122m-x-12m-x-61m-pe-720-g-m%c2%b2-biela\/","title":{"rendered":"Ve\u013emi stabiln\u00e1 kruhov\u00e1 obl\u00fakov\u00e1 hala  12,2m x 21m x 6,1m \/ 1,5m rozp\u00e4tie noh- PE 720 g \/ m\u00b2 biela"},"content":{"rendered":"<ul class=\"bullit\">\n<li class=\"bullit-item\"><strong>DIN EN 1990<\/strong><\/li>\n<li class=\"bullit-item\"><strong>DIN EN 1991<\/strong><\/li>\n<li class=\"bullit-item\"><strong>DIN EN 1993<\/strong><\/li>\n<li>\n<h5 id=\"tw-target-text\" class=\"tw-data-text tw-text-large tw-ta\" dir=\"ltr\" data-placeholder=\"Preklad\"><span class=\"Y2IQFc\" lang=\"sk\">T\u00e1to cca 12,20 m x 21,00 m ve\u013ek\u00e1 obl\u00fakov\u00e1 hala je staticky rie\u0161en\u00e1 a znesie vysok\u00e9 za\u0165a\u017eenie. Oce\u013eov\u00e1 kon\u0161trukcia pozost\u00e1va zo \u017eiarovo pozinkovan\u00fdch oce\u013eov\u00fdch komponentov odoln\u00fdch vo\u010di kor\u00f3zii, ktor\u00e9 s\u00fa navz\u00e1jom zoskrutkovan\u00e9. Prvky kruhov\u00e9ho obl\u00faka pozost\u00e1vaj\u00fa z pevn\u00fdch priehradov\u00fdch nosn\u00edkov, ktor\u00e9 sa skladaj\u00fa z dvoch r\u00farok s nieko\u013ek\u00fdmi prie\u010dnymi v\u00fdstuhami. Priehradov\u00e9 nosn\u00edky s\u00fa od seba vzdialen\u00e9 1,5 m. Pou\u017eit\u00fd materi\u00e1l plachty je najmodernej\u0161\u00ed materi\u00e1l Prime PVC vyroben\u00fd procesom odlievania. Tento \u0165a\u017ek\u00fd PVC materi\u00e1l s hmotnos\u0165ou cca 720 g \/ m\u00b2 20 je odoln\u00fd vo\u010di vplyvom prostredia a odol\u00e1va extr\u00e9mnym teplotn\u00fdm v\u00fdkyvom od -30 do +50 stup\u0148ov Celzia. Je 9x odolnej\u0161\u00ed vo\u010di roztrhnutiu ako be\u017en\u00fd PVC materi\u00e1l. Trojdielna plachta pozost\u00e1va z priebe\u017enej stre\u0161nej plachty, ktor\u00e1 prech\u00e1dza cez boky a dvoch \u0161t\u00edtov\u00fdch stien. Ka\u017ed\u00e1 \u0161t\u00edtov\u00e1 stena m\u00e1 ve\u013ek\u00fa mechanicky otv\u00e1rate\u013en\u00fa br\u00e1nu a vstup pre pe\u0161\u00edch na zips. Plachty s\u00fa pevne pripevnen\u00e9 k r\u00e1mu sofistikovan\u00fdm syst\u00e9mom nap\u00ednania. Zimovzdorn\u00e1 obl\u00fakov\u00e1 hala je vyu\u017eite\u013en\u00e1 celoro\u010dne a vyzna\u010duje sa vysokou \u017eivotnos\u0165ou a v\u00fdbornou stabilitou. Zaoblen\u00fd tvar haly tie\u017e tlm\u00ed p\u00f4sobenie sily a umo\u017e\u0148uje \u013eahk\u00fd odtok zr\u00e1\u017eok.<\/span><\/h5>\n<\/li>\n<\/ul>\n<ul>\n<li style=\"list-style-type: none;\"><\/li>\n<\/ul>\n<p><img decoding=\"async\" class=\"aligncenter\" src=\"https:\/\/cdn.profizelt24.de\/\/media\/IMG-AMZ\/RBH-12,2x21_1,5m.jpg\" \/><\/p>\n","protected":false},"excerpt":{"rendered":"<ul>\n<li id=\"tw-target-text-container\" class=\"tw-ta-container F0azHf tw-nfl\" tabindex=\"0\">\n<h5 id=\"tw-target-text\" class=\"tw-data-text tw-text-large tw-ta\" dir=\"ltr\" data-placeholder=\"Preklad\"><span class=\"Y2IQFc\" lang=\"sk\">Kon\u0161trukcia \u0161picatej sedlovej strechy umo\u017e\u0148uje obzvl\u00e1\u0161\u0165 \u013eahk\u00fd odtok zr\u00e1\u017eok <\/span><\/h5>\n<\/li>\n<li class=\"tw-ta-container F0azHf tw-nfl\" tabindex=\"0\">\n<h5 id=\"tw-target-text\" class=\"tw-data-text tw-text-large tw-ta\" dir=\"ltr\" data-placeholder=\"Preklad\"><span class=\"Y2IQFc\" lang=\"sk\">Robustn\u00e1 a odoln\u00e1 br\u00e1na na zips na oboch koncoch \u0161t\u00edtu<\/span><\/h5>\n<\/li>\n<li class=\"tw-ta-container F0azHf tw-nfl\" tabindex=\"0\">\n<h5 id=\"tw-target-text\" class=\"tw-data-text tw-text-large tw-ta\" dir=\"ltr\" data-placeholder=\"Preklad\"><span class=\"Y2IQFc\" lang=\"sk\"> Oce\u013eov\u00e1 pozinkovan\u00e1 kon\u0161trukcia so z\u00e1rukou 10 rokov <\/span><\/h5>\n<\/li>\n<li class=\"tw-ta-container F0azHf tw-nfl\" tabindex=\"0\">\n<h5 id=\"tw-target-text\" class=\"tw-data-text tw-text-large tw-ta\" dir=\"ltr\" data-placeholder=\"Preklad\"><span class=\"Y2IQFc\" lang=\"sk\">Oh\u0148ovzdorn\u00e1, extr\u00e9mne robustn\u00e1 a \u0165a\u017ek\u00e1 prim\u00e1rna plachta s 5-ro\u010dnou z\u00e1rukou<\/span><\/h5>\n<\/li>\n<\/ul>\n","protected":false},"featured_media":1679,"comment_status":"open","ping_status":"closed","template":"","meta":{"_monsterinsights_skip_tracking":false,"_monsterinsights_sitenote_active":false,"_monsterinsights_sitenote_note":"","_monsterinsights_sitenote_category":0},"product_cat":[23],"product_tag":[171],"yoast_head":"<!-- This site is optimized with the Yoast SEO plugin v21.9 - https:\/\/yoast.com\/wordpress\/plugins\/seo\/ -->\n<title>Ve\u013emi stabiln\u00e1 kruhov\u00e1 obl\u00fakov\u00e1 hala 12,2m x 21m x 6,1m \/ 1,5m rozp\u00e4tie noh- PE 720 g \/ m\u00b2 biela - Profisklad- najlacnej\u0161ie rie\u0161enie pre V\u00e1\u0161 sklad<\/title>\n<meta name=\"description\" content=\"Nedostatok lodn\u00fdch kontajnerov rie\u0161te pr\u00e1ve touto pevnou halou s garanciou dlhej \u017eivotnosti.Pevn\u00e1 plachta a ide\u00e1lny rozmer pre materi\u00e1l.\" \/>\n<meta name=\"robots\" content=\"index, follow, max-snippet:-1, max-image-preview:large, max-video-preview:-1\" \/>\n<link rel=\"canonical\" href=\"https:\/\/www.lacnekontajnery.sk\/eshop\/produkt\/velmi-stabilna-kruhova-oblukova-hala-122m-x-12m-x-61m-pe-720-g-m\u00b2-biela\/\" \/>\n<meta property=\"og:locale\" content=\"sk_SK\" \/>\n<meta property=\"og:type\" content=\"article\" \/>\n<meta property=\"og:title\" content=\"Ve\u013emi stabiln\u00e1 kruhov\u00e1 obl\u00fakov\u00e1 hala 12,2m x 21m x 6,1m \/ 1,5m rozp\u00e4tie noh- PE 720 g \/ m\u00b2 biela - Profisklad- najlacnej\u0161ie rie\u0161enie pre V\u00e1\u0161 sklad\" \/>\n<meta property=\"og:description\" content=\"Nedostatok lodn\u00fdch kontajnerov rie\u0161te pr\u00e1ve touto pevnou halou s garanciou dlhej \u017eivotnosti.Pevn\u00e1 plachta a ide\u00e1lny rozmer pre materi\u00e1l.\" \/>\n<meta property=\"og:url\" content=\"https:\/\/www.lacnekontajnery.sk\/eshop\/produkt\/velmi-stabilna-kruhova-oblukova-hala-122m-x-12m-x-61m-pe-720-g-m\u00b2-biela\/\" \/>\n<meta property=\"og:site_name\" content=\"Profisklad- najlacnej\u0161ie rie\u0161enie pre V\u00e1\u0161 sklad\" \/>\n<meta property=\"article:modified_time\" content=\"2023-04-11T12:06:19+00:00\" \/>\n<meta property=\"og:image\" content=\"https:\/\/www.lacnekontajnery.sk\/eshop\/wp-content\/uploads\/2021\/12\/Screenshot-2021-12-29-at-14-01-22-Rundbogenhalle-mit-Fachwerk-Konstruktion-122m-x-12m-x-61m-Beinabstand-15m-PVC-720...-1.jpg\" \/>\n\t<meta property=\"og:image:width\" content=\"600\" \/>\n\t<meta property=\"og:image:height\" content=\"450\" \/>\n\t<meta property=\"og:image:type\" content=\"image\/jpeg\" \/>\n<meta name=\"twitter:card\" content=\"summary_large_image\" \/>\n<meta name=\"twitter:label1\" content=\"Predpokladan\u00fd \u010das \u010d\u00edtania\" \/>\n\t<meta name=\"twitter:data1\" content=\"1 min\u00fata\" \/>\n<script type=\"application\/ld+json\" class=\"yoast-schema-graph\">{\"@context\":\"https:\/\/schema.org\",\"@graph\":[{\"@type\":\"WebPage\",\"@id\":\"https:\/\/www.lacnekontajnery.sk\/eshop\/produkt\/velmi-stabilna-kruhova-oblukova-hala-122m-x-12m-x-61m-pe-720-g-m%c2%b2-biela\/\",\"url\":\"https:\/\/www.lacnekontajnery.sk\/eshop\/produkt\/velmi-stabilna-kruhova-oblukova-hala-122m-x-12m-x-61m-pe-720-g-m%c2%b2-biela\/\",\"name\":\"Ve\u013emi stabiln\u00e1 kruhov\u00e1 obl\u00fakov\u00e1 hala 12,2m x 21m x 6,1m \/ 1,5m rozp\u00e4tie noh- PE 720 g \/ m\u00b2 biela - Profisklad- najlacnej\u0161ie rie\u0161enie pre V\u00e1\u0161 sklad\",\"isPartOf\":{\"@id\":\"https:\/\/www.lacnekontajnery.sk\/eshop\/#website\"},\"datePublished\":\"2021-12-29T13:03:19+00:00\",\"dateModified\":\"2023-04-11T12:06:19+00:00\",\"description\":\"Nedostatok lodn\u00fdch kontajnerov rie\u0161te pr\u00e1ve touto pevnou halou s garanciou dlhej \u017eivotnosti.Pevn\u00e1 plachta a ide\u00e1lny rozmer pre materi\u00e1l.\",\"breadcrumb\":{\"@id\":\"https:\/\/www.lacnekontajnery.sk\/eshop\/produkt\/velmi-stabilna-kruhova-oblukova-hala-122m-x-12m-x-61m-pe-720-g-m%c2%b2-biela\/#breadcrumb\"},\"inLanguage\":\"sk-SK\",\"potentialAction\":[{\"@type\":\"ReadAction\",\"target\":[\"https:\/\/www.lacnekontajnery.sk\/eshop\/produkt\/velmi-stabilna-kruhova-oblukova-hala-122m-x-12m-x-61m-pe-720-g-m%c2%b2-biela\/\"]}]},{\"@type\":\"BreadcrumbList\",\"@id\":\"https:\/\/www.lacnekontajnery.sk\/eshop\/produkt\/velmi-stabilna-kruhova-oblukova-hala-122m-x-12m-x-61m-pe-720-g-m%c2%b2-biela\/#breadcrumb\",\"itemListElement\":[{\"@type\":\"ListItem\",\"position\":1,\"name\":\"Home\",\"item\":\"https:\/\/www.lacnekontajnery.sk\/eshop\/\"},{\"@type\":\"ListItem\",\"position\":2,\"name\":\"Obchod\",\"item\":\"https:\/\/www.lacnekontajnery.sk\/eshop\/obchod\/\"},{\"@type\":\"ListItem\",\"position\":3,\"name\":\"Ve\u013emi stabiln\u00e1 kruhov\u00e1 obl\u00fakov\u00e1 hala 12,2m x 21m x 6,1m \/ 1,5m rozp\u00e4tie noh- PE 720 g \/ m\u00b2 biela\"}]},{\"@type\":\"WebSite\",\"@id\":\"https:\/\/www.lacnekontajnery.sk\/eshop\/#website\",\"url\":\"https:\/\/www.lacnekontajnery.sk\/eshop\/\",\"name\":\"Profisklad- najlacnej\u0161ie rie\u0161enie pre V\u00e1\u0161 sklad\",\"description\":\"Profesion\u00e1lne sklady\",\"publisher\":{\"@id\":\"https:\/\/www.lacnekontajnery.sk\/eshop\/#organization\"},\"potentialAction\":[{\"@type\":\"SearchAction\",\"target\":{\"@type\":\"EntryPoint\",\"urlTemplate\":\"https:\/\/www.lacnekontajnery.sk\/eshop\/?s={search_term_string}\"},\"query-input\":\"required name=search_term_string\"}],\"inLanguage\":\"sk-SK\"},{\"@type\":\"Organization\",\"@id\":\"https:\/\/www.lacnekontajnery.sk\/eshop\/#organization\",\"name\":\"Profisklad- r\u00fdchle a lacn\u00e9 skladovanie\",\"url\":\"https:\/\/www.lacnekontajnery.sk\/eshop\/\",\"logo\":{\"@type\":\"ImageObject\",\"inLanguage\":\"sk-SK\",\"@id\":\"https:\/\/www.lacnekontajnery.sk\/eshop\/#\/schema\/logo\/image\/\",\"url\":\"https:\/\/www.lacnekontajnery.sk\/eshop\/wp-content\/uploads\/2020\/07\/facebook_cover_photo_1.png\",\"contentUrl\":\"https:\/\/www.lacnekontajnery.sk\/eshop\/wp-content\/uploads\/2020\/07\/facebook_cover_photo_1.png\",\"width\":1640,\"height\":624,\"caption\":\"Profisklad- r\u00fdchle a lacn\u00e9 skladovanie\"},\"image\":{\"@id\":\"https:\/\/www.lacnekontajnery.sk\/eshop\/#\/schema\/logo\/image\/\"}}]}<\/script>\n<!-- \/ Yoast SEO plugin. -->","yoast_head_json":{"title":"Ve\u013emi stabiln\u00e1 kruhov\u00e1 obl\u00fakov\u00e1 hala 12,2m x 21m x 6,1m \/ 1,5m rozp\u00e4tie noh- PE 720 g \/ m\u00b2 biela - Profisklad- najlacnej\u0161ie rie\u0161enie pre V\u00e1\u0161 sklad","description":"Nedostatok lodn\u00fdch kontajnerov rie\u0161te pr\u00e1ve touto pevnou halou s garanciou dlhej \u017eivotnosti.Pevn\u00e1 plachta a ide\u00e1lny rozmer pre materi\u00e1l.","robots":{"index":"index","follow":"follow","max-snippet":"max-snippet:-1","max-image-preview":"max-image-preview:large","max-video-preview":"max-video-preview:-1"},"canonical":"https:\/\/www.lacnekontajnery.sk\/eshop\/produkt\/velmi-stabilna-kruhova-oblukova-hala-122m-x-12m-x-61m-pe-720-g-m\u00b2-biela\/","og_locale":"sk_SK","og_type":"article","og_title":"Ve\u013emi stabiln\u00e1 kruhov\u00e1 obl\u00fakov\u00e1 hala 12,2m x 21m x 6,1m \/ 1,5m rozp\u00e4tie noh- PE 720 g \/ m\u00b2 biela - Profisklad- najlacnej\u0161ie rie\u0161enie pre V\u00e1\u0161 sklad","og_description":"Nedostatok lodn\u00fdch kontajnerov rie\u0161te pr\u00e1ve touto pevnou halou s garanciou dlhej \u017eivotnosti.Pevn\u00e1 plachta a ide\u00e1lny rozmer pre materi\u00e1l.","og_url":"https:\/\/www.lacnekontajnery.sk\/eshop\/produkt\/velmi-stabilna-kruhova-oblukova-hala-122m-x-12m-x-61m-pe-720-g-m\u00b2-biela\/","og_site_name":"Profisklad- najlacnej\u0161ie rie\u0161enie pre V\u00e1\u0161 sklad","article_modified_time":"2023-04-11T12:06:19+00:00","og_image":[{"width":600,"height":450,"url":"https:\/\/www.lacnekontajnery.sk\/eshop\/wp-content\/uploads\/2021\/12\/Screenshot-2021-12-29-at-14-01-22-Rundbogenhalle-mit-Fachwerk-Konstruktion-122m-x-12m-x-61m-Beinabstand-15m-PVC-720...-1.jpg","type":"image\/jpeg"}],"twitter_card":"summary_large_image","twitter_misc":{"Predpokladan\u00fd \u010das \u010d\u00edtania":"1 min\u00fata"},"schema":{"@context":"https:\/\/schema.org","@graph":[{"@type":"WebPage","@id":"https:\/\/www.lacnekontajnery.sk\/eshop\/produkt\/velmi-stabilna-kruhova-oblukova-hala-122m-x-12m-x-61m-pe-720-g-m%c2%b2-biela\/","url":"https:\/\/www.lacnekontajnery.sk\/eshop\/produkt\/velmi-stabilna-kruhova-oblukova-hala-122m-x-12m-x-61m-pe-720-g-m%c2%b2-biela\/","name":"Ve\u013emi stabiln\u00e1 kruhov\u00e1 obl\u00fakov\u00e1 hala 12,2m x 21m x 6,1m \/ 1,5m rozp\u00e4tie noh- PE 720 g \/ m\u00b2 biela - Profisklad- najlacnej\u0161ie rie\u0161enie pre V\u00e1\u0161 sklad","isPartOf":{"@id":"https:\/\/www.lacnekontajnery.sk\/eshop\/#website"},"datePublished":"2021-12-29T13:03:19+00:00","dateModified":"2023-04-11T12:06:19+00:00","description":"Nedostatok lodn\u00fdch kontajnerov rie\u0161te pr\u00e1ve touto pevnou halou s garanciou dlhej \u017eivotnosti.Pevn\u00e1 plachta a ide\u00e1lny rozmer pre materi\u00e1l.","breadcrumb":{"@id":"https:\/\/www.lacnekontajnery.sk\/eshop\/produkt\/velmi-stabilna-kruhova-oblukova-hala-122m-x-12m-x-61m-pe-720-g-m%c2%b2-biela\/#breadcrumb"},"inLanguage":"sk-SK","potentialAction":[{"@type":"ReadAction","target":["https:\/\/www.lacnekontajnery.sk\/eshop\/produkt\/velmi-stabilna-kruhova-oblukova-hala-122m-x-12m-x-61m-pe-720-g-m%c2%b2-biela\/"]}]},{"@type":"BreadcrumbList","@id":"https:\/\/www.lacnekontajnery.sk\/eshop\/produkt\/velmi-stabilna-kruhova-oblukova-hala-122m-x-12m-x-61m-pe-720-g-m%c2%b2-biela\/#breadcrumb","itemListElement":[{"@type":"ListItem","position":1,"name":"Home","item":"https:\/\/www.lacnekontajnery.sk\/eshop\/"},{"@type":"ListItem","position":2,"name":"Obchod","item":"https:\/\/www.lacnekontajnery.sk\/eshop\/obchod\/"},{"@type":"ListItem","position":3,"name":"Ve\u013emi stabiln\u00e1 kruhov\u00e1 obl\u00fakov\u00e1 hala 12,2m x 21m x 6,1m \/ 1,5m rozp\u00e4tie noh- PE 720 g \/ m\u00b2 biela"}]},{"@type":"WebSite","@id":"https:\/\/www.lacnekontajnery.sk\/eshop\/#website","url":"https:\/\/www.lacnekontajnery.sk\/eshop\/","name":"Profisklad- najlacnej\u0161ie rie\u0161enie pre V\u00e1\u0161 sklad","description":"Profesion\u00e1lne sklady","publisher":{"@id":"https:\/\/www.lacnekontajnery.sk\/eshop\/#organization"},"potentialAction":[{"@type":"SearchAction","target":{"@type":"EntryPoint","urlTemplate":"https:\/\/www.lacnekontajnery.sk\/eshop\/?s={search_term_string}"},"query-input":"required name=search_term_string"}],"inLanguage":"sk-SK"},{"@type":"Organization","@id":"https:\/\/www.lacnekontajnery.sk\/eshop\/#organization","name":"Profisklad- r\u00fdchle a lacn\u00e9 skladovanie","url":"https:\/\/www.lacnekontajnery.sk\/eshop\/","logo":{"@type":"ImageObject","inLanguage":"sk-SK","@id":"https:\/\/www.lacnekontajnery.sk\/eshop\/#\/schema\/logo\/image\/","url":"https:\/\/www.lacnekontajnery.sk\/eshop\/wp-content\/uploads\/2020\/07\/facebook_cover_photo_1.png","contentUrl":"https:\/\/www.lacnekontajnery.sk\/eshop\/wp-content\/uploads\/2020\/07\/facebook_cover_photo_1.png","width":1640,"height":624,"caption":"Profisklad- r\u00fdchle a lacn\u00e9 skladovanie"},"image":{"@id":"https:\/\/www.lacnekontajnery.sk\/eshop\/#\/schema\/logo\/image\/"}}]}},"jetpack_sharing_enabled":true,"_links":{"self":[{"href":"https:\/\/www.lacnekontajnery.sk\/eshop\/wp-json\/wp\/v2\/product\/1669"}],"collection":[{"href":"https:\/\/www.lacnekontajnery.sk\/eshop\/wp-json\/wp\/v2\/product"}],"about":[{"href":"https:\/\/www.lacnekontajnery.sk\/eshop\/wp-json\/wp\/v2\/types\/product"}],"replies":[{"embeddable":true,"href":"https:\/\/www.lacnekontajnery.sk\/eshop\/wp-json\/wp\/v2\/comments?post=1669"}],"wp:featuredmedia":[{"embeddable":true,"href":"https:\/\/www.lacnekontajnery.sk\/eshop\/wp-json\/wp\/v2\/media\/1679"}],"wp:attachment":[{"href":"https:\/\/www.lacnekontajnery.sk\/eshop\/wp-json\/wp\/v2\/media?parent=1669"}],"wp:term":[{"taxonomy":"product_cat","embeddable":true,"href":"https:\/\/www.lacnekontajnery.sk\/eshop\/wp-json\/wp\/v2\/product_cat?post=1669"},{"taxonomy":"product_tag","embeddable":true,"href":"https:\/\/www.lacnekontajnery.sk\/eshop\/wp-json\/wp\/v2\/product_tag?post=1669"}],"curies":[{"name":"wp","href":"https:\/\/api.w.org\/{rel}","templated":true}]}}