{"id":1688,"date":"2021-12-30T10:26:21","date_gmt":"2021-12-30T09:26:21","guid":{"rendered":"https:\/\/www.lacnekontajnery.sk\/eshop\/?post_type=product&#038;p=1688"},"modified":"2023-04-11T13:46:43","modified_gmt":"2023-04-11T11:46:43","slug":"party-stan-5x10-m-pvc-plachta-500-s-podlahovym-ramom-ohnovzdorna-biela","status":"publish","type":"product","link":"https:\/\/www.lacnekontajnery.sk\/eshop\/produkt\/party-stan-5x10-m-pvc-plachta-500-s-podlahovym-ramom-ohnovzdorna-biela\/","title":{"rendered":"P\u00e1rty stan 5&#215;10 m, PVC plachta 500, s podlahov\u00fdm r\u00e1mom, protipo\u017eiarna biela"},"content":{"rendered":"<h3 class=\"tps5-tag-bluedot\">1\u00a0Pevn\u00e9 oce\u013eov\u00e9 ty\u010de &#8211; optim\u00e1lne chr\u00e1nen\u00e9<\/h3>\n<p>V\u0161etky oce\u013eov\u00e9 r\u00fary s\u00fa plne pozinkovan\u00e9, a preto na rozdiel od povrchovej \u00fapravy ocele s pr\u00e1\u0161kov\u00fdm n\u00e1strekom nepon\u00fakaj\u00fa takmer \u017eiadny povrch pre napadnutie hrdzou.<\/p>\n<ul>\n<li>Oce\u013eov\u00e1 r\u00farkov\u00e1 spojka cca .: \u00d8 42 mm, hr\u00fabka steny 1,0 mm<\/li>\n<li>oce\u013eov\u00e9 plne pozinkovan\u00e9 r\u00fary cca .: \u00d8 38 mm, hr\u00fabka steny 0,9 mm<\/li>\n<li>Zliatina zinku chr\u00e1ni pred kor\u00f3ziou<\/li>\n<li>Oce\u013eov\u00e9 r\u00fary zu\u0161\u013eachten\u00e9 zvn\u00fatra aj zvonka<\/li>\n<li>Odoln\u00e9 vo\u010di n\u00e1razom a po\u0161kriabaniu<\/li>\n<\/ul>\n<h3 class=\"tps5-tag-bluedot\">2\u00a0Klikac\u00ed syst\u00e9m \u2013 nastavenie za chv\u00ed\u013eu<\/h3>\n<p>V\u010faka kvalitn\u00e9mu klik syst\u00e9mu mo\u017eno tento mark\u00edz postavi\u0165 r\u00fdchlo a bez n\u00e1radia.<\/p>\n<ul>\n<li>extra ve\u013ek\u00e9 tla\u010didlo<\/li>\n<li>obzvl\u00e1\u0161\u0165 hladk\u00e9<\/li>\n<li>ve\u013ek\u00e1 pru\u017eina, ktor\u00e1 sa ne\u0161m\u00fdka<\/li>\n<\/ul>\n<h3 class=\"tps5-tag-bluedot\">3\u00a0Nohy &#8211; bezpe\u010dne pripevnen\u00e9 dookola!<\/h3>\n<p>Ka\u017ed\u00e1 noha m\u00e1 samostatn\u00fd prvok chodidla.<\/p>\n<ul>\n<li>Priemer no\u017enej dosky cca 9,5 cm<\/li>\n<li>Bezpe\u010dne pripevnen\u00e9 zo v\u0161etk\u00fdch str\u00e1n pomocou kol\u00edkov<\/li>\n<\/ul>\n<h3 class=\"tps5-tag-bluedot\">4\u00a0Stre\u0161n\u00e1 plachta &#8211; 100% vodotesn\u00e1 v celom rozsahu<\/h3>\n<p>Nepretr\u017eit\u00e1 stre\u0161n\u00e1 plachta dr\u017e\u00ed kon\u0161trukciu pevne pohromade, a preto je d\u00f4le\u017eitou s\u00fa\u010das\u0165ou stability.<\/p>\n<ul>\n<li>\u0160vy s\u00fa zv\u00e1ran\u00e9 a nie \u0161it\u00e9<\/li>\n<li>Nemo\u017en\u00fd prienik vody<\/li>\n<li>Celoobvodov\u00fd stre\u0161n\u00fd drap\u00e1k pokr\u00fdva medzery a zastavuje prievan<\/li>\n<\/ul>\n<h3 class=\"tps5-tag-bluedot\">5\u00a0Bo\u010dn\u00e9 a \u0161t\u00edtov\u00e9 steny &#8211; r\u00fdchlo in\u0161talovan\u00e9<\/h3>\n<p>Priebe\u017en\u00e9 bo\u010dn\u00e9 steny prech\u00e1dzaj\u00fa ako jeden kus cez cel\u00fa stranu a m\u00f4\u017eu by\u0165 in\u0161talovan\u00e9 obzvl\u00e1\u0161\u0165 r\u00fdchlo a jednoducho.<\/p>\n<ul>\n<li>Boky s ve\u013ek\u00fdmi oknami v obl\u00fakovej optike<\/li>\n<li>Upevnenie pomocou bungees na ty\u010di<\/li>\n<li>Presahuj\u00faca strecha a \u0161t\u00edtov\u00e1 plachta zabra\u0148uj\u00fa prievanu<\/li>\n<li>\u0160t\u00edtov\u00e1 strana ka\u017ed\u00e1 so vstupom, ktor\u00fd sa d\u00e1 zrolova\u0165<\/li>\n<\/ul>\n<p><img decoding=\"async\" class=\"aligncenter\" src=\"https:\/\/www.profizelt24.de\/media\/IMG-AMZ\/AMZ_0500x1000x200_PRO_ECO_640x480.jpg\" \/><\/p>\n<h2>Rozmery<\/h2>\n<table class=\"table table-condensed table-striped\">\n<thead>\n<tr>\n<th>ozna\u010denie<\/th>\n<th>Rozmery<\/th>\n<\/tr>\n<\/thead>\n<tbody>\n<tr>\n<td>Miesto na zemi<\/td>\n<td>5 x 10 m \u2013 50,00 m\u00b2<\/td>\n<\/tr>\n<tr>\n<td>V\u00fd\u0161ka strany<\/td>\n<td>cca 2,0 m<\/td>\n<\/tr>\n<tr>\n<td>V\u00fd\u0161ka hrebe\u0148a<\/td>\n<td>cca 2,8 m<\/td>\n<\/tr>\n<tr>\n<td>Vchod 1<\/td>\n<td>cca 3,8 x 2,0 m<\/td>\n<\/tr>\n<tr>\n<td>Vchod 2<\/td>\n<td>cca 1,6 x 2,0 m<\/td>\n<\/tr>\n<tr>\n<td>Bo\u010dn\u00e1 \u010das\u0165<\/td>\n<td>cca 2 x 2 m<\/td>\n<\/tr>\n<tr>\n<td>\u00dadaje o balen\u00ed<\/p>\n<p>&nbsp;<\/p>\n<p>&nbsp;<\/td>\n<td>\n<ul class=\"tps5-cpn-floatlist tps5-cpn-floatlist-expanded\">\n<li title=\"mno\u017estvo bal\u00edkov\">\u00a07 balikov<\/li>\n<li title=\"Najdlh\u0161ia strana\">\u00a0195 cm<\/li>\n<li title=\"Celkov\u00e1 v\u00e1ha\">\u00a0216 kg<\/li>\n<\/ul>\n<\/td>\n<\/tr>\n<\/tbody>\n<\/table>\n","protected":false},"excerpt":{"rendered":"<h2>P\u00e1rty stan s PVC plachtou: oh\u0148ovzdorn\u00fd, stabiln\u00fd a robustn\u00fd<\/h2>\n<p>Tento party stan\u00a0m\u00e1 plne pozinkovan\u00fd nerezov\u00fd r\u00e1m s podlahov\u00fdm r\u00e1mom a dodato\u010dnou v\u00fdstu\u017eou strechy.\u00a0Protipo\u017eiarne certifikovan\u00e9 plachty z cca 500 g \/ m\u00b2\u00a0\u00a0\u0165a\u017ek\u00e9ho PVC maj\u00fa robustn\u00fa mrie\u017ekov\u00fa vn\u00fatorn\u00fa tkaninu, vysok\u00fd slne\u010dn\u00fd ochrann\u00fd faktor 80+, s\u00fa extr\u00e9mne odoln\u00e9, odoln\u00e9 vo\u010di poveternostn\u00fdm vplyvom a 100% vodotesn\u00e9.\u00a0Bo\u010dn\u00e9 diely je mo\u017en\u00e9 pripevni\u0165 jednotlivo vo vzdialenosti 2 m a umo\u017e\u0148uj\u00fa tak ve\u013ea kon\u0161truk\u010dn\u00fdch variantov.\u00a0Tento robustn\u00fd, stabiln\u00fd p\u00e1rty stan je mo\u017en\u00e9 pou\u017e\u00edva\u0165 aj po\u010das cel\u00e9ho roka.\u00a0Pre tento mark\u00edz pon\u00fakame\u00a0<strong>10-ro\u010dn\u00fa z\u00e1ruku na n\u00e1kup n\u00e1hradn\u00fdch dielov<\/strong>\u00a0od d\u00e1tumu n\u00e1kupu.<\/p>\n<div class=\"col-md-7\">\n<div class=\"row\">\n<div class=\"col-12\">\n<div>\n<p>Poskytuje priestor pre<\/p>\n<ul class=\"tps5-cpn-floatlist tps5-cpn-floatlist-expanded tps5-cpn-ads-characteristics\">\n<li title=\"Izba na st\u00e1tie\"><img decoding=\"async\" src=\"https:\/\/cdn.profizelt24.de\/out\/toolport_default\/img\/icons\/icon-ads-standing.png\" alt=\"\" \/>\u00a0~ 100<\/li>\n<li title=\"Stoli\u010dky umiestnen\u00e9 v rade\"><img decoding=\"async\" src=\"https:\/\/cdn.profizelt24.de\/out\/toolport_default\/img\/icons\/icon-ads-seats.png\" alt=\"\" \/>\u00a0~ 71<\/li>\n<li title=\"Pivn\u00e9 stolov\u00e9 s\u00fapravy\"><img decoding=\"async\" src=\"https:\/\/cdn.profizelt24.de\/out\/toolport_default\/img\/icons\/icon-ads-beer-table.png\" alt=\"\" \/>\u00a0x 8<\/li>\n<\/ul>\n<\/div>\n<\/div>\n<\/div>\n<\/div>\n<div class=\"col-md-5\">\n<div class=\"row\">\n<div class=\"col-12\">\n<div>\n<p>Potrebn\u00e9 na stavbu<\/p>\n<ul class=\"tps5-cpn-floatlist tps5-cpn-floatlist-expanded tps5-cpn-ads-characteristics\">\n<li title=\"\u010cas v\u00fdstavby\"><img decoding=\"async\" src=\"https:\/\/cdn.profizelt24.de\/out\/toolport_default\/img\/icons\/icon-ads-time.png\" alt=\"\" \/>\u00a0~ 2,5 &#8211; 3 h<\/li>\n<li title=\"Stavebn\u00fd pomocn\u00edk\"><img decoding=\"async\" src=\"https:\/\/cdn.profizelt24.de\/out\/toolport_default\/img\/icons\/icon-ads-build-up.png\" alt=\"\" \/>\u00a0~ 4<\/li>\n<\/ul>\n<\/div>\n<\/div>\n<\/div>\n<\/div>\n","protected":false},"featured_media":1742,"comment_status":"open","ping_status":"closed","template":"","meta":{"_monsterinsights_skip_tracking":false,"_monsterinsights_sitenote_active":false,"_monsterinsights_sitenote_note":"","_monsterinsights_sitenote_category":0},"product_cat":[17],"product_tag":[175],"yoast_head":"<!-- This site is optimized with the Yoast SEO plugin v21.9 - https:\/\/yoast.com\/wordpress\/plugins\/seo\/ -->\n<title>P\u00e1rty stan 5x10 m, PVC plachta 500, s podlahov\u00fdm r\u00e1mom, protipo\u017eiarna biela - Profisklad- najlacnej\u0161ie rie\u0161enie pre V\u00e1\u0161 sklad<\/title>\n<meta name=\"robots\" content=\"index, follow, max-snippet:-1, max-image-preview:large, max-video-preview:-1\" \/>\n<link rel=\"canonical\" href=\"https:\/\/www.lacnekontajnery.sk\/eshop\/produkt\/party-stan-5x10-m-pvc-plachta-500-s-podlahovym-ramom-ohnovzdorna-biela\/\" \/>\n<meta property=\"og:locale\" content=\"sk_SK\" \/>\n<meta property=\"og:type\" content=\"article\" \/>\n<meta property=\"og:title\" content=\"P\u00e1rty stan 5x10 m, PVC plachta 500, s podlahov\u00fdm r\u00e1mom, protipo\u017eiarna biela - Profisklad- najlacnej\u0161ie rie\u0161enie pre V\u00e1\u0161 sklad\" \/>\n<meta property=\"og:description\" content=\"P\u00e1rty stan s PVC plachtou: oh\u0148ovzdorn\u00fd, stabiln\u00fd a robustn\u00fd Tento party stan\u00a0m\u00e1 plne pozinkovan\u00fd nerezov\u00fd r\u00e1m s podlahov\u00fdm r\u00e1mom a dodato\u010dnou v\u00fdstu\u017eou strechy.\u00a0Protipo\u017eiarne certifikovan\u00e9 plachty z cca 500 g \/ m\u00b2\u00a0\u00a0\u0165a\u017ek\u00e9ho PVC maj\u00fa robustn\u00fa mrie\u017ekov\u00fa vn\u00fatorn\u00fa tkaninu, vysok\u00fd slne\u010dn\u00fd ochrann\u00fd faktor 80+, s\u00fa extr\u00e9mne odoln\u00e9, odoln\u00e9 vo\u010di poveternostn\u00fdm vplyvom a 100% vodotesn\u00e9.\u00a0Bo\u010dn\u00e9 diely je mo\u017en\u00e9 pripevni\u0165 jednotlivo vo vzdialenosti 2 m a umo\u017e\u0148uj\u00fa tak ve\u013ea kon\u0161truk\u010dn\u00fdch variantov.\u00a0Tento robustn\u00fd, stabiln\u00fd p\u00e1rty stan je mo\u017en\u00e9 pou\u017e\u00edva\u0165 aj po\u010das cel\u00e9ho roka.\u00a0Pre tento mark\u00edz pon\u00fakame\u00a010-ro\u010dn\u00fa z\u00e1ruku na n\u00e1kup n\u00e1hradn\u00fdch dielov\u00a0od d\u00e1tumu n\u00e1kupu.      Poskytuje priestor pre   \u00a0~ 100  \u00a0~ 71  \u00a0x 8           Potrebn\u00e9 na stavbu   \u00a0~ 2,5 - 3 h  \u00a0~ 4\" \/>\n<meta property=\"og:url\" content=\"https:\/\/www.lacnekontajnery.sk\/eshop\/produkt\/party-stan-5x10-m-pvc-plachta-500-s-podlahovym-ramom-ohnovzdorna-biela\/\" \/>\n<meta property=\"og:site_name\" content=\"Profisklad- najlacnej\u0161ie rie\u0161enie pre V\u00e1\u0161 sklad\" \/>\n<meta property=\"article:modified_time\" content=\"2023-04-11T11:46:43+00:00\" \/>\n<meta property=\"og:image\" content=\"https:\/\/www.lacnekontajnery.sk\/eshop\/wp-content\/uploads\/2021\/12\/121.jpg\" \/>\n\t<meta property=\"og:image:width\" content=\"640\" \/>\n\t<meta property=\"og:image:height\" content=\"480\" \/>\n\t<meta property=\"og:image:type\" content=\"image\/jpeg\" \/>\n<meta name=\"twitter:card\" content=\"summary_large_image\" \/>\n<meta name=\"twitter:label1\" content=\"Predpokladan\u00fd \u010das \u010d\u00edtania\" \/>\n\t<meta name=\"twitter:data1\" content=\"2 min\u00faty\" \/>\n<script type=\"application\/ld+json\" class=\"yoast-schema-graph\">{\"@context\":\"https:\/\/schema.org\",\"@graph\":[{\"@type\":\"WebPage\",\"@id\":\"https:\/\/www.lacnekontajnery.sk\/eshop\/produkt\/party-stan-5x10-m-pvc-plachta-500-s-podlahovym-ramom-ohnovzdorna-biela\/\",\"url\":\"https:\/\/www.lacnekontajnery.sk\/eshop\/produkt\/party-stan-5x10-m-pvc-plachta-500-s-podlahovym-ramom-ohnovzdorna-biela\/\",\"name\":\"P\u00e1rty stan 5x10 m, PVC plachta 500, s podlahov\u00fdm r\u00e1mom, protipo\u017eiarna biela - Profisklad- najlacnej\u0161ie rie\u0161enie pre V\u00e1\u0161 sklad\",\"isPartOf\":{\"@id\":\"https:\/\/www.lacnekontajnery.sk\/eshop\/#website\"},\"datePublished\":\"2021-12-30T09:26:21+00:00\",\"dateModified\":\"2023-04-11T11:46:43+00:00\",\"breadcrumb\":{\"@id\":\"https:\/\/www.lacnekontajnery.sk\/eshop\/produkt\/party-stan-5x10-m-pvc-plachta-500-s-podlahovym-ramom-ohnovzdorna-biela\/#breadcrumb\"},\"inLanguage\":\"sk-SK\",\"potentialAction\":[{\"@type\":\"ReadAction\",\"target\":[\"https:\/\/www.lacnekontajnery.sk\/eshop\/produkt\/party-stan-5x10-m-pvc-plachta-500-s-podlahovym-ramom-ohnovzdorna-biela\/\"]}]},{\"@type\":\"BreadcrumbList\",\"@id\":\"https:\/\/www.lacnekontajnery.sk\/eshop\/produkt\/party-stan-5x10-m-pvc-plachta-500-s-podlahovym-ramom-ohnovzdorna-biela\/#breadcrumb\",\"itemListElement\":[{\"@type\":\"ListItem\",\"position\":1,\"name\":\"Home\",\"item\":\"https:\/\/www.lacnekontajnery.sk\/eshop\/\"},{\"@type\":\"ListItem\",\"position\":2,\"name\":\"Obchod\",\"item\":\"https:\/\/www.lacnekontajnery.sk\/eshop\/obchod\/\"},{\"@type\":\"ListItem\",\"position\":3,\"name\":\"P\u00e1rty stan 5&#215;10 m, PVC plachta 500, s podlahov\u00fdm r\u00e1mom, protipo\u017eiarna biela\"}]},{\"@type\":\"WebSite\",\"@id\":\"https:\/\/www.lacnekontajnery.sk\/eshop\/#website\",\"url\":\"https:\/\/www.lacnekontajnery.sk\/eshop\/\",\"name\":\"Profisklad- najlacnej\u0161ie rie\u0161enie pre V\u00e1\u0161 sklad\",\"description\":\"Profesion\u00e1lne sklady\",\"publisher\":{\"@id\":\"https:\/\/www.lacnekontajnery.sk\/eshop\/#organization\"},\"potentialAction\":[{\"@type\":\"SearchAction\",\"target\":{\"@type\":\"EntryPoint\",\"urlTemplate\":\"https:\/\/www.lacnekontajnery.sk\/eshop\/?s={search_term_string}\"},\"query-input\":\"required name=search_term_string\"}],\"inLanguage\":\"sk-SK\"},{\"@type\":\"Organization\",\"@id\":\"https:\/\/www.lacnekontajnery.sk\/eshop\/#organization\",\"name\":\"Profisklad- r\u00fdchle a lacn\u00e9 skladovanie\",\"url\":\"https:\/\/www.lacnekontajnery.sk\/eshop\/\",\"logo\":{\"@type\":\"ImageObject\",\"inLanguage\":\"sk-SK\",\"@id\":\"https:\/\/www.lacnekontajnery.sk\/eshop\/#\/schema\/logo\/image\/\",\"url\":\"https:\/\/www.lacnekontajnery.sk\/eshop\/wp-content\/uploads\/2020\/07\/facebook_cover_photo_1.png\",\"contentUrl\":\"https:\/\/www.lacnekontajnery.sk\/eshop\/wp-content\/uploads\/2020\/07\/facebook_cover_photo_1.png\",\"width\":1640,\"height\":624,\"caption\":\"Profisklad- r\u00fdchle a lacn\u00e9 skladovanie\"},\"image\":{\"@id\":\"https:\/\/www.lacnekontajnery.sk\/eshop\/#\/schema\/logo\/image\/\"}}]}<\/script>\n<!-- \/ Yoast SEO plugin. -->","yoast_head_json":{"title":"P\u00e1rty stan 5x10 m, PVC plachta 500, s podlahov\u00fdm r\u00e1mom, protipo\u017eiarna biela - Profisklad- najlacnej\u0161ie rie\u0161enie pre V\u00e1\u0161 sklad","robots":{"index":"index","follow":"follow","max-snippet":"max-snippet:-1","max-image-preview":"max-image-preview:large","max-video-preview":"max-video-preview:-1"},"canonical":"https:\/\/www.lacnekontajnery.sk\/eshop\/produkt\/party-stan-5x10-m-pvc-plachta-500-s-podlahovym-ramom-ohnovzdorna-biela\/","og_locale":"sk_SK","og_type":"article","og_title":"P\u00e1rty stan 5x10 m, PVC plachta 500, s podlahov\u00fdm r\u00e1mom, protipo\u017eiarna biela - Profisklad- najlacnej\u0161ie rie\u0161enie pre V\u00e1\u0161 sklad","og_description":"P\u00e1rty stan s PVC plachtou: oh\u0148ovzdorn\u00fd, stabiln\u00fd a robustn\u00fd Tento party stan\u00a0m\u00e1 plne pozinkovan\u00fd nerezov\u00fd r\u00e1m s podlahov\u00fdm r\u00e1mom a dodato\u010dnou v\u00fdstu\u017eou strechy.\u00a0Protipo\u017eiarne certifikovan\u00e9 plachty z cca 500 g \/ m\u00b2\u00a0\u00a0\u0165a\u017ek\u00e9ho PVC maj\u00fa robustn\u00fa mrie\u017ekov\u00fa vn\u00fatorn\u00fa tkaninu, vysok\u00fd slne\u010dn\u00fd ochrann\u00fd faktor 80+, s\u00fa extr\u00e9mne odoln\u00e9, odoln\u00e9 vo\u010di poveternostn\u00fdm vplyvom a 100% vodotesn\u00e9.\u00a0Bo\u010dn\u00e9 diely je mo\u017en\u00e9 pripevni\u0165 jednotlivo vo vzdialenosti 2 m a umo\u017e\u0148uj\u00fa tak ve\u013ea kon\u0161truk\u010dn\u00fdch variantov.\u00a0Tento robustn\u00fd, stabiln\u00fd p\u00e1rty stan je mo\u017en\u00e9 pou\u017e\u00edva\u0165 aj po\u010das cel\u00e9ho roka.\u00a0Pre tento mark\u00edz pon\u00fakame\u00a010-ro\u010dn\u00fa z\u00e1ruku na n\u00e1kup n\u00e1hradn\u00fdch dielov\u00a0od d\u00e1tumu n\u00e1kupu.      Poskytuje priestor pre   \u00a0~ 100  \u00a0~ 71  \u00a0x 8           Potrebn\u00e9 na stavbu   \u00a0~ 2,5 - 3 h  \u00a0~ 4","og_url":"https:\/\/www.lacnekontajnery.sk\/eshop\/produkt\/party-stan-5x10-m-pvc-plachta-500-s-podlahovym-ramom-ohnovzdorna-biela\/","og_site_name":"Profisklad- najlacnej\u0161ie rie\u0161enie pre V\u00e1\u0161 sklad","article_modified_time":"2023-04-11T11:46:43+00:00","og_image":[{"width":640,"height":480,"url":"https:\/\/www.lacnekontajnery.sk\/eshop\/wp-content\/uploads\/2021\/12\/121.jpg","type":"image\/jpeg"}],"twitter_card":"summary_large_image","twitter_misc":{"Predpokladan\u00fd \u010das \u010d\u00edtania":"2 min\u00faty"},"schema":{"@context":"https:\/\/schema.org","@graph":[{"@type":"WebPage","@id":"https:\/\/www.lacnekontajnery.sk\/eshop\/produkt\/party-stan-5x10-m-pvc-plachta-500-s-podlahovym-ramom-ohnovzdorna-biela\/","url":"https:\/\/www.lacnekontajnery.sk\/eshop\/produkt\/party-stan-5x10-m-pvc-plachta-500-s-podlahovym-ramom-ohnovzdorna-biela\/","name":"P\u00e1rty stan 5x10 m, PVC plachta 500, s podlahov\u00fdm r\u00e1mom, protipo\u017eiarna biela - Profisklad- najlacnej\u0161ie rie\u0161enie pre V\u00e1\u0161 sklad","isPartOf":{"@id":"https:\/\/www.lacnekontajnery.sk\/eshop\/#website"},"datePublished":"2021-12-30T09:26:21+00:00","dateModified":"2023-04-11T11:46:43+00:00","breadcrumb":{"@id":"https:\/\/www.lacnekontajnery.sk\/eshop\/produkt\/party-stan-5x10-m-pvc-plachta-500-s-podlahovym-ramom-ohnovzdorna-biela\/#breadcrumb"},"inLanguage":"sk-SK","potentialAction":[{"@type":"ReadAction","target":["https:\/\/www.lacnekontajnery.sk\/eshop\/produkt\/party-stan-5x10-m-pvc-plachta-500-s-podlahovym-ramom-ohnovzdorna-biela\/"]}]},{"@type":"BreadcrumbList","@id":"https:\/\/www.lacnekontajnery.sk\/eshop\/produkt\/party-stan-5x10-m-pvc-plachta-500-s-podlahovym-ramom-ohnovzdorna-biela\/#breadcrumb","itemListElement":[{"@type":"ListItem","position":1,"name":"Home","item":"https:\/\/www.lacnekontajnery.sk\/eshop\/"},{"@type":"ListItem","position":2,"name":"Obchod","item":"https:\/\/www.lacnekontajnery.sk\/eshop\/obchod\/"},{"@type":"ListItem","position":3,"name":"P\u00e1rty stan 5&#215;10 m, PVC plachta 500, s podlahov\u00fdm r\u00e1mom, protipo\u017eiarna biela"}]},{"@type":"WebSite","@id":"https:\/\/www.lacnekontajnery.sk\/eshop\/#website","url":"https:\/\/www.lacnekontajnery.sk\/eshop\/","name":"Profisklad- najlacnej\u0161ie rie\u0161enie pre V\u00e1\u0161 sklad","description":"Profesion\u00e1lne sklady","publisher":{"@id":"https:\/\/www.lacnekontajnery.sk\/eshop\/#organization"},"potentialAction":[{"@type":"SearchAction","target":{"@type":"EntryPoint","urlTemplate":"https:\/\/www.lacnekontajnery.sk\/eshop\/?s={search_term_string}"},"query-input":"required name=search_term_string"}],"inLanguage":"sk-SK"},{"@type":"Organization","@id":"https:\/\/www.lacnekontajnery.sk\/eshop\/#organization","name":"Profisklad- r\u00fdchle a lacn\u00e9 skladovanie","url":"https:\/\/www.lacnekontajnery.sk\/eshop\/","logo":{"@type":"ImageObject","inLanguage":"sk-SK","@id":"https:\/\/www.lacnekontajnery.sk\/eshop\/#\/schema\/logo\/image\/","url":"https:\/\/www.lacnekontajnery.sk\/eshop\/wp-content\/uploads\/2020\/07\/facebook_cover_photo_1.png","contentUrl":"https:\/\/www.lacnekontajnery.sk\/eshop\/wp-content\/uploads\/2020\/07\/facebook_cover_photo_1.png","width":1640,"height":624,"caption":"Profisklad- r\u00fdchle a lacn\u00e9 skladovanie"},"image":{"@id":"https:\/\/www.lacnekontajnery.sk\/eshop\/#\/schema\/logo\/image\/"}}]}},"jetpack_sharing_enabled":true,"_links":{"self":[{"href":"https:\/\/www.lacnekontajnery.sk\/eshop\/wp-json\/wp\/v2\/product\/1688"}],"collection":[{"href":"https:\/\/www.lacnekontajnery.sk\/eshop\/wp-json\/wp\/v2\/product"}],"about":[{"href":"https:\/\/www.lacnekontajnery.sk\/eshop\/wp-json\/wp\/v2\/types\/product"}],"replies":[{"embeddable":true,"href":"https:\/\/www.lacnekontajnery.sk\/eshop\/wp-json\/wp\/v2\/comments?post=1688"}],"wp:featuredmedia":[{"embeddable":true,"href":"https:\/\/www.lacnekontajnery.sk\/eshop\/wp-json\/wp\/v2\/media\/1742"}],"wp:attachment":[{"href":"https:\/\/www.lacnekontajnery.sk\/eshop\/wp-json\/wp\/v2\/media?parent=1688"}],"wp:term":[{"taxonomy":"product_cat","embeddable":true,"href":"https:\/\/www.lacnekontajnery.sk\/eshop\/wp-json\/wp\/v2\/product_cat?post=1688"},{"taxonomy":"product_tag","embeddable":true,"href":"https:\/\/www.lacnekontajnery.sk\/eshop\/wp-json\/wp\/v2\/product_tag?post=1688"}],"curies":[{"name":"wp","href":"https:\/\/api.w.org\/{rel}","templated":true}]}}