{"id":1693,"date":"2021-12-30T15:47:50","date_gmt":"2021-12-30T14:47:50","guid":{"rendered":"https:\/\/www.lacnekontajnery.sk\/eshop\/?post_type=product&#038;p=1693"},"modified":"2023-04-11T13:37:14","modified_gmt":"2023-04-11T11:37:14","slug":"party-stan-4x6-m-pe-300-g-m%c2%b2-s-podlahovym-ramom-biely","status":"publish","type":"product","link":"https:\/\/www.lacnekontajnery.sk\/eshop\/produkt\/party-stan-4x6-m-pe-300-g-m%c2%b2-s-podlahovym-ramom-biely\/","title":{"rendered":"P\u00e1rty stan 4&#215;6 m, PE 300 g \/ m\u00b2, s podlahovym r\u00e1mom, biely"},"content":{"rendered":"<h3 class=\"tps5-tag-bluedot\"><\/h3>\n<ul>\n<li class=\"contains-modal\">PE plachta s hr\u00fabkou cca 300 g \/ m\u00b2\u00a0<i class=\"tp-icon tpi-angle-right-bold\"><\/i><\/li>\n<li class=\"contains-modal\"><i class=\"tp-icon tpi-check-bold\"><\/i>extra z\u00e1kladn\u00fd r\u00e1m pre vysok\u00fa stabilitu\u00a0<i class=\"tp-icon tpi-angle-right-bold\"><\/i><\/li>\n<li><i class=\"tp-icon tpi-check-bold\"><\/i>dodato\u010dn\u00e9 vystu\u017eenie strechy pre vy\u0161\u0161iu nosnos\u0165<\/li>\n<li class=\"contains-modal\"><i class=\"tp-icon tpi-check-bold\"><\/i>Pevn\u00e1 kon\u0161trukcia: v\u010faka z\u00e1vitov\u00e9mu spojeniu\u00a0<i class=\"tp-icon tpi-angle-right-bold\"><\/i><\/li>\n<li><i class=\"tp-icon tpi-check-bold\"><\/i>lep\u0161ia kl\u00edma v miestnosti v\u010faka vetrac\u00edm okn\u00e1m<i class=\"tp-icon tpi-check-bold\"><\/i><\/li>\n<\/ul>\n<h3 class=\"tps5-tag-bluedot\"><img decoding=\"async\" class=\"aligncenter\" src=\"https:\/\/www.profizelt24.de\/media\/IMG-AMZ\/AMZ_0400x0600x200_OPT_PRO_640x480.jpg\" \/><\/h3>\n<h3 class=\"tps5-tag-bluedot\">Pevn\u00e9 oce\u013eov\u00e9 ty\u010de &#8211; optim\u00e1lne chr\u00e1nen\u00e9<\/h3>\n<p>V\u0161etky oce\u013eov\u00e9 r\u00fary s\u00fa plne pozinkovan\u00e9, a preto na rozdiel od povrchovej \u00fapravy ocele s pr\u00e1\u0161kov\u00fdm n\u00e1strekom nepon\u00fakaj\u00fa takmer \u017eiadny povrch pre napadnutie hrdzou.<\/p>\n<ul>\n<li>Oce\u013eov\u00e1 r\u00farkov\u00e1 spojka cca .: \u00d8 42 mm, hr\u00fabka steny 1,3 mm<\/li>\n<li>oce\u013eov\u00e9 plne pozinkovan\u00e9 r\u00fary cca .: \u00d8 38 mm, hr\u00fabka steny 1,1 mm<\/li>\n<li>Zliatina zinku chr\u00e1ni pred kor\u00f3ziou<\/li>\n<li>Oce\u013eov\u00e9 r\u00fary zu\u0161\u013eachten\u00e9 zvn\u00fatra aj zvonka<\/li>\n<li>Odoln\u00e9 vo\u010di n\u00e1razom a po\u0161kriabaniu<\/li>\n<\/ul>\n<h3 class=\"tps5-tag-bluedot\">2\u00a0Prevliekacie skrutky &#8211; bezpe\u010dn\u00e9 spojenie.<\/h3>\n<p>V\u010faka tejto stabilnej skrutkovej kon\u0161trukcii s\u00fa v\u0161etky kon\u0161truk\u010dn\u00e9 prvky navz\u00e1jom pevne spojen\u00e9 pomocou prevle\u010dn\u00e9ho skrutkov\u00e9ho spojenia.<\/p>\n<ul>\n<li>stabiln\u00fd<\/li>\n<li>necitliv\u00e9 a nen\u00e1ro\u010dn\u00e9 na \u00fadr\u017ebu<\/li>\n<li>v\u00fdrazne spev\u0148uje cel\u00fa kon\u0161trukciu<\/li>\n<li>Pou\u017eitie skrutiek so z\u00e1vitom s hr\u00fabkou 50 mm<\/li>\n<li>Upevnenie pomocou kr\u00eddlov\u00fdch mat\u00edc<\/li>\n<\/ul>\n<h3><img decoding=\"async\" src=\"https:\/\/cdn.profizelt24.de\/media\/IMG-DTX\/DE\/OPTILINE_PRO_PAR_200_PLAN_C1.jpg?tp_lmts=1533127600\" alt=\"&amp;#13; &lt;ol class=&quot;tps5-cpn-floatlist&quot;&gt;&amp;#13; &lt;li&gt;Dachplane - durchgehend 100 % wasserdicht&lt;\/li&gt;&amp;#13; &lt;li&gt;einzelne Seiten- und Giebelw\u00e4nde - geben Gestaltungsfreiheit&lt;\/li&gt;&amp;#13; &lt;li&gt;XXL Bodensch\u00fcrze - Der extra Schutz&lt;\/li&gt;&amp;#13; &lt;li&gt;gesundes Raumklima - Das ist wichtig&lt;\/li&gt;&lt;\/ol&gt;\" \/><\/h3>\n<h3 class=\"tps5-tag-bluedot\">3.Vystu\u017eenie strechy \u2013 v\u00e4\u010d\u0161ia bezpe\u010dnos\u0165 zhora.<\/h3>\n<p>Oce\u013eov\u00e9 lan\u00e1 s\u00fa natiahnut\u00e9 medzi krokvami na oboch stre\u0161n\u00fdch ploch\u00e1ch.<\/p>\n<ul>\n<li>zabra\u0148uje tvorbe vodn\u00fdch vreciek<\/li>\n<li>zv\u00fd\u0161en\u00e1 celkov\u00e1 stabilita<\/li>\n<li>chr\u00e1ni aj pri sne\u017een\u00ed<\/li>\n<li>Hr\u00fabka materi\u00e1lu cca 5 mm<\/li>\n<\/ul>\n<h3 class=\"tps5-tag-bluedot\">4\u00a0extra ve\u013ek\u00e9 nohy &#8211; bezpe\u010dne pripevnen\u00e9 po celom obvode!<\/h3>\n<p>Ka\u017ed\u00e1 noha m\u00e1 samostatn\u00fd prvok chodidla.<\/p>\n<ul>\n<li>Priemer no\u017enej dosky cca 11 cm<\/li>\n<li>Bezpe\u010dne pripevnen\u00e9 zo v\u0161etk\u00fdch str\u00e1n pomocou kol\u00edkov<\/li>\n<\/ul>\n<p>5 PE plachta s hr\u00fabkou 300 g\/m\u00b2, podobn\u00e1 l\u00e1tkovej plachte, je odoln\u00e1 vo\u010di opotrebovaniu a roztrhnutiu.\u00a0Dodato\u010dn\u00fd UV povlak ich rob\u00ed odoln\u00fdmi vo\u010di poveternostn\u00fdm vplyvom a odoln\u00fdmi.\u00a0PE plachta sa v\u010faka svojej n\u00edzkej hmotnosti obzvl\u00e1\u0161\u0165 \u013eahko montuje, \u010do je ve\u013emi praktick\u00e9 aj pri preprave a skladovan\u00ed.\u00a0S teplotnou odolnos\u0165ou +50 a\u017e -20 \u00b0C a UV ochranou 50+ pon\u00faka PE plachta spo\u013eahliv\u00fa ochranu vo v\u0161etk\u00fdch ro\u010dn\u00fdch obdobiach.\u00a0Je 100% recyklovate\u013en\u00fd.<\/p>\n<p>Na spr\u00e1vne nain\u0161talovan\u00fa plachtu poskytujeme\u00a0<strong>z\u00e1ruku 3 roky<\/strong>\u00a0.<\/p>\n<p>6. zdrav\u00e1 vn\u00fatorn\u00e1 kl\u00edma \u2013 to je d\u00f4le\u017eit\u00e9<\/p>\n<p>Antihermetick\u00fd syst\u00e9m zais\u0165uje v\u00fdborn\u00fa kl\u00edmu v stane.\u00a0Dusn\u00fd vzduch a v\u00fdvin tepla v p\u00e1rty stane &#8211; to bolo kedysi d\u00e1vno.<\/p>\n<ul>\n<li>\u017eiadne vzduchotesn\u00e9 uzamykanie plachty<\/li>\n<li>automatick\u00e1 v\u00fdmena vzduchu<\/li>\n<li>vr\u00e1tane prievanu<\/li>\n<li>zni\u017euje kondenz\u00e1ciu<\/li>\n<li>zabr\u00e1ni sa nebezpe\u010dn\u00e9mu n\u00e1rastu CO2<\/li>\n<\/ul>\n<h2>Rozmery<\/h2>\n<table class=\"table table-condensed table-striped\">\n<thead>\n<tr>\n<th>ozna\u010denie<\/th>\n<th>Rozmery<\/th>\n<\/tr>\n<\/thead>\n<tbody>\n<tr>\n<td>Miesto na zemi<\/td>\n<td>4 x 6 m &#8211; 24,00 m\u00b2<\/td>\n<\/tr>\n<tr>\n<td>V\u00fd\u0161ka strany<\/td>\n<td>cca 2,0 m<\/td>\n<\/tr>\n<tr>\n<td>V\u00fd\u0161ka hrebe\u0148a<\/td>\n<td>cca 3,1 m<\/td>\n<\/tr>\n<tr>\n<td>Vchod 1<\/td>\n<td>cca 3,0 x 2,0 m<\/td>\n<\/tr>\n<tr>\n<td>Vchod 2<\/td>\n<td>cca 1,2 x 2,0 m<\/td>\n<\/tr>\n<tr>\n<td>Bo\u010dn\u00e1 \u010das\u0165<\/td>\n<td>cca 2 x 2 m<\/td>\n<\/tr>\n<tr>\n<td>\u00dadaje o balen\u00ed<\/td>\n<td>\n<ul class=\"tps5-cpn-floatlist tps5-cpn-floatlist-expanded\">\n<li title=\"mno\u017estvo bal\u00edkov\">\u00a04 baliki<\/li>\n<li title=\"Najdlh\u0161ia strana\">\u00a0198 cm<\/li>\n<li title=\"Celkov\u00e1 v\u00e1ha\">\u00a098,3 kg<\/li>\n<\/ul>\n<\/td>\n<\/tr>\n<\/tbody>\n<\/table>\n","protected":false},"excerpt":{"rendered":"<div class=\"row tps5-cpn-ads-intro\">\n<div class=\"col-12\">\n<div class=\"row tps5-cpn-ads-intro\">\n<div class=\"col-12\">\n<div class=\"row tps5-cpn-ads-intro\">\n<div class=\"col-12\">\n[contact-form][contact-field label=\"Meno\" type=\"name\"  required=\"true\" \/][contact-field label=\"E-mail\" type=\"email\" required=\"true\" \/][contact-field label=\"Webov\u00e1 str\u00e1nka\" type=\"url\" \/][contact-field label=\"Spr\u00e1va\" type=\"textarea\" \/][\/contact-form]\n<h2>P\u00e1rty stan s PE plachtou, podlahov\u00fdm r\u00e1mom a v\u00fdstuhami strechy: obzvl\u00e1\u0161\u0165 stabiln\u00fd a extra stabiln\u00fd<\/h2>\n<p>Bezpe\u010dnos\u0165 je tu najvy\u0161\u0161ou prioritou.\u00a0V\u010faka z\u00e1kladn\u00e9mu r\u00e1mu a v\u00fdstuh\u00e1m strechy m\u00e1 tento p\u00e1rty stan vysok\u00fa \u00farove\u0148 stability a poskytuje spo\u013eahliv\u00fa ochranu aj v d\u0148och s extr\u00e9mnej\u0161\u00edmi poveternostn\u00fdmi podmienkami.\u00a0Obzvl\u00e1\u0161\u0165 robustn\u00e9 oce\u013eov\u00e9 ty\u010de s\u00fa preskrutkovan\u00e9 a plne pozinkovan\u00e9, a preto chr\u00e1nen\u00e9 proti kor\u00f3zii.\u00a0Plachty sa skladaj\u00fa z cca 300 g\/m\u00b2 \u0165a\u017ek\u00e9ho PE materi\u00e1lu, s\u00fa odoln\u00e9 vo\u010di UV \u017eiareniu a\u00a0<strong>100% vodotesn\u00e9<\/strong>\u00a0.\u00a0\u0160vy vo vn\u00fatri stre\u0161nej plachty s\u00fa zvaren\u00e9 vysokoteplotn\u00fdm procesom &#8211; neprenikne ani siln\u00fd d\u00e1\u017e\u010f.\u00a0Pre tento mark\u00edz pon\u00fakame\u00a0<strong>10-ro\u010dn\u00fa z\u00e1ruku na n\u00e1kup n\u00e1hradn\u00fdch dielov<\/strong>\u00a0od d\u00e1tumu n\u00e1kupu.<\/p>\n<\/div>\n<\/div>\n<div class=\"tps5-hlp-spc2 xs\"><\/div>\n<div class=\"row d-none d-sm-block\">\n<div class=\"col-md-7\">\n<div class=\"row\">\n<div class=\"col-12\">\n<div>\n<p>Poskytuje priestor pre<\/p>\n<ul class=\"tps5-cpn-floatlist tps5-cpn-floatlist-expanded tps5-cpn-ads-characteristics\">\n<li title=\"Izba na st\u00e1tie\"><img decoding=\"async\" src=\"https:\/\/cdn.profizelt24.de\/out\/toolport_default\/img\/icons\/icon-ads-standing.png\" alt=\"\" \/>\u00a0~ 48<\/li>\n<li title=\"Stoli\u010dky umiestnen\u00e9 v rade\"><img decoding=\"async\" src=\"https:\/\/cdn.profizelt24.de\/out\/toolport_default\/img\/icons\/icon-ads-seats.png\" alt=\"\" \/>\u00a0~ 34<\/li>\n<li title=\"Pivn\u00e9 stolov\u00e9 s\u00fapravy\"><img decoding=\"async\" src=\"https:\/\/cdn.profizelt24.de\/out\/toolport_default\/img\/icons\/icon-ads-beer-table.png\" alt=\"\" \/>\u00a0x 4<\/li>\n<\/ul>\n<\/div>\n<\/div>\n<\/div>\n<\/div>\n<div class=\"col-md-5\">\n<div class=\"row\">\n<div class=\"col-12\">\n<div>\n<p>Potrebn\u00e9 na stavbu<\/p>\n<ul class=\"tps5-cpn-floatlist tps5-cpn-floatlist-expanded tps5-cpn-ads-characteristics\">\n<li title=\"\u010cas v\u00fdstavby\"><img decoding=\"async\" src=\"https:\/\/cdn.profizelt24.de\/out\/toolport_default\/img\/icons\/icon-ads-time.png\" alt=\"\" \/>\u00a0~ 2 h<\/li>\n<li title=\"Stavebn\u00fd pomocn\u00edk\"><img decoding=\"async\" src=\"https:\/\/cdn.profizelt24.de\/out\/toolport_default\/img\/icons\/icon-ads-build-up.png\" alt=\"\" \/> ~ 3 &#8211; 4<\/li>\n<\/ul>\n<\/div>\n<\/div>\n<\/div>\n<\/div>\n<\/div>\n<\/div>\n<\/div>\n<\/div>\n<\/div>\n","protected":false},"featured_media":1755,"comment_status":"open","ping_status":"closed","template":"","meta":{"_monsterinsights_skip_tracking":false,"_monsterinsights_sitenote_active":false,"_monsterinsights_sitenote_note":"","_monsterinsights_sitenote_category":0},"product_cat":[17],"product_tag":[180],"yoast_head":"<!-- This site is optimized with the Yoast SEO plugin v21.9 - https:\/\/yoast.com\/wordpress\/plugins\/seo\/ -->\n<title>P\u00e1rty stan 4x6 m, PE 300 g \/ m\u00b2, s podlahovym r\u00e1mom, biely - Profisklad- najlacnej\u0161ie rie\u0161enie pre V\u00e1\u0161 sklad<\/title>\n<meta name=\"robots\" content=\"index, follow, max-snippet:-1, max-image-preview:large, max-video-preview:-1\" \/>\n<link rel=\"canonical\" href=\"https:\/\/www.lacnekontajnery.sk\/eshop\/produkt\/party-stan-4x6-m-pe-300-g-m\u00b2-s-podlahovym-ramom-biely\/\" \/>\n<meta property=\"og:locale\" content=\"sk_SK\" \/>\n<meta property=\"og:type\" content=\"article\" \/>\n<meta property=\"og:title\" content=\"P\u00e1rty stan 4x6 m, PE 300 g \/ m\u00b2, s podlahovym r\u00e1mom, biely - Profisklad- najlacnej\u0161ie rie\u0161enie pre V\u00e1\u0161 sklad\" \/>\n<meta property=\"og:description\" content=\"P\u00e1rty stan s PE plachtou, podlahov\u00fdm r\u00e1mom a v\u00fdstuhami strechy: obzvl\u00e1\u0161\u0165 stabiln\u00fd a extra stabiln\u00fd Bezpe\u010dnos\u0165 je tu najvy\u0161\u0161ou prioritou.\u00a0V\u010faka z\u00e1kladn\u00e9mu r\u00e1mu a v\u00fdstuh\u00e1m strechy m\u00e1 tento p\u00e1rty stan vysok\u00fa \u00farove\u0148 stability a poskytuje spo\u013eahliv\u00fa ochranu aj v d\u0148och s extr\u00e9mnej\u0161\u00edmi poveternostn\u00fdmi podmienkami.\u00a0Obzvl\u00e1\u0161\u0165 robustn\u00e9 oce\u013eov\u00e9 ty\u010de s\u00fa preskrutkovan\u00e9 a plne pozinkovan\u00e9, a preto chr\u00e1nen\u00e9 proti kor\u00f3zii.\u00a0Plachty sa skladaj\u00fa z cca 300 g\/m\u00b2 \u0165a\u017ek\u00e9ho PE materi\u00e1lu, s\u00fa odoln\u00e9 vo\u010di UV \u017eiareniu a\u00a0100% vodotesn\u00e9\u00a0.\u00a0\u0160vy vo vn\u00fatri stre\u0161nej plachty s\u00fa zvaren\u00e9 vysokoteplotn\u00fdm procesom - neprenikne ani siln\u00fd d\u00e1\u017e\u010f.\u00a0Pre tento mark\u00edz pon\u00fakame\u00a010-ro\u010dn\u00fa z\u00e1ruku na n\u00e1kup n\u00e1hradn\u00fdch dielov\u00a0od d\u00e1tumu n\u00e1kupu.           Poskytuje priestor pre   \u00a0~ 48  \u00a0~ 34  \u00a0x 4           Potrebn\u00e9 na stavbu   \u00a0~ 2 h   ~ 3 - 4\" \/>\n<meta property=\"og:url\" content=\"https:\/\/www.lacnekontajnery.sk\/eshop\/produkt\/party-stan-4x6-m-pe-300-g-m\u00b2-s-podlahovym-ramom-biely\/\" \/>\n<meta property=\"og:site_name\" content=\"Profisklad- najlacnej\u0161ie rie\u0161enie pre V\u00e1\u0161 sklad\" \/>\n<meta property=\"article:modified_time\" content=\"2023-04-11T11:37:14+00:00\" \/>\n<meta property=\"og:image\" content=\"https:\/\/www.lacnekontajnery.sk\/eshop\/wp-content\/uploads\/2021\/12\/Screenshot-2022-06-09-at-14-38-09-XXL-8x16-m-Partyzelt-2-6-m-Seitenhohe-PVC-Plane-550-mit-Bodenrahmen-feuersicher-weis-Profizelt24-1.jpg\" \/>\n\t<meta property=\"og:image:width\" content=\"640\" \/>\n\t<meta property=\"og:image:height\" content=\"480\" \/>\n\t<meta property=\"og:image:type\" content=\"image\/jpeg\" \/>\n<meta name=\"twitter:card\" content=\"summary_large_image\" \/>\n<meta name=\"twitter:label1\" content=\"Predpokladan\u00fd \u010das \u010d\u00edtania\" \/>\n\t<meta name=\"twitter:data1\" content=\"2 min\u00faty\" \/>\n<script type=\"application\/ld+json\" class=\"yoast-schema-graph\">{\"@context\":\"https:\/\/schema.org\",\"@graph\":[{\"@type\":\"WebPage\",\"@id\":\"https:\/\/www.lacnekontajnery.sk\/eshop\/produkt\/party-stan-4x6-m-pe-300-g-m%c2%b2-s-podlahovym-ramom-biely\/\",\"url\":\"https:\/\/www.lacnekontajnery.sk\/eshop\/produkt\/party-stan-4x6-m-pe-300-g-m%c2%b2-s-podlahovym-ramom-biely\/\",\"name\":\"P\u00e1rty stan 4x6 m, PE 300 g \/ m\u00b2, s podlahovym r\u00e1mom, biely - Profisklad- najlacnej\u0161ie rie\u0161enie pre V\u00e1\u0161 sklad\",\"isPartOf\":{\"@id\":\"https:\/\/www.lacnekontajnery.sk\/eshop\/#website\"},\"datePublished\":\"2021-12-30T14:47:50+00:00\",\"dateModified\":\"2023-04-11T11:37:14+00:00\",\"breadcrumb\":{\"@id\":\"https:\/\/www.lacnekontajnery.sk\/eshop\/produkt\/party-stan-4x6-m-pe-300-g-m%c2%b2-s-podlahovym-ramom-biely\/#breadcrumb\"},\"inLanguage\":\"sk-SK\",\"potentialAction\":[{\"@type\":\"ReadAction\",\"target\":[\"https:\/\/www.lacnekontajnery.sk\/eshop\/produkt\/party-stan-4x6-m-pe-300-g-m%c2%b2-s-podlahovym-ramom-biely\/\"]}]},{\"@type\":\"BreadcrumbList\",\"@id\":\"https:\/\/www.lacnekontajnery.sk\/eshop\/produkt\/party-stan-4x6-m-pe-300-g-m%c2%b2-s-podlahovym-ramom-biely\/#breadcrumb\",\"itemListElement\":[{\"@type\":\"ListItem\",\"position\":1,\"name\":\"Home\",\"item\":\"https:\/\/www.lacnekontajnery.sk\/eshop\/\"},{\"@type\":\"ListItem\",\"position\":2,\"name\":\"Obchod\",\"item\":\"https:\/\/www.lacnekontajnery.sk\/eshop\/obchod\/\"},{\"@type\":\"ListItem\",\"position\":3,\"name\":\"P\u00e1rty stan 4&#215;6 m, PE 300 g \/ m\u00b2, s podlahovym r\u00e1mom, biely\"}]},{\"@type\":\"WebSite\",\"@id\":\"https:\/\/www.lacnekontajnery.sk\/eshop\/#website\",\"url\":\"https:\/\/www.lacnekontajnery.sk\/eshop\/\",\"name\":\"Profisklad- najlacnej\u0161ie rie\u0161enie pre V\u00e1\u0161 sklad\",\"description\":\"Profesion\u00e1lne sklady\",\"publisher\":{\"@id\":\"https:\/\/www.lacnekontajnery.sk\/eshop\/#organization\"},\"potentialAction\":[{\"@type\":\"SearchAction\",\"target\":{\"@type\":\"EntryPoint\",\"urlTemplate\":\"https:\/\/www.lacnekontajnery.sk\/eshop\/?s={search_term_string}\"},\"query-input\":\"required name=search_term_string\"}],\"inLanguage\":\"sk-SK\"},{\"@type\":\"Organization\",\"@id\":\"https:\/\/www.lacnekontajnery.sk\/eshop\/#organization\",\"name\":\"Profisklad- r\u00fdchle a lacn\u00e9 skladovanie\",\"url\":\"https:\/\/www.lacnekontajnery.sk\/eshop\/\",\"logo\":{\"@type\":\"ImageObject\",\"inLanguage\":\"sk-SK\",\"@id\":\"https:\/\/www.lacnekontajnery.sk\/eshop\/#\/schema\/logo\/image\/\",\"url\":\"https:\/\/www.lacnekontajnery.sk\/eshop\/wp-content\/uploads\/2020\/07\/facebook_cover_photo_1.png\",\"contentUrl\":\"https:\/\/www.lacnekontajnery.sk\/eshop\/wp-content\/uploads\/2020\/07\/facebook_cover_photo_1.png\",\"width\":1640,\"height\":624,\"caption\":\"Profisklad- r\u00fdchle a lacn\u00e9 skladovanie\"},\"image\":{\"@id\":\"https:\/\/www.lacnekontajnery.sk\/eshop\/#\/schema\/logo\/image\/\"}}]}<\/script>\n<!-- \/ Yoast SEO plugin. -->","yoast_head_json":{"title":"P\u00e1rty stan 4x6 m, PE 300 g \/ m\u00b2, s podlahovym r\u00e1mom, biely - Profisklad- najlacnej\u0161ie rie\u0161enie pre V\u00e1\u0161 sklad","robots":{"index":"index","follow":"follow","max-snippet":"max-snippet:-1","max-image-preview":"max-image-preview:large","max-video-preview":"max-video-preview:-1"},"canonical":"https:\/\/www.lacnekontajnery.sk\/eshop\/produkt\/party-stan-4x6-m-pe-300-g-m\u00b2-s-podlahovym-ramom-biely\/","og_locale":"sk_SK","og_type":"article","og_title":"P\u00e1rty stan 4x6 m, PE 300 g \/ m\u00b2, s podlahovym r\u00e1mom, biely - Profisklad- najlacnej\u0161ie rie\u0161enie pre V\u00e1\u0161 sklad","og_description":"P\u00e1rty stan s PE plachtou, podlahov\u00fdm r\u00e1mom a v\u00fdstuhami strechy: obzvl\u00e1\u0161\u0165 stabiln\u00fd a extra stabiln\u00fd Bezpe\u010dnos\u0165 je tu najvy\u0161\u0161ou prioritou.\u00a0V\u010faka z\u00e1kladn\u00e9mu r\u00e1mu a v\u00fdstuh\u00e1m strechy m\u00e1 tento p\u00e1rty stan vysok\u00fa \u00farove\u0148 stability a poskytuje spo\u013eahliv\u00fa ochranu aj v d\u0148och s extr\u00e9mnej\u0161\u00edmi poveternostn\u00fdmi podmienkami.\u00a0Obzvl\u00e1\u0161\u0165 robustn\u00e9 oce\u013eov\u00e9 ty\u010de s\u00fa preskrutkovan\u00e9 a plne pozinkovan\u00e9, a preto chr\u00e1nen\u00e9 proti kor\u00f3zii.\u00a0Plachty sa skladaj\u00fa z cca 300 g\/m\u00b2 \u0165a\u017ek\u00e9ho PE materi\u00e1lu, s\u00fa odoln\u00e9 vo\u010di UV \u017eiareniu a\u00a0100% vodotesn\u00e9\u00a0.\u00a0\u0160vy vo vn\u00fatri stre\u0161nej plachty s\u00fa zvaren\u00e9 vysokoteplotn\u00fdm procesom - neprenikne ani siln\u00fd d\u00e1\u017e\u010f.\u00a0Pre tento mark\u00edz pon\u00fakame\u00a010-ro\u010dn\u00fa z\u00e1ruku na n\u00e1kup n\u00e1hradn\u00fdch dielov\u00a0od d\u00e1tumu n\u00e1kupu.           Poskytuje priestor pre   \u00a0~ 48  \u00a0~ 34  \u00a0x 4           Potrebn\u00e9 na stavbu   \u00a0~ 2 h   ~ 3 - 4","og_url":"https:\/\/www.lacnekontajnery.sk\/eshop\/produkt\/party-stan-4x6-m-pe-300-g-m\u00b2-s-podlahovym-ramom-biely\/","og_site_name":"Profisklad- najlacnej\u0161ie rie\u0161enie pre V\u00e1\u0161 sklad","article_modified_time":"2023-04-11T11:37:14+00:00","og_image":[{"width":640,"height":480,"url":"https:\/\/www.lacnekontajnery.sk\/eshop\/wp-content\/uploads\/2021\/12\/Screenshot-2022-06-09-at-14-38-09-XXL-8x16-m-Partyzelt-2-6-m-Seitenhohe-PVC-Plane-550-mit-Bodenrahmen-feuersicher-weis-Profizelt24-1.jpg","type":"image\/jpeg"}],"twitter_card":"summary_large_image","twitter_misc":{"Predpokladan\u00fd \u010das \u010d\u00edtania":"2 min\u00faty"},"schema":{"@context":"https:\/\/schema.org","@graph":[{"@type":"WebPage","@id":"https:\/\/www.lacnekontajnery.sk\/eshop\/produkt\/party-stan-4x6-m-pe-300-g-m%c2%b2-s-podlahovym-ramom-biely\/","url":"https:\/\/www.lacnekontajnery.sk\/eshop\/produkt\/party-stan-4x6-m-pe-300-g-m%c2%b2-s-podlahovym-ramom-biely\/","name":"P\u00e1rty stan 4x6 m, PE 300 g \/ m\u00b2, s podlahovym r\u00e1mom, biely - Profisklad- najlacnej\u0161ie rie\u0161enie pre V\u00e1\u0161 sklad","isPartOf":{"@id":"https:\/\/www.lacnekontajnery.sk\/eshop\/#website"},"datePublished":"2021-12-30T14:47:50+00:00","dateModified":"2023-04-11T11:37:14+00:00","breadcrumb":{"@id":"https:\/\/www.lacnekontajnery.sk\/eshop\/produkt\/party-stan-4x6-m-pe-300-g-m%c2%b2-s-podlahovym-ramom-biely\/#breadcrumb"},"inLanguage":"sk-SK","potentialAction":[{"@type":"ReadAction","target":["https:\/\/www.lacnekontajnery.sk\/eshop\/produkt\/party-stan-4x6-m-pe-300-g-m%c2%b2-s-podlahovym-ramom-biely\/"]}]},{"@type":"BreadcrumbList","@id":"https:\/\/www.lacnekontajnery.sk\/eshop\/produkt\/party-stan-4x6-m-pe-300-g-m%c2%b2-s-podlahovym-ramom-biely\/#breadcrumb","itemListElement":[{"@type":"ListItem","position":1,"name":"Home","item":"https:\/\/www.lacnekontajnery.sk\/eshop\/"},{"@type":"ListItem","position":2,"name":"Obchod","item":"https:\/\/www.lacnekontajnery.sk\/eshop\/obchod\/"},{"@type":"ListItem","position":3,"name":"P\u00e1rty stan 4&#215;6 m, PE 300 g \/ m\u00b2, s podlahovym r\u00e1mom, biely"}]},{"@type":"WebSite","@id":"https:\/\/www.lacnekontajnery.sk\/eshop\/#website","url":"https:\/\/www.lacnekontajnery.sk\/eshop\/","name":"Profisklad- najlacnej\u0161ie rie\u0161enie pre V\u00e1\u0161 sklad","description":"Profesion\u00e1lne sklady","publisher":{"@id":"https:\/\/www.lacnekontajnery.sk\/eshop\/#organization"},"potentialAction":[{"@type":"SearchAction","target":{"@type":"EntryPoint","urlTemplate":"https:\/\/www.lacnekontajnery.sk\/eshop\/?s={search_term_string}"},"query-input":"required name=search_term_string"}],"inLanguage":"sk-SK"},{"@type":"Organization","@id":"https:\/\/www.lacnekontajnery.sk\/eshop\/#organization","name":"Profisklad- r\u00fdchle a lacn\u00e9 skladovanie","url":"https:\/\/www.lacnekontajnery.sk\/eshop\/","logo":{"@type":"ImageObject","inLanguage":"sk-SK","@id":"https:\/\/www.lacnekontajnery.sk\/eshop\/#\/schema\/logo\/image\/","url":"https:\/\/www.lacnekontajnery.sk\/eshop\/wp-content\/uploads\/2020\/07\/facebook_cover_photo_1.png","contentUrl":"https:\/\/www.lacnekontajnery.sk\/eshop\/wp-content\/uploads\/2020\/07\/facebook_cover_photo_1.png","width":1640,"height":624,"caption":"Profisklad- r\u00fdchle a lacn\u00e9 skladovanie"},"image":{"@id":"https:\/\/www.lacnekontajnery.sk\/eshop\/#\/schema\/logo\/image\/"}}]}},"jetpack_sharing_enabled":true,"_links":{"self":[{"href":"https:\/\/www.lacnekontajnery.sk\/eshop\/wp-json\/wp\/v2\/product\/1693"}],"collection":[{"href":"https:\/\/www.lacnekontajnery.sk\/eshop\/wp-json\/wp\/v2\/product"}],"about":[{"href":"https:\/\/www.lacnekontajnery.sk\/eshop\/wp-json\/wp\/v2\/types\/product"}],"replies":[{"embeddable":true,"href":"https:\/\/www.lacnekontajnery.sk\/eshop\/wp-json\/wp\/v2\/comments?post=1693"}],"wp:featuredmedia":[{"embeddable":true,"href":"https:\/\/www.lacnekontajnery.sk\/eshop\/wp-json\/wp\/v2\/media\/1755"}],"wp:attachment":[{"href":"https:\/\/www.lacnekontajnery.sk\/eshop\/wp-json\/wp\/v2\/media?parent=1693"}],"wp:term":[{"taxonomy":"product_cat","embeddable":true,"href":"https:\/\/www.lacnekontajnery.sk\/eshop\/wp-json\/wp\/v2\/product_cat?post=1693"},{"taxonomy":"product_tag","embeddable":true,"href":"https:\/\/www.lacnekontajnery.sk\/eshop\/wp-json\/wp\/v2\/product_tag?post=1693"}],"curies":[{"name":"wp","href":"https:\/\/api.w.org\/{rel}","templated":true}]}}