{"id":1759,"date":"2022-06-27T09:38:44","date_gmt":"2022-06-27T07:38:44","guid":{"rendered":"https:\/\/www.lacnekontajnery.sk\/eshop\/?post_type=product&#038;p=1759"},"modified":"2024-01-24T09:13:33","modified_gmt":"2024-01-24T08:13:33","slug":"stanova-hala-5x10-m-vyska-strany-30-m-s-branou-na-zips-pvc-550-siva-bez-statiky","status":"publish","type":"product","link":"https:\/\/www.lacnekontajnery.sk\/eshop\/produkt\/stanova-hala-5x10-m-vyska-strany-30-m-s-branou-na-zips-pvc-550-siva-bez-statiky\/","title":{"rendered":"Stanov\u00e1 hala 5&#215;10 m &#8211; v\u00fd\u0161ka strany 3,0 m s br\u00e1nou na zips, PVC 550 siv\u00e1 | bez statiky"},"content":{"rendered":"<p><span class=\"VIiyi\" lang=\"sk\"><span class=\"JLqJ4b ChMk0b\" data-language-for-alternatives=\"sk\" data-language-to-translate-into=\"de\" data-phrase-index=\"0\" data-number-of-phrases=\"8\"><span class=\"Q4iAWc\">Pon\u00faka sol\u00eddnu z\u00e1kladn\u00fa v\u00fdbavu a celoro\u010dn\u00e9 vyu\u017eitie.<\/span><\/span> <span class=\"JLqJ4b ChMk0b\" data-language-for-alternatives=\"sk\" data-language-to-translate-into=\"de\" data-phrase-index=\"1\" data-number-of-phrases=\"8\"><span class=\"Q4iAWc\">Celogalvanizovan\u00e1 oce\u013eov\u00e1 kon\u0161trukcia s pevn\u00fdm podlahov\u00fdm r\u00e1mom a v\u00fdstu\u017en\u00fdmi oce\u013eov\u00fdmi prvkami v streche odol\u00e1va vetru a po\u010dasiu.<\/span><\/span> <span class=\"JLqJ4b ChMk0b\" data-language-for-alternatives=\"sk\" data-language-to-translate-into=\"de\" data-phrase-index=\"2\" data-number-of-phrases=\"8\"><span class=\"Q4iAWc\">Pre v\u00e4\u010d\u0161iu stabilitu s\u00fa v\u0161etky nohy dvakr\u00e1t zoskrutkovan\u00e9 a pripevnen\u00e9 k extra ve\u013ek\u00fdm z\u00e1kladov\u00fdm dosk\u00e1m na zemi.<\/span><\/span> <span class=\"JLqJ4b ChMk0b\" data-language-for-alternatives=\"sk\" data-language-to-translate-into=\"de\" data-phrase-index=\"3\" data-number-of-phrases=\"8\"><span class=\"Q4iAWc\">Vysokokvalitn\u00e1 \u0165a\u017ek\u00e1 plachta z PVC s hmotnos\u0165ou cca 550 g\/m\u00b2 20 s vn\u00fatornou mrie\u017ekou odolnou proti roztrhnutiu chr\u00e1ni tovar a tovar pred vetrom a po\u010das\u00edm po cel\u00fd rok.<\/span><\/span> <span class=\"JLqJ4b ChMk0b\" data-language-for-alternatives=\"sk\" data-language-to-translate-into=\"de\" data-phrase-index=\"4\" data-number-of-phrases=\"8\"><span class=\"Q4iAWc\">Strecha a bo\u010dn\u00e9 plachty s\u00fa z jedn\u00e9ho kusu a zais\u0165uj\u00fa v\u00e4\u010d\u0161iu stabilitu.<\/span><\/span> <span class=\"JLqJ4b ChMk0b\" data-language-for-alternatives=\"sk\" data-language-to-translate-into=\"de\" data-phrase-index=\"5\" data-number-of-phrases=\"8\"><span class=\"Q4iAWc\">Plachta sa vyrovn\u00e1va a nap\u00edna integrovan\u00fdm nap\u00ednac\u00edm syst\u00e9mom.<\/span><\/span> <span class=\"JLqJ4b ChMk0b\" data-language-for-alternatives=\"sk\" data-language-to-translate-into=\"de\" data-phrase-index=\"6\" data-number-of-phrases=\"8\"><span class=\"Q4iAWc\">Bez probl\u00e9mov je mo\u017en\u00e9 aj neskor\u0161ie prestavenie plachty.<\/span><\/span> <span class=\"JLqJ4b ChMk0b\" data-language-for-alternatives=\"sk\" data-language-to-translate-into=\"de\" data-phrase-index=\"7\" data-number-of-phrases=\"8\"><span class=\"Q4iAWc\">Stanov\u00e1 hala je ide\u00e1lna ako skladov\u00fd alebo pracovn\u00fd priestor a pon\u00faka tak<\/span><\/span><\/span><span class=\"VIiyi\" lang=\"sk\"><span class=\"JLqJ4b ChMk0b\" data-language-for-alternatives=\"sk\" data-language-to-translate-into=\"de\" data-phrase-index=\"7\" data-number-of-phrases=\"8\"><span class=\"Q4iAWc\"> lacn\u00fa alternat\u00edvu k pevn\u00fdm stavb\u00e1m.<\/span><\/span><\/span><\/p>\n<div class=\"J0lOec\"><span class=\"VIiyi\" lang=\"sk\"><span class=\"JLqJ4b ChMk0b\" data-language-for-alternatives=\"sk\" data-language-to-translate-into=\"de\" data-phrase-index=\"0\" data-number-of-phrases=\"5\"><span class=\"Q4iAWc\">PVC plachta s hr\u00fabkou cca 550 g\/m\u00b2 20 je podobn\u00e1 plachte na n\u00e1kladn\u00e9 auto.<\/span><\/span> <span class=\"JLqJ4b ChMk0b\" data-language-for-alternatives=\"sk\" data-language-to-translate-into=\"de\" data-phrase-index=\"1\" data-number-of-phrases=\"5\"><span class=\"Q4iAWc\">V\u010faka integrovanej mrie\u017ekovej vn\u00fatornej tkanine je plachta z PVC extr\u00e9mne odoln\u00e1 a vysoko odoln\u00e1 proti roztrhnutiu.<\/span><\/span> <span class=\"JLqJ4b ChMk0b\" data-language-for-alternatives=\"sk\" data-language-to-translate-into=\"de\" data-phrase-index=\"2\" data-number-of-phrases=\"5\"><span class=\"Q4iAWc\">PVC plachta sa vyzna\u010duje vysokou odolnos\u0165ou vo\u010di poveternostn\u00fdm vplyvom a UV \u017eiareniu, a preto je mimoriadne odoln\u00e1.<\/span><\/span> <span class=\"JLqJ4b ChMk0b\" data-language-for-alternatives=\"sk\" data-language-to-translate-into=\"de\" data-phrase-index=\"3\" data-number-of-phrases=\"5\"><span class=\"Q4iAWc\">S teplotnou odolnos\u0165ou +50 a\u017e -20 \u00b0C a vysokou UV ochranou 80+ sa PVC plachta ukazuje ako mimoriadne spo\u013eahliv\u00e1 ochrana v ka\u017edom ro\u010dnom obdob\u00ed.<\/span><\/span> <span class=\"JLqJ4b ChMk0b\" data-language-for-alternatives=\"sk\" data-language-to-translate-into=\"de\" data-phrase-index=\"4\" data-number-of-phrases=\"5\"><span class=\"Q4iAWc\">Leskl\u00fd, hladk\u00fd vzh\u013ead je obzvl\u00e1\u0161\u0165 jednoduch\u00fd na \u00fadr\u017ebu a \u010distenie.<\/span><\/span><\/span><\/div>\n<div class=\"UdTY9 Yb6eTe\" aria-hidden=\"true\" data-location=\"2\">\n<div class=\"kO6q6e\"><\/div>\n<\/div>\n<div class=\"BdDRKe\">\n<div class=\"aJIq1d DSmisd\" data-language-code=\"sk\" data-language-name=\"sloven\u010dina\" data-text=\"PVC plachta s hr\u00fabkou cca 550 g\/m\u00b2 20 je podobn\u00e1 plachte na n\u00e1kladn\u00e9 auto. V\u010faka integrovanej mrie\u017ekovej vn\u00fatornej tkanine je plachta z PVC extr\u00e9mne odoln\u00e1 a vysoko odoln\u00e1 proti roztrhnutiu. PVC plachta sa vyzna\u010duje vysokou odolnos\u0165ou vo\u010di poveternostn\u00fdm vplyvom a UV \u017eiareniu, a preto je mimoriadne odoln\u00e1. S teplotnou odolnos\u0165ou +50 a\u017e -20 \u00b0C a vysokou UV ochranou 80+ sa PVC plachta ukazuje ako mimoriadne spo\u013eahliv\u00e1 ochrana v ka\u017edom ro\u010dnom obdob\u00ed. Leskl\u00fd, hladk\u00fd vzh\u013ead je obzvl\u00e1\u0161\u0165 jednoduch\u00fd na \u00fadr\u017ebu a \u010distenie.\" data-crosslingual-hint=\"\" data-location=\"2\" data-enable-toggle-playback-speed=\"true\">\n<div data-show-delay-ms=\"250\" data-append-to-body=\"true\" data-propagate-tooltip-mouseover-events=\"true\" data-anchor-corner=\"bottom-left\" data-enable-skip-handler=\"false\" data-popup-corner=\"top-left\">\n<div><\/div>\n<\/div>\n<\/div>\n<\/div>\n<p>&nbsp;<\/p>\n<p><img decoding=\"async\" class=\"aligncenter\" src=\"https:\/\/www.profizelt24.de\/media\/IMG-AMZ\/AMZ_0500x1000x300_OUTL.jpg\" \/><\/p>\n<p>&nbsp;<\/p>\n","protected":false},"excerpt":{"rendered":"[contact-form][contact-field label=\"Meno\" type=\"name\"  required=\"true\" \/][contact-field label=\"E-mail\" type=\"email\" required=\"true\" \/][contact-field label=\"Webov\u00e1 str\u00e1nka\" type=\"url\" \/][contact-field label=\"Spr\u00e1va\" type=\"textarea\" \/][\/contact-form]\n<p><span class=\"VIiyi\" lang=\"sk\"><span class=\"JLqJ4b ChMk0b\" data-language-for-alternatives=\"sk\" data-language-to-translate-into=\"de\" data-phrase-index=\"0\" data-number-of-phrases=\"5\"><span class=\"Q4iAWc\">D\u00e1 sa pou\u017e\u00edva\u0165 celoro\u010dne<\/span><\/span><\/span><\/p>\n<p><span class=\"VIiyi\" lang=\"sk\"><span class=\"JLqJ4b ChMk0b\" data-language-for-alternatives=\"sk\" data-language-to-translate-into=\"de\" data-phrase-index=\"2\" data-number-of-phrases=\"5\"><span class=\"Q4iAWc\">2 dvojit\u00e9 zipsov\u00e9 br\u00e1ny pre ve\u013ek\u00e9 vstupn\u00e9 v\u00fd\u0161ky a \u0161\u00edrky<\/span><\/span><br \/>\n<\/span><\/p>\n<p><span class=\"VIiyi\" lang=\"sk\"><span class=\"JLqJ4b ChMk0b\" data-language-for-alternatives=\"sk\" data-language-to-translate-into=\"de\" data-phrase-index=\"4\" data-number-of-phrases=\"5\"><span class=\"Q4iAWc\">odoln\u00e1 PVC plachta<\/span><\/span><\/span><\/p>\n","protected":false},"featured_media":1761,"comment_status":"open","ping_status":"closed","template":"","meta":{"_monsterinsights_skip_tracking":false,"_monsterinsights_sitenote_active":false,"_monsterinsights_sitenote_note":"","_monsterinsights_sitenote_category":0},"product_cat":[23],"product_tag":[192],"yoast_head":"<!-- This site is optimized with the Yoast SEO plugin v21.9 - https:\/\/yoast.com\/wordpress\/plugins\/seo\/ -->\n<title>Stanov\u00e1 hala 5x10 m - v\u00fd\u0161ka strany 3,0 m s br\u00e1nou na zips, PVC 550 siv\u00e1 | bez statiky - Profisklad- najlacnej\u0161ie rie\u0161enie pre V\u00e1\u0161 sklad<\/title>\n<meta name=\"robots\" content=\"index, follow, max-snippet:-1, max-image-preview:large, max-video-preview:-1\" \/>\n<link rel=\"canonical\" href=\"https:\/\/www.lacnekontajnery.sk\/eshop\/produkt\/stanova-hala-5x10-m-vyska-strany-30-m-s-branou-na-zips-pvc-550-siva-bez-statiky\/\" \/>\n<meta property=\"og:locale\" content=\"sk_SK\" \/>\n<meta property=\"og:type\" content=\"article\" \/>\n<meta property=\"og:title\" content=\"Stanov\u00e1 hala 5x10 m - v\u00fd\u0161ka strany 3,0 m s br\u00e1nou na zips, PVC 550 siv\u00e1 | bez statiky - Profisklad- najlacnej\u0161ie rie\u0161enie pre V\u00e1\u0161 sklad\" \/>\n<meta property=\"og:description\" content=\"D\u00e1 sa pou\u017e\u00edva\u0165 celoro\u010dne  2 dvojit\u00e9 zipsov\u00e9 br\u00e1ny pre ve\u013ek\u00e9 vstupn\u00e9 v\u00fd\u0161ky a \u0161\u00edrky   odoln\u00e1 PVC plachta\" \/>\n<meta property=\"og:url\" content=\"https:\/\/www.lacnekontajnery.sk\/eshop\/produkt\/stanova-hala-5x10-m-vyska-strany-30-m-s-branou-na-zips-pvc-550-siva-bez-statiky\/\" \/>\n<meta property=\"og:site_name\" content=\"Profisklad- najlacnej\u0161ie rie\u0161enie pre V\u00e1\u0161 sklad\" \/>\n<meta property=\"article:modified_time\" content=\"2024-01-24T08:13:33+00:00\" \/>\n<meta property=\"og:image\" content=\"https:\/\/www.lacnekontajnery.sk\/eshop\/wp-content\/uploads\/2022\/06\/Screenshot-2022-06-27-at-09-27-44-5x10-m-Zelthalle-3-0-m-Seitenhohe-mit-Reisverschlusstor-PVC-550-grau-ohne-Statik-Profizelt24.jpg\" \/>\n\t<meta property=\"og:image:width\" content=\"640\" \/>\n\t<meta property=\"og:image:height\" content=\"480\" \/>\n\t<meta property=\"og:image:type\" content=\"image\/jpeg\" \/>\n<meta name=\"twitter:card\" content=\"summary_large_image\" \/>\n<meta name=\"twitter:label1\" content=\"Predpokladan\u00fd \u010das \u010d\u00edtania\" \/>\n\t<meta name=\"twitter:data1\" content=\"1 min\u00fata\" \/>\n<script type=\"application\/ld+json\" class=\"yoast-schema-graph\">{\"@context\":\"https:\/\/schema.org\",\"@graph\":[{\"@type\":\"WebPage\",\"@id\":\"https:\/\/www.lacnekontajnery.sk\/eshop\/produkt\/stanova-hala-5x10-m-vyska-strany-30-m-s-branou-na-zips-pvc-550-siva-bez-statiky\/\",\"url\":\"https:\/\/www.lacnekontajnery.sk\/eshop\/produkt\/stanova-hala-5x10-m-vyska-strany-30-m-s-branou-na-zips-pvc-550-siva-bez-statiky\/\",\"name\":\"Stanov\u00e1 hala 5x10 m - v\u00fd\u0161ka strany 3,0 m s br\u00e1nou na zips, PVC 550 siv\u00e1 | bez statiky - Profisklad- najlacnej\u0161ie rie\u0161enie pre V\u00e1\u0161 sklad\",\"isPartOf\":{\"@id\":\"https:\/\/www.lacnekontajnery.sk\/eshop\/#website\"},\"datePublished\":\"2022-06-27T07:38:44+00:00\",\"dateModified\":\"2024-01-24T08:13:33+00:00\",\"breadcrumb\":{\"@id\":\"https:\/\/www.lacnekontajnery.sk\/eshop\/produkt\/stanova-hala-5x10-m-vyska-strany-30-m-s-branou-na-zips-pvc-550-siva-bez-statiky\/#breadcrumb\"},\"inLanguage\":\"sk-SK\",\"potentialAction\":[{\"@type\":\"ReadAction\",\"target\":[\"https:\/\/www.lacnekontajnery.sk\/eshop\/produkt\/stanova-hala-5x10-m-vyska-strany-30-m-s-branou-na-zips-pvc-550-siva-bez-statiky\/\"]}]},{\"@type\":\"BreadcrumbList\",\"@id\":\"https:\/\/www.lacnekontajnery.sk\/eshop\/produkt\/stanova-hala-5x10-m-vyska-strany-30-m-s-branou-na-zips-pvc-550-siva-bez-statiky\/#breadcrumb\",\"itemListElement\":[{\"@type\":\"ListItem\",\"position\":1,\"name\":\"Home\",\"item\":\"https:\/\/www.lacnekontajnery.sk\/eshop\/\"},{\"@type\":\"ListItem\",\"position\":2,\"name\":\"Obchod\",\"item\":\"https:\/\/www.lacnekontajnery.sk\/eshop\/obchod\/\"},{\"@type\":\"ListItem\",\"position\":3,\"name\":\"Stanov\u00e1 hala 5&#215;10 m &#8211; v\u00fd\u0161ka strany 3,0 m s br\u00e1nou na zips, PVC 550 siv\u00e1 | bez statiky\"}]},{\"@type\":\"WebSite\",\"@id\":\"https:\/\/www.lacnekontajnery.sk\/eshop\/#website\",\"url\":\"https:\/\/www.lacnekontajnery.sk\/eshop\/\",\"name\":\"Profisklad- najlacnej\u0161ie rie\u0161enie pre V\u00e1\u0161 sklad\",\"description\":\"Profesion\u00e1lne sklady\",\"publisher\":{\"@id\":\"https:\/\/www.lacnekontajnery.sk\/eshop\/#organization\"},\"potentialAction\":[{\"@type\":\"SearchAction\",\"target\":{\"@type\":\"EntryPoint\",\"urlTemplate\":\"https:\/\/www.lacnekontajnery.sk\/eshop\/?s={search_term_string}\"},\"query-input\":\"required name=search_term_string\"}],\"inLanguage\":\"sk-SK\"},{\"@type\":\"Organization\",\"@id\":\"https:\/\/www.lacnekontajnery.sk\/eshop\/#organization\",\"name\":\"Profisklad- r\u00fdchle a lacn\u00e9 skladovanie\",\"url\":\"https:\/\/www.lacnekontajnery.sk\/eshop\/\",\"logo\":{\"@type\":\"ImageObject\",\"inLanguage\":\"sk-SK\",\"@id\":\"https:\/\/www.lacnekontajnery.sk\/eshop\/#\/schema\/logo\/image\/\",\"url\":\"https:\/\/www.lacnekontajnery.sk\/eshop\/wp-content\/uploads\/2020\/07\/facebook_cover_photo_1.png\",\"contentUrl\":\"https:\/\/www.lacnekontajnery.sk\/eshop\/wp-content\/uploads\/2020\/07\/facebook_cover_photo_1.png\",\"width\":1640,\"height\":624,\"caption\":\"Profisklad- r\u00fdchle a lacn\u00e9 skladovanie\"},\"image\":{\"@id\":\"https:\/\/www.lacnekontajnery.sk\/eshop\/#\/schema\/logo\/image\/\"}}]}<\/script>\n<!-- \/ Yoast SEO plugin. -->","yoast_head_json":{"title":"Stanov\u00e1 hala 5x10 m - v\u00fd\u0161ka strany 3,0 m s br\u00e1nou na zips, PVC 550 siv\u00e1 | bez statiky - Profisklad- najlacnej\u0161ie rie\u0161enie pre V\u00e1\u0161 sklad","robots":{"index":"index","follow":"follow","max-snippet":"max-snippet:-1","max-image-preview":"max-image-preview:large","max-video-preview":"max-video-preview:-1"},"canonical":"https:\/\/www.lacnekontajnery.sk\/eshop\/produkt\/stanova-hala-5x10-m-vyska-strany-30-m-s-branou-na-zips-pvc-550-siva-bez-statiky\/","og_locale":"sk_SK","og_type":"article","og_title":"Stanov\u00e1 hala 5x10 m - v\u00fd\u0161ka strany 3,0 m s br\u00e1nou na zips, PVC 550 siv\u00e1 | bez statiky - Profisklad- najlacnej\u0161ie rie\u0161enie pre V\u00e1\u0161 sklad","og_description":"D\u00e1 sa pou\u017e\u00edva\u0165 celoro\u010dne  2 dvojit\u00e9 zipsov\u00e9 br\u00e1ny pre ve\u013ek\u00e9 vstupn\u00e9 v\u00fd\u0161ky a \u0161\u00edrky   odoln\u00e1 PVC plachta","og_url":"https:\/\/www.lacnekontajnery.sk\/eshop\/produkt\/stanova-hala-5x10-m-vyska-strany-30-m-s-branou-na-zips-pvc-550-siva-bez-statiky\/","og_site_name":"Profisklad- najlacnej\u0161ie rie\u0161enie pre V\u00e1\u0161 sklad","article_modified_time":"2024-01-24T08:13:33+00:00","og_image":[{"width":640,"height":480,"url":"https:\/\/www.lacnekontajnery.sk\/eshop\/wp-content\/uploads\/2022\/06\/Screenshot-2022-06-27-at-09-27-44-5x10-m-Zelthalle-3-0-m-Seitenhohe-mit-Reisverschlusstor-PVC-550-grau-ohne-Statik-Profizelt24.jpg","type":"image\/jpeg"}],"twitter_card":"summary_large_image","twitter_misc":{"Predpokladan\u00fd \u010das \u010d\u00edtania":"1 min\u00fata"},"schema":{"@context":"https:\/\/schema.org","@graph":[{"@type":"WebPage","@id":"https:\/\/www.lacnekontajnery.sk\/eshop\/produkt\/stanova-hala-5x10-m-vyska-strany-30-m-s-branou-na-zips-pvc-550-siva-bez-statiky\/","url":"https:\/\/www.lacnekontajnery.sk\/eshop\/produkt\/stanova-hala-5x10-m-vyska-strany-30-m-s-branou-na-zips-pvc-550-siva-bez-statiky\/","name":"Stanov\u00e1 hala 5x10 m - v\u00fd\u0161ka strany 3,0 m s br\u00e1nou na zips, PVC 550 siv\u00e1 | bez statiky - Profisklad- najlacnej\u0161ie rie\u0161enie pre V\u00e1\u0161 sklad","isPartOf":{"@id":"https:\/\/www.lacnekontajnery.sk\/eshop\/#website"},"datePublished":"2022-06-27T07:38:44+00:00","dateModified":"2024-01-24T08:13:33+00:00","breadcrumb":{"@id":"https:\/\/www.lacnekontajnery.sk\/eshop\/produkt\/stanova-hala-5x10-m-vyska-strany-30-m-s-branou-na-zips-pvc-550-siva-bez-statiky\/#breadcrumb"},"inLanguage":"sk-SK","potentialAction":[{"@type":"ReadAction","target":["https:\/\/www.lacnekontajnery.sk\/eshop\/produkt\/stanova-hala-5x10-m-vyska-strany-30-m-s-branou-na-zips-pvc-550-siva-bez-statiky\/"]}]},{"@type":"BreadcrumbList","@id":"https:\/\/www.lacnekontajnery.sk\/eshop\/produkt\/stanova-hala-5x10-m-vyska-strany-30-m-s-branou-na-zips-pvc-550-siva-bez-statiky\/#breadcrumb","itemListElement":[{"@type":"ListItem","position":1,"name":"Home","item":"https:\/\/www.lacnekontajnery.sk\/eshop\/"},{"@type":"ListItem","position":2,"name":"Obchod","item":"https:\/\/www.lacnekontajnery.sk\/eshop\/obchod\/"},{"@type":"ListItem","position":3,"name":"Stanov\u00e1 hala 5&#215;10 m &#8211; v\u00fd\u0161ka strany 3,0 m s br\u00e1nou na zips, PVC 550 siv\u00e1 | bez statiky"}]},{"@type":"WebSite","@id":"https:\/\/www.lacnekontajnery.sk\/eshop\/#website","url":"https:\/\/www.lacnekontajnery.sk\/eshop\/","name":"Profisklad- najlacnej\u0161ie rie\u0161enie pre V\u00e1\u0161 sklad","description":"Profesion\u00e1lne sklady","publisher":{"@id":"https:\/\/www.lacnekontajnery.sk\/eshop\/#organization"},"potentialAction":[{"@type":"SearchAction","target":{"@type":"EntryPoint","urlTemplate":"https:\/\/www.lacnekontajnery.sk\/eshop\/?s={search_term_string}"},"query-input":"required name=search_term_string"}],"inLanguage":"sk-SK"},{"@type":"Organization","@id":"https:\/\/www.lacnekontajnery.sk\/eshop\/#organization","name":"Profisklad- r\u00fdchle a lacn\u00e9 skladovanie","url":"https:\/\/www.lacnekontajnery.sk\/eshop\/","logo":{"@type":"ImageObject","inLanguage":"sk-SK","@id":"https:\/\/www.lacnekontajnery.sk\/eshop\/#\/schema\/logo\/image\/","url":"https:\/\/www.lacnekontajnery.sk\/eshop\/wp-content\/uploads\/2020\/07\/facebook_cover_photo_1.png","contentUrl":"https:\/\/www.lacnekontajnery.sk\/eshop\/wp-content\/uploads\/2020\/07\/facebook_cover_photo_1.png","width":1640,"height":624,"caption":"Profisklad- r\u00fdchle a lacn\u00e9 skladovanie"},"image":{"@id":"https:\/\/www.lacnekontajnery.sk\/eshop\/#\/schema\/logo\/image\/"}}]}},"jetpack_sharing_enabled":true,"_links":{"self":[{"href":"https:\/\/www.lacnekontajnery.sk\/eshop\/wp-json\/wp\/v2\/product\/1759"}],"collection":[{"href":"https:\/\/www.lacnekontajnery.sk\/eshop\/wp-json\/wp\/v2\/product"}],"about":[{"href":"https:\/\/www.lacnekontajnery.sk\/eshop\/wp-json\/wp\/v2\/types\/product"}],"replies":[{"embeddable":true,"href":"https:\/\/www.lacnekontajnery.sk\/eshop\/wp-json\/wp\/v2\/comments?post=1759"}],"wp:featuredmedia":[{"embeddable":true,"href":"https:\/\/www.lacnekontajnery.sk\/eshop\/wp-json\/wp\/v2\/media\/1761"}],"wp:attachment":[{"href":"https:\/\/www.lacnekontajnery.sk\/eshop\/wp-json\/wp\/v2\/media?parent=1759"}],"wp:term":[{"taxonomy":"product_cat","embeddable":true,"href":"https:\/\/www.lacnekontajnery.sk\/eshop\/wp-json\/wp\/v2\/product_cat?post=1759"},{"taxonomy":"product_tag","embeddable":true,"href":"https:\/\/www.lacnekontajnery.sk\/eshop\/wp-json\/wp\/v2\/product_tag?post=1759"}],"curies":[{"name":"wp","href":"https:\/\/api.w.org\/{rel}","templated":true}]}}