{"id":260,"date":"2020-07-09T22:13:21","date_gmt":"2020-07-09T20:13:21","guid":{"rendered":"https:\/\/www.lacnekontajnery.sk\/eshop\/?post_type=product&#038;p=260"},"modified":"2022-06-20T14:49:00","modified_gmt":"2022-06-20T12:49:00","slug":"klenuta-hala-12x21x6m","status":"publish","type":"product","link":"https:\/\/www.lacnekontajnery.sk\/eshop\/produkt\/klenuta-hala-12x21x6m\/","title":{"rendered":"Klenut\u00e1 hala 12x21x6,1 m"},"content":{"rendered":"<p id=\"tw-target-text\" class=\"tw-data-text tw-text-large XcVN5d tw-ta\" dir=\"ltr\" data-placeholder=\"Preklad\"><span lang=\"sk\">Vzdialenos\u0165 medzi priehradov\u00fdmi nosn\u00edkmi je 3,0 m. Ako nepremokav\u00fd materi\u00e1l sa pou\u017e\u00edva najmodernej\u0161\u00ed odlievac\u00ed materi\u00e1l vyroben\u00fd z PVC. Tento \u0165a\u017ek\u00fd PVC materi\u00e1l s hmotnos\u0165ou pribli\u017ene 720 g \/ m\u00b2 je odoln\u00fd vo\u010di vplyvom prostredia a odol\u00e1va extr\u00e9mnym teplotn\u00fdm v\u00fdkyvom od -30 do +50 stup\u0148ov Celzia. Je 9-kr\u00e1t odolnej\u0161ia vo\u010di roztrhnutiu ako be\u017en\u00fd PVC materi\u00e1l. Trojdielna nepremokav\u00e1 plachta sa sklad\u00e1 z nepretr\u017eitej stre\u0161nej nepremokavej plachty, ktor\u00e1 vedie po stran\u00e1ch a z dvoch \u0161t\u00edtov\u00fdch stien. Ka\u017ed\u00e1 stena \u0161t\u00edtu m\u00e1 ve\u013ek\u00fd vstupn\u00fd otvor, ktor\u00fd je mo\u017en\u00e9 mechanicky otvori\u0165, a vstup pre osoby so zipsami. Nepremokav\u00e9 plachty s\u00fa pevne pripevnen\u00e9 k r\u00e1mu pomocou d\u00f4myseln\u00e9ho nap\u00ednacieho syst\u00e9mu. Zimn\u00e1 klenut\u00e1 hala je mo\u017en\u00e9 vyu\u017e\u00edva\u0165 po cel\u00fd rok a vyzna\u010duje sa vysokou stabilitou a vynikaj\u00facou stabilitou. Zaoblen\u00fd tvar haly tie\u017e tlm\u00ed \u00fa\u010dinky sily a umo\u017e\u0148uje \u013eahk\u00e9 odtok zr\u00e1\u017eok.<\/span><\/p>\n<ul>\n<li id=\"tw-target-text\" class=\"tw-data-text tw-text-large XcVN5d tw-ta\" dir=\"ltr\" data-placeholder=\"Preklad\"><span lang=\"sk\">Na bezpe\u010dn\u00e9 skladovanie tovaru, strojov a vozidiel citliv\u00fdch na po\u010dasie <\/span><\/li>\n<li class=\"tw-data-text tw-text-large XcVN5d tw-ta\" dir=\"ltr\" data-placeholder=\"Preklad\"><span lang=\"sk\">Ako chr\u00e1nen\u00e9 miesto pre ve\u013ek\u00e9 vozidl\u00e1, ako s\u00fa n\u00e1kladn\u00e9 aut\u00e1, kempingy, dod\u00e1vky, \u010dlny a jachty <\/span><\/li>\n<li class=\"tw-data-text tw-text-large XcVN5d tw-ta\" dir=\"ltr\" data-placeholder=\"Preklad\"><span lang=\"sk\">Ako staj\u0148a pre hospod\u00e1rske zvierat\u00e1 alebo ako stodola na k\u0155menie, drevo a seno v po\u013enohospod\u00e1rstve a lesn\u00edctve <\/span><\/li>\n<li class=\"tw-data-text tw-text-large XcVN5d tw-ta\" dir=\"ltr\" data-placeholder=\"Preklad\"><span lang=\"sk\">Ako diel\u0148a, diel\u0148a alebo v\u00fdrobn\u00e1 miestnos\u0165 <\/span><\/li>\n<li class=\"tw-data-text tw-text-large XcVN5d tw-ta\" dir=\"ltr\" data-placeholder=\"Preklad\"><span lang=\"sk\">Ako zastre\u0161enie staveniska alebo oblasti staveniska odoln\u00e9 vo\u010di poveternostn\u00fdm vplyvom <\/span><\/li>\n<li class=\"tw-data-text tw-text-large XcVN5d tw-ta\" dir=\"ltr\" data-placeholder=\"Preklad\"><span lang=\"sk\">Ako flexibiln\u00e9, logistick\u00e9 do\u010dasn\u00e9 skladovacie zariadenie, napr\u00edklad v priemyseln\u00fdch odvetviach: stroj\u00e1rstvo, v\u00fdroba n\u00e1bytku alebo recykl\u00e1cia<\/span><\/li>\n<li class=\"tw-data-text tw-text-large XcVN5d tw-ta\" dir=\"ltr\" data-placeholder=\"Preklad\"><span lang=\"sk\">Ako prepravn\u00e1 hala odoln\u00e1 vo\u010di poveternostn\u00fdm vplyvom<\/span><\/li>\n<li class=\"tw-data-text tw-text-large XcVN5d tw-ta\" dir=\"ltr\" data-placeholder=\"Preklad\"><span lang=\"sk\">Ako predajn\u00fd a v\u00fdstavn\u00fd priestor chr\u00e1nen\u00fd pred vetrom a po\u010das\u00edm<\/span><\/li>\n<\/ul>\n<p><img decoding=\"async\" class=\"img-fluid aligncenter\" src=\"https:\/\/www.profizelt24.de\/media\/IMG-AMZ\/RBH-12,2x21_3m.jpg\" alt=\"\" \/><\/p>\n<div id=\"tw-target-text-container\" class=\"tw-ta-container hide-focus-ring tw-nfl\" tabindex=\"0\">\n<ul>\n<li id=\"tw-target-text\" class=\"tw-data-text tw-text-large XcVN5d tw-ta\" dir=\"ltr\" style=\"text-align: center;\" data-placeholder=\"Preklad\"><span lang=\"sk\">\u0160\u00edrka: pribli\u017ene 12,20 m<\/span><\/li>\n<li class=\"tw-data-text tw-text-large XcVN5d tw-ta\" dir=\"ltr\" style=\"text-align: center;\" data-placeholder=\"Preklad\"><span lang=\"sk\">D\u013a\u017eka: cca 21,00 m<\/span><\/li>\n<li class=\"tw-data-text tw-text-large XcVN5d tw-ta\" dir=\"ltr\" style=\"text-align: center;\" data-placeholder=\"Preklad\"><span lang=\"sk\">Podlahov\u00e1 plocha: 12,2 x 21 m &#8211; 256,20 m\u00b2 <\/span><\/li>\n<li class=\"tw-data-text tw-text-large XcVN5d tw-ta\" dir=\"ltr\" style=\"text-align: center;\" data-placeholder=\"Preklad\"><span lang=\"sk\">V\u00fd\u0161ka hrebe\u0148a: pribli\u017ene 6,1 m <\/span><\/li>\n<li class=\"tw-data-text tw-text-large XcVN5d tw-ta\" dir=\"ltr\" style=\"text-align: center;\" data-placeholder=\"Preklad\"><span lang=\"sk\">V\u00fd\u0161ka vchodu br\u00e1ny: pribli\u017ene 4,9 m <\/span><\/li>\n<li class=\"tw-data-text tw-text-large XcVN5d tw-ta\" dir=\"ltr\" style=\"text-align: center;\" data-placeholder=\"Preklad\"><span lang=\"sk\">Rozmery br\u00e1ny: \u0161\u00edrka cca 4,73 m<\/span><\/li>\n<li class=\"tw-data-text tw-text-large XcVN5d tw-ta\" dir=\"ltr\" style=\"text-align: center;\" data-placeholder=\"Preklad\"><span lang=\"sk\">V\u00fd\u0161ka okolo 4,9 m <\/span><\/li>\n<li class=\"tw-data-text tw-text-large XcVN5d tw-ta\" dir=\"ltr\" style=\"text-align: center;\" data-placeholder=\"Preklad\"><span lang=\"sk\">Rozmery vstupn\u00fdch dver\u00ed: \u0161\u00edrka cca 1,50 m <\/span><\/li>\n<li class=\"tw-data-text tw-text-large XcVN5d tw-ta\" dir=\"ltr\" style=\"text-align: center;\" data-placeholder=\"Preklad\"><span lang=\"sk\">V\u00fd\u0161ka cca 2,00 m <\/span><\/li>\n<li class=\"tw-data-text tw-text-large XcVN5d tw-ta\" dir=\"ltr\" style=\"text-align: center;\" data-placeholder=\"Preklad\"><span lang=\"sk\">Vzdialenos\u0165 krovu: pribli\u017ene 3,0 m<\/span><\/li>\n<\/ul>\n<p><img decoding=\"async\" loading=\"lazy\" class=\"img-fluid aligncenter\" src=\"https:\/\/cdn.profizelt24.de\/media\/IMG-DTX\/DE\/BTX_STAT.jpg\" alt=\"\" width=\"258\" height=\"194\" \/><\/p>\n<ul>\n<li id=\"tw-target-text\" class=\"tw-data-text tw-text-large XcVN5d tw-ta\" dir=\"ltr\" style=\"text-align: center;\" data-placeholder=\"Preklad\"><span lang=\"sk\">DIN EN 1990 <\/span><\/li>\n<li class=\"tw-data-text tw-text-large XcVN5d tw-ta\" dir=\"ltr\" style=\"text-align: center;\" data-placeholder=\"Preklad\"><span lang=\"sk\"> DIN EN 1991<\/span><\/li>\n<li class=\"tw-data-text tw-text-large XcVN5d tw-ta\" dir=\"ltr\" style=\"text-align: center;\" data-placeholder=\"Preklad\"><span lang=\"sk\"> DIN EN 1993<\/span><\/li>\n<\/ul>\n<div class=\"QmZWSe\">\n<div class=\"DHcWmd\"><\/div>\n<\/div>\n<div class=\"oSioSc\">\n<div id=\"tw-target\">\n<div id=\"kAz1tf\" class=\"g9WsWb\">\n<div id=\"tw-target-text-container\" class=\"tw-ta-container hide-focus-ring tw-nfl\" style=\"text-align: center;\" tabindex=\"0\">\n<ul>\n<li id=\"tw-target-text\" class=\"tw-data-text tw-text-large XcVN5d tw-ta\" dir=\"ltr\" data-placeholder=\"Preklad\"><span lang=\"sk\">Mimoriadne vysok\u00e1 stabilita v\u010faka priehradov\u00fdm nosn\u00edkom Zaru\u010den\u00e1 stabilita pri obrovskom za\u0165a\u017een\u00ed (pozri bod \u201eStatika\u201c) 10 ro\u010dn\u00e1 z\u00e1ruka na hrdzu (pozri z\u00e1ru\u010dn\u00e9 podmienky) <\/span><\/li>\n<li class=\"tw-data-text tw-text-large XcVN5d tw-ta\" dir=\"ltr\" data-placeholder=\"Preklad\"><span lang=\"sk\">Extra pevn\u00fd r\u00farkov\u00fd oce\u013eov\u00fd r\u00e1m, \u017eiarovo zinkovan\u00fd pod\u013ea DIN EN ISO 1461, preto chr\u00e1nen\u00fd proti kor\u00f3zii Priemer oce\u013eovej r\u00fary: vertik\u00e1lne pribli\u017ene 78 mm horizont\u00e1lne cca 60 mm <\/span><\/li>\n<li class=\"tw-data-text tw-text-large XcVN5d tw-ta\" dir=\"ltr\" data-placeholder=\"Preklad\"><span lang=\"sk\">Hr\u00fabka steny oce\u013eov\u00fdch r\u00far: vertik\u00e1lne pribli\u017ene 2 mm pribli\u017ene 1,6 mm horizont\u00e1lne <\/span><\/li>\n<li class=\"tw-data-text tw-text-large XcVN5d tw-ta\" dir=\"ltr\" data-placeholder=\"Preklad\"><span lang=\"sk\">Oce\u013eov\u00e1 spojka: priemer pribli\u017ene 78 mm <\/span><\/li>\n<li class=\"tw-data-text tw-text-large XcVN5d tw-ta\" dir=\"ltr\" data-placeholder=\"Preklad\"><span lang=\"sk\"> hr\u00fabka steny cca 2 mm Priehradov\u00fd nosn\u00edk priemer pribli\u017ene 34 mm Hr\u00fabka steny 1,4 mm<\/span><\/li>\n<li id=\"tw-target-text\" class=\"tw-data-text tw-text-large XcVN5d tw-ta\" dir=\"ltr\" data-placeholder=\"Preklad\"><span lang=\"sk\">5-ro\u010dn\u00e1 z\u00e1ruka na uzavret\u00fa, spr\u00e1vne zmontovan\u00fa plachtu z PVC (pozri z\u00e1ru\u010dn\u00e9 podmienky) <\/span><\/li>\n<li class=\"tw-data-text tw-text-large XcVN5d tw-ta\" dir=\"ltr\" data-placeholder=\"Preklad\"><span lang=\"sk\">Kvalitn\u00e1, asi 720g \/ m\u00b2 \u0165a\u017ek\u00e1 PVC plachta z PVC s hustou mrie\u017ekovou vn\u00fatornou tkaninou &#8211; certifikovan\u00e1 pod\u013ea DIN EN ISO 527 9x vy\u0161\u0161ia odolnos\u0165 proti roztrhnutiu ako konven\u010dn\u00e9 PVC plachty <\/span><\/li>\n<li class=\"tw-data-text tw-text-large XcVN5d tw-ta\" dir=\"ltr\" data-placeholder=\"Preklad\"><span lang=\"sk\">Oh\u0148ovzdorn\u00fd PVC materi\u00e1l: osved\u010denie o protipo\u017eiarnej ochrane pod\u013ea DIN 4102 B1 \/ B2<\/span><\/li>\n<li class=\"tw-data-text tw-text-large XcVN5d tw-ta\" dir=\"ltr\" data-placeholder=\"Preklad\"><span lang=\"sk\">Odoln\u00e9 vo\u010di vysok\u00fdm teplotn\u00fdm v\u00fdkyvom: \u00faspe\u0161ne testovan\u00e9 na teploty od -30 do +50 stup\u0148ov Celzia <\/span><\/li>\n<li class=\"tw-data-text tw-text-large XcVN5d tw-ta\" dir=\"ltr\" data-placeholder=\"Preklad\"><span lang=\"sk\">Odoln\u00fd materi\u00e1l: vysok\u00e1 odolnos\u0165 proti UV \u017eiareniu a vplyvom prostredia <\/span><\/li>\n<li class=\"tw-data-text tw-text-large XcVN5d tw-ta\" dir=\"ltr\" data-placeholder=\"Preklad\"><span lang=\"sk\">Certifikovan\u00fd faktor ochrany pred slne\u010dn\u00fdm \u017eiaren\u00edm UV 80+: optim\u00e1lne chr\u00e1ni skladovan\u00fd tovar pred slne\u010dn\u00fdm \u017eiaren\u00edm<\/span><\/li>\n<li id=\"tw-target-text\" class=\"tw-data-text tw-text-large XcVN5d tw-ta\" dir=\"ltr\" data-placeholder=\"Preklad\"><span lang=\"sk\">100% nepremokav\u00e1 nepremokav\u00e1 plachta: \u0161vy s\u00fa zv\u00e1ran\u00e9 pomocou vysokoteplotn\u00e9ho procesu <\/span><\/li>\n<li class=\"tw-data-text tw-text-large XcVN5d tw-ta\" dir=\"ltr\" data-placeholder=\"Preklad\"><span lang=\"sk\">Plachta sa sklad\u00e1 z troch \u010dast\u00ed: Stre\u0161n\u00e1 plachta prech\u00e1dzaj\u00faca cez strechu a po stran\u00e1ch, ktor\u00e1 spo\u010d\u00edva na podlahe ako deflektor vetra <\/span><\/li>\n<li class=\"tw-data-text tw-text-large XcVN5d tw-ta\" dir=\"ltr\" data-placeholder=\"Preklad\"><span lang=\"sk\">Dve \u0161t\u00edtov\u00e9 steny, ka\u017ed\u00e1 s br\u00e1nou, vetrac\u00edmi oknami a vchodom pre \u013eud\u00ed. \u0160t\u00edtov\u00e9 steny tie\u017e le\u017eia na podlahe ako deflektory vetra<\/span><\/li>\n<\/ul>\n<p><img decoding=\"async\" loading=\"lazy\" class=\"img-fluid aligncenter\" src=\"https:\/\/www.profizelt24.de\/media\/IMG-DTX\/DE\/BTX_FRES.jpg\" alt=\"\" width=\"213\" height=\"160\" \/><\/p>\n<p><img decoding=\"async\" loading=\"lazy\" class=\" wp-image-324 aligncenter\" src=\"https:\/\/www.lacnekontajnery.sk\/eshop\/wp-content\/uploads\/2020\/07\/HIG_RBH_DBL_AUFB-300x287.jpg\" alt=\"\" width=\"279\" height=\"267\" srcset=\"https:\/\/www.lacnekontajnery.sk\/eshop\/wp-content\/uploads\/2020\/07\/HIG_RBH_DBL_AUFB-300x287.jpg 300w, https:\/\/www.lacnekontajnery.sk\/eshop\/wp-content\/uploads\/2020\/07\/HIG_RBH_DBL_AUFB-416x398.jpg 416w, https:\/\/www.lacnekontajnery.sk\/eshop\/wp-content\/uploads\/2020\/07\/HIG_RBH_DBL_AUFB.jpg 495w\" sizes=\"(max-width: 279px) 100vw, 279px\" \/><\/p>\n<p>&nbsp;<\/p>\n<\/div>\n<\/div>\n<\/div>\n<\/div>\n<\/div>\n","protected":false},"excerpt":{"rendered":"<div class=\"QmZWSe\">\n<div class=\"DHcWmd\">\n<div id=\"tw-target\">\n<div id=\"kAz1tf\" class=\"g9WsWb\">\n<div id=\"tw-target-text-container\" class=\"tw-ta-container hide-focus-ring tw-nfl\" tabindex=\"0\">\n<p id=\"tw-target-text\" class=\"tw-data-text tw-text-large XcVN5d tw-ta\" dir=\"ltr\" data-placeholder=\"Preklad\"><strong><span lang=\"sk\">T\u00e1to klenut\u00e1 hala s rozmermi cca 12,20 m x 21,00 m m\u00e1 statiku a vydr\u017e\u00ed vysok\u00e9 za\u0165a\u017eenie. Oce\u013eov\u00e1 kon\u0161trukcia pozost\u00e1va z \u017eiarovo zinkovan\u00fdch, nehrdzavej\u00facich oce\u013eov\u00fdch komponentov, ktor\u00e9 s\u00fa spojen\u00e9 skrutkovan\u00edm. Obl\u00fakov\u00e9 prvky pozost\u00e1vaj\u00fa z robustn\u00fdch priehradov\u00fdch nosn\u00edkov, ktor\u00e9 sa skladaj\u00fa z dvoch r\u00farok s nieko\u013ek\u00fdmi prie\u010dnymi v\u00fdstuhami.<\/span><\/strong><\/p>\n<\/div>\n<\/div>\n<\/div>\n<\/div>\n<\/div>\n","protected":false},"featured_media":261,"comment_status":"open","ping_status":"closed","template":"","meta":{"_monsterinsights_skip_tracking":false,"_monsterinsights_sitenote_active":false,"_monsterinsights_sitenote_note":"","_monsterinsights_sitenote_category":0},"product_cat":[19],"product_tag":[],"yoast_head":"<!-- This site is optimized with the Yoast SEO plugin v21.9 - https:\/\/yoast.com\/wordpress\/plugins\/seo\/ -->\n<title>Klenut\u00e1 hala 12x21x6,1 m - Profisklad- najlacnej\u0161ie rie\u0161enie pre V\u00e1\u0161 sklad<\/title>\n<meta name=\"robots\" content=\"index, follow, max-snippet:-1, max-image-preview:large, max-video-preview:-1\" \/>\n<link rel=\"canonical\" href=\"https:\/\/www.lacnekontajnery.sk\/eshop\/produkt\/klenuta-hala-12x21x6m\/\" \/>\n<meta property=\"og:locale\" content=\"sk_SK\" \/>\n<meta property=\"og:type\" content=\"article\" \/>\n<meta property=\"og:title\" content=\"Klenut\u00e1 hala 12x21x6,1 m - Profisklad- najlacnej\u0161ie rie\u0161enie pre V\u00e1\u0161 sklad\" \/>\n<meta property=\"og:description\" content=\"T\u00e1to klenut\u00e1 hala s rozmermi cca 12,20 m x 21,00 m m\u00e1 statiku a vydr\u017e\u00ed vysok\u00e9 za\u0165a\u017eenie. Oce\u013eov\u00e1 kon\u0161trukcia pozost\u00e1va z \u017eiarovo zinkovan\u00fdch, nehrdzavej\u00facich oce\u013eov\u00fdch komponentov, ktor\u00e9 s\u00fa spojen\u00e9 skrutkovan\u00edm. Obl\u00fakov\u00e9 prvky pozost\u00e1vaj\u00fa z robustn\u00fdch priehradov\u00fdch nosn\u00edkov, ktor\u00e9 sa skladaj\u00fa z dvoch r\u00farok s nieko\u013ek\u00fdmi prie\u010dnymi v\u00fdstuhami.\" \/>\n<meta property=\"og:url\" content=\"https:\/\/www.lacnekontajnery.sk\/eshop\/produkt\/klenuta-hala-12x21x6m\/\" \/>\n<meta property=\"og:site_name\" content=\"Profisklad- najlacnej\u0161ie rie\u0161enie pre V\u00e1\u0161 sklad\" \/>\n<meta property=\"article:modified_time\" content=\"2022-06-20T12:49:00+00:00\" \/>\n<meta property=\"og:image\" content=\"https:\/\/www.lacnekontajnery.sk\/eshop\/wp-content\/uploads\/2020\/07\/1-49569-DTL-2_HIG_RBH_DBL.jpg\" \/>\n\t<meta property=\"og:image:width\" content=\"640\" \/>\n\t<meta property=\"og:image:height\" content=\"480\" \/>\n\t<meta property=\"og:image:type\" content=\"image\/jpeg\" \/>\n<meta name=\"twitter:card\" content=\"summary_large_image\" \/>\n<meta name=\"twitter:label1\" content=\"Predpokladan\u00fd \u010das \u010d\u00edtania\" \/>\n\t<meta name=\"twitter:data1\" content=\"3 min\u00faty\" \/>\n<script type=\"application\/ld+json\" class=\"yoast-schema-graph\">{\"@context\":\"https:\/\/schema.org\",\"@graph\":[{\"@type\":\"WebPage\",\"@id\":\"https:\/\/www.lacnekontajnery.sk\/eshop\/produkt\/klenuta-hala-12x21x6m\/\",\"url\":\"https:\/\/www.lacnekontajnery.sk\/eshop\/produkt\/klenuta-hala-12x21x6m\/\",\"name\":\"Klenut\u00e1 hala 12x21x6,1 m - Profisklad- najlacnej\u0161ie rie\u0161enie pre V\u00e1\u0161 sklad\",\"isPartOf\":{\"@id\":\"https:\/\/www.lacnekontajnery.sk\/eshop\/#website\"},\"datePublished\":\"2020-07-09T20:13:21+00:00\",\"dateModified\":\"2022-06-20T12:49:00+00:00\",\"breadcrumb\":{\"@id\":\"https:\/\/www.lacnekontajnery.sk\/eshop\/produkt\/klenuta-hala-12x21x6m\/#breadcrumb\"},\"inLanguage\":\"sk-SK\",\"potentialAction\":[{\"@type\":\"ReadAction\",\"target\":[\"https:\/\/www.lacnekontajnery.sk\/eshop\/produkt\/klenuta-hala-12x21x6m\/\"]}]},{\"@type\":\"BreadcrumbList\",\"@id\":\"https:\/\/www.lacnekontajnery.sk\/eshop\/produkt\/klenuta-hala-12x21x6m\/#breadcrumb\",\"itemListElement\":[{\"@type\":\"ListItem\",\"position\":1,\"name\":\"Home\",\"item\":\"https:\/\/www.lacnekontajnery.sk\/eshop\/\"},{\"@type\":\"ListItem\",\"position\":2,\"name\":\"Obchod\",\"item\":\"https:\/\/www.lacnekontajnery.sk\/eshop\/obchod\/\"},{\"@type\":\"ListItem\",\"position\":3,\"name\":\"Klenut\u00e1 hala 12x21x6,1 m\"}]},{\"@type\":\"WebSite\",\"@id\":\"https:\/\/www.lacnekontajnery.sk\/eshop\/#website\",\"url\":\"https:\/\/www.lacnekontajnery.sk\/eshop\/\",\"name\":\"Profisklad- najlacnej\u0161ie rie\u0161enie pre V\u00e1\u0161 sklad\",\"description\":\"Profesion\u00e1lne sklady\",\"publisher\":{\"@id\":\"https:\/\/www.lacnekontajnery.sk\/eshop\/#organization\"},\"potentialAction\":[{\"@type\":\"SearchAction\",\"target\":{\"@type\":\"EntryPoint\",\"urlTemplate\":\"https:\/\/www.lacnekontajnery.sk\/eshop\/?s={search_term_string}\"},\"query-input\":\"required name=search_term_string\"}],\"inLanguage\":\"sk-SK\"},{\"@type\":\"Organization\",\"@id\":\"https:\/\/www.lacnekontajnery.sk\/eshop\/#organization\",\"name\":\"Profisklad- r\u00fdchle a lacn\u00e9 skladovanie\",\"url\":\"https:\/\/www.lacnekontajnery.sk\/eshop\/\",\"logo\":{\"@type\":\"ImageObject\",\"inLanguage\":\"sk-SK\",\"@id\":\"https:\/\/www.lacnekontajnery.sk\/eshop\/#\/schema\/logo\/image\/\",\"url\":\"https:\/\/www.lacnekontajnery.sk\/eshop\/wp-content\/uploads\/2020\/07\/facebook_cover_photo_1.png\",\"contentUrl\":\"https:\/\/www.lacnekontajnery.sk\/eshop\/wp-content\/uploads\/2020\/07\/facebook_cover_photo_1.png\",\"width\":1640,\"height\":624,\"caption\":\"Profisklad- r\u00fdchle a lacn\u00e9 skladovanie\"},\"image\":{\"@id\":\"https:\/\/www.lacnekontajnery.sk\/eshop\/#\/schema\/logo\/image\/\"}}]}<\/script>\n<!-- \/ Yoast SEO plugin. -->","yoast_head_json":{"title":"Klenut\u00e1 hala 12x21x6,1 m - Profisklad- najlacnej\u0161ie rie\u0161enie pre V\u00e1\u0161 sklad","robots":{"index":"index","follow":"follow","max-snippet":"max-snippet:-1","max-image-preview":"max-image-preview:large","max-video-preview":"max-video-preview:-1"},"canonical":"https:\/\/www.lacnekontajnery.sk\/eshop\/produkt\/klenuta-hala-12x21x6m\/","og_locale":"sk_SK","og_type":"article","og_title":"Klenut\u00e1 hala 12x21x6,1 m - Profisklad- najlacnej\u0161ie rie\u0161enie pre V\u00e1\u0161 sklad","og_description":"T\u00e1to klenut\u00e1 hala s rozmermi cca 12,20 m x 21,00 m m\u00e1 statiku a vydr\u017e\u00ed vysok\u00e9 za\u0165a\u017eenie. Oce\u013eov\u00e1 kon\u0161trukcia pozost\u00e1va z \u017eiarovo zinkovan\u00fdch, nehrdzavej\u00facich oce\u013eov\u00fdch komponentov, ktor\u00e9 s\u00fa spojen\u00e9 skrutkovan\u00edm. Obl\u00fakov\u00e9 prvky pozost\u00e1vaj\u00fa z robustn\u00fdch priehradov\u00fdch nosn\u00edkov, ktor\u00e9 sa skladaj\u00fa z dvoch r\u00farok s nieko\u013ek\u00fdmi prie\u010dnymi v\u00fdstuhami.","og_url":"https:\/\/www.lacnekontajnery.sk\/eshop\/produkt\/klenuta-hala-12x21x6m\/","og_site_name":"Profisklad- najlacnej\u0161ie rie\u0161enie pre V\u00e1\u0161 sklad","article_modified_time":"2022-06-20T12:49:00+00:00","og_image":[{"width":640,"height":480,"url":"https:\/\/www.lacnekontajnery.sk\/eshop\/wp-content\/uploads\/2020\/07\/1-49569-DTL-2_HIG_RBH_DBL.jpg","type":"image\/jpeg"}],"twitter_card":"summary_large_image","twitter_misc":{"Predpokladan\u00fd \u010das \u010d\u00edtania":"3 min\u00faty"},"schema":{"@context":"https:\/\/schema.org","@graph":[{"@type":"WebPage","@id":"https:\/\/www.lacnekontajnery.sk\/eshop\/produkt\/klenuta-hala-12x21x6m\/","url":"https:\/\/www.lacnekontajnery.sk\/eshop\/produkt\/klenuta-hala-12x21x6m\/","name":"Klenut\u00e1 hala 12x21x6,1 m - Profisklad- najlacnej\u0161ie rie\u0161enie pre V\u00e1\u0161 sklad","isPartOf":{"@id":"https:\/\/www.lacnekontajnery.sk\/eshop\/#website"},"datePublished":"2020-07-09T20:13:21+00:00","dateModified":"2022-06-20T12:49:00+00:00","breadcrumb":{"@id":"https:\/\/www.lacnekontajnery.sk\/eshop\/produkt\/klenuta-hala-12x21x6m\/#breadcrumb"},"inLanguage":"sk-SK","potentialAction":[{"@type":"ReadAction","target":["https:\/\/www.lacnekontajnery.sk\/eshop\/produkt\/klenuta-hala-12x21x6m\/"]}]},{"@type":"BreadcrumbList","@id":"https:\/\/www.lacnekontajnery.sk\/eshop\/produkt\/klenuta-hala-12x21x6m\/#breadcrumb","itemListElement":[{"@type":"ListItem","position":1,"name":"Home","item":"https:\/\/www.lacnekontajnery.sk\/eshop\/"},{"@type":"ListItem","position":2,"name":"Obchod","item":"https:\/\/www.lacnekontajnery.sk\/eshop\/obchod\/"},{"@type":"ListItem","position":3,"name":"Klenut\u00e1 hala 12x21x6,1 m"}]},{"@type":"WebSite","@id":"https:\/\/www.lacnekontajnery.sk\/eshop\/#website","url":"https:\/\/www.lacnekontajnery.sk\/eshop\/","name":"Profisklad- najlacnej\u0161ie rie\u0161enie pre V\u00e1\u0161 sklad","description":"Profesion\u00e1lne sklady","publisher":{"@id":"https:\/\/www.lacnekontajnery.sk\/eshop\/#organization"},"potentialAction":[{"@type":"SearchAction","target":{"@type":"EntryPoint","urlTemplate":"https:\/\/www.lacnekontajnery.sk\/eshop\/?s={search_term_string}"},"query-input":"required name=search_term_string"}],"inLanguage":"sk-SK"},{"@type":"Organization","@id":"https:\/\/www.lacnekontajnery.sk\/eshop\/#organization","name":"Profisklad- r\u00fdchle a lacn\u00e9 skladovanie","url":"https:\/\/www.lacnekontajnery.sk\/eshop\/","logo":{"@type":"ImageObject","inLanguage":"sk-SK","@id":"https:\/\/www.lacnekontajnery.sk\/eshop\/#\/schema\/logo\/image\/","url":"https:\/\/www.lacnekontajnery.sk\/eshop\/wp-content\/uploads\/2020\/07\/facebook_cover_photo_1.png","contentUrl":"https:\/\/www.lacnekontajnery.sk\/eshop\/wp-content\/uploads\/2020\/07\/facebook_cover_photo_1.png","width":1640,"height":624,"caption":"Profisklad- r\u00fdchle a lacn\u00e9 skladovanie"},"image":{"@id":"https:\/\/www.lacnekontajnery.sk\/eshop\/#\/schema\/logo\/image\/"}}]}},"jetpack_sharing_enabled":true,"_links":{"self":[{"href":"https:\/\/www.lacnekontajnery.sk\/eshop\/wp-json\/wp\/v2\/product\/260"}],"collection":[{"href":"https:\/\/www.lacnekontajnery.sk\/eshop\/wp-json\/wp\/v2\/product"}],"about":[{"href":"https:\/\/www.lacnekontajnery.sk\/eshop\/wp-json\/wp\/v2\/types\/product"}],"replies":[{"embeddable":true,"href":"https:\/\/www.lacnekontajnery.sk\/eshop\/wp-json\/wp\/v2\/comments?post=260"}],"wp:featuredmedia":[{"embeddable":true,"href":"https:\/\/www.lacnekontajnery.sk\/eshop\/wp-json\/wp\/v2\/media\/261"}],"wp:attachment":[{"href":"https:\/\/www.lacnekontajnery.sk\/eshop\/wp-json\/wp\/v2\/media?parent=260"}],"wp:term":[{"taxonomy":"product_cat","embeddable":true,"href":"https:\/\/www.lacnekontajnery.sk\/eshop\/wp-json\/wp\/v2\/product_cat?post=260"},{"taxonomy":"product_tag","embeddable":true,"href":"https:\/\/www.lacnekontajnery.sk\/eshop\/wp-json\/wp\/v2\/product_tag?post=260"}],"curies":[{"name":"wp","href":"https:\/\/api.w.org\/{rel}","templated":true}]}}