{"id":262,"date":"2020-07-09T22:15:50","date_gmt":"2020-07-09T20:15:50","guid":{"rendered":"https:\/\/www.lacnekontajnery.sk\/eshop\/?post_type=product&#038;p=262"},"modified":"2022-06-20T14:48:20","modified_gmt":"2022-06-20T12:48:20","slug":"klenuta-hala-915m-x-10m-x-45m","status":"publish","type":"product","link":"https:\/\/www.lacnekontajnery.sk\/eshop\/produkt\/klenuta-hala-915m-x-10m-x-45m\/","title":{"rendered":"Klenut\u00e1 hala 9,15m x 10m x 4,5m 720g\/m2"},"content":{"rendered":"<p class=\"tw-data-text tw-text-large XcVN5d tw-ta\" dir=\"ltr\" data-placeholder=\"Preklad\"><span lang=\"sk\">Zaoblen\u00fd tvar tlm\u00ed \u00fa\u010dinky sily a poskytuje maxim\u00e1lnu ochranu pred po\u010das\u00edm. Tovar, hospod\u00e1rske zvierat\u00e1 a stroje s\u00fa tak po\u010das cel\u00e9ho roka \u00fa\u010dinne chr\u00e1nen\u00e9 pred slnkom, vetrom a zr\u00e1\u017ekami.<\/span><\/p>\n<div class=\"QmZWSe\">\n<div class=\"DHcWmd\"><\/div>\n<\/div>\n<div class=\"oSioSc\">\n<div id=\"tw-target\">\n<div id=\"kAz1tf\" class=\"g9WsWb\">\n<div id=\"tw-target-text-container\" class=\"tw-ta-container hide-focus-ring tw-nfl\" tabindex=\"0\">\n<ul>\n<li id=\"tw-target-text\" class=\"tw-data-text tw-text-large XcVN5d tw-ta\" dir=\"ltr\" data-placeholder=\"Preklad\"><span lang=\"sk\">Vytv\u00e1ranie kryt\u00fdch \u00falo\u017en\u00fdch a pracovn\u00fdch priestorov <\/span><\/li>\n<li class=\"tw-data-text tw-text-large XcVN5d tw-ta\" dir=\"ltr\" data-placeholder=\"Preklad\"><span lang=\"sk\"> Bezpe\u010dn\u00e9 skladovanie priemyseln\u00e9ho tovaru a materi\u00e1lov citliv\u00fdch na po\u010dasie <\/span><\/li>\n<li class=\"tw-data-text tw-text-large XcVN5d tw-ta\" dir=\"ltr\" data-placeholder=\"Preklad\"><span lang=\"sk\">Chr\u00e1nen\u00e9 parkovacie miesto pre ve\u013ek\u00e9 vozidl\u00e1, ako s\u00fa n\u00e1kladn\u00e9 aut\u00e1, karavany, kempingy, dod\u00e1vky, \u010dlny a jachty<\/span><\/li>\n<li class=\"tw-data-text tw-text-large XcVN5d tw-ta\" dir=\"ltr\" data-placeholder=\"Preklad\"><span lang=\"sk\"> M\u00f4\u017ee sa pou\u017e\u00edva\u0165 ako staj\u0148a pre hospod\u00e1rske zvierat\u00e1 alebo ako stodola na k\u0155menie, drevo a seno v po\u013enohospod\u00e1rstve a lesn\u00edctve <\/span><\/li>\n<li class=\"tw-data-text tw-text-large XcVN5d tw-ta\" dir=\"ltr\" data-placeholder=\"Preklad\"><span lang=\"sk\">Pou\u017eitie ako diel\u0148a alebo v\u00fdrobn\u00e1 miestnos\u0165 <\/span><\/li>\n<li class=\"tw-data-text tw-text-large XcVN5d tw-ta\" dir=\"ltr\" data-placeholder=\"Preklad\"><span lang=\"sk\">Zastre\u0161enie staveniska alebo oblasti staveniska odoln\u00e9 vo\u010di poveternostn\u00fdm vplyvom <\/span><\/li>\n<li class=\"tw-data-text tw-text-large XcVN5d tw-ta\" dir=\"ltr\" data-placeholder=\"Preklad\"><span lang=\"sk\">Vyu\u017e\u00edva sa ako predajn\u00fd a v\u00fdstavn\u00fd priestor chr\u00e1nen\u00fd pred vetrom a po\u010das\u00edm <\/span><\/li>\n<li class=\"tw-data-text tw-text-large XcVN5d tw-ta\" dir=\"ltr\" data-placeholder=\"Preklad\"><span lang=\"sk\">Vhodn\u00fd na kr\u00e1tkodob\u00e9 aj dlhodob\u00e9 pou\u017eitie<\/span><\/li>\n<\/ul>\n<\/div>\n<p>&nbsp;<\/p>\n<\/div>\n<\/div>\n<\/div>\n<p id=\"tw-target-text\" class=\"tw-data-text tw-text-large XcVN5d tw-ta\" dir=\"ltr\" data-placeholder=\"Preklad\"><span lang=\"sk\"><img decoding=\"async\" class=\"img-fluid aligncenter\" src=\"https:\/\/www.profizelt24.de\/media\/IMG-AMZ\/RBH-9,15x10.jpg\" alt=\"\" \/><\/span><\/p>\n<ul>\n<li id=\"tw-target-text\" class=\"tw-data-text tw-text-large XcVN5d tw-ta\" dir=\"ltr\" style=\"text-align: center;\" data-placeholder=\"Preklad\"><span lang=\"sk\">\u0160\u00edrka: pribli\u017ene 9,15 m D\u013a\u017eka: cca 10,00 m <\/span><\/li>\n<li class=\"tw-data-text tw-text-large XcVN5d tw-ta\" dir=\"ltr\" style=\"text-align: center;\" data-placeholder=\"Preklad\"><span lang=\"sk\">Podlahov\u00e1 plocha: 9,15 x 10 m &#8211; 91,50 m\u00b2 <\/span><\/li>\n<li class=\"tw-data-text tw-text-large XcVN5d tw-ta\" dir=\"ltr\" style=\"text-align: center;\" data-placeholder=\"Preklad\"><span lang=\"sk\">V\u00fd\u0161ka hrebe\u0148a: pribli\u017ene 4,5 m <\/span><\/li>\n<li class=\"tw-data-text tw-text-large XcVN5d tw-ta\" dir=\"ltr\" style=\"text-align: center;\" data-placeholder=\"Preklad\"><span lang=\"sk\">V\u00fd\u0161ka boku: pribli\u017ene 3,5 m <\/span><\/li>\n<li class=\"tw-data-text tw-text-large XcVN5d tw-ta\" dir=\"ltr\" style=\"text-align: center;\" data-placeholder=\"Preklad\"><span lang=\"sk\">V\u00fd\u0161ka vchodu do br\u00e1ny: pribli\u017ene 3,5 m <\/span><\/li>\n<li class=\"tw-data-text tw-text-large XcVN5d tw-ta\" dir=\"ltr\" style=\"text-align: center;\" data-placeholder=\"Preklad\"><span lang=\"sk\">Rozmery br\u00e1ny: \u0161\u00edrka cca 3,5 m <\/span><\/li>\n<li class=\"tw-data-text tw-text-large XcVN5d tw-ta\" dir=\"ltr\" style=\"text-align: center;\" data-placeholder=\"Preklad\"><span lang=\"sk\">V\u00fd\u0161ka asi 3,5 m <\/span><\/li>\n<li class=\"tw-data-text tw-text-large XcVN5d tw-ta\" dir=\"ltr\" style=\"text-align: center;\" data-placeholder=\"Preklad\"><span lang=\"sk\">ozmery vstupn\u00fdch dver\u00ed: \u0161\u00edrka cca 1,50 m <\/span><\/li>\n<li class=\"tw-data-text tw-text-large XcVN5d tw-ta\" dir=\"ltr\" style=\"text-align: center;\" data-placeholder=\"Preklad\"><span lang=\"sk\">V\u00fd\u0161ka cca 2,00 m <\/span><\/li>\n<li class=\"tw-data-text tw-text-large XcVN5d tw-ta\" dir=\"ltr\" style=\"text-align: center;\" data-placeholder=\"Preklad\"><span lang=\"sk\">Vzdialenos\u0165 medzi zvisl\u00fdmi obl\u00fakmi: cca 2,00 m<\/span><\/li>\n<\/ul>\n<p><img decoding=\"async\" loading=\"lazy\" class=\"img-fluid aligncenter\" src=\"https:\/\/cdn.profizelt24.de\/media\/IMG-DTX\/DE\/BTX_STAT.jpg\" alt=\"\" width=\"235\" height=\"176\" \/><\/p>\n<p class=\"tw-data-text tw-text-large XcVN5d tw-ta\" dir=\"ltr\" data-placeholder=\"Preklad\"><span lang=\"sk\">Pln\u00e1 absorpcia za\u0165a\u017eenia vetrom sa predpoklad\u00e1 pod\u013ea DIN EN 1991, t. stabiln\u00fd pri maxim\u00e1lnej zmeranej sile vetra. Napr\u00edklad sila vetra 10 a viac nie je probl\u00e9m s t\u00fdmto stanom.<\/span><\/p>\n<div id='gallery-1' class='gallery galleryid-262 gallery-columns-4 gallery-size-medium'><figure class='gallery-item'>\n\t\t\t<div class='gallery-icon landscape'>\n\t\t\t\t<a href='https:\/\/www.lacnekontajnery.sk\/eshop\/wp-content\/uploads\/2020\/07\/RBH_KONS2.jpg'><img width=\"300\" height=\"178\" src=\"https:\/\/www.lacnekontajnery.sk\/eshop\/wp-content\/uploads\/2020\/07\/RBH_KONS2-300x178.jpg\" class=\"attachment-medium size-medium\" alt=\"\" decoding=\"async\" loading=\"lazy\" srcset=\"https:\/\/www.lacnekontajnery.sk\/eshop\/wp-content\/uploads\/2020\/07\/RBH_KONS2-300x178.jpg 300w, https:\/\/www.lacnekontajnery.sk\/eshop\/wp-content\/uploads\/2020\/07\/RBH_KONS2-416x246.jpg 416w, https:\/\/www.lacnekontajnery.sk\/eshop\/wp-content\/uploads\/2020\/07\/RBH_KONS2.jpg 640w\" sizes=\"(max-width: 300px) 100vw, 300px\" \/><\/a>\n\t\t\t<\/div><\/figure><figure class='gallery-item'>\n\t\t\t<div class='gallery-icon landscape'>\n\t\t\t\t<a href='https:\/\/www.lacnekontajnery.sk\/eshop\/wp-content\/uploads\/2020\/07\/RBH_KONS3.jpg'><img width=\"300\" height=\"291\" src=\"https:\/\/www.lacnekontajnery.sk\/eshop\/wp-content\/uploads\/2020\/07\/RBH_KONS3-300x291.jpg\" class=\"attachment-medium size-medium\" alt=\"\" decoding=\"async\" loading=\"lazy\" srcset=\"https:\/\/www.lacnekontajnery.sk\/eshop\/wp-content\/uploads\/2020\/07\/RBH_KONS3-300x291.jpg 300w, https:\/\/www.lacnekontajnery.sk\/eshop\/wp-content\/uploads\/2020\/07\/RBH_KONS3-416x403.jpg 416w, https:\/\/www.lacnekontajnery.sk\/eshop\/wp-content\/uploads\/2020\/07\/RBH_KONS3.jpg 480w\" sizes=\"(max-width: 300px) 100vw, 300px\" \/><\/a>\n\t\t\t<\/div><\/figure><figure class='gallery-item'>\n\t\t\t<div class='gallery-icon landscape'>\n\t\t\t\t<a href='https:\/\/www.lacnekontajnery.sk\/eshop\/wp-content\/uploads\/2020\/07\/RBH_KONS.jpg'><img width=\"300\" height=\"293\" src=\"https:\/\/www.lacnekontajnery.sk\/eshop\/wp-content\/uploads\/2020\/07\/RBH_KONS-300x293.jpg\" class=\"attachment-medium size-medium\" alt=\"\" decoding=\"async\" loading=\"lazy\" srcset=\"https:\/\/www.lacnekontajnery.sk\/eshop\/wp-content\/uploads\/2020\/07\/RBH_KONS-300x293.jpg 300w, https:\/\/www.lacnekontajnery.sk\/eshop\/wp-content\/uploads\/2020\/07\/RBH_KONS-416x406.jpg 416w, https:\/\/www.lacnekontajnery.sk\/eshop\/wp-content\/uploads\/2020\/07\/RBH_KONS.jpg 485w\" sizes=\"(max-width: 300px) 100vw, 300px\" \/><\/a>\n\t\t\t<\/div><\/figure><figure class='gallery-item'>\n\t\t\t<div class='gallery-icon landscape'>\n\t\t\t\t<a href='https:\/\/www.lacnekontajnery.sk\/eshop\/wp-content\/uploads\/2020\/07\/RBH_KONS4.jpg'><img width=\"300\" height=\"297\" src=\"https:\/\/www.lacnekontajnery.sk\/eshop\/wp-content\/uploads\/2020\/07\/RBH_KONS4-300x297.jpg\" class=\"attachment-medium size-medium\" alt=\"\" decoding=\"async\" loading=\"lazy\" srcset=\"https:\/\/www.lacnekontajnery.sk\/eshop\/wp-content\/uploads\/2020\/07\/RBH_KONS4-300x297.jpg 300w, https:\/\/www.lacnekontajnery.sk\/eshop\/wp-content\/uploads\/2020\/07\/RBH_KONS4-150x150.jpg 150w, https:\/\/www.lacnekontajnery.sk\/eshop\/wp-content\/uploads\/2020\/07\/RBH_KONS4-416x412.jpg 416w, https:\/\/www.lacnekontajnery.sk\/eshop\/wp-content\/uploads\/2020\/07\/RBH_KONS4-100x100.jpg 100w, https:\/\/www.lacnekontajnery.sk\/eshop\/wp-content\/uploads\/2020\/07\/RBH_KONS4.jpg 474w\" sizes=\"(max-width: 300px) 100vw, 300px\" \/><\/a>\n\t\t\t<\/div><\/figure>\n\t\t<\/div>\n\n<ul>\n<li id=\"tw-target-text\" class=\"tw-data-text tw-text-large XcVN5d tw-ta\" dir=\"ltr\" data-placeholder=\"Preklad\"><span lang=\"sk\">Ve\u013emi vysok\u00e1 stabilita v\u010faka kruhovej kon\u0161trukcii obl\u00faka <\/span><\/li>\n<li class=\"tw-data-text tw-text-large XcVN5d tw-ta\" dir=\"ltr\" data-placeholder=\"Preklad\"><span lang=\"sk\">Zaru\u010den\u00e1 stabilita pri ve\u013ekom za\u0165a\u017een\u00ed (pozri bod \u201eStatika\u201c)<\/span><\/li>\n<li class=\"tw-data-text tw-text-large XcVN5d tw-ta\" dir=\"ltr\" data-placeholder=\"Preklad\"><span lang=\"sk\">10 ro\u010dn\u00e1 z\u00e1ruka na hrdzu (pozri z\u00e1ru\u010dn\u00e9 podmienky) <\/span><\/li>\n<li class=\"tw-data-text tw-text-large XcVN5d tw-ta\" dir=\"ltr\" data-placeholder=\"Preklad\"><span lang=\"sk\">Plne pozinkovan\u00fd, extra pevn\u00fd r\u00farkov\u00fd oce\u013eov\u00fd r\u00e1m s ochranou proti kor\u00f3zii <\/span><\/li>\n<li class=\"tw-data-text tw-text-large XcVN5d tw-ta\" dir=\"ltr\" data-placeholder=\"Preklad\"><span lang=\"sk\">Priemer: pribli\u017ene 76 mm vertik\u00e1lne \/ pribli\u017ene 60 mm horizont\u00e1lne <\/span><\/li>\n<li class=\"tw-data-text tw-text-large XcVN5d tw-ta\" dir=\"ltr\" data-placeholder=\"Preklad\"><span lang=\"sk\">Hr\u00fabka steny: pribli\u017ene 2 mm vertik\u00e1lne \/ pribli\u017ene 1,5 mm horizont\u00e1lne <\/span><\/li>\n<li class=\"tw-data-text tw-text-large XcVN5d tw-ta\" dir=\"ltr\" data-placeholder=\"Preklad\"><span lang=\"sk\">Na ka\u017edej strane \u0161t\u00edtu je hlavn\u00e1 br\u00e1na, ktor\u00e1 sa otv\u00e1ra smerom nahor \u013eahk\u00fdm \u0165a\u017en\u00fdm zariaden\u00edm<\/span><\/li>\n<li id=\"tw-target-text\" class=\"tw-data-text tw-text-large XcVN5d tw-ta\" dir=\"ltr\" data-placeholder=\"Preklad\"><span lang=\"sk\">5-ro\u010dn\u00e1 z\u00e1ruka na uzavret\u00fa, spr\u00e1vne zmontovan\u00fa plachtu z PVC (pozri z\u00e1ru\u010dn\u00e9 podmienky) <\/span><\/li>\n<li class=\"tw-data-text tw-text-large XcVN5d tw-ta\" dir=\"ltr\" data-placeholder=\"Preklad\"><span lang=\"sk\">Kvalitn\u00e1 liata PVC plachta s hustou vn\u00fatornou tkaninou &#8211; certifikovan\u00e1 pod\u013ea DIN EN ISO 527 <\/span><\/li>\n<li class=\"tw-data-text tw-text-large XcVN5d tw-ta\" dir=\"ltr\" data-placeholder=\"Preklad\"><span lang=\"sk\">PVC materi\u00e1l je pevn\u00fd pribli\u017ene 720 g \/ m\u00b2 <\/span><\/li>\n<li class=\"tw-data-text tw-text-large XcVN5d tw-ta\" dir=\"ltr\" data-placeholder=\"Preklad\"><span lang=\"sk\">Odolnos\u0165 proti roztrhnutiu je 9-kr\u00e1t vy\u0161\u0161ia ako pri be\u017en\u00fdch placht\u00e1ch z PVC <\/span><\/li>\n<li class=\"tw-data-text tw-text-large XcVN5d tw-ta\" dir=\"ltr\" data-placeholder=\"Preklad\"><span lang=\"sk\">Oh\u0148ovzdorn\u00fd PVC materi\u00e1l: Protipo\u017eiarna certifik\u00e1cia pod\u013ea DIN 4102 B1 \/ B2 Test teploty pre\u0161iel teplotami od -30 do +50 stup\u0148ov Celzia <\/span><\/li>\n<li class=\"tw-data-text tw-text-large XcVN5d tw-ta\" dir=\"ltr\" data-placeholder=\"Preklad\"><span lang=\"sk\">Vysok\u00e1 odolnos\u0165 proti UV \u017eiareniu a vynikaj\u00faca ochrana pred UV \u017eiaren\u00edm 100% vodotesn\u00fd<\/span><\/li>\n<\/ul>\n<div class=\"QmZWSe\">\n<div class=\"DHcWmd\">\n<div id=\"tw-target\">\n<div id=\"kAz1tf\" class=\"g9WsWb\">\n<div id=\"tw-target-text-container\" class=\"tw-ta-container hide-focus-ring tw-nfl\" tabindex=\"0\">\n<ul>\n<li id=\"tw-target-text\" class=\"tw-data-text tw-text-large XcVN5d tw-ta\" dir=\"ltr\" data-placeholder=\"Preklad\"><span lang=\"sk\">Profesion\u00e1lny p\u00e1sov\u00fd syst\u00e9m sa pou\u017e\u00edva na regul\u00e1ciu nap\u00e4tia plachty a nepretr\u017eite zais\u0165uje dokonal\u00e9 uchytenie a optim\u00e1lnu stabilitu <\/span><\/li>\n<li class=\"tw-data-text tw-text-large XcVN5d tw-ta\" dir=\"ltr\" data-placeholder=\"Preklad\"><span lang=\"sk\">Dodato\u010dn\u00e9 \u0165a\u017en\u00e9 lano v \u0161t\u00edtov\u00fdch koncoch udr\u017eiava plachtu v perfektnom stave <\/span><\/li>\n<li class=\"tw-data-text tw-text-large XcVN5d tw-ta\" dir=\"ltr\" data-placeholder=\"Preklad\"><span lang=\"sk\">Zabudovan\u00e9 vetracie okn\u00e1 na \u0161t\u00edtov\u00fdch stran\u00e1ch zabezpe\u010duj\u00fa optim\u00e1lnu cirkul\u00e1ciu vzduchu a vynikaj\u00facu vn\u00fatorn\u00fa kl\u00edmu <\/span><\/li>\n<li class=\"tw-data-text tw-text-large XcVN5d tw-ta\" dir=\"ltr\" data-placeholder=\"Preklad\"><span lang=\"sk\">Nerezov\u00e9 mosadzn\u00e9 ok\u00e1<\/span><\/li>\n<li class=\"tw-data-text tw-text-large XcVN5d tw-ta\" dir=\"ltr\" data-placeholder=\"Preklad\"><span lang=\"sk\">\u013dahk\u00e1 plachta odr\u00e1\u017ea slne\u010dn\u00e9 svetlo. <\/span><\/li>\n<li class=\"tw-data-text tw-text-large XcVN5d tw-ta\" dir=\"ltr\" data-placeholder=\"Preklad\"><span lang=\"sk\">To vytv\u00e1ra na plachte menej tepla a predl\u017euje sa \u017eivotnos\u0165<\/span><\/li>\n<\/ul>\n<p><img decoding=\"async\" loading=\"lazy\" class=\"img-fluid aligncenter\" src=\"https:\/\/www.profizelt24.de\/media\/IMG-DTX\/DE\/BTX_FRES.jpg\" alt=\"\" width=\"276\" height=\"207\" \/><\/p>\n<div id='gallery-2' class='gallery galleryid-262 gallery-columns-2 gallery-size-thumbnail'><figure class='gallery-item'>\n\t\t\t<div class='gallery-icon landscape'>\n\t\t\t\t<a href='https:\/\/www.lacnekontajnery.sk\/eshop\/?attachment_id=337'><img width=\"150\" height=\"150\" src=\"https:\/\/www.lacnekontajnery.sk\/eshop\/wp-content\/uploads\/2020\/07\/RBH_AUFB_03-150x150.jpg\" class=\"attachment-thumbnail size-thumbnail\" alt=\"\" decoding=\"async\" loading=\"lazy\" srcset=\"https:\/\/www.lacnekontajnery.sk\/eshop\/wp-content\/uploads\/2020\/07\/RBH_AUFB_03-150x150.jpg 150w, https:\/\/www.lacnekontajnery.sk\/eshop\/wp-content\/uploads\/2020\/07\/RBH_AUFB_03-324x324.jpg 324w, https:\/\/www.lacnekontajnery.sk\/eshop\/wp-content\/uploads\/2020\/07\/RBH_AUFB_03-100x100.jpg 100w\" sizes=\"(max-width: 150px) 100vw, 150px\" \/><\/a>\n\t\t\t<\/div><\/figure><figure class='gallery-item'>\n\t\t\t<div class='gallery-icon landscape'>\n\t\t\t\t<a href='https:\/\/www.lacnekontajnery.sk\/eshop\/?attachment_id=338'><img width=\"150\" height=\"150\" src=\"https:\/\/www.lacnekontajnery.sk\/eshop\/wp-content\/uploads\/2020\/07\/RBH_AUFB_01-150x150.jpg\" class=\"attachment-thumbnail size-thumbnail\" alt=\"\" decoding=\"async\" loading=\"lazy\" srcset=\"https:\/\/www.lacnekontajnery.sk\/eshop\/wp-content\/uploads\/2020\/07\/RBH_AUFB_01-150x150.jpg 150w, https:\/\/www.lacnekontajnery.sk\/eshop\/wp-content\/uploads\/2020\/07\/RBH_AUFB_01-324x322.jpg 324w, https:\/\/www.lacnekontajnery.sk\/eshop\/wp-content\/uploads\/2020\/07\/RBH_AUFB_01-100x100.jpg 100w\" sizes=\"(max-width: 150px) 100vw, 150px\" \/><\/a>\n\t\t\t<\/div><\/figure>\n\t\t<\/div>\n\n<\/div>\n<\/div>\n<\/div>\n<\/div>\n<\/div>\n<p id=\"tw-target-text\" class=\"tw-data-text tw-text-large XcVN5d tw-ta\" dir=\"ltr\" data-placeholder=\"Preklad\"><span lang=\"sk\">\u00a0<\/span><\/p>\n","protected":false},"excerpt":{"rendered":"<p id=\"tw-target-text\" class=\"tw-data-text tw-text-large XcVN5d tw-ta\" dir=\"ltr\" data-placeholder=\"Preklad\"><strong><span lang=\"sk\">Ve\u013emi stabiln\u00e1 kruhov\u00e1 obl\u00fakov\u00e1 hala vyroben\u00e1 z PVC so statikou overenou nemeckou in\u017einierskou spolo\u010dnos\u0165ou. Hala je dobrou alternat\u00edvou k pevn\u00fdm budov\u00e1m, preto\u017ee je stabiln\u00e1 a stabiln\u00e1, ale d\u00e1 sa flexibilne postavi\u0165 a zlo\u017ei\u0165 ako stan.<\/span><\/strong><\/p>\n","protected":false},"featured_media":1072,"comment_status":"open","ping_status":"closed","template":"","meta":{"_monsterinsights_skip_tracking":false,"_monsterinsights_sitenote_active":false,"_monsterinsights_sitenote_note":"","_monsterinsights_sitenote_category":0},"product_cat":[19],"product_tag":[191],"yoast_head":"<!-- This site is optimized with the Yoast SEO plugin v21.9 - https:\/\/yoast.com\/wordpress\/plugins\/seo\/ -->\n<title>Klenut\u00e1 hala 9,15m x 10m x 4,5m 720g\/m2 - Profisklad- najlacnej\u0161ie rie\u0161enie pre V\u00e1\u0161 sklad<\/title>\n<meta name=\"description\" content=\"Mohutn\u00e9 klenut\u00e9 haly vhodn\u00e9 na zastre\u0161enie materi\u00e1lov.\" \/>\n<meta name=\"robots\" content=\"index, follow, max-snippet:-1, max-image-preview:large, max-video-preview:-1\" \/>\n<link rel=\"canonical\" href=\"https:\/\/www.lacnekontajnery.sk\/eshop\/produkt\/klenuta-hala-915m-x-10m-x-45m\/\" \/>\n<meta property=\"og:locale\" content=\"sk_SK\" \/>\n<meta property=\"og:type\" content=\"article\" \/>\n<meta property=\"og:title\" content=\"Klenut\u00e1 hala 9,15m x 10m x 4,5m 720g\/m2 - Profisklad- najlacnej\u0161ie rie\u0161enie pre V\u00e1\u0161 sklad\" \/>\n<meta property=\"og:description\" content=\"Mohutn\u00e9 klenut\u00e9 haly vhodn\u00e9 na zastre\u0161enie materi\u00e1lov.\" \/>\n<meta property=\"og:url\" content=\"https:\/\/www.lacnekontajnery.sk\/eshop\/produkt\/klenuta-hala-915m-x-10m-x-45m\/\" \/>\n<meta property=\"og:site_name\" content=\"Profisklad- najlacnej\u0161ie rie\u0161enie pre V\u00e1\u0161 sklad\" \/>\n<meta property=\"article:modified_time\" content=\"2022-06-20T12:48:20+00:00\" \/>\n<meta property=\"og:image\" content=\"https:\/\/www.lacnekontajnery.sk\/eshop\/wp-content\/uploads\/2020\/07\/yX4NnLJ3YB-compress.jpg\" \/>\n\t<meta property=\"og:image:width\" content=\"640\" \/>\n\t<meta property=\"og:image:height\" content=\"480\" \/>\n\t<meta property=\"og:image:type\" content=\"image\/jpeg\" \/>\n<meta name=\"twitter:card\" content=\"summary_large_image\" \/>\n<meta name=\"twitter:label1\" content=\"Predpokladan\u00fd \u010das \u010d\u00edtania\" \/>\n\t<meta name=\"twitter:data1\" content=\"3 min\u00faty\" \/>\n<script type=\"application\/ld+json\" class=\"yoast-schema-graph\">{\"@context\":\"https:\/\/schema.org\",\"@graph\":[{\"@type\":\"WebPage\",\"@id\":\"https:\/\/www.lacnekontajnery.sk\/eshop\/produkt\/klenuta-hala-915m-x-10m-x-45m\/\",\"url\":\"https:\/\/www.lacnekontajnery.sk\/eshop\/produkt\/klenuta-hala-915m-x-10m-x-45m\/\",\"name\":\"Klenut\u00e1 hala 9,15m x 10m x 4,5m 720g\/m2 - Profisklad- najlacnej\u0161ie rie\u0161enie pre V\u00e1\u0161 sklad\",\"isPartOf\":{\"@id\":\"https:\/\/www.lacnekontajnery.sk\/eshop\/#website\"},\"datePublished\":\"2020-07-09T20:15:50+00:00\",\"dateModified\":\"2022-06-20T12:48:20+00:00\",\"description\":\"Mohutn\u00e9 klenut\u00e9 haly vhodn\u00e9 na zastre\u0161enie materi\u00e1lov.\",\"breadcrumb\":{\"@id\":\"https:\/\/www.lacnekontajnery.sk\/eshop\/produkt\/klenuta-hala-915m-x-10m-x-45m\/#breadcrumb\"},\"inLanguage\":\"sk-SK\",\"potentialAction\":[{\"@type\":\"ReadAction\",\"target\":[\"https:\/\/www.lacnekontajnery.sk\/eshop\/produkt\/klenuta-hala-915m-x-10m-x-45m\/\"]}]},{\"@type\":\"BreadcrumbList\",\"@id\":\"https:\/\/www.lacnekontajnery.sk\/eshop\/produkt\/klenuta-hala-915m-x-10m-x-45m\/#breadcrumb\",\"itemListElement\":[{\"@type\":\"ListItem\",\"position\":1,\"name\":\"Home\",\"item\":\"https:\/\/www.lacnekontajnery.sk\/eshop\/\"},{\"@type\":\"ListItem\",\"position\":2,\"name\":\"Obchod\",\"item\":\"https:\/\/www.lacnekontajnery.sk\/eshop\/obchod\/\"},{\"@type\":\"ListItem\",\"position\":3,\"name\":\"Klenut\u00e1 hala 9,15m x 10m x 4,5m 720g\/m2\"}]},{\"@type\":\"WebSite\",\"@id\":\"https:\/\/www.lacnekontajnery.sk\/eshop\/#website\",\"url\":\"https:\/\/www.lacnekontajnery.sk\/eshop\/\",\"name\":\"Profisklad- najlacnej\u0161ie rie\u0161enie pre V\u00e1\u0161 sklad\",\"description\":\"Profesion\u00e1lne sklady\",\"publisher\":{\"@id\":\"https:\/\/www.lacnekontajnery.sk\/eshop\/#organization\"},\"potentialAction\":[{\"@type\":\"SearchAction\",\"target\":{\"@type\":\"EntryPoint\",\"urlTemplate\":\"https:\/\/www.lacnekontajnery.sk\/eshop\/?s={search_term_string}\"},\"query-input\":\"required name=search_term_string\"}],\"inLanguage\":\"sk-SK\"},{\"@type\":\"Organization\",\"@id\":\"https:\/\/www.lacnekontajnery.sk\/eshop\/#organization\",\"name\":\"Profisklad- r\u00fdchle a lacn\u00e9 skladovanie\",\"url\":\"https:\/\/www.lacnekontajnery.sk\/eshop\/\",\"logo\":{\"@type\":\"ImageObject\",\"inLanguage\":\"sk-SK\",\"@id\":\"https:\/\/www.lacnekontajnery.sk\/eshop\/#\/schema\/logo\/image\/\",\"url\":\"https:\/\/www.lacnekontajnery.sk\/eshop\/wp-content\/uploads\/2020\/07\/facebook_cover_photo_1.png\",\"contentUrl\":\"https:\/\/www.lacnekontajnery.sk\/eshop\/wp-content\/uploads\/2020\/07\/facebook_cover_photo_1.png\",\"width\":1640,\"height\":624,\"caption\":\"Profisklad- r\u00fdchle a lacn\u00e9 skladovanie\"},\"image\":{\"@id\":\"https:\/\/www.lacnekontajnery.sk\/eshop\/#\/schema\/logo\/image\/\"}}]}<\/script>\n<!-- \/ Yoast SEO plugin. -->","yoast_head_json":{"title":"Klenut\u00e1 hala 9,15m x 10m x 4,5m 720g\/m2 - Profisklad- najlacnej\u0161ie rie\u0161enie pre V\u00e1\u0161 sklad","description":"Mohutn\u00e9 klenut\u00e9 haly vhodn\u00e9 na zastre\u0161enie materi\u00e1lov.","robots":{"index":"index","follow":"follow","max-snippet":"max-snippet:-1","max-image-preview":"max-image-preview:large","max-video-preview":"max-video-preview:-1"},"canonical":"https:\/\/www.lacnekontajnery.sk\/eshop\/produkt\/klenuta-hala-915m-x-10m-x-45m\/","og_locale":"sk_SK","og_type":"article","og_title":"Klenut\u00e1 hala 9,15m x 10m x 4,5m 720g\/m2 - Profisklad- najlacnej\u0161ie rie\u0161enie pre V\u00e1\u0161 sklad","og_description":"Mohutn\u00e9 klenut\u00e9 haly vhodn\u00e9 na zastre\u0161enie materi\u00e1lov.","og_url":"https:\/\/www.lacnekontajnery.sk\/eshop\/produkt\/klenuta-hala-915m-x-10m-x-45m\/","og_site_name":"Profisklad- najlacnej\u0161ie rie\u0161enie pre V\u00e1\u0161 sklad","article_modified_time":"2022-06-20T12:48:20+00:00","og_image":[{"width":640,"height":480,"url":"https:\/\/www.lacnekontajnery.sk\/eshop\/wp-content\/uploads\/2020\/07\/yX4NnLJ3YB-compress.jpg","type":"image\/jpeg"}],"twitter_card":"summary_large_image","twitter_misc":{"Predpokladan\u00fd \u010das \u010d\u00edtania":"3 min\u00faty"},"schema":{"@context":"https:\/\/schema.org","@graph":[{"@type":"WebPage","@id":"https:\/\/www.lacnekontajnery.sk\/eshop\/produkt\/klenuta-hala-915m-x-10m-x-45m\/","url":"https:\/\/www.lacnekontajnery.sk\/eshop\/produkt\/klenuta-hala-915m-x-10m-x-45m\/","name":"Klenut\u00e1 hala 9,15m x 10m x 4,5m 720g\/m2 - Profisklad- najlacnej\u0161ie rie\u0161enie pre V\u00e1\u0161 sklad","isPartOf":{"@id":"https:\/\/www.lacnekontajnery.sk\/eshop\/#website"},"datePublished":"2020-07-09T20:15:50+00:00","dateModified":"2022-06-20T12:48:20+00:00","description":"Mohutn\u00e9 klenut\u00e9 haly vhodn\u00e9 na zastre\u0161enie materi\u00e1lov.","breadcrumb":{"@id":"https:\/\/www.lacnekontajnery.sk\/eshop\/produkt\/klenuta-hala-915m-x-10m-x-45m\/#breadcrumb"},"inLanguage":"sk-SK","potentialAction":[{"@type":"ReadAction","target":["https:\/\/www.lacnekontajnery.sk\/eshop\/produkt\/klenuta-hala-915m-x-10m-x-45m\/"]}]},{"@type":"BreadcrumbList","@id":"https:\/\/www.lacnekontajnery.sk\/eshop\/produkt\/klenuta-hala-915m-x-10m-x-45m\/#breadcrumb","itemListElement":[{"@type":"ListItem","position":1,"name":"Home","item":"https:\/\/www.lacnekontajnery.sk\/eshop\/"},{"@type":"ListItem","position":2,"name":"Obchod","item":"https:\/\/www.lacnekontajnery.sk\/eshop\/obchod\/"},{"@type":"ListItem","position":3,"name":"Klenut\u00e1 hala 9,15m x 10m x 4,5m 720g\/m2"}]},{"@type":"WebSite","@id":"https:\/\/www.lacnekontajnery.sk\/eshop\/#website","url":"https:\/\/www.lacnekontajnery.sk\/eshop\/","name":"Profisklad- najlacnej\u0161ie rie\u0161enie pre V\u00e1\u0161 sklad","description":"Profesion\u00e1lne sklady","publisher":{"@id":"https:\/\/www.lacnekontajnery.sk\/eshop\/#organization"},"potentialAction":[{"@type":"SearchAction","target":{"@type":"EntryPoint","urlTemplate":"https:\/\/www.lacnekontajnery.sk\/eshop\/?s={search_term_string}"},"query-input":"required name=search_term_string"}],"inLanguage":"sk-SK"},{"@type":"Organization","@id":"https:\/\/www.lacnekontajnery.sk\/eshop\/#organization","name":"Profisklad- r\u00fdchle a lacn\u00e9 skladovanie","url":"https:\/\/www.lacnekontajnery.sk\/eshop\/","logo":{"@type":"ImageObject","inLanguage":"sk-SK","@id":"https:\/\/www.lacnekontajnery.sk\/eshop\/#\/schema\/logo\/image\/","url":"https:\/\/www.lacnekontajnery.sk\/eshop\/wp-content\/uploads\/2020\/07\/facebook_cover_photo_1.png","contentUrl":"https:\/\/www.lacnekontajnery.sk\/eshop\/wp-content\/uploads\/2020\/07\/facebook_cover_photo_1.png","width":1640,"height":624,"caption":"Profisklad- r\u00fdchle a lacn\u00e9 skladovanie"},"image":{"@id":"https:\/\/www.lacnekontajnery.sk\/eshop\/#\/schema\/logo\/image\/"}}]}},"jetpack_sharing_enabled":true,"_links":{"self":[{"href":"https:\/\/www.lacnekontajnery.sk\/eshop\/wp-json\/wp\/v2\/product\/262"}],"collection":[{"href":"https:\/\/www.lacnekontajnery.sk\/eshop\/wp-json\/wp\/v2\/product"}],"about":[{"href":"https:\/\/www.lacnekontajnery.sk\/eshop\/wp-json\/wp\/v2\/types\/product"}],"replies":[{"embeddable":true,"href":"https:\/\/www.lacnekontajnery.sk\/eshop\/wp-json\/wp\/v2\/comments?post=262"}],"wp:featuredmedia":[{"embeddable":true,"href":"https:\/\/www.lacnekontajnery.sk\/eshop\/wp-json\/wp\/v2\/media\/1072"}],"wp:attachment":[{"href":"https:\/\/www.lacnekontajnery.sk\/eshop\/wp-json\/wp\/v2\/media?parent=262"}],"wp:term":[{"taxonomy":"product_cat","embeddable":true,"href":"https:\/\/www.lacnekontajnery.sk\/eshop\/wp-json\/wp\/v2\/product_cat?post=262"},{"taxonomy":"product_tag","embeddable":true,"href":"https:\/\/www.lacnekontajnery.sk\/eshop\/wp-json\/wp\/v2\/product_tag?post=262"}],"curies":[{"name":"wp","href":"https:\/\/api.w.org\/{rel}","templated":true}]}}