{"id":731,"date":"2020-10-02T12:52:18","date_gmt":"2020-10-02T10:52:18","guid":{"rendered":"https:\/\/www.lacnekontajnery.sk\/eshop\/?post_type=product&#038;p=731"},"modified":"2023-06-07T09:43:59","modified_gmt":"2023-06-07T07:43:59","slug":"pristresok-pre-kone-33x84-pvc-800","status":"publish","type":"product","link":"https:\/\/www.lacnekontajnery.sk\/eshop\/produkt\/pristresok-pre-kone-33x84-pvc-800\/","title":{"rendered":"Pr\u00edstre\u0161ok pre kone 3,3&#215;8,4   PVC 800"},"content":{"rendered":"<p><span class=\"tlid-translation translation\" lang=\"sk\"><span class=\"\" title=\"\">Flexibiln\u00fd \u00fakryt pre Va\u0161e zvierat\u00e1. Sklad\u00e1 sa z plne pozinkovan\u00e9ho oce\u013eov\u00e9ho r\u00e1mu, ktor\u00fd je pripojen\u00fd k vysoko kvalitn\u00e9mu a odoln\u00e9mu syst\u00e9mu konektorov a zaru\u010duje tak r\u00fdchlu ochranu va\u0161ich zvierat.<\/span> <span class=\"\" title=\"\">V\u010faka asi 550 g \/ m\u00b2 * 20) plachte z \u0165a\u017ek\u00e9ho PVC pon\u00faka tento stan na pastviny pr\u00edjemn\u00e9 a spo\u013eahliv\u00e9 \u00fato\u010disko na slnku a da\u017edi.<\/span> <span class=\"\" title=\"\">V pr\u00edpade potreby m\u00e1te tie\u017e mo\u017enos\u0165 uzavrie\u0165 jednu alebo obe strany stanu s pr\u00edslu\u0161nou prednou a zadnou stenou.<img decoding=\"async\" class=\"aligncenter\" src=\"https:\/\/www.profizelt24.de\/media\/IMG-AMZ\/AMZ_0330x0840_WEI_BAS.jpg\" \/><\/span><\/span><\/p>\n<div class=\"col-lg-6 mb-4\"><\/div>\n<div class=\"col-lg-6 mb-4\">\n<p><strong>Materi\u00e1l :<br \/>\n<\/strong><\/p>\n<table class=\"table table-sm table-striped text-small\">\n<tbody>\n<tr>\n<td colspan=\"2\">Vrchn\u00e1 plachta:<\/td>\n<td>ca. 550g\/m\u00b2; 100 % PVC<\/td>\n<\/tr>\n<tr>\n<td colspan=\"2\">Protipo\u017eiarne:<\/td>\n<td>\u00e1no<\/td>\n<\/tr>\n<tr>\n<td colspan=\"2\">Materi\u00e1l<\/td>\n<td>oce\u013e<\/td>\n<\/tr>\n<tr>\n<td colspan=\"2\">\u00d8 hr\u00fabka steny<\/td>\n<td>ca. 45 x 32 mm<\/td>\n<\/tr>\n<tr>\n<td colspan=\"2\">oce\u013eov\u00fdprofil<\/td>\n<td>ca. 1,2 mm<\/td>\n<\/tr>\n<\/tbody>\n<\/table>\n<\/div>\n<div class=\"col-lg-6 mb-4\">\n<p id=\"tw-target-text\" class=\"tw-data-text tw-text-large XcVN5d tw-ta\" dir=\"ltr\" data-placeholder=\"Preklad\"><strong><span lang=\"sk\">odoln\u00fd proti poveternostn\u00fdm vplyvom<\/span><\/strong><\/p>\n<table class=\"table table-sm table-striped text-small\">\n<tbody>\n<tr>\n<td>100 % vodotesn\u00fd :<\/td>\n<td>\u00e1no<\/td>\n<\/tr>\n<tr>\n<td>UV \u017eiarenie\u00a0 :<\/td>\n<td>\u00e1no<\/td>\n<\/tr>\n<tr>\n<td>UV &#8211; faktor :<\/td>\n<td>80+<\/td>\n<\/tr>\n<tr>\n<td>\u00b0C\u00a0 :<\/td>\n<td>-30+50<\/td>\n<\/tr>\n<\/tbody>\n<\/table>\n<\/div>\n<div class=\"col-lg-6 mb-4\">\n<p><strong>Produkt<\/strong><\/p>\n<table class=\"table table-sm table-striped text-small\">\n<tbody>\n<tr>\n<td>\n<p id=\"tw-target-text\" class=\"tw-data-text tw-text-large XcVN5d tw-ta\" dir=\"ltr\" data-placeholder=\"Preklad\"><span lang=\"sk\">\u0160\u00edrka:<\/span><\/p>\n<\/td>\n<td>ca. 2,14 -2,86 m<\/td>\n<\/tr>\n<tr>\n<td>vstupn\u00e1 v\u00fd\u0161ka :<\/td>\n<td>ca. 2,00 m<\/td>\n<\/tr>\n<tr>\n<td>V\u00fd\u0161ka hrebe\u0148a\u00a0 :<\/td>\n<td>ca. 2,56 m<\/td>\n<\/tr>\n<tr>\n<td>V\u00fd\u0161ka strany :<\/td>\n<td>ca. 2,13 m<\/td>\n<\/tr>\n<tr>\n<td>Rozmer dver\u00ed :<\/td>\n<td>ca. 2,86 x 2,0 m<\/td>\n<\/tr>\n<\/tbody>\n<\/table>\n<div id=\"tw-target-text-container\" class=\"tw-ta-container hide-focus-ring tw-nfl\" tabindex=\"0\">\n<p id=\"tw-target-text\" class=\"tw-data-text tw-text-large XcVN5d tw-ta\" dir=\"ltr\" data-placeholder=\"Preklad\"><span lang=\"sk\">Kon\u0161trukcia pasienkov\u00fdch stan\u00edc Basic Plus pozost\u00e1va z extra siln\u00fdch \u0161tvorcov\u00fdch a okr\u00fahlych profilov a je obzvl\u00e1\u0161\u0165 pevn\u00e1 a stabiln\u00e1. Plne pozinkovan\u00fd oce\u013eov\u00fd r\u00e1m zabra\u0148uje hrdzi a poskytuje ochranu va\u0161ich pas\u00facich sa zvierat po\u010das cel\u00e9ho roka. Oce\u013eov\u00fd r\u00e1m je spojen\u00fd s vysoko kvalitn\u00fdm z\u00e1suvn\u00fdm syst\u00e9mom a pripevnen\u00fd k zemi pomocou \u0161peci\u00e1lneho podlahov\u00e9ho kotviaceho syst\u00e9mu. Odoln\u00fd syst\u00e9m plug-in umo\u017e\u0148uje mont\u00e1\u017e a demont\u00e1\u017e\u00a0 a t\u00fdm zaru\u010duje optim\u00e1lnu mobilitu pre v\u00e1s a va\u0161e pas\u00face sa zvierat\u00e1. Pre \u00fapln\u00fa flexibilitu v z\u00e1vislosti od va\u0161ich preferenci\u00ed a pou\u017eitia m\u00f4\u017eete vynecha\u0165 v\u0161etky alebo \u010das\u0165 \u0161t\u00edtov\u00fdch \u010dast\u00ed jednotlivo.<\/span><\/p>\n<ul>\n<li id=\"tw-target-text\" class=\"tw-data-text tw-text-large XcVN5d tw-ta\" dir=\"ltr\" data-placeholder=\"Preklad\"><span lang=\"sk\">Extra, zaoblen\u00fd \u0161tvorhrann\u00fd v\u00fdlo\u017en\u00edk vyroben\u00fd zo 100% ocele <\/span><\/li>\n<li class=\"tw-data-text tw-text-large XcVN5d tw-ta\" dir=\"ltr\" data-placeholder=\"Preklad\"><span lang=\"sk\">\u0160tvorhrann\u00fd r\u00farkov\u00fd profil: pribli\u017ene 45 x 32 mm Hr\u00fabka steny cca 1,2 mm<\/span><\/li>\n<li class=\"tw-data-text tw-text-large XcVN5d tw-ta\" dir=\"ltr\" data-placeholder=\"Preklad\"><span lang=\"sk\"> Horizont\u00e1lny r\u00e1m v okr\u00fahlom profile zo 100% ocele:<\/span><\/li>\n<li class=\"tw-data-text tw-text-large XcVN5d tw-ta\" dir=\"ltr\" data-placeholder=\"Preklad\"><span lang=\"sk\"> Priemer: pribli\u017ene 25 mm Hr\u00fabka steny cca 1,1 mm<\/span><\/li>\n<li class=\"tw-data-text tw-text-large XcVN5d tw-ta\" dir=\"ltr\" data-placeholder=\"Preklad\"><span lang=\"sk\"> Chr\u00e1ni proti kor\u00f3zii \u00fapln\u00fdm pozinkovan\u00edm &#8211; zabra\u0148uje tvorbe hrdze <\/span><\/li>\n<li class=\"tw-data-text tw-text-large XcVN5d tw-ta\" dir=\"ltr\" data-placeholder=\"Preklad\"><span lang=\"sk\">Siln\u00e9 rohov\u00e9 no\u017ei\u010dky s kr\u00fa\u017ekami, na ktor\u00fdch s\u00fa zavesen\u00e9 z\u00e1padky nap\u00edna\u010dov na zavesenie strechovej plachty <\/span><\/li>\n<li class=\"tw-data-text tw-text-large XcVN5d tw-ta\" dir=\"ltr\" data-placeholder=\"Preklad\"><span lang=\"sk\">Nap\u00ednacie ty\u010de v plachte s\u00fa dr\u017ean\u00e9 nap\u00ednac\u00edmi popruhmi na podlahovom r\u00e1me a sl\u00fa\u017eia na nap\u00ednanie a nastavenie plachty &#8211; to znamen\u00e1, \u017ee plachta sed\u00ed pevne a bezpe\u010dne na r\u00e1me. <\/span><\/li>\n<li class=\"tw-data-text tw-text-large XcVN5d tw-ta\" dir=\"ltr\" data-placeholder=\"Preklad\"><span lang=\"sk\">V\u010faka flexibilnej kon\u0161trukcii je mo\u017en\u00e9 pasienok postavi\u0165 a premiestni\u0165 kamko\u013evek <\/span><\/li>\n<li class=\"tw-data-text tw-text-large XcVN5d tw-ta\" dir=\"ltr\" data-placeholder=\"Preklad\"><span lang=\"sk\">V\u0161etky \u0161t\u00edtov\u00e9 \u010dasti alebo ich \u010dasti m\u00f4\u017eete vynecha\u0165 jednotlivo <\/span><\/li>\n<li class=\"tw-data-text tw-text-large XcVN5d tw-ta\" dir=\"ltr\" data-placeholder=\"Preklad\"><span lang=\"sk\">Bezpe\u010dn\u00e9 pripojenie k podlahe pomocou robustn\u00fdch zemn\u00fdch klincov alebo bet\u00f3nov\u00fdch kotiev<\/span><\/li>\n<li class=\"tw-data-text tw-text-large XcVN5d tw-ta\" dir=\"ltr\" data-placeholder=\"Preklad\"><span lang=\"sk\"> Stabiln\u00e1 kon\u0161trukcia, jednoduch\u00e1 kon\u0161trukcia v\u010faka vysokokvalitn\u00e9mu a odoln\u00e9mu syst\u00e9mu <\/span><\/li>\n<\/ul>\n<p>&nbsp;<\/p>\n<\/div>\n<\/div>\n","protected":false},"excerpt":{"rendered":"<p><span lang=\"sk\">Pastvinov\u00fd stan\u00a0 sl\u00fa\u017ei ako flexibiln\u00fd pr\u00edstre\u0161ok pre va\u0161e kone a in\u00e9 pas\u00face sa zvierat\u00e1. Sklad\u00e1 sa z plne pozinkovanej oce\u013eovej ty\u010de, ktor\u00e1 je pripojen\u00e1 k vysoko kvalitn\u00e9mu trvanliv\u00e9mu syst\u00e9mu plug-in a zaru\u010duje tak r\u00fdchlu ochranu va\u0161ich zvierat. <\/span><\/p>\n","protected":false},"featured_media":528,"comment_status":"open","ping_status":"closed","template":"","meta":{"_monsterinsights_skip_tracking":false,"_monsterinsights_sitenote_active":false,"_monsterinsights_sitenote_note":"","_monsterinsights_sitenote_category":0},"product_cat":[22],"product_tag":[],"yoast_head":"<!-- This site is optimized with the Yoast SEO plugin v21.9 - https:\/\/yoast.com\/wordpress\/plugins\/seo\/ -->\n<title>Pr\u00edstre\u0161ok pre kone 3,3x8,4  PVC 800 - Profisklad- najlacnej\u0161ie rie\u0161enie pre V\u00e1\u0161 sklad<\/title>\n<meta name=\"description\" content=\"pr\u00edstre\u0161ok pre kone a in\u00e9 zvierat\u00e1\" \/>\n<meta name=\"robots\" content=\"index, follow, max-snippet:-1, max-image-preview:large, max-video-preview:-1\" \/>\n<link rel=\"canonical\" href=\"https:\/\/www.lacnekontajnery.sk\/eshop\/produkt\/pristresok-pre-kone-33x84-pvc-800\/\" \/>\n<meta property=\"og:locale\" content=\"sk_SK\" \/>\n<meta property=\"og:type\" content=\"article\" \/>\n<meta property=\"og:title\" content=\"Pr\u00edstre\u0161ok pre kone 3,3x8,4  PVC 800 - Profisklad- najlacnej\u0161ie rie\u0161enie pre V\u00e1\u0161 sklad\" \/>\n<meta property=\"og:description\" content=\"pr\u00edstre\u0161ok pre kone a in\u00e9 zvierat\u00e1\" \/>\n<meta property=\"og:url\" content=\"https:\/\/www.lacnekontajnery.sk\/eshop\/produkt\/pristresok-pre-kone-33x84-pvc-800\/\" \/>\n<meta property=\"og:site_name\" content=\"Profisklad- najlacnej\u0161ie rie\u0161enie pre V\u00e1\u0161 sklad\" \/>\n<meta property=\"article:modified_time\" content=\"2023-06-07T07:43:59+00:00\" \/>\n<meta property=\"og:image\" content=\"https:\/\/www.lacnekontajnery.sk\/eshop\/wp-content\/uploads\/2020\/07\/pre-kone2-1.jpg\" \/>\n\t<meta property=\"og:image:width\" content=\"551\" \/>\n\t<meta property=\"og:image:height\" content=\"337\" \/>\n\t<meta property=\"og:image:type\" content=\"image\/jpeg\" \/>\n<meta name=\"twitter:card\" content=\"summary_large_image\" \/>\n<meta name=\"twitter:label1\" content=\"Predpokladan\u00fd \u010das \u010d\u00edtania\" \/>\n\t<meta name=\"twitter:data1\" content=\"2 min\u00faty\" \/>\n<script type=\"application\/ld+json\" class=\"yoast-schema-graph\">{\"@context\":\"https:\/\/schema.org\",\"@graph\":[{\"@type\":\"WebPage\",\"@id\":\"https:\/\/www.lacnekontajnery.sk\/eshop\/produkt\/pristresok-pre-kone-33x84-pvc-800\/\",\"url\":\"https:\/\/www.lacnekontajnery.sk\/eshop\/produkt\/pristresok-pre-kone-33x84-pvc-800\/\",\"name\":\"Pr\u00edstre\u0161ok pre kone 3,3x8,4 PVC 800 - Profisklad- najlacnej\u0161ie rie\u0161enie pre V\u00e1\u0161 sklad\",\"isPartOf\":{\"@id\":\"https:\/\/www.lacnekontajnery.sk\/eshop\/#website\"},\"datePublished\":\"2020-10-02T10:52:18+00:00\",\"dateModified\":\"2023-06-07T07:43:59+00:00\",\"description\":\"pr\u00edstre\u0161ok pre kone a in\u00e9 zvierat\u00e1\",\"breadcrumb\":{\"@id\":\"https:\/\/www.lacnekontajnery.sk\/eshop\/produkt\/pristresok-pre-kone-33x84-pvc-800\/#breadcrumb\"},\"inLanguage\":\"sk-SK\",\"potentialAction\":[{\"@type\":\"ReadAction\",\"target\":[\"https:\/\/www.lacnekontajnery.sk\/eshop\/produkt\/pristresok-pre-kone-33x84-pvc-800\/\"]}]},{\"@type\":\"BreadcrumbList\",\"@id\":\"https:\/\/www.lacnekontajnery.sk\/eshop\/produkt\/pristresok-pre-kone-33x84-pvc-800\/#breadcrumb\",\"itemListElement\":[{\"@type\":\"ListItem\",\"position\":1,\"name\":\"Home\",\"item\":\"https:\/\/www.lacnekontajnery.sk\/eshop\/\"},{\"@type\":\"ListItem\",\"position\":2,\"name\":\"Obchod\",\"item\":\"https:\/\/www.lacnekontajnery.sk\/eshop\/obchod\/\"},{\"@type\":\"ListItem\",\"position\":3,\"name\":\"Pr\u00edstre\u0161ok pre kone 3,3&#215;8,4 PVC 800\"}]},{\"@type\":\"WebSite\",\"@id\":\"https:\/\/www.lacnekontajnery.sk\/eshop\/#website\",\"url\":\"https:\/\/www.lacnekontajnery.sk\/eshop\/\",\"name\":\"Profisklad- najlacnej\u0161ie rie\u0161enie pre V\u00e1\u0161 sklad\",\"description\":\"Profesion\u00e1lne sklady\",\"publisher\":{\"@id\":\"https:\/\/www.lacnekontajnery.sk\/eshop\/#organization\"},\"potentialAction\":[{\"@type\":\"SearchAction\",\"target\":{\"@type\":\"EntryPoint\",\"urlTemplate\":\"https:\/\/www.lacnekontajnery.sk\/eshop\/?s={search_term_string}\"},\"query-input\":\"required name=search_term_string\"}],\"inLanguage\":\"sk-SK\"},{\"@type\":\"Organization\",\"@id\":\"https:\/\/www.lacnekontajnery.sk\/eshop\/#organization\",\"name\":\"Profisklad- r\u00fdchle a lacn\u00e9 skladovanie\",\"url\":\"https:\/\/www.lacnekontajnery.sk\/eshop\/\",\"logo\":{\"@type\":\"ImageObject\",\"inLanguage\":\"sk-SK\",\"@id\":\"https:\/\/www.lacnekontajnery.sk\/eshop\/#\/schema\/logo\/image\/\",\"url\":\"https:\/\/www.lacnekontajnery.sk\/eshop\/wp-content\/uploads\/2020\/07\/facebook_cover_photo_1.png\",\"contentUrl\":\"https:\/\/www.lacnekontajnery.sk\/eshop\/wp-content\/uploads\/2020\/07\/facebook_cover_photo_1.png\",\"width\":1640,\"height\":624,\"caption\":\"Profisklad- r\u00fdchle a lacn\u00e9 skladovanie\"},\"image\":{\"@id\":\"https:\/\/www.lacnekontajnery.sk\/eshop\/#\/schema\/logo\/image\/\"}}]}<\/script>\n<!-- \/ Yoast SEO plugin. -->","yoast_head_json":{"title":"Pr\u00edstre\u0161ok pre kone 3,3x8,4  PVC 800 - Profisklad- najlacnej\u0161ie rie\u0161enie pre V\u00e1\u0161 sklad","description":"pr\u00edstre\u0161ok pre kone a in\u00e9 zvierat\u00e1","robots":{"index":"index","follow":"follow","max-snippet":"max-snippet:-1","max-image-preview":"max-image-preview:large","max-video-preview":"max-video-preview:-1"},"canonical":"https:\/\/www.lacnekontajnery.sk\/eshop\/produkt\/pristresok-pre-kone-33x84-pvc-800\/","og_locale":"sk_SK","og_type":"article","og_title":"Pr\u00edstre\u0161ok pre kone 3,3x8,4  PVC 800 - Profisklad- najlacnej\u0161ie rie\u0161enie pre V\u00e1\u0161 sklad","og_description":"pr\u00edstre\u0161ok pre kone a in\u00e9 zvierat\u00e1","og_url":"https:\/\/www.lacnekontajnery.sk\/eshop\/produkt\/pristresok-pre-kone-33x84-pvc-800\/","og_site_name":"Profisklad- najlacnej\u0161ie rie\u0161enie pre V\u00e1\u0161 sklad","article_modified_time":"2023-06-07T07:43:59+00:00","og_image":[{"width":551,"height":337,"url":"https:\/\/www.lacnekontajnery.sk\/eshop\/wp-content\/uploads\/2020\/07\/pre-kone2-1.jpg","type":"image\/jpeg"}],"twitter_card":"summary_large_image","twitter_misc":{"Predpokladan\u00fd \u010das \u010d\u00edtania":"2 min\u00faty"},"schema":{"@context":"https:\/\/schema.org","@graph":[{"@type":"WebPage","@id":"https:\/\/www.lacnekontajnery.sk\/eshop\/produkt\/pristresok-pre-kone-33x84-pvc-800\/","url":"https:\/\/www.lacnekontajnery.sk\/eshop\/produkt\/pristresok-pre-kone-33x84-pvc-800\/","name":"Pr\u00edstre\u0161ok pre kone 3,3x8,4 PVC 800 - Profisklad- najlacnej\u0161ie rie\u0161enie pre V\u00e1\u0161 sklad","isPartOf":{"@id":"https:\/\/www.lacnekontajnery.sk\/eshop\/#website"},"datePublished":"2020-10-02T10:52:18+00:00","dateModified":"2023-06-07T07:43:59+00:00","description":"pr\u00edstre\u0161ok pre kone a in\u00e9 zvierat\u00e1","breadcrumb":{"@id":"https:\/\/www.lacnekontajnery.sk\/eshop\/produkt\/pristresok-pre-kone-33x84-pvc-800\/#breadcrumb"},"inLanguage":"sk-SK","potentialAction":[{"@type":"ReadAction","target":["https:\/\/www.lacnekontajnery.sk\/eshop\/produkt\/pristresok-pre-kone-33x84-pvc-800\/"]}]},{"@type":"BreadcrumbList","@id":"https:\/\/www.lacnekontajnery.sk\/eshop\/produkt\/pristresok-pre-kone-33x84-pvc-800\/#breadcrumb","itemListElement":[{"@type":"ListItem","position":1,"name":"Home","item":"https:\/\/www.lacnekontajnery.sk\/eshop\/"},{"@type":"ListItem","position":2,"name":"Obchod","item":"https:\/\/www.lacnekontajnery.sk\/eshop\/obchod\/"},{"@type":"ListItem","position":3,"name":"Pr\u00edstre\u0161ok pre kone 3,3&#215;8,4 PVC 800"}]},{"@type":"WebSite","@id":"https:\/\/www.lacnekontajnery.sk\/eshop\/#website","url":"https:\/\/www.lacnekontajnery.sk\/eshop\/","name":"Profisklad- najlacnej\u0161ie rie\u0161enie pre V\u00e1\u0161 sklad","description":"Profesion\u00e1lne sklady","publisher":{"@id":"https:\/\/www.lacnekontajnery.sk\/eshop\/#organization"},"potentialAction":[{"@type":"SearchAction","target":{"@type":"EntryPoint","urlTemplate":"https:\/\/www.lacnekontajnery.sk\/eshop\/?s={search_term_string}"},"query-input":"required name=search_term_string"}],"inLanguage":"sk-SK"},{"@type":"Organization","@id":"https:\/\/www.lacnekontajnery.sk\/eshop\/#organization","name":"Profisklad- r\u00fdchle a lacn\u00e9 skladovanie","url":"https:\/\/www.lacnekontajnery.sk\/eshop\/","logo":{"@type":"ImageObject","inLanguage":"sk-SK","@id":"https:\/\/www.lacnekontajnery.sk\/eshop\/#\/schema\/logo\/image\/","url":"https:\/\/www.lacnekontajnery.sk\/eshop\/wp-content\/uploads\/2020\/07\/facebook_cover_photo_1.png","contentUrl":"https:\/\/www.lacnekontajnery.sk\/eshop\/wp-content\/uploads\/2020\/07\/facebook_cover_photo_1.png","width":1640,"height":624,"caption":"Profisklad- r\u00fdchle a lacn\u00e9 skladovanie"},"image":{"@id":"https:\/\/www.lacnekontajnery.sk\/eshop\/#\/schema\/logo\/image\/"}}]}},"jetpack_sharing_enabled":true,"_links":{"self":[{"href":"https:\/\/www.lacnekontajnery.sk\/eshop\/wp-json\/wp\/v2\/product\/731"}],"collection":[{"href":"https:\/\/www.lacnekontajnery.sk\/eshop\/wp-json\/wp\/v2\/product"}],"about":[{"href":"https:\/\/www.lacnekontajnery.sk\/eshop\/wp-json\/wp\/v2\/types\/product"}],"replies":[{"embeddable":true,"href":"https:\/\/www.lacnekontajnery.sk\/eshop\/wp-json\/wp\/v2\/comments?post=731"}],"wp:featuredmedia":[{"embeddable":true,"href":"https:\/\/www.lacnekontajnery.sk\/eshop\/wp-json\/wp\/v2\/media\/528"}],"wp:attachment":[{"href":"https:\/\/www.lacnekontajnery.sk\/eshop\/wp-json\/wp\/v2\/media?parent=731"}],"wp:term":[{"taxonomy":"product_cat","embeddable":true,"href":"https:\/\/www.lacnekontajnery.sk\/eshop\/wp-json\/wp\/v2\/product_cat?post=731"},{"taxonomy":"product_tag","embeddable":true,"href":"https:\/\/www.lacnekontajnery.sk\/eshop\/wp-json\/wp\/v2\/product_tag?post=731"}],"curies":[{"name":"wp","href":"https:\/\/api.w.org\/{rel}","templated":true}]}}