{"id":734,"date":"2020-10-02T13:09:30","date_gmt":"2020-10-02T11:09:30","guid":{"rendered":"https:\/\/www.lacnekontajnery.sk\/eshop\/?post_type=product&#038;p=734"},"modified":"2023-06-06T12:43:15","modified_gmt":"2023-06-06T10:43:15","slug":"pasienkovy-pristresok-pre-kone-a-seno-pvc-550-g-m2-sedy","status":"publish","type":"product","link":"https:\/\/www.lacnekontajnery.sk\/eshop\/produkt\/pasienkovy-pristresok-pre-kone-a-seno-pvc-550-g-m2-sedy\/","title":{"rendered":"Pasienkov\u00fd pr\u00edstre\u0161ok pre kone a seno 6&#215;6 PVC 850 \u0161ed\u00fd"},"content":{"rendered":"<h4 id=\"tw-target-text\" class=\"tw-data-text tw-text-large XcVN5d tw-ta\" dir=\"ltr\" data-placeholder=\"Preklad\"><span lang=\"sk\">Pr\u00e9miov\u00fd stan na pastviny sa vyzna\u010duje obzvl\u00e1\u0161\u0165 \u0165a\u017ek\u00fdm kon\u0161truk\u010dn\u00fdm profilom, ktor\u00fd je vystu\u017een\u00fd a\u017e 6-kr\u00e1t a pon\u00faka tak maxim\u00e1lnu stabilitu. V\u0161etky nohy s\u00fa navy\u0161e pripevnen\u00e9 k zemi na extra ve\u013ek\u00fdch stupa\u010dk\u00e1ch. Vysoko kvalitn\u00e1 plachta z PVC s hmotnos\u0165ou asi 550 g \/ m\u00b2 a plo\u0161nou text\u00edliou z mrie\u017eky odolnej proti roztrhnutiu je pevne pripevnen\u00e1 k kon\u0161trukcii pomocou \u0161peci\u00e1lneho nap\u00ednacieho syst\u00e9mu, \u010d\u00edm zabra\u0148uje tvorbe vodn\u00fdch vreciek a zni\u017euje n\u00e1chylnos\u0165 na vietor. Strecha a bo\u010dn\u00e1 plachta s\u00fa zlo\u017een\u00e9 z jedn\u00e9ho kusu a poskytuj\u00fa tak e\u0161te v\u00e4\u010d\u0161iu stabilitu. Plachta je vyrovnan\u00e1 a napnut\u00e1 integrovan\u00fdm nap\u00ednac\u00edm syst\u00e9mom. Bez probl\u00e9mov je mo\u017en\u00e9 aj neskor\u0161ie nastavenie plachty. Zabudovan\u00e9 ventila\u010dn\u00e9 klapky podporuj\u00fa \u00fa\u010dinn\u00fa cirkul\u00e1ciu vzduchu a zabra\u0148uj\u00fa hromadeniu vlhkosti. Tento stan na pastviny je ide\u00e1lny ako \u00fato\u010disko na slnku, da\u017edi a vetre. V pr\u00edpade potreby m\u00e1te tie\u017e mo\u017enos\u0165 uzavrie\u0165 jednu alebo obe strany stanu s pr\u00edslu\u0161nou prednou a zadnou stenou.<\/span><\/h4>\n<ul>\n<li><img decoding=\"async\" class=\"aligncenter\" src=\"https:\/\/www.profizelt24.de\/media\/IMG-AMZ\/AMZ_0600x0600x270_WEI_PRE.jpg\" \/><\/li>\n<li id=\"tw-target-text\" class=\"tw-data-text tw-text-large XcVN5d tw-ta\" dir=\"ltr\" data-placeholder=\"Preklad\"><strong><span lang=\"sk\">Materi\u00e1ly a hr\u00fabky materi\u00e1lu Stre\u0161n\u00e1 plachta: pribli\u017ene 550 g \/ m\u00b220; 100% PVC \u00d8 oce\u013eov\u00e9 r\u00fary v mm \/ tvar profilu: cca 70&#215;43 mm3<\/span><\/strong><\/li>\n<li class=\"tw-data-text tw-text-large XcVN5d tw-ta\" dir=\"ltr\" data-placeholder=\"Preklad\"><strong><span lang=\"sk\">R\u00fary s hr\u00fabkou steny: pribli\u017ene 1,9 mm Odolnos\u0165 vo\u010di poveternostn\u00fdm vplyvom <\/span><\/strong><\/li>\n<li class=\"tw-data-text tw-text-large XcVN5d tw-ta\" dir=\"ltr\" data-placeholder=\"Preklad\"><strong><span lang=\"sk\">100% vodotesn\u00fd \u00c1no <\/span><\/strong><\/li>\n<li class=\"tw-data-text tw-text-large XcVN5d tw-ta\" dir=\"ltr\" data-placeholder=\"Preklad\"><strong><span lang=\"sk\">UV odoln\u00fd \u00c1no <\/span><\/strong><\/li>\n<li class=\"tw-data-text tw-text-large XcVN5d tw-ta\" dir=\"ltr\" data-placeholder=\"Preklad\"><strong><span lang=\"sk\">UV ochrann\u00fd faktor 80+<\/span><\/strong><\/li>\n<li class=\"tw-data-text tw-text-large XcVN5d tw-ta\" dir=\"ltr\" data-placeholder=\"Preklad\"><strong><span lang=\"sk\">Rozmery produktu <\/span><\/strong><\/li>\n<li class=\"tw-data-text tw-text-large XcVN5d tw-ta\" dir=\"ltr\" data-placeholder=\"Preklad\"><strong><span lang=\"sk\">\u0160\u00edrka cca 6 m D\u013a\u017eka cca 6 m V\u00fd\u0161ka odkvapu cca 2,7 m V\u00fd\u0161ka hrebe\u0148a cca 3,6 m<\/span><\/strong><\/li>\n<\/ul>\n<p><img decoding=\"async\" class=\"img-fluid aligncenter\" src=\"https:\/\/www.profizelt24.de\/media\/IMG-DTX\/DE\/WIKI_PLAN_550.jpg\" \/><\/p>\n<p><img decoding=\"async\" class=\"img-fluid aligncenter\" src=\"https:\/\/cdn.profizelt24.de\/media\/IMG-DTX\/DE\/WEI_PRE_PLAN_VORT_01_550.jpg\" \/><\/p>\n<h4 id=\"tw-target-text\" class=\"tw-data-text tw-text-large XcVN5d tw-ta\" dir=\"ltr\" data-placeholder=\"Preklad\"><span lang=\"sk\">Nekomplikovan\u00e1 mont\u00e1\u017e bez predch\u00e1dzaj\u00facich znalost\u00ed v\u010faka \u013eahko zrozumite\u013en\u00fdm mont\u00e1\u017enym pokynom a ozna\u010den\u00fdm \u010dastiam.<br \/>\n<\/span><\/h4>\n<p>Dodanie 7.2<\/p>\n","protected":false},"excerpt":{"rendered":"<h4 id=\"tw-target-text\" class=\"tw-data-text tw-text-large XcVN5d tw-ta\" dir=\"ltr\" data-placeholder=\"Preklad\"><span lang=\"sk\">Pr\u00e9miov\u00fd stan na pastviny sa vyzna\u010duje obzvl\u00e1\u0161\u0165 \u0165a\u017ek\u00fdm kon\u0161truk\u010dn\u00fdm profilom, ktor\u00fd je vystu\u017een\u00fd a\u017e 6-kr\u00e1t a pon\u00faka tak maxim\u00e1lnu stabilitu. V\u0161etky nohy s\u00fa navy\u0161e pripevnen\u00e9 k zemi na extra ve\u013ek\u00fdch stupa\u010dk\u00e1ch. Vysoko kvalitn\u00e1 plachta z PVC s hmotnos\u0165ou asi 550 g \/ m\u00b2 a plo\u0161nou text\u00edliou z mrie\u017eky odolnej proti roztrhnutiu<\/span>.<\/h4>\n","protected":false},"featured_media":735,"comment_status":"open","ping_status":"closed","template":"","meta":{"_monsterinsights_skip_tracking":false,"_monsterinsights_sitenote_active":false,"_monsterinsights_sitenote_note":"","_monsterinsights_sitenote_category":0},"product_cat":[22],"product_tag":[183],"yoast_head":"<!-- This site is optimized with the Yoast SEO plugin v21.9 - https:\/\/yoast.com\/wordpress\/plugins\/seo\/ -->\n<title>Pasienkov\u00fd pr\u00edstre\u0161ok pre kone a seno 6x6 PVC 850 \u0161ed\u00fd - Profisklad- najlacnej\u0161ie rie\u0161enie pre V\u00e1\u0161 sklad<\/title>\n<meta name=\"robots\" content=\"index, follow, max-snippet:-1, max-image-preview:large, max-video-preview:-1\" \/>\n<link rel=\"canonical\" href=\"https:\/\/www.lacnekontajnery.sk\/eshop\/produkt\/pasienkovy-pristresok-pre-kone-a-seno-pvc-550-g-m2-sedy\/\" \/>\n<meta property=\"og:locale\" content=\"sk_SK\" \/>\n<meta property=\"og:type\" content=\"article\" \/>\n<meta property=\"og:title\" content=\"Pasienkov\u00fd pr\u00edstre\u0161ok pre kone a seno 6x6 PVC 850 \u0161ed\u00fd - Profisklad- najlacnej\u0161ie rie\u0161enie pre V\u00e1\u0161 sklad\" \/>\n<meta property=\"og:description\" content=\"Pr\u00e9miov\u00fd stan na pastviny sa vyzna\u010duje obzvl\u00e1\u0161\u0165 \u0165a\u017ek\u00fdm kon\u0161truk\u010dn\u00fdm profilom, ktor\u00fd je vystu\u017een\u00fd a\u017e 6-kr\u00e1t a pon\u00faka tak maxim\u00e1lnu stabilitu. V\u0161etky nohy s\u00fa navy\u0161e pripevnen\u00e9 k zemi na extra ve\u013ek\u00fdch stupa\u010dk\u00e1ch. Vysoko kvalitn\u00e1 plachta z PVC s hmotnos\u0165ou asi 550 g \/ m\u00b2 a plo\u0161nou text\u00edliou z mrie\u017eky odolnej proti roztrhnutiu.\" \/>\n<meta property=\"og:url\" content=\"https:\/\/www.lacnekontajnery.sk\/eshop\/produkt\/pasienkovy-pristresok-pre-kone-a-seno-pvc-550-g-m2-sedy\/\" \/>\n<meta property=\"og:site_name\" content=\"Profisklad- najlacnej\u0161ie rie\u0161enie pre V\u00e1\u0161 sklad\" \/>\n<meta property=\"article:modified_time\" content=\"2023-06-06T10:43:15+00:00\" \/>\n<meta property=\"og:image\" content=\"https:\/\/www.lacnekontajnery.sk\/eshop\/wp-content\/uploads\/2020\/10\/1-6678172-GBD_0600x0600x270_WEI_PRE_G-2.jpg\" \/>\n\t<meta property=\"og:image:width\" content=\"960\" \/>\n\t<meta property=\"og:image:height\" content=\"720\" \/>\n\t<meta property=\"og:image:type\" content=\"image\/jpeg\" \/>\n<meta name=\"twitter:card\" content=\"summary_large_image\" \/>\n<meta name=\"twitter:label1\" content=\"Predpokladan\u00fd \u010das \u010d\u00edtania\" \/>\n\t<meta name=\"twitter:data1\" content=\"1 min\u00fata\" \/>\n<script type=\"application\/ld+json\" class=\"yoast-schema-graph\">{\"@context\":\"https:\/\/schema.org\",\"@graph\":[{\"@type\":\"WebPage\",\"@id\":\"https:\/\/www.lacnekontajnery.sk\/eshop\/produkt\/pasienkovy-pristresok-pre-kone-a-seno-pvc-550-g-m2-sedy\/\",\"url\":\"https:\/\/www.lacnekontajnery.sk\/eshop\/produkt\/pasienkovy-pristresok-pre-kone-a-seno-pvc-550-g-m2-sedy\/\",\"name\":\"Pasienkov\u00fd pr\u00edstre\u0161ok pre kone a seno 6x6 PVC 850 \u0161ed\u00fd - Profisklad- najlacnej\u0161ie rie\u0161enie pre V\u00e1\u0161 sklad\",\"isPartOf\":{\"@id\":\"https:\/\/www.lacnekontajnery.sk\/eshop\/#website\"},\"datePublished\":\"2020-10-02T11:09:30+00:00\",\"dateModified\":\"2023-06-06T10:43:15+00:00\",\"breadcrumb\":{\"@id\":\"https:\/\/www.lacnekontajnery.sk\/eshop\/produkt\/pasienkovy-pristresok-pre-kone-a-seno-pvc-550-g-m2-sedy\/#breadcrumb\"},\"inLanguage\":\"sk-SK\",\"potentialAction\":[{\"@type\":\"ReadAction\",\"target\":[\"https:\/\/www.lacnekontajnery.sk\/eshop\/produkt\/pasienkovy-pristresok-pre-kone-a-seno-pvc-550-g-m2-sedy\/\"]}]},{\"@type\":\"BreadcrumbList\",\"@id\":\"https:\/\/www.lacnekontajnery.sk\/eshop\/produkt\/pasienkovy-pristresok-pre-kone-a-seno-pvc-550-g-m2-sedy\/#breadcrumb\",\"itemListElement\":[{\"@type\":\"ListItem\",\"position\":1,\"name\":\"Home\",\"item\":\"https:\/\/www.lacnekontajnery.sk\/eshop\/\"},{\"@type\":\"ListItem\",\"position\":2,\"name\":\"Obchod\",\"item\":\"https:\/\/www.lacnekontajnery.sk\/eshop\/obchod\/\"},{\"@type\":\"ListItem\",\"position\":3,\"name\":\"Pasienkov\u00fd pr\u00edstre\u0161ok pre kone a seno 6&#215;6 PVC 850 \u0161ed\u00fd\"}]},{\"@type\":\"WebSite\",\"@id\":\"https:\/\/www.lacnekontajnery.sk\/eshop\/#website\",\"url\":\"https:\/\/www.lacnekontajnery.sk\/eshop\/\",\"name\":\"Profisklad- najlacnej\u0161ie rie\u0161enie pre V\u00e1\u0161 sklad\",\"description\":\"Profesion\u00e1lne sklady\",\"publisher\":{\"@id\":\"https:\/\/www.lacnekontajnery.sk\/eshop\/#organization\"},\"potentialAction\":[{\"@type\":\"SearchAction\",\"target\":{\"@type\":\"EntryPoint\",\"urlTemplate\":\"https:\/\/www.lacnekontajnery.sk\/eshop\/?s={search_term_string}\"},\"query-input\":\"required name=search_term_string\"}],\"inLanguage\":\"sk-SK\"},{\"@type\":\"Organization\",\"@id\":\"https:\/\/www.lacnekontajnery.sk\/eshop\/#organization\",\"name\":\"Profisklad- r\u00fdchle a lacn\u00e9 skladovanie\",\"url\":\"https:\/\/www.lacnekontajnery.sk\/eshop\/\",\"logo\":{\"@type\":\"ImageObject\",\"inLanguage\":\"sk-SK\",\"@id\":\"https:\/\/www.lacnekontajnery.sk\/eshop\/#\/schema\/logo\/image\/\",\"url\":\"https:\/\/www.lacnekontajnery.sk\/eshop\/wp-content\/uploads\/2020\/07\/facebook_cover_photo_1.png\",\"contentUrl\":\"https:\/\/www.lacnekontajnery.sk\/eshop\/wp-content\/uploads\/2020\/07\/facebook_cover_photo_1.png\",\"width\":1640,\"height\":624,\"caption\":\"Profisklad- r\u00fdchle a lacn\u00e9 skladovanie\"},\"image\":{\"@id\":\"https:\/\/www.lacnekontajnery.sk\/eshop\/#\/schema\/logo\/image\/\"}}]}<\/script>\n<!-- \/ Yoast SEO plugin. -->","yoast_head_json":{"title":"Pasienkov\u00fd pr\u00edstre\u0161ok pre kone a seno 6x6 PVC 850 \u0161ed\u00fd - Profisklad- najlacnej\u0161ie rie\u0161enie pre V\u00e1\u0161 sklad","robots":{"index":"index","follow":"follow","max-snippet":"max-snippet:-1","max-image-preview":"max-image-preview:large","max-video-preview":"max-video-preview:-1"},"canonical":"https:\/\/www.lacnekontajnery.sk\/eshop\/produkt\/pasienkovy-pristresok-pre-kone-a-seno-pvc-550-g-m2-sedy\/","og_locale":"sk_SK","og_type":"article","og_title":"Pasienkov\u00fd pr\u00edstre\u0161ok pre kone a seno 6x6 PVC 850 \u0161ed\u00fd - Profisklad- najlacnej\u0161ie rie\u0161enie pre V\u00e1\u0161 sklad","og_description":"Pr\u00e9miov\u00fd stan na pastviny sa vyzna\u010duje obzvl\u00e1\u0161\u0165 \u0165a\u017ek\u00fdm kon\u0161truk\u010dn\u00fdm profilom, ktor\u00fd je vystu\u017een\u00fd a\u017e 6-kr\u00e1t a pon\u00faka tak maxim\u00e1lnu stabilitu. V\u0161etky nohy s\u00fa navy\u0161e pripevnen\u00e9 k zemi na extra ve\u013ek\u00fdch stupa\u010dk\u00e1ch. Vysoko kvalitn\u00e1 plachta z PVC s hmotnos\u0165ou asi 550 g \/ m\u00b2 a plo\u0161nou text\u00edliou z mrie\u017eky odolnej proti roztrhnutiu.","og_url":"https:\/\/www.lacnekontajnery.sk\/eshop\/produkt\/pasienkovy-pristresok-pre-kone-a-seno-pvc-550-g-m2-sedy\/","og_site_name":"Profisklad- najlacnej\u0161ie rie\u0161enie pre V\u00e1\u0161 sklad","article_modified_time":"2023-06-06T10:43:15+00:00","og_image":[{"width":960,"height":720,"url":"https:\/\/www.lacnekontajnery.sk\/eshop\/wp-content\/uploads\/2020\/10\/1-6678172-GBD_0600x0600x270_WEI_PRE_G-2.jpg","type":"image\/jpeg"}],"twitter_card":"summary_large_image","twitter_misc":{"Predpokladan\u00fd \u010das \u010d\u00edtania":"1 min\u00fata"},"schema":{"@context":"https:\/\/schema.org","@graph":[{"@type":"WebPage","@id":"https:\/\/www.lacnekontajnery.sk\/eshop\/produkt\/pasienkovy-pristresok-pre-kone-a-seno-pvc-550-g-m2-sedy\/","url":"https:\/\/www.lacnekontajnery.sk\/eshop\/produkt\/pasienkovy-pristresok-pre-kone-a-seno-pvc-550-g-m2-sedy\/","name":"Pasienkov\u00fd pr\u00edstre\u0161ok pre kone a seno 6x6 PVC 850 \u0161ed\u00fd - Profisklad- najlacnej\u0161ie rie\u0161enie pre V\u00e1\u0161 sklad","isPartOf":{"@id":"https:\/\/www.lacnekontajnery.sk\/eshop\/#website"},"datePublished":"2020-10-02T11:09:30+00:00","dateModified":"2023-06-06T10:43:15+00:00","breadcrumb":{"@id":"https:\/\/www.lacnekontajnery.sk\/eshop\/produkt\/pasienkovy-pristresok-pre-kone-a-seno-pvc-550-g-m2-sedy\/#breadcrumb"},"inLanguage":"sk-SK","potentialAction":[{"@type":"ReadAction","target":["https:\/\/www.lacnekontajnery.sk\/eshop\/produkt\/pasienkovy-pristresok-pre-kone-a-seno-pvc-550-g-m2-sedy\/"]}]},{"@type":"BreadcrumbList","@id":"https:\/\/www.lacnekontajnery.sk\/eshop\/produkt\/pasienkovy-pristresok-pre-kone-a-seno-pvc-550-g-m2-sedy\/#breadcrumb","itemListElement":[{"@type":"ListItem","position":1,"name":"Home","item":"https:\/\/www.lacnekontajnery.sk\/eshop\/"},{"@type":"ListItem","position":2,"name":"Obchod","item":"https:\/\/www.lacnekontajnery.sk\/eshop\/obchod\/"},{"@type":"ListItem","position":3,"name":"Pasienkov\u00fd pr\u00edstre\u0161ok pre kone a seno 6&#215;6 PVC 850 \u0161ed\u00fd"}]},{"@type":"WebSite","@id":"https:\/\/www.lacnekontajnery.sk\/eshop\/#website","url":"https:\/\/www.lacnekontajnery.sk\/eshop\/","name":"Profisklad- najlacnej\u0161ie rie\u0161enie pre V\u00e1\u0161 sklad","description":"Profesion\u00e1lne sklady","publisher":{"@id":"https:\/\/www.lacnekontajnery.sk\/eshop\/#organization"},"potentialAction":[{"@type":"SearchAction","target":{"@type":"EntryPoint","urlTemplate":"https:\/\/www.lacnekontajnery.sk\/eshop\/?s={search_term_string}"},"query-input":"required name=search_term_string"}],"inLanguage":"sk-SK"},{"@type":"Organization","@id":"https:\/\/www.lacnekontajnery.sk\/eshop\/#organization","name":"Profisklad- r\u00fdchle a lacn\u00e9 skladovanie","url":"https:\/\/www.lacnekontajnery.sk\/eshop\/","logo":{"@type":"ImageObject","inLanguage":"sk-SK","@id":"https:\/\/www.lacnekontajnery.sk\/eshop\/#\/schema\/logo\/image\/","url":"https:\/\/www.lacnekontajnery.sk\/eshop\/wp-content\/uploads\/2020\/07\/facebook_cover_photo_1.png","contentUrl":"https:\/\/www.lacnekontajnery.sk\/eshop\/wp-content\/uploads\/2020\/07\/facebook_cover_photo_1.png","width":1640,"height":624,"caption":"Profisklad- r\u00fdchle a lacn\u00e9 skladovanie"},"image":{"@id":"https:\/\/www.lacnekontajnery.sk\/eshop\/#\/schema\/logo\/image\/"}}]}},"jetpack_sharing_enabled":true,"_links":{"self":[{"href":"https:\/\/www.lacnekontajnery.sk\/eshop\/wp-json\/wp\/v2\/product\/734"}],"collection":[{"href":"https:\/\/www.lacnekontajnery.sk\/eshop\/wp-json\/wp\/v2\/product"}],"about":[{"href":"https:\/\/www.lacnekontajnery.sk\/eshop\/wp-json\/wp\/v2\/types\/product"}],"replies":[{"embeddable":true,"href":"https:\/\/www.lacnekontajnery.sk\/eshop\/wp-json\/wp\/v2\/comments?post=734"}],"wp:featuredmedia":[{"embeddable":true,"href":"https:\/\/www.lacnekontajnery.sk\/eshop\/wp-json\/wp\/v2\/media\/735"}],"wp:attachment":[{"href":"https:\/\/www.lacnekontajnery.sk\/eshop\/wp-json\/wp\/v2\/media?parent=734"}],"wp:term":[{"taxonomy":"product_cat","embeddable":true,"href":"https:\/\/www.lacnekontajnery.sk\/eshop\/wp-json\/wp\/v2\/product_cat?post=734"},{"taxonomy":"product_tag","embeddable":true,"href":"https:\/\/www.lacnekontajnery.sk\/eshop\/wp-json\/wp\/v2\/product_tag?post=734"}],"curies":[{"name":"wp","href":"https:\/\/api.w.org\/{rel}","templated":true}]}}