{"id":749,"date":"2020-10-02T13:31:51","date_gmt":"2020-10-02T11:31:51","guid":{"rendered":"https:\/\/www.lacnekontajnery.sk\/eshop\/?post_type=product&#038;p=749"},"modified":"2021-12-01T09:28:01","modified_gmt":"2021-12-01T08:28:01","slug":"branovy-panel-pre-stan-na-pastviny-professional-6x6m","status":"publish","type":"product","link":"https:\/\/www.lacnekontajnery.sk\/eshop\/produkt\/branovy-panel-pre-stan-na-pastviny-professional-6x6m\/","title":{"rendered":"Br\u00e1nov\u00fd panel pre stan na pastviny Professional 6x6m"},"content":{"rendered":"<h4 id=\"tw-target-text\" class=\"tw-data-text tw-text-large XcVN5d tw-ta\" dir=\"ltr\" data-placeholder=\"Preklad\"><span lang=\"sk\">Ochrana a pohodlie v ka\u017edom ro\u010dnom obdob\u00ed.<\/span><\/h4>\n<h4 class=\"tw-data-text tw-text-large XcVN5d tw-ta\" dir=\"ltr\" data-placeholder=\"Preklad\"><span lang=\"sk\">Panel s br\u00e1nou je ide\u00e1lny na premenu stanu na pastviny na mobiln\u00fd box. Rovnako ako ostatn\u00e9 panely v na\u0161om profesion\u00e1lnom stane pre pasienky, aj br\u00e1nov\u00fd panel je pozinkovan\u00fd pod\u013ea DIN EN ISO 19598, a preto je mimoriadne odoln\u00fd a trv\u00e1cny. D\u00e1 sa r\u00fdchlo zostavi\u0165 a zaujme maxim\u00e1lnou stabilitou. V\u00fdhody panelu br\u00e1ny: \u0160irok\u00e9 chodidl\u00e1 pre optim\u00e1lnu stabilitu <\/span><\/h4>\n<ol>\n<li class=\"tw-data-text tw-text-large XcVN5d tw-ta\" dir=\"ltr\" data-placeholder=\"Preklad\"><span lang=\"sk\">Z\u00e1padka pre praktick\u00e9 ovl\u00e1danie jednou rukou <\/span><\/li>\n<li class=\"tw-data-text tw-text-large XcVN5d tw-ta\" dir=\"ltr\" data-placeholder=\"Preklad\"><span lang=\"sk\">Praktick\u00e1 a r\u00fdchla mont\u00e1\u017e a demont\u00e1\u017e (3 diely)\u00a0<\/span><\/li>\n<li class=\"tw-data-text tw-text-large XcVN5d tw-ta\" dir=\"ltr\" data-placeholder=\"Preklad\"><span lang=\"sk\">Technick\u00e9 detaily: Prejazdov\u00e1 br\u00e1na: 2,80 m \u0160\u00edrka priechodu: 1,80 m V\u00fd\u0161ka r\u00fary horn\u00e9ho panela 1,60 m<\/span><span lang=\"sk\"><img decoding=\"async\" loading=\"lazy\" class=\"size-medium wp-image-760 aligncenter\" src=\"https:\/\/www.lacnekontajnery.sk\/eshop\/wp-content\/uploads\/2020\/10\/1-20746-AMZ_ZUB_WEI_GAT_B6-300x225.jpg\" alt=\"\" width=\"300\" height=\"225\" srcset=\"https:\/\/www.lacnekontajnery.sk\/eshop\/wp-content\/uploads\/2020\/10\/1-20746-AMZ_ZUB_WEI_GAT_B6-300x225.jpg 300w, https:\/\/www.lacnekontajnery.sk\/eshop\/wp-content\/uploads\/2020\/10\/1-20746-AMZ_ZUB_WEI_GAT_B6-416x312.jpg 416w, https:\/\/www.lacnekontajnery.sk\/eshop\/wp-content\/uploads\/2020\/10\/1-20746-AMZ_ZUB_WEI_GAT_B6.jpg 640w\" sizes=\"(max-width: 300px) 100vw, 300px\" \/><\/span><\/li>\n<\/ol>\n","protected":false},"excerpt":{"rendered":"<h4 class=\"tw-data-text tw-text-large XcVN5d tw-ta\" dir=\"ltr\" data-placeholder=\"Preklad\"><span lang=\"sk\">Panel s br\u00e1nou je ide\u00e1lny na premenu stanu na pastviny na mobiln\u00fd box. <\/span><\/h4>\n","protected":false},"featured_media":750,"comment_status":"open","ping_status":"closed","template":"","meta":{"_monsterinsights_skip_tracking":false,"_monsterinsights_sitenote_active":false,"_monsterinsights_sitenote_note":"","_monsterinsights_sitenote_category":0},"product_cat":[22],"product_tag":[],"yoast_head":"<!-- This site is optimized with the Yoast SEO plugin v21.9 - https:\/\/yoast.com\/wordpress\/plugins\/seo\/ -->\n<title>Br\u00e1nov\u00fd panel pre stan na pastviny Professional 6x6m - Profisklad- najlacnej\u0161ie rie\u0161enie pre V\u00e1\u0161 sklad<\/title>\n<meta name=\"description\" content=\"Panel s br\u00e1nou je ide\u00e1lny na premenu stanu na pastviny na mobiln\u00fd box.\" \/>\n<meta name=\"robots\" content=\"index, follow, max-snippet:-1, max-image-preview:large, max-video-preview:-1\" \/>\n<link rel=\"canonical\" href=\"https:\/\/www.lacnekontajnery.sk\/eshop\/produkt\/branovy-panel-pre-stan-na-pastviny-professional-6x6m\/\" \/>\n<meta property=\"og:locale\" content=\"sk_SK\" \/>\n<meta property=\"og:type\" content=\"article\" \/>\n<meta property=\"og:title\" content=\"Br\u00e1nov\u00fd panel pre stan na pastviny Professional 6x6m - Profisklad- najlacnej\u0161ie rie\u0161enie pre V\u00e1\u0161 sklad\" \/>\n<meta property=\"og:description\" content=\"Panel s br\u00e1nou je ide\u00e1lny na premenu stanu na pastviny na mobiln\u00fd box.\" \/>\n<meta property=\"og:url\" content=\"https:\/\/www.lacnekontajnery.sk\/eshop\/produkt\/branovy-panel-pre-stan-na-pastviny-professional-6x6m\/\" \/>\n<meta property=\"og:site_name\" content=\"Profisklad- najlacnej\u0161ie rie\u0161enie pre V\u00e1\u0161 sklad\" \/>\n<meta property=\"article:modified_time\" content=\"2021-12-01T08:28:01+00:00\" \/>\n<meta property=\"og:image\" content=\"https:\/\/www.lacnekontajnery.sk\/eshop\/wp-content\/uploads\/2020\/10\/1-20746-DTL-1_ZUB_WEI_GAT_B6.jpg\" \/>\n\t<meta property=\"og:image:width\" content=\"640\" \/>\n\t<meta property=\"og:image:height\" content=\"480\" \/>\n\t<meta property=\"og:image:type\" content=\"image\/jpeg\" \/>\n<meta name=\"twitter:card\" content=\"summary_large_image\" \/>\n<meta name=\"twitter:label1\" content=\"Predpokladan\u00fd \u010das \u010d\u00edtania\" \/>\n\t<meta name=\"twitter:data1\" content=\"1 min\u00fata\" \/>\n<script type=\"application\/ld+json\" class=\"yoast-schema-graph\">{\"@context\":\"https:\/\/schema.org\",\"@graph\":[{\"@type\":\"WebPage\",\"@id\":\"https:\/\/www.lacnekontajnery.sk\/eshop\/produkt\/branovy-panel-pre-stan-na-pastviny-professional-6x6m\/\",\"url\":\"https:\/\/www.lacnekontajnery.sk\/eshop\/produkt\/branovy-panel-pre-stan-na-pastviny-professional-6x6m\/\",\"name\":\"Br\u00e1nov\u00fd panel pre stan na pastviny Professional 6x6m - Profisklad- najlacnej\u0161ie rie\u0161enie pre V\u00e1\u0161 sklad\",\"isPartOf\":{\"@id\":\"https:\/\/www.lacnekontajnery.sk\/eshop\/#website\"},\"datePublished\":\"2020-10-02T11:31:51+00:00\",\"dateModified\":\"2021-12-01T08:28:01+00:00\",\"description\":\"Panel s br\u00e1nou je ide\u00e1lny na premenu stanu na pastviny na mobiln\u00fd box.\",\"breadcrumb\":{\"@id\":\"https:\/\/www.lacnekontajnery.sk\/eshop\/produkt\/branovy-panel-pre-stan-na-pastviny-professional-6x6m\/#breadcrumb\"},\"inLanguage\":\"sk-SK\",\"potentialAction\":[{\"@type\":\"ReadAction\",\"target\":[\"https:\/\/www.lacnekontajnery.sk\/eshop\/produkt\/branovy-panel-pre-stan-na-pastviny-professional-6x6m\/\"]}]},{\"@type\":\"BreadcrumbList\",\"@id\":\"https:\/\/www.lacnekontajnery.sk\/eshop\/produkt\/branovy-panel-pre-stan-na-pastviny-professional-6x6m\/#breadcrumb\",\"itemListElement\":[{\"@type\":\"ListItem\",\"position\":1,\"name\":\"Home\",\"item\":\"https:\/\/www.lacnekontajnery.sk\/eshop\/\"},{\"@type\":\"ListItem\",\"position\":2,\"name\":\"Obchod\",\"item\":\"https:\/\/www.lacnekontajnery.sk\/eshop\/obchod\/\"},{\"@type\":\"ListItem\",\"position\":3,\"name\":\"Br\u00e1nov\u00fd panel pre stan na pastviny Professional 6x6m\"}]},{\"@type\":\"WebSite\",\"@id\":\"https:\/\/www.lacnekontajnery.sk\/eshop\/#website\",\"url\":\"https:\/\/www.lacnekontajnery.sk\/eshop\/\",\"name\":\"Profisklad- najlacnej\u0161ie rie\u0161enie pre V\u00e1\u0161 sklad\",\"description\":\"Profesion\u00e1lne sklady\",\"publisher\":{\"@id\":\"https:\/\/www.lacnekontajnery.sk\/eshop\/#organization\"},\"potentialAction\":[{\"@type\":\"SearchAction\",\"target\":{\"@type\":\"EntryPoint\",\"urlTemplate\":\"https:\/\/www.lacnekontajnery.sk\/eshop\/?s={search_term_string}\"},\"query-input\":\"required name=search_term_string\"}],\"inLanguage\":\"sk-SK\"},{\"@type\":\"Organization\",\"@id\":\"https:\/\/www.lacnekontajnery.sk\/eshop\/#organization\",\"name\":\"Profisklad- r\u00fdchle a lacn\u00e9 skladovanie\",\"url\":\"https:\/\/www.lacnekontajnery.sk\/eshop\/\",\"logo\":{\"@type\":\"ImageObject\",\"inLanguage\":\"sk-SK\",\"@id\":\"https:\/\/www.lacnekontajnery.sk\/eshop\/#\/schema\/logo\/image\/\",\"url\":\"https:\/\/www.lacnekontajnery.sk\/eshop\/wp-content\/uploads\/2020\/07\/facebook_cover_photo_1.png\",\"contentUrl\":\"https:\/\/www.lacnekontajnery.sk\/eshop\/wp-content\/uploads\/2020\/07\/facebook_cover_photo_1.png\",\"width\":1640,\"height\":624,\"caption\":\"Profisklad- r\u00fdchle a lacn\u00e9 skladovanie\"},\"image\":{\"@id\":\"https:\/\/www.lacnekontajnery.sk\/eshop\/#\/schema\/logo\/image\/\"}}]}<\/script>\n<!-- \/ Yoast SEO plugin. -->","yoast_head_json":{"title":"Br\u00e1nov\u00fd panel pre stan na pastviny Professional 6x6m - Profisklad- najlacnej\u0161ie rie\u0161enie pre V\u00e1\u0161 sklad","description":"Panel s br\u00e1nou je ide\u00e1lny na premenu stanu na pastviny na mobiln\u00fd box.","robots":{"index":"index","follow":"follow","max-snippet":"max-snippet:-1","max-image-preview":"max-image-preview:large","max-video-preview":"max-video-preview:-1"},"canonical":"https:\/\/www.lacnekontajnery.sk\/eshop\/produkt\/branovy-panel-pre-stan-na-pastviny-professional-6x6m\/","og_locale":"sk_SK","og_type":"article","og_title":"Br\u00e1nov\u00fd panel pre stan na pastviny Professional 6x6m - Profisklad- najlacnej\u0161ie rie\u0161enie pre V\u00e1\u0161 sklad","og_description":"Panel s br\u00e1nou je ide\u00e1lny na premenu stanu na pastviny na mobiln\u00fd box.","og_url":"https:\/\/www.lacnekontajnery.sk\/eshop\/produkt\/branovy-panel-pre-stan-na-pastviny-professional-6x6m\/","og_site_name":"Profisklad- najlacnej\u0161ie rie\u0161enie pre V\u00e1\u0161 sklad","article_modified_time":"2021-12-01T08:28:01+00:00","og_image":[{"width":640,"height":480,"url":"https:\/\/www.lacnekontajnery.sk\/eshop\/wp-content\/uploads\/2020\/10\/1-20746-DTL-1_ZUB_WEI_GAT_B6.jpg","type":"image\/jpeg"}],"twitter_card":"summary_large_image","twitter_misc":{"Predpokladan\u00fd \u010das \u010d\u00edtania":"1 min\u00fata"},"schema":{"@context":"https:\/\/schema.org","@graph":[{"@type":"WebPage","@id":"https:\/\/www.lacnekontajnery.sk\/eshop\/produkt\/branovy-panel-pre-stan-na-pastviny-professional-6x6m\/","url":"https:\/\/www.lacnekontajnery.sk\/eshop\/produkt\/branovy-panel-pre-stan-na-pastviny-professional-6x6m\/","name":"Br\u00e1nov\u00fd panel pre stan na pastviny Professional 6x6m - Profisklad- najlacnej\u0161ie rie\u0161enie pre V\u00e1\u0161 sklad","isPartOf":{"@id":"https:\/\/www.lacnekontajnery.sk\/eshop\/#website"},"datePublished":"2020-10-02T11:31:51+00:00","dateModified":"2021-12-01T08:28:01+00:00","description":"Panel s br\u00e1nou je ide\u00e1lny na premenu stanu na pastviny na mobiln\u00fd box.","breadcrumb":{"@id":"https:\/\/www.lacnekontajnery.sk\/eshop\/produkt\/branovy-panel-pre-stan-na-pastviny-professional-6x6m\/#breadcrumb"},"inLanguage":"sk-SK","potentialAction":[{"@type":"ReadAction","target":["https:\/\/www.lacnekontajnery.sk\/eshop\/produkt\/branovy-panel-pre-stan-na-pastviny-professional-6x6m\/"]}]},{"@type":"BreadcrumbList","@id":"https:\/\/www.lacnekontajnery.sk\/eshop\/produkt\/branovy-panel-pre-stan-na-pastviny-professional-6x6m\/#breadcrumb","itemListElement":[{"@type":"ListItem","position":1,"name":"Home","item":"https:\/\/www.lacnekontajnery.sk\/eshop\/"},{"@type":"ListItem","position":2,"name":"Obchod","item":"https:\/\/www.lacnekontajnery.sk\/eshop\/obchod\/"},{"@type":"ListItem","position":3,"name":"Br\u00e1nov\u00fd panel pre stan na pastviny Professional 6x6m"}]},{"@type":"WebSite","@id":"https:\/\/www.lacnekontajnery.sk\/eshop\/#website","url":"https:\/\/www.lacnekontajnery.sk\/eshop\/","name":"Profisklad- najlacnej\u0161ie rie\u0161enie pre V\u00e1\u0161 sklad","description":"Profesion\u00e1lne sklady","publisher":{"@id":"https:\/\/www.lacnekontajnery.sk\/eshop\/#organization"},"potentialAction":[{"@type":"SearchAction","target":{"@type":"EntryPoint","urlTemplate":"https:\/\/www.lacnekontajnery.sk\/eshop\/?s={search_term_string}"},"query-input":"required name=search_term_string"}],"inLanguage":"sk-SK"},{"@type":"Organization","@id":"https:\/\/www.lacnekontajnery.sk\/eshop\/#organization","name":"Profisklad- r\u00fdchle a lacn\u00e9 skladovanie","url":"https:\/\/www.lacnekontajnery.sk\/eshop\/","logo":{"@type":"ImageObject","inLanguage":"sk-SK","@id":"https:\/\/www.lacnekontajnery.sk\/eshop\/#\/schema\/logo\/image\/","url":"https:\/\/www.lacnekontajnery.sk\/eshop\/wp-content\/uploads\/2020\/07\/facebook_cover_photo_1.png","contentUrl":"https:\/\/www.lacnekontajnery.sk\/eshop\/wp-content\/uploads\/2020\/07\/facebook_cover_photo_1.png","width":1640,"height":624,"caption":"Profisklad- r\u00fdchle a lacn\u00e9 skladovanie"},"image":{"@id":"https:\/\/www.lacnekontajnery.sk\/eshop\/#\/schema\/logo\/image\/"}}]}},"jetpack_sharing_enabled":true,"_links":{"self":[{"href":"https:\/\/www.lacnekontajnery.sk\/eshop\/wp-json\/wp\/v2\/product\/749"}],"collection":[{"href":"https:\/\/www.lacnekontajnery.sk\/eshop\/wp-json\/wp\/v2\/product"}],"about":[{"href":"https:\/\/www.lacnekontajnery.sk\/eshop\/wp-json\/wp\/v2\/types\/product"}],"replies":[{"embeddable":true,"href":"https:\/\/www.lacnekontajnery.sk\/eshop\/wp-json\/wp\/v2\/comments?post=749"}],"wp:featuredmedia":[{"embeddable":true,"href":"https:\/\/www.lacnekontajnery.sk\/eshop\/wp-json\/wp\/v2\/media\/750"}],"wp:attachment":[{"href":"https:\/\/www.lacnekontajnery.sk\/eshop\/wp-json\/wp\/v2\/media?parent=749"}],"wp:term":[{"taxonomy":"product_cat","embeddable":true,"href":"https:\/\/www.lacnekontajnery.sk\/eshop\/wp-json\/wp\/v2\/product_cat?post=749"},{"taxonomy":"product_tag","embeddable":true,"href":"https:\/\/www.lacnekontajnery.sk\/eshop\/wp-json\/wp\/v2\/product_tag?post=749"}],"curies":[{"name":"wp","href":"https:\/\/api.w.org\/{rel}","templated":true}]}}