{"id":873,"date":"2020-10-26T11:28:23","date_gmt":"2020-10-26T10:28:23","guid":{"rendered":"https:\/\/www.lacnekontajnery.sk\/eshop\/?post_type=product&#038;p=873"},"modified":"2023-06-12T11:36:50","modified_gmt":"2023-06-12T09:36:50","slug":"mobilna-garaz-16x24-m-pvc-800","status":"publish","type":"product","link":"https:\/\/www.lacnekontajnery.sk\/eshop\/produkt\/mobilna-garaz-16x24-m-pvc-800\/","title":{"rendered":"Mobiln\u00e1 gar\u00e1\u017e 1,6&#215;2,4 m, PVC 800"},"content":{"rendered":"<div id=\"tw-target-text-container\" class=\"tw-ta-container hide-focus-ring tw-nfl\" tabindex=\"0\">\n<ul>\n<li id=\"tw-target-text\" class=\"tw-data-text tw-text-large XcVN5d tw-ta\" dir=\"ltr\" style=\"text-align: left;\" data-placeholder=\"Preklad\"><span lang=\"sk\">Mini gar\u00e1\u017e za rozumn\u00fa cenu Mo\u017eno pou\u017ei\u0165 kdeko\u013evek a kedyko\u013evek &#8211; dokonca aj na jese\u0148 a v zime. <\/span><span lang=\"sk\"><img decoding=\"async\" loading=\"lazy\" class=\"size-medium wp-image-874 alignright\" src=\"https:\/\/www.lacnekontajnery.sk\/eshop\/wp-content\/uploads\/2020\/10\/WIK_CAR_KL_NUTZ_16x24x17_g-285x300.jpg\" alt=\"\" width=\"285\" height=\"300\" srcset=\"https:\/\/www.lacnekontajnery.sk\/eshop\/wp-content\/uploads\/2020\/10\/WIK_CAR_KL_NUTZ_16x24x17_g-285x300.jpg 285w, https:\/\/www.lacnekontajnery.sk\/eshop\/wp-content\/uploads\/2020\/10\/WIK_CAR_KL_NUTZ_16x24x17_g.jpg 402w\" sizes=\"(max-width: 285px) 100vw, 285px\" \/><\/span><\/li>\n<li class=\"tw-data-text tw-text-large XcVN5d tw-ta\" dir=\"ltr\" style=\"text-align: left;\" data-placeholder=\"Preklad\"><span lang=\"sk\">Ochrana pre motocykle, bicykle, mal\u00e9 stroje ako napr \u017eac\u00ed stroj <\/span><\/li>\n<li class=\"tw-data-text tw-text-large XcVN5d tw-ta\" dir=\"ltr\" style=\"text-align: left;\" data-placeholder=\"Preklad\"><span lang=\"sk\">Bezpe\u010dn\u00e9 ulo\u017eenie z\u00e1hradn\u00e9ho n\u00e1radia Ned\u00e1va \u0161ancu vetru a po\u010dasiu <\/span><\/li>\n<li class=\"tw-data-text tw-text-large XcVN5d tw-ta\" dir=\"ltr\" style=\"text-align: left;\" data-placeholder=\"Preklad\"><span lang=\"sk\">Zastre\u0161enie a zabezpe\u010denie z\u00e1kladov a stavieb<\/span><\/li>\n<li class=\"tw-data-text tw-text-large XcVN5d tw-ta\" dir=\"ltr\" style=\"text-align: left;\" data-placeholder=\"Preklad\"><span lang=\"sk\"> Ekonomick\u00e1 a leg\u00e1lna alternat\u00edva k pevnej gar\u00e1\u017ei.<\/span><\/li>\n<\/ul>\n<\/div>\n<p>&nbsp;<\/p>\n<h5 id=\"tw-target-text\" class=\"tw-data-text tw-text-large XcVN5d tw-ta\" dir=\"ltr\" data-placeholder=\"Preklad\"><strong><span lang=\"sk\">Dobr\u00fd pocit v\u010faka stabilite a bezpe\u010dnosti Extra siln\u00e9 r\u00farky: 100% oce\u013e, plne pozinkovan\u00e1 Priemer: cca 32mm Hr\u00fabka steny: cca 1,2 mm Stabiln\u00e1 kon\u0161trukcia, jednoduch\u00e1 mont\u00e1\u017e v\u010faka vysoko kvalitn\u00e9mu a odoln\u00e9mu syst\u00e9mu konektorov. Bezpe\u010dn\u00e9 pripevnenie k zemi pomocou robustn\u00fdch kol\u00edkov, ktor\u00e9 s\u00fa s\u00fa\u010das\u0165ou dod\u00e1vky.<\/span><\/strong><\/h5>\n<h5 id=\"tw-target-text\" class=\"tw-data-text tw-text-large XcVN5d tw-ta\" dir=\"ltr\" data-placeholder=\"Preklad\"><span lang=\"sk\">Siln\u00fd v\u00fdkon! Za\u017eite nad\u010dasov\u00fd exteri\u00e9r v tej najlep\u0161ej kvalite V\u0161etky plachty s\u00fa vyroben\u00e9 z extra siln\u00e9ho PVC materi\u00e1lu s hmotnos\u0165ou asi 550 g \/ m\u00b2 a maj\u00fa odoln\u00fa vn\u00fatorn\u00fa mrie\u017eku, porovnate\u013en\u00fa s plachtou pre n\u00e1kladn\u00e9 automobily. UV odolnos\u0165 s certifikovan\u00fdm slne\u010dn\u00fdm ochrann\u00fdm faktorom 80+ 100% nepremokav\u00e9 v\u010faka zv\u00e1ran\u00fdm \u0161vom pri vysokej teplote Stre\u0161n\u00e1 plachta sa sklad\u00e1 z jedn\u00e9ho kusa, \u010do je d\u00f4le\u017eit\u00e9 krit\u00e9rium pre \u010fal\u0161iu stabilitu. \u0160t\u00edtov\u00e9 \u010dasti m\u00f4\u017eete tie\u017e \u00faplne alebo \u010diasto\u010dne vynecha\u0165 Vetracie clony na podlahe a dodato\u010dn\u00e9 pripevnenie k podlahov\u00e9mu r\u00e1mu \u00fa\u010dinne zabra\u0148uj\u00fa prievanu a ne\u017eiaducim pohybom plachty Predn\u00e1 \u0161t\u00edtov\u00e1 stena m\u00e1 ve\u013ek\u00fd vchod s robustn\u00fdmi syst\u00e9mami zipsu.<\/span><\/h5>\n<p><img decoding=\"async\" class=\"aligncenter\" src=\"https:\/\/cdn.profizelt24.de\/media\/IMG-AMZ\/PROCAR-1,6x2,4.jpg\" \/><\/p>\n<h5 id=\"tw-target-text\" class=\"tw-data-text tw-text-large XcVN5d tw-ta\" dir=\"ltr\" data-placeholder=\"Preklad\"><strong><span lang=\"sk\">Rozmery Z\u00e1kladn\u00e1 plocha: 1,6 x 2,4 m &#8211; 3,84 m\u00b2<\/span><\/strong><\/h5>\n<h5 class=\"tw-data-text tw-text-large XcVN5d tw-ta\" dir=\"ltr\" data-placeholder=\"Preklad\"><strong><span lang=\"sk\">V\u00fd\u0161ka strany: cca 1,7 m <\/span><\/strong><\/h5>\n<h5 class=\"tw-data-text tw-text-large XcVN5d tw-ta\" dir=\"ltr\" data-placeholder=\"Preklad\"><strong><span lang=\"sk\">V\u00fd\u0161ka hrebe\u0148a: cca 1,95 m <\/span><\/strong><\/h5>\n<h5 class=\"tw-data-text tw-text-large XcVN5d tw-ta\" dir=\"ltr\" data-placeholder=\"Preklad\"><strong><span lang=\"sk\">\u0160\u00edrka vstupu: cca 1,10 a\u017e 1,40 m <\/span><\/strong><\/h5>\n<h5 class=\"tw-data-text tw-text-large XcVN5d tw-ta\" dir=\"ltr\" data-placeholder=\"Preklad\"><strong><span lang=\"sk\">V\u00fd\u0161ka vstupu: cca 1,7 m<\/span><\/strong><\/h5>\n<p>&nbsp;<\/p>\n","protected":false},"excerpt":{"rendered":"<h5 id=\"tw-target-text\" class=\"tw-data-text tw-text-large XcVN5d tw-ta\" dir=\"ltr\" data-placeholder=\"Preklad\"><strong><span lang=\"sk\">T\u00e1to stabiln\u00e1 a stabiln\u00e1 stanov\u00e1 gar\u00e1\u017e chr\u00e1ni va\u0161e vozidlo pred vetrom a po\u010das\u00edm. M\u00e1 stabiln\u00fd, plne pozinkovan\u00fd r\u00e1m a s\u00favisl\u00fa, asi 550 g \/ m\u00b2 20 plachtu z \u0165a\u017ek\u00e9ho PVC, ktor\u00e1 je pevne pripevnen\u00e1 k kon\u0161trukcii pomocou \u0161peci\u00e1lneho nap\u00ednacieho syst\u00e9mu. Stanov\u00e1 gar\u00e1\u017e pon\u00faka vysok\u00fa \u00farove\u0148 UV ochrany a je 100% vodotesn\u00e1. Pri vstupe s\u00fa robustn\u00e9 zipsy pre r\u00fdchle otv\u00e1ranie a zatv\u00e1ranie. Integrovan\u00e9 vetracie okn\u00e1 zabezpe\u010duj\u00fa \u00fa\u010dinn\u00fa cirkul\u00e1ciu vzduchu proti hromadeniu vlhkosti.<\/span><\/strong><\/h5>\n","protected":false},"featured_media":881,"comment_status":"open","ping_status":"closed","template":"","meta":{"_monsterinsights_skip_tracking":false,"_monsterinsights_sitenote_active":false,"_monsterinsights_sitenote_note":"","_monsterinsights_sitenote_category":0},"product_cat":[18],"product_tag":[],"yoast_head":"<!-- This site is optimized with the Yoast SEO plugin v21.9 - https:\/\/yoast.com\/wordpress\/plugins\/seo\/ -->\n<title>Mobiln\u00e1 gar\u00e1\u017e 1,6x2,4 m, PVC 800 - Profisklad- najlacnej\u0161ie rie\u0161enie pre V\u00e1\u0161 sklad<\/title>\n<meta name=\"robots\" content=\"index, follow, max-snippet:-1, max-image-preview:large, max-video-preview:-1\" \/>\n<link rel=\"canonical\" href=\"https:\/\/www.lacnekontajnery.sk\/eshop\/produkt\/mobilna-garaz-16x24-m-pvc-800\/\" \/>\n<meta property=\"og:locale\" content=\"sk_SK\" \/>\n<meta property=\"og:type\" content=\"article\" \/>\n<meta property=\"og:title\" content=\"Mobiln\u00e1 gar\u00e1\u017e 1,6x2,4 m, PVC 800 - Profisklad- najlacnej\u0161ie rie\u0161enie pre V\u00e1\u0161 sklad\" \/>\n<meta property=\"og:description\" content=\"T\u00e1to stabiln\u00e1 a stabiln\u00e1 stanov\u00e1 gar\u00e1\u017e chr\u00e1ni va\u0161e vozidlo pred vetrom a po\u010das\u00edm. M\u00e1 stabiln\u00fd, plne pozinkovan\u00fd r\u00e1m a s\u00favisl\u00fa, asi 550 g \/ m\u00b2 20 plachtu z \u0165a\u017ek\u00e9ho PVC, ktor\u00e1 je pevne pripevnen\u00e1 k kon\u0161trukcii pomocou \u0161peci\u00e1lneho nap\u00ednacieho syst\u00e9mu. Stanov\u00e1 gar\u00e1\u017e pon\u00faka vysok\u00fa \u00farove\u0148 UV ochrany a je 100% vodotesn\u00e1. Pri vstupe s\u00fa robustn\u00e9 zipsy pre r\u00fdchle otv\u00e1ranie a zatv\u00e1ranie. Integrovan\u00e9 vetracie okn\u00e1 zabezpe\u010duj\u00fa \u00fa\u010dinn\u00fa cirkul\u00e1ciu vzduchu proti hromadeniu vlhkosti.\" \/>\n<meta property=\"og:url\" content=\"https:\/\/www.lacnekontajnery.sk\/eshop\/produkt\/mobilna-garaz-16x24-m-pvc-800\/\" \/>\n<meta property=\"og:site_name\" content=\"Profisklad- najlacnej\u0161ie rie\u0161enie pre V\u00e1\u0161 sklad\" \/>\n<meta property=\"article:modified_time\" content=\"2023-06-12T09:36:50+00:00\" \/>\n<meta property=\"og:image\" content=\"https:\/\/www.lacnekontajnery.sk\/eshop\/wp-content\/uploads\/2020\/10\/wkWRFBACPv-compress.jpg\" \/>\n\t<meta property=\"og:image:width\" content=\"900\" \/>\n\t<meta property=\"og:image:height\" content=\"676\" \/>\n\t<meta property=\"og:image:type\" content=\"image\/jpeg\" \/>\n<meta name=\"twitter:card\" content=\"summary_large_image\" \/>\n<meta name=\"twitter:label1\" content=\"Predpokladan\u00fd \u010das \u010d\u00edtania\" \/>\n\t<meta name=\"twitter:data1\" content=\"1 min\u00fata\" \/>\n<script type=\"application\/ld+json\" class=\"yoast-schema-graph\">{\"@context\":\"https:\/\/schema.org\",\"@graph\":[{\"@type\":\"WebPage\",\"@id\":\"https:\/\/www.lacnekontajnery.sk\/eshop\/produkt\/mobilna-garaz-16x24-m-pvc-800\/\",\"url\":\"https:\/\/www.lacnekontajnery.sk\/eshop\/produkt\/mobilna-garaz-16x24-m-pvc-800\/\",\"name\":\"Mobiln\u00e1 gar\u00e1\u017e 1,6x2,4 m, PVC 800 - Profisklad- najlacnej\u0161ie rie\u0161enie pre V\u00e1\u0161 sklad\",\"isPartOf\":{\"@id\":\"https:\/\/www.lacnekontajnery.sk\/eshop\/#website\"},\"datePublished\":\"2020-10-26T10:28:23+00:00\",\"dateModified\":\"2023-06-12T09:36:50+00:00\",\"breadcrumb\":{\"@id\":\"https:\/\/www.lacnekontajnery.sk\/eshop\/produkt\/mobilna-garaz-16x24-m-pvc-800\/#breadcrumb\"},\"inLanguage\":\"sk-SK\",\"potentialAction\":[{\"@type\":\"ReadAction\",\"target\":[\"https:\/\/www.lacnekontajnery.sk\/eshop\/produkt\/mobilna-garaz-16x24-m-pvc-800\/\"]}]},{\"@type\":\"BreadcrumbList\",\"@id\":\"https:\/\/www.lacnekontajnery.sk\/eshop\/produkt\/mobilna-garaz-16x24-m-pvc-800\/#breadcrumb\",\"itemListElement\":[{\"@type\":\"ListItem\",\"position\":1,\"name\":\"Home\",\"item\":\"https:\/\/www.lacnekontajnery.sk\/eshop\/\"},{\"@type\":\"ListItem\",\"position\":2,\"name\":\"Obchod\",\"item\":\"https:\/\/www.lacnekontajnery.sk\/eshop\/obchod\/\"},{\"@type\":\"ListItem\",\"position\":3,\"name\":\"Mobiln\u00e1 gar\u00e1\u017e 1,6&#215;2,4 m, PVC 800\"}]},{\"@type\":\"WebSite\",\"@id\":\"https:\/\/www.lacnekontajnery.sk\/eshop\/#website\",\"url\":\"https:\/\/www.lacnekontajnery.sk\/eshop\/\",\"name\":\"Profisklad- najlacnej\u0161ie rie\u0161enie pre V\u00e1\u0161 sklad\",\"description\":\"Profesion\u00e1lne sklady\",\"publisher\":{\"@id\":\"https:\/\/www.lacnekontajnery.sk\/eshop\/#organization\"},\"potentialAction\":[{\"@type\":\"SearchAction\",\"target\":{\"@type\":\"EntryPoint\",\"urlTemplate\":\"https:\/\/www.lacnekontajnery.sk\/eshop\/?s={search_term_string}\"},\"query-input\":\"required name=search_term_string\"}],\"inLanguage\":\"sk-SK\"},{\"@type\":\"Organization\",\"@id\":\"https:\/\/www.lacnekontajnery.sk\/eshop\/#organization\",\"name\":\"Profisklad- r\u00fdchle a lacn\u00e9 skladovanie\",\"url\":\"https:\/\/www.lacnekontajnery.sk\/eshop\/\",\"logo\":{\"@type\":\"ImageObject\",\"inLanguage\":\"sk-SK\",\"@id\":\"https:\/\/www.lacnekontajnery.sk\/eshop\/#\/schema\/logo\/image\/\",\"url\":\"https:\/\/www.lacnekontajnery.sk\/eshop\/wp-content\/uploads\/2020\/07\/facebook_cover_photo_1.png\",\"contentUrl\":\"https:\/\/www.lacnekontajnery.sk\/eshop\/wp-content\/uploads\/2020\/07\/facebook_cover_photo_1.png\",\"width\":1640,\"height\":624,\"caption\":\"Profisklad- r\u00fdchle a lacn\u00e9 skladovanie\"},\"image\":{\"@id\":\"https:\/\/www.lacnekontajnery.sk\/eshop\/#\/schema\/logo\/image\/\"}}]}<\/script>\n<!-- \/ Yoast SEO plugin. -->","yoast_head_json":{"title":"Mobiln\u00e1 gar\u00e1\u017e 1,6x2,4 m, PVC 800 - Profisklad- najlacnej\u0161ie rie\u0161enie pre V\u00e1\u0161 sklad","robots":{"index":"index","follow":"follow","max-snippet":"max-snippet:-1","max-image-preview":"max-image-preview:large","max-video-preview":"max-video-preview:-1"},"canonical":"https:\/\/www.lacnekontajnery.sk\/eshop\/produkt\/mobilna-garaz-16x24-m-pvc-800\/","og_locale":"sk_SK","og_type":"article","og_title":"Mobiln\u00e1 gar\u00e1\u017e 1,6x2,4 m, PVC 800 - Profisklad- najlacnej\u0161ie rie\u0161enie pre V\u00e1\u0161 sklad","og_description":"T\u00e1to stabiln\u00e1 a stabiln\u00e1 stanov\u00e1 gar\u00e1\u017e chr\u00e1ni va\u0161e vozidlo pred vetrom a po\u010das\u00edm. M\u00e1 stabiln\u00fd, plne pozinkovan\u00fd r\u00e1m a s\u00favisl\u00fa, asi 550 g \/ m\u00b2 20 plachtu z \u0165a\u017ek\u00e9ho PVC, ktor\u00e1 je pevne pripevnen\u00e1 k kon\u0161trukcii pomocou \u0161peci\u00e1lneho nap\u00ednacieho syst\u00e9mu. Stanov\u00e1 gar\u00e1\u017e pon\u00faka vysok\u00fa \u00farove\u0148 UV ochrany a je 100% vodotesn\u00e1. Pri vstupe s\u00fa robustn\u00e9 zipsy pre r\u00fdchle otv\u00e1ranie a zatv\u00e1ranie. Integrovan\u00e9 vetracie okn\u00e1 zabezpe\u010duj\u00fa \u00fa\u010dinn\u00fa cirkul\u00e1ciu vzduchu proti hromadeniu vlhkosti.","og_url":"https:\/\/www.lacnekontajnery.sk\/eshop\/produkt\/mobilna-garaz-16x24-m-pvc-800\/","og_site_name":"Profisklad- najlacnej\u0161ie rie\u0161enie pre V\u00e1\u0161 sklad","article_modified_time":"2023-06-12T09:36:50+00:00","og_image":[{"width":900,"height":676,"url":"https:\/\/www.lacnekontajnery.sk\/eshop\/wp-content\/uploads\/2020\/10\/wkWRFBACPv-compress.jpg","type":"image\/jpeg"}],"twitter_card":"summary_large_image","twitter_misc":{"Predpokladan\u00fd \u010das \u010d\u00edtania":"1 min\u00fata"},"schema":{"@context":"https:\/\/schema.org","@graph":[{"@type":"WebPage","@id":"https:\/\/www.lacnekontajnery.sk\/eshop\/produkt\/mobilna-garaz-16x24-m-pvc-800\/","url":"https:\/\/www.lacnekontajnery.sk\/eshop\/produkt\/mobilna-garaz-16x24-m-pvc-800\/","name":"Mobiln\u00e1 gar\u00e1\u017e 1,6x2,4 m, PVC 800 - Profisklad- najlacnej\u0161ie rie\u0161enie pre V\u00e1\u0161 sklad","isPartOf":{"@id":"https:\/\/www.lacnekontajnery.sk\/eshop\/#website"},"datePublished":"2020-10-26T10:28:23+00:00","dateModified":"2023-06-12T09:36:50+00:00","breadcrumb":{"@id":"https:\/\/www.lacnekontajnery.sk\/eshop\/produkt\/mobilna-garaz-16x24-m-pvc-800\/#breadcrumb"},"inLanguage":"sk-SK","potentialAction":[{"@type":"ReadAction","target":["https:\/\/www.lacnekontajnery.sk\/eshop\/produkt\/mobilna-garaz-16x24-m-pvc-800\/"]}]},{"@type":"BreadcrumbList","@id":"https:\/\/www.lacnekontajnery.sk\/eshop\/produkt\/mobilna-garaz-16x24-m-pvc-800\/#breadcrumb","itemListElement":[{"@type":"ListItem","position":1,"name":"Home","item":"https:\/\/www.lacnekontajnery.sk\/eshop\/"},{"@type":"ListItem","position":2,"name":"Obchod","item":"https:\/\/www.lacnekontajnery.sk\/eshop\/obchod\/"},{"@type":"ListItem","position":3,"name":"Mobiln\u00e1 gar\u00e1\u017e 1,6&#215;2,4 m, PVC 800"}]},{"@type":"WebSite","@id":"https:\/\/www.lacnekontajnery.sk\/eshop\/#website","url":"https:\/\/www.lacnekontajnery.sk\/eshop\/","name":"Profisklad- najlacnej\u0161ie rie\u0161enie pre V\u00e1\u0161 sklad","description":"Profesion\u00e1lne sklady","publisher":{"@id":"https:\/\/www.lacnekontajnery.sk\/eshop\/#organization"},"potentialAction":[{"@type":"SearchAction","target":{"@type":"EntryPoint","urlTemplate":"https:\/\/www.lacnekontajnery.sk\/eshop\/?s={search_term_string}"},"query-input":"required name=search_term_string"}],"inLanguage":"sk-SK"},{"@type":"Organization","@id":"https:\/\/www.lacnekontajnery.sk\/eshop\/#organization","name":"Profisklad- r\u00fdchle a lacn\u00e9 skladovanie","url":"https:\/\/www.lacnekontajnery.sk\/eshop\/","logo":{"@type":"ImageObject","inLanguage":"sk-SK","@id":"https:\/\/www.lacnekontajnery.sk\/eshop\/#\/schema\/logo\/image\/","url":"https:\/\/www.lacnekontajnery.sk\/eshop\/wp-content\/uploads\/2020\/07\/facebook_cover_photo_1.png","contentUrl":"https:\/\/www.lacnekontajnery.sk\/eshop\/wp-content\/uploads\/2020\/07\/facebook_cover_photo_1.png","width":1640,"height":624,"caption":"Profisklad- r\u00fdchle a lacn\u00e9 skladovanie"},"image":{"@id":"https:\/\/www.lacnekontajnery.sk\/eshop\/#\/schema\/logo\/image\/"}}]}},"jetpack_sharing_enabled":true,"_links":{"self":[{"href":"https:\/\/www.lacnekontajnery.sk\/eshop\/wp-json\/wp\/v2\/product\/873"}],"collection":[{"href":"https:\/\/www.lacnekontajnery.sk\/eshop\/wp-json\/wp\/v2\/product"}],"about":[{"href":"https:\/\/www.lacnekontajnery.sk\/eshop\/wp-json\/wp\/v2\/types\/product"}],"replies":[{"embeddable":true,"href":"https:\/\/www.lacnekontajnery.sk\/eshop\/wp-json\/wp\/v2\/comments?post=873"}],"wp:featuredmedia":[{"embeddable":true,"href":"https:\/\/www.lacnekontajnery.sk\/eshop\/wp-json\/wp\/v2\/media\/881"}],"wp:attachment":[{"href":"https:\/\/www.lacnekontajnery.sk\/eshop\/wp-json\/wp\/v2\/media?parent=873"}],"wp:term":[{"taxonomy":"product_cat","embeddable":true,"href":"https:\/\/www.lacnekontajnery.sk\/eshop\/wp-json\/wp\/v2\/product_cat?post=873"},{"taxonomy":"product_tag","embeddable":true,"href":"https:\/\/www.lacnekontajnery.sk\/eshop\/wp-json\/wp\/v2\/product_tag?post=873"}],"curies":[{"name":"wp","href":"https:\/\/api.w.org\/{rel}","templated":true}]}}