{"id":951,"date":"2020-11-21T18:35:58","date_gmt":"2020-11-21T17:35:58","guid":{"rendered":"https:\/\/www.lacnekontajnery.sk\/eshop\/?post_type=product&#038;p=951"},"modified":"2024-04-17T11:07:31","modified_gmt":"2024-04-17T09:07:31","slug":"konstrukcia-ramu-kontajnera","status":"publish","type":"product","link":"https:\/\/www.lacnekontajnery.sk\/eshop\/produkt\/konstrukcia-ramu-kontajnera\/","title":{"rendered":"Kon\u0161trukcia r\u00e1mu lodn\u00e9ho kontajnera"},"content":{"rendered":"<p>Pon\u00fakan\u00fd v\u00fdrobok je vyroben\u00fd z plechu tvarovan\u00e9ho za studena o hr\u00fabke 3 mm,<\/p>\n<p>Podlaha je z prie\u010dnikov typu &#8222;zet&#8220; z pozinkovan\u00e9ho plechu tl. 2 mm<\/p>\n<p>Upozor\u0148ujem, \u017ee na\u0161e r\u00e1my maj\u00fa v st\u013apikoch odkvapov\u00fd syst\u00e9m, ktor\u00fd umo\u017e\u0148uje jednoduch\u00e9 odvedenie ak\u00e9hoko\u013evek mno\u017estva vody, na podlahe maj\u00fa takzvan\u00e9 &#8222;zetki&#8220; nosn\u00edky, ktor\u00e9 podopieraj\u00fa izol\u00e1ciu zospodu a zhora s\u00fa prisp\u00f4soben\u00e9 na priskrutkovanie OSB podlahovej dosky s hr\u00fabkou 22 mm.<\/p>\n<p>\u0160\u00edrka: 2 438 mm alebo 2 900 mm<\/p>\n<p>D\u013a\u017eka: 6,058 mm<\/p>\n<p>V\u00fd\u0161ka: 2 850 mm alebo \u013eubovo\u013en\u00e1<\/p>\n<p>Cena za r\u00e1m nenatret\u00fd odkvapov\u00fdm syst\u00e9mom, podlahov\u00e9 a stropn\u00e9 tr\u00e1my<\/p>\n<p>V\u00e1ha 600 kg<\/p>\n","protected":false},"excerpt":{"rendered":"<p>Vysok\u00fa kvalitu slu\u017eieb m\u00e1me potvrden\u00fa aj normami EN 1090-1:2009+A1:2011 a PN-EN-ISO 3834-3.2007.<\/p>\n<p>Nami vyr\u00e1ban\u00e9 r\u00e1my maj\u00fa statick\u00e9 a pevnostn\u00e9 v\u00fdpo\u010dty pre v\u0161etky klimatick\u00e9 p\u00e1sma v krajine a mo\u017enos\u0165 stohovania.<\/p>\n","protected":false},"featured_media":1788,"comment_status":"open","ping_status":"closed","template":"","meta":{"_monsterinsights_skip_tracking":false,"_monsterinsights_sitenote_active":false,"_monsterinsights_sitenote_note":"","_monsterinsights_sitenote_category":0},"product_cat":[49],"product_tag":[],"yoast_head":"<!-- This site is optimized with the Yoast SEO plugin v21.9 - https:\/\/yoast.com\/wordpress\/plugins\/seo\/ -->\n<title>Kon\u0161trukcia r\u00e1mu lodn\u00e9ho kontajnera - Profisklad- najlacnej\u0161ie rie\u0161enie pre V\u00e1\u0161 sklad<\/title>\n<meta name=\"description\" content=\"Kon\u0161trukcia r\u00e1mu prirovnate\u013en\u00e1 k 20 DC. Vie sa pou\u017ei\u0165 na zimn\u00e9 z\u00e1hrady, gar\u00e1\u017ee ako aj si viete urobi\u0165 dom\u00e1cu die\u013enu. R\u00fdchl\u00e1 v\u00fdroba a dodanie. Rozmer 2,4x2,6x6\" \/>\n<meta name=\"robots\" content=\"index, follow, max-snippet:-1, max-image-preview:large, max-video-preview:-1\" \/>\n<link rel=\"canonical\" href=\"https:\/\/www.lacnekontajnery.sk\/eshop\/produkt\/konstrukcia-ramu-kontajnera\/\" \/>\n<meta property=\"og:locale\" content=\"sk_SK\" \/>\n<meta property=\"og:type\" content=\"article\" \/>\n<meta property=\"og:title\" content=\"Kon\u0161trukcia r\u00e1mu lodn\u00e9ho kontajnera - Profisklad- najlacnej\u0161ie rie\u0161enie pre V\u00e1\u0161 sklad\" \/>\n<meta property=\"og:description\" content=\"Kon\u0161trukcia r\u00e1mu prirovnate\u013en\u00e1 k 20 DC. Vie sa pou\u017ei\u0165 na zimn\u00e9 z\u00e1hrady, gar\u00e1\u017ee ako aj si viete urobi\u0165 dom\u00e1cu die\u013enu. R\u00fdchl\u00e1 v\u00fdroba a dodanie. Rozmer 2,4x2,6x6\" \/>\n<meta property=\"og:url\" content=\"https:\/\/www.lacnekontajnery.sk\/eshop\/produkt\/konstrukcia-ramu-kontajnera\/\" \/>\n<meta property=\"og:site_name\" content=\"Profisklad- najlacnej\u0161ie rie\u0161enie pre V\u00e1\u0161 sklad\" \/>\n<meta property=\"article:modified_time\" content=\"2024-04-17T09:07:31+00:00\" \/>\n<meta property=\"og:image\" content=\"https:\/\/www.lacnekontajnery.sk\/eshop\/wp-content\/uploads\/2023\/02\/20200816_172358-1.jpg\" \/>\n\t<meta property=\"og:image:width\" content=\"1080\" \/>\n\t<meta property=\"og:image:height\" content=\"1357\" \/>\n\t<meta property=\"og:image:type\" content=\"image\/jpeg\" \/>\n<meta name=\"twitter:card\" content=\"summary_large_image\" \/>\n<meta name=\"twitter:label1\" content=\"Predpokladan\u00fd \u010das \u010d\u00edtania\" \/>\n\t<meta name=\"twitter:data1\" content=\"1 min\u00fata\" \/>\n<script type=\"application\/ld+json\" class=\"yoast-schema-graph\">{\"@context\":\"https:\/\/schema.org\",\"@graph\":[{\"@type\":\"WebPage\",\"@id\":\"https:\/\/www.lacnekontajnery.sk\/eshop\/produkt\/konstrukcia-ramu-kontajnera\/\",\"url\":\"https:\/\/www.lacnekontajnery.sk\/eshop\/produkt\/konstrukcia-ramu-kontajnera\/\",\"name\":\"Kon\u0161trukcia r\u00e1mu lodn\u00e9ho kontajnera - Profisklad- najlacnej\u0161ie rie\u0161enie pre V\u00e1\u0161 sklad\",\"isPartOf\":{\"@id\":\"https:\/\/www.lacnekontajnery.sk\/eshop\/#website\"},\"datePublished\":\"2020-11-21T17:35:58+00:00\",\"dateModified\":\"2024-04-17T09:07:31+00:00\",\"description\":\"Kon\u0161trukcia r\u00e1mu prirovnate\u013en\u00e1 k 20 DC. Vie sa pou\u017ei\u0165 na zimn\u00e9 z\u00e1hrady, gar\u00e1\u017ee ako aj si viete urobi\u0165 dom\u00e1cu die\u013enu. R\u00fdchl\u00e1 v\u00fdroba a dodanie. Rozmer 2,4x2,6x6\",\"breadcrumb\":{\"@id\":\"https:\/\/www.lacnekontajnery.sk\/eshop\/produkt\/konstrukcia-ramu-kontajnera\/#breadcrumb\"},\"inLanguage\":\"sk-SK\",\"potentialAction\":[{\"@type\":\"ReadAction\",\"target\":[\"https:\/\/www.lacnekontajnery.sk\/eshop\/produkt\/konstrukcia-ramu-kontajnera\/\"]}]},{\"@type\":\"BreadcrumbList\",\"@id\":\"https:\/\/www.lacnekontajnery.sk\/eshop\/produkt\/konstrukcia-ramu-kontajnera\/#breadcrumb\",\"itemListElement\":[{\"@type\":\"ListItem\",\"position\":1,\"name\":\"Home\",\"item\":\"https:\/\/www.lacnekontajnery.sk\/eshop\/\"},{\"@type\":\"ListItem\",\"position\":2,\"name\":\"Obchod\",\"item\":\"https:\/\/www.lacnekontajnery.sk\/eshop\/obchod\/\"},{\"@type\":\"ListItem\",\"position\":3,\"name\":\"Kon\u0161trukcia r\u00e1mu lodn\u00e9ho kontajnera\"}]},{\"@type\":\"WebSite\",\"@id\":\"https:\/\/www.lacnekontajnery.sk\/eshop\/#website\",\"url\":\"https:\/\/www.lacnekontajnery.sk\/eshop\/\",\"name\":\"Profisklad- najlacnej\u0161ie rie\u0161enie pre V\u00e1\u0161 sklad\",\"description\":\"Profesion\u00e1lne sklady\",\"publisher\":{\"@id\":\"https:\/\/www.lacnekontajnery.sk\/eshop\/#organization\"},\"potentialAction\":[{\"@type\":\"SearchAction\",\"target\":{\"@type\":\"EntryPoint\",\"urlTemplate\":\"https:\/\/www.lacnekontajnery.sk\/eshop\/?s={search_term_string}\"},\"query-input\":\"required name=search_term_string\"}],\"inLanguage\":\"sk-SK\"},{\"@type\":\"Organization\",\"@id\":\"https:\/\/www.lacnekontajnery.sk\/eshop\/#organization\",\"name\":\"Profisklad- r\u00fdchle a lacn\u00e9 skladovanie\",\"url\":\"https:\/\/www.lacnekontajnery.sk\/eshop\/\",\"logo\":{\"@type\":\"ImageObject\",\"inLanguage\":\"sk-SK\",\"@id\":\"https:\/\/www.lacnekontajnery.sk\/eshop\/#\/schema\/logo\/image\/\",\"url\":\"https:\/\/www.lacnekontajnery.sk\/eshop\/wp-content\/uploads\/2020\/07\/facebook_cover_photo_1.png\",\"contentUrl\":\"https:\/\/www.lacnekontajnery.sk\/eshop\/wp-content\/uploads\/2020\/07\/facebook_cover_photo_1.png\",\"width\":1640,\"height\":624,\"caption\":\"Profisklad- r\u00fdchle a lacn\u00e9 skladovanie\"},\"image\":{\"@id\":\"https:\/\/www.lacnekontajnery.sk\/eshop\/#\/schema\/logo\/image\/\"}}]}<\/script>\n<!-- \/ Yoast SEO plugin. -->","yoast_head_json":{"title":"Kon\u0161trukcia r\u00e1mu lodn\u00e9ho kontajnera - Profisklad- najlacnej\u0161ie rie\u0161enie pre V\u00e1\u0161 sklad","description":"Kon\u0161trukcia r\u00e1mu prirovnate\u013en\u00e1 k 20 DC. Vie sa pou\u017ei\u0165 na zimn\u00e9 z\u00e1hrady, gar\u00e1\u017ee ako aj si viete urobi\u0165 dom\u00e1cu die\u013enu. R\u00fdchl\u00e1 v\u00fdroba a dodanie. Rozmer 2,4x2,6x6","robots":{"index":"index","follow":"follow","max-snippet":"max-snippet:-1","max-image-preview":"max-image-preview:large","max-video-preview":"max-video-preview:-1"},"canonical":"https:\/\/www.lacnekontajnery.sk\/eshop\/produkt\/konstrukcia-ramu-kontajnera\/","og_locale":"sk_SK","og_type":"article","og_title":"Kon\u0161trukcia r\u00e1mu lodn\u00e9ho kontajnera - Profisklad- najlacnej\u0161ie rie\u0161enie pre V\u00e1\u0161 sklad","og_description":"Kon\u0161trukcia r\u00e1mu prirovnate\u013en\u00e1 k 20 DC. Vie sa pou\u017ei\u0165 na zimn\u00e9 z\u00e1hrady, gar\u00e1\u017ee ako aj si viete urobi\u0165 dom\u00e1cu die\u013enu. R\u00fdchl\u00e1 v\u00fdroba a dodanie. Rozmer 2,4x2,6x6","og_url":"https:\/\/www.lacnekontajnery.sk\/eshop\/produkt\/konstrukcia-ramu-kontajnera\/","og_site_name":"Profisklad- najlacnej\u0161ie rie\u0161enie pre V\u00e1\u0161 sklad","article_modified_time":"2024-04-17T09:07:31+00:00","og_image":[{"width":1080,"height":1357,"url":"https:\/\/www.lacnekontajnery.sk\/eshop\/wp-content\/uploads\/2023\/02\/20200816_172358-1.jpg","type":"image\/jpeg"}],"twitter_card":"summary_large_image","twitter_misc":{"Predpokladan\u00fd \u010das \u010d\u00edtania":"1 min\u00fata"},"schema":{"@context":"https:\/\/schema.org","@graph":[{"@type":"WebPage","@id":"https:\/\/www.lacnekontajnery.sk\/eshop\/produkt\/konstrukcia-ramu-kontajnera\/","url":"https:\/\/www.lacnekontajnery.sk\/eshop\/produkt\/konstrukcia-ramu-kontajnera\/","name":"Kon\u0161trukcia r\u00e1mu lodn\u00e9ho kontajnera - Profisklad- najlacnej\u0161ie rie\u0161enie pre V\u00e1\u0161 sklad","isPartOf":{"@id":"https:\/\/www.lacnekontajnery.sk\/eshop\/#website"},"datePublished":"2020-11-21T17:35:58+00:00","dateModified":"2024-04-17T09:07:31+00:00","description":"Kon\u0161trukcia r\u00e1mu prirovnate\u013en\u00e1 k 20 DC. Vie sa pou\u017ei\u0165 na zimn\u00e9 z\u00e1hrady, gar\u00e1\u017ee ako aj si viete urobi\u0165 dom\u00e1cu die\u013enu. R\u00fdchl\u00e1 v\u00fdroba a dodanie. Rozmer 2,4x2,6x6","breadcrumb":{"@id":"https:\/\/www.lacnekontajnery.sk\/eshop\/produkt\/konstrukcia-ramu-kontajnera\/#breadcrumb"},"inLanguage":"sk-SK","potentialAction":[{"@type":"ReadAction","target":["https:\/\/www.lacnekontajnery.sk\/eshop\/produkt\/konstrukcia-ramu-kontajnera\/"]}]},{"@type":"BreadcrumbList","@id":"https:\/\/www.lacnekontajnery.sk\/eshop\/produkt\/konstrukcia-ramu-kontajnera\/#breadcrumb","itemListElement":[{"@type":"ListItem","position":1,"name":"Home","item":"https:\/\/www.lacnekontajnery.sk\/eshop\/"},{"@type":"ListItem","position":2,"name":"Obchod","item":"https:\/\/www.lacnekontajnery.sk\/eshop\/obchod\/"},{"@type":"ListItem","position":3,"name":"Kon\u0161trukcia r\u00e1mu lodn\u00e9ho kontajnera"}]},{"@type":"WebSite","@id":"https:\/\/www.lacnekontajnery.sk\/eshop\/#website","url":"https:\/\/www.lacnekontajnery.sk\/eshop\/","name":"Profisklad- najlacnej\u0161ie rie\u0161enie pre V\u00e1\u0161 sklad","description":"Profesion\u00e1lne sklady","publisher":{"@id":"https:\/\/www.lacnekontajnery.sk\/eshop\/#organization"},"potentialAction":[{"@type":"SearchAction","target":{"@type":"EntryPoint","urlTemplate":"https:\/\/www.lacnekontajnery.sk\/eshop\/?s={search_term_string}"},"query-input":"required name=search_term_string"}],"inLanguage":"sk-SK"},{"@type":"Organization","@id":"https:\/\/www.lacnekontajnery.sk\/eshop\/#organization","name":"Profisklad- r\u00fdchle a lacn\u00e9 skladovanie","url":"https:\/\/www.lacnekontajnery.sk\/eshop\/","logo":{"@type":"ImageObject","inLanguage":"sk-SK","@id":"https:\/\/www.lacnekontajnery.sk\/eshop\/#\/schema\/logo\/image\/","url":"https:\/\/www.lacnekontajnery.sk\/eshop\/wp-content\/uploads\/2020\/07\/facebook_cover_photo_1.png","contentUrl":"https:\/\/www.lacnekontajnery.sk\/eshop\/wp-content\/uploads\/2020\/07\/facebook_cover_photo_1.png","width":1640,"height":624,"caption":"Profisklad- r\u00fdchle a lacn\u00e9 skladovanie"},"image":{"@id":"https:\/\/www.lacnekontajnery.sk\/eshop\/#\/schema\/logo\/image\/"}}]}},"jetpack_sharing_enabled":true,"_links":{"self":[{"href":"https:\/\/www.lacnekontajnery.sk\/eshop\/wp-json\/wp\/v2\/product\/951"}],"collection":[{"href":"https:\/\/www.lacnekontajnery.sk\/eshop\/wp-json\/wp\/v2\/product"}],"about":[{"href":"https:\/\/www.lacnekontajnery.sk\/eshop\/wp-json\/wp\/v2\/types\/product"}],"replies":[{"embeddable":true,"href":"https:\/\/www.lacnekontajnery.sk\/eshop\/wp-json\/wp\/v2\/comments?post=951"}],"wp:featuredmedia":[{"embeddable":true,"href":"https:\/\/www.lacnekontajnery.sk\/eshop\/wp-json\/wp\/v2\/media\/1788"}],"wp:attachment":[{"href":"https:\/\/www.lacnekontajnery.sk\/eshop\/wp-json\/wp\/v2\/media?parent=951"}],"wp:term":[{"taxonomy":"product_cat","embeddable":true,"href":"https:\/\/www.lacnekontajnery.sk\/eshop\/wp-json\/wp\/v2\/product_cat?post=951"},{"taxonomy":"product_tag","embeddable":true,"href":"https:\/\/www.lacnekontajnery.sk\/eshop\/wp-json\/wp\/v2\/product_tag?post=951"}],"curies":[{"name":"wp","href":"https:\/\/api.w.org\/{rel}","templated":true}]}}